{"id":241624,"date":"2020-12-07T17:49:40","date_gmt":"2020-12-07T17:49:40","guid":{"rendered":"https:\/\/www.italianacontenitori.com\/product\/pallet-100-x-120-cm\/"},"modified":"2026-04-10T14:38:50","modified_gmt":"2026-04-10T14:38:50","slug":"pallet-100-x-120-cm","status":"publish","type":"product","link":"https:\/\/www.italianacontenitori.com\/es\/prodotto\/pallet-100-x-120-cm\/","title":{"rendered":"PALLET 100 x 120 cm"},"content":{"rendered":"<p>La <strong data-start=\"145\" data-end=\"168\">pared de palet<\/strong>, tambi\u00e9n conocida como <strong data-start=\"186\" data-end=\"205\">envolvente de palet<\/strong> o <strong data-start=\"208\" data-end=\"222\">caja de palet<\/strong>, es un accesorio esencial para <strong>transformar un simple palet en un contenedor seguro y pr\u00e1ctico<\/strong> para manipular y almacenar mercanc\u00edas. Fabricado con malla de alambre galvanizado, ofrece <strong>una protecci\u00f3n \u00f3ptima con una excelente visibilidad del contenido<\/strong>. Gracias a su capacidad para apilar hasta 3 unidades, es ideal para maximizar el espacio en el almac\u00e9n y durante el transporte. La pared de palets est\u00e1 equipada con una puerta para facilitar el acceso a la mercanc\u00eda, y puede <strong>desmontarse y plegarse<\/strong> f\u00e1cilmente cuando no se utiliza, reduciendo el desorden.   <\/p>\n<p class=\"\" data-start=\"531\" data-end=\"932\">La <strong>instalaci\u00f3n es r\u00e1pida y segura<\/strong>; <strong>se fija al palet en unos instantes, sin necesidad de herramientas.<\/strong> Disponible en dos alturas (87 cm y 102 cm), el caj\u00f3n portapalets es la soluci\u00f3n ideal para optimizar la gesti\u00f3n del espacio y mejorar la eficacia en el transporte y almacenamiento de mercanc\u00edas.<\/p>\n<h3>Caracter\u00edsticas del contorno de la paleta (pared de la paleta) para la gesti\u00f3n log\u00edstica<\/h3>\n<ul>\n<li><strong>Apilabilidad<\/strong>: hasta 3 unidades, optimizando el espacio disponible.<\/li>\n<li><strong>Capacidad de<\/strong> carga: 800 kg, para cargas pesadas.<\/li>\n<li><strong>Material<\/strong>: malla de alambre galvanizado para mayor resistencia.<\/li>\n<li><strong>F\u00e1cil de guardar<\/strong>: desmontable y plegable cuando no se utiliza.<\/li>\n<li><strong>Acceso r\u00e1pido<\/strong>: puerta integrada para una manipulaci\u00f3n r\u00e1pida de las mercanc\u00edas.<\/li>\n<\/ul>\n<p>La <strong>envolvente de palets, <\/strong>tambi\u00e9n conocida como pared de palets, es la soluci\u00f3n ideal para el <strong>almacenamiento<\/strong>, el <strong>transporte<\/strong> y la <strong>manipulaci\u00f3n interna <\/strong>, porque ofrece una manipulaci\u00f3n m\u00e1s segura, pr\u00e1ctica y eficaz de las cargas de palets.<\/p>\n","protected":false},"excerpt":{"rendered":"<p>El contorno de <strong data-start=\"86\" data-end=\"109\">palet<\/strong> transforma un palet EPAL de 100&#215;120 en un contenedor robusto y apilable, protegiendo las mercanc\u00edas que permanecen accesibles gracias a la puerta lateral. Disponible en dos alturas, 87 y 102 cm, el <strong data-start=\"312\" data-end=\"335\">contorno de palet<\/strong> (tambi\u00e9n llamado <strong data-start=\"349\" data-end=\"363\">caja de palet<\/strong>) es plegable y puede fijarse con seguridad a la plataforma en unos instantes. <\/p>\n","protected":false},"featured_media":240385,"comment_status":"open","ping_status":"closed","template":"","meta":{"_acf_changed":false,"_et_pb_use_builder":"","_et_pb_old_content":"","_et_gb_content_width":""},"product_brand":[],"product_cat":[1935],"product_tag":[2045],"class_list":{"0":"post-241624","1":"product","2":"type-product","3":"status-publish","4":"has-post-thumbnail","6":"product_cat-caja-de-palets","7":"product_tag-containers-es","9":"first","10":"instock","11":"shipping-taxable","12":"purchasable","13":"product-type-variable"},"acf":[],"yoast_head":"<!-- This site is optimized with the Yoast SEO plugin v27.3 - https:\/\/yoast.com\/product\/yoast-seo-wordpress\/ -->\n<title>Contorno de palet 100x120 cm - Italiana Contenitori<\/title>\n<meta name=\"description\" content=\"Paleta plegable robusta y duradera. Capacidad de carga 800 kg, apilable tres contenedores en uno. Elecci\u00f3n de alturas entre 87 cm y 102 cm. Con puerta.\" \/>\n<meta name=\"robots\" content=\"index, follow, max-snippet:-1, max-image-preview:large, max-video-preview:-1\" \/>\n<link rel=\"canonical\" href=\"https:\/\/www.italianacontenitori.com\/es\/prodotto\/pallet-100-x-120-cm\/\" \/>\n<meta property=\"og:locale\" content=\"es_ES\" \/>\n<meta property=\"og:type\" content=\"article\" \/>\n<meta property=\"og:title\" content=\"Contorno de palet 100x120 cm - Italiana Contenitori\" \/>\n<meta property=\"og:description\" content=\"Paleta plegable robusta y duradera. Capacidad de carga 800 kg, apilable tres contenedores en uno. Elecci\u00f3n de alturas entre 87 cm y 102 cm. Con puerta.\" \/>\n<meta property=\"og:url\" content=\"https:\/\/www.italianacontenitori.com\/es\/prodotto\/pallet-100-x-120-cm\/\" \/>\n<meta property=\"og:site_name\" content=\"italianacontenitori.com\" \/>\n<meta property=\"article:modified_time\" content=\"2026-04-10T14:38:50+00:00\" \/>\n<meta property=\"og:image\" content=\"https:\/\/www.italianacontenitori.com\/wp-content\/uploads\/2020\/12\/PALL100085.png\" \/>\n\t<meta property=\"og:image:width\" content=\"1024\" \/>\n\t<meta property=\"og:image:height\" content=\"1024\" \/>\n\t<meta property=\"og:image:type\" content=\"image\/png\" \/>\n<meta name=\"twitter:card\" content=\"summary_large_image\" \/>\n<meta name=\"twitter:label1\" content=\"Tiempo de lectura\" \/>\n\t<meta name=\"twitter:data1\" content=\"1 minuto\" \/>\n<script type=\"application\/ld+json\" class=\"yoast-schema-graph\">{\"@context\":\"https:\\\/\\\/schema.org\",\"@graph\":[{\"@type\":\"WebPage\",\"@id\":\"https:\\\/\\\/www.italianacontenitori.com\\\/es\\\/prodotto\\\/pallet-100-x-120-cm\\\/\",\"url\":\"https:\\\/\\\/www.italianacontenitori.com\\\/es\\\/prodotto\\\/pallet-100-x-120-cm\\\/\",\"name\":\"Contorno de palet 100x120 cm - Italiana Contenitori\",\"isPartOf\":{\"@id\":\"https:\\\/\\\/www.italianacontenitori.com\\\/es\\\/#website\"},\"primaryImageOfPage\":{\"@id\":\"https:\\\/\\\/www.italianacontenitori.com\\\/es\\\/prodotto\\\/pallet-100-x-120-cm\\\/#primaryimage\"},\"image\":{\"@id\":\"https:\\\/\\\/www.italianacontenitori.com\\\/es\\\/prodotto\\\/pallet-100-x-120-cm\\\/#primaryimage\"},\"thumbnailUrl\":\"https:\\\/\\\/www.italianacontenitori.com\\\/wp-content\\\/uploads\\\/2020\\\/12\\\/PALL100085.png\",\"datePublished\":\"2020-12-07T17:49:40+00:00\",\"dateModified\":\"2026-04-10T14:38:50+00:00\",\"description\":\"Paleta plegable robusta y duradera. Capacidad de carga 800 kg, apilable tres contenedores en uno. Elecci\u00f3n de alturas entre 87 cm y 102 cm. Con puerta.\",\"breadcrumb\":{\"@id\":\"https:\\\/\\\/www.italianacontenitori.com\\\/es\\\/prodotto\\\/pallet-100-x-120-cm\\\/#breadcrumb\"},\"inLanguage\":\"es\",\"potentialAction\":[{\"@type\":\"ReadAction\",\"target\":[\"https:\\\/\\\/www.italianacontenitori.com\\\/es\\\/prodotto\\\/pallet-100-x-120-cm\\\/\"]}]},{\"@type\":\"ImageObject\",\"inLanguage\":\"es\",\"@id\":\"https:\\\/\\\/www.italianacontenitori.com\\\/es\\\/prodotto\\\/pallet-100-x-120-cm\\\/#primaryimage\",\"url\":\"https:\\\/\\\/www.italianacontenitori.com\\\/wp-content\\\/uploads\\\/2020\\\/12\\\/PALL100085.png\",\"contentUrl\":\"https:\\\/\\\/www.italianacontenitori.com\\\/wp-content\\\/uploads\\\/2020\\\/12\\\/PALL100085.png\",\"width\":1024,\"height\":1024},{\"@type\":\"BreadcrumbList\",\"@id\":\"https:\\\/\\\/www.italianacontenitori.com\\\/es\\\/prodotto\\\/pallet-100-x-120-cm\\\/#breadcrumb\",\"itemListElement\":[{\"@type\":\"ListItem\",\"position\":1,\"name\":\"Home\",\"item\":\"https:\\\/\\\/www.italianacontenitori.com\\\/es\\\/contenedores-de-malla-metalica\\\/\"},{\"@type\":\"ListItem\",\"position\":2,\"name\":\"PALLET 100 x 120 cm\"}]},{\"@type\":\"WebSite\",\"@id\":\"https:\\\/\\\/www.italianacontenitori.com\\\/es\\\/#website\",\"url\":\"https:\\\/\\\/www.italianacontenitori.com\\\/es\\\/\",\"name\":\"italianacontenitori.com\",\"description\":\"Produzione di contenitori industriali e roll container\",\"publisher\":{\"@id\":\"https:\\\/\\\/www.italianacontenitori.com\\\/es\\\/#organization\"},\"potentialAction\":[{\"@type\":\"SearchAction\",\"target\":{\"@type\":\"EntryPoint\",\"urlTemplate\":\"https:\\\/\\\/www.italianacontenitori.com\\\/es\\\/?s={search_term_string}\"},\"query-input\":{\"@type\":\"PropertyValueSpecification\",\"valueRequired\":true,\"valueName\":\"search_term_string\"}}],\"inLanguage\":\"es\"},{\"@type\":\"Organization\",\"@id\":\"https:\\\/\\\/www.italianacontenitori.com\\\/es\\\/#organization\",\"name\":\"Italiana Contenitori s.r.l.\",\"alternateName\":\"IC\",\"url\":\"https:\\\/\\\/www.italianacontenitori.com\\\/es\\\/\",\"logo\":{\"@type\":\"ImageObject\",\"inLanguage\":\"es\",\"@id\":\"https:\\\/\\\/www.italianacontenitori.com\\\/es\\\/#\\\/schema\\\/logo\\\/image\\\/\",\"url\":\"https:\\\/\\\/www.italianacontenitori.com\\\/wp-content\\\/uploads\\\/2020\\\/11\\\/cropped-Logo-Italiana-Contenitori_favicon.jpg\",\"contentUrl\":\"https:\\\/\\\/www.italianacontenitori.com\\\/wp-content\\\/uploads\\\/2020\\\/11\\\/cropped-Logo-Italiana-Contenitori_favicon.jpg\",\"width\":512,\"height\":512,\"caption\":\"Italiana Contenitori s.r.l.\"},\"image\":{\"@id\":\"https:\\\/\\\/www.italianacontenitori.com\\\/es\\\/#\\\/schema\\\/logo\\\/image\\\/\"}}]}<\/script>\n<!-- \/ Yoast SEO plugin. -->","yoast_head_json":{"title":"Contorno de palet 100x120 cm - Italiana Contenitori","description":"Paleta plegable robusta y duradera. Capacidad de carga 800 kg, apilable tres contenedores en uno. Elecci\u00f3n de alturas entre 87 cm y 102 cm. Con puerta.","robots":{"index":"index","follow":"follow","max-snippet":"max-snippet:-1","max-image-preview":"max-image-preview:large","max-video-preview":"max-video-preview:-1"},"canonical":"https:\/\/www.italianacontenitori.com\/es\/prodotto\/pallet-100-x-120-cm\/","og_locale":"es_ES","og_type":"article","og_title":"Contorno de palet 100x120 cm - Italiana Contenitori","og_description":"Paleta plegable robusta y duradera. Capacidad de carga 800 kg, apilable tres contenedores en uno. Elecci\u00f3n de alturas entre 87 cm y 102 cm. Con puerta.","og_url":"https:\/\/www.italianacontenitori.com\/es\/prodotto\/pallet-100-x-120-cm\/","og_site_name":"italianacontenitori.com","article_modified_time":"2026-04-10T14:38:50+00:00","og_image":[{"width":1024,"height":1024,"url":"https:\/\/www.italianacontenitori.com\/wp-content\/uploads\/2020\/12\/PALL100085.png","type":"image\/png"}],"twitter_card":"summary_large_image","twitter_misc":{"Tiempo de lectura":"1 minuto"},"schema":{"@context":"https:\/\/schema.org","@graph":[{"@type":"WebPage","@id":"https:\/\/www.italianacontenitori.com\/es\/prodotto\/pallet-100-x-120-cm\/","url":"https:\/\/www.italianacontenitori.com\/es\/prodotto\/pallet-100-x-120-cm\/","name":"Contorno de palet 100x120 cm - Italiana Contenitori","isPartOf":{"@id":"https:\/\/www.italianacontenitori.com\/es\/#website"},"primaryImageOfPage":{"@id":"https:\/\/www.italianacontenitori.com\/es\/prodotto\/pallet-100-x-120-cm\/#primaryimage"},"image":{"@id":"https:\/\/www.italianacontenitori.com\/es\/prodotto\/pallet-100-x-120-cm\/#primaryimage"},"thumbnailUrl":"https:\/\/www.italianacontenitori.com\/wp-content\/uploads\/2020\/12\/PALL100085.png","datePublished":"2020-12-07T17:49:40+00:00","dateModified":"2026-04-10T14:38:50+00:00","description":"Paleta plegable robusta y duradera. Capacidad de carga 800 kg, apilable tres contenedores en uno. Elecci\u00f3n de alturas entre 87 cm y 102 cm. Con puerta.","breadcrumb":{"@id":"https:\/\/www.italianacontenitori.com\/es\/prodotto\/pallet-100-x-120-cm\/#breadcrumb"},"inLanguage":"es","potentialAction":[{"@type":"ReadAction","target":["https:\/\/www.italianacontenitori.com\/es\/prodotto\/pallet-100-x-120-cm\/"]}]},{"@type":"ImageObject","inLanguage":"es","@id":"https:\/\/www.italianacontenitori.com\/es\/prodotto\/pallet-100-x-120-cm\/#primaryimage","url":"https:\/\/www.italianacontenitori.com\/wp-content\/uploads\/2020\/12\/PALL100085.png","contentUrl":"https:\/\/www.italianacontenitori.com\/wp-content\/uploads\/2020\/12\/PALL100085.png","width":1024,"height":1024},{"@type":"BreadcrumbList","@id":"https:\/\/www.italianacontenitori.com\/es\/prodotto\/pallet-100-x-120-cm\/#breadcrumb","itemListElement":[{"@type":"ListItem","position":1,"name":"Home","item":"https:\/\/www.italianacontenitori.com\/es\/contenedores-de-malla-metalica\/"},{"@type":"ListItem","position":2,"name":"PALLET 100 x 120 cm"}]},{"@type":"WebSite","@id":"https:\/\/www.italianacontenitori.com\/es\/#website","url":"https:\/\/www.italianacontenitori.com\/es\/","name":"italianacontenitori.com","description":"Produzione di contenitori industriali e roll container","publisher":{"@id":"https:\/\/www.italianacontenitori.com\/es\/#organization"},"potentialAction":[{"@type":"SearchAction","target":{"@type":"EntryPoint","urlTemplate":"https:\/\/www.italianacontenitori.com\/es\/?s={search_term_string}"},"query-input":{"@type":"PropertyValueSpecification","valueRequired":true,"valueName":"search_term_string"}}],"inLanguage":"es"},{"@type":"Organization","@id":"https:\/\/www.italianacontenitori.com\/es\/#organization","name":"Italiana Contenitori s.r.l.","alternateName":"IC","url":"https:\/\/www.italianacontenitori.com\/es\/","logo":{"@type":"ImageObject","inLanguage":"es","@id":"https:\/\/www.italianacontenitori.com\/es\/#\/schema\/logo\/image\/","url":"https:\/\/www.italianacontenitori.com\/wp-content\/uploads\/2020\/11\/cropped-Logo-Italiana-Contenitori_favicon.jpg","contentUrl":"https:\/\/www.italianacontenitori.com\/wp-content\/uploads\/2020\/11\/cropped-Logo-Italiana-Contenitori_favicon.jpg","width":512,"height":512,"caption":"Italiana Contenitori s.r.l."},"image":{"@id":"https:\/\/www.italianacontenitori.com\/es\/#\/schema\/logo\/image\/"}}]}},"_links":{"self":[{"href":"https:\/\/www.italianacontenitori.com\/es\/wp-json\/wp\/v2\/product\/241624","targetHints":{"allow":["GET"]}}],"collection":[{"href":"https:\/\/www.italianacontenitori.com\/es\/wp-json\/wp\/v2\/product"}],"about":[{"href":"https:\/\/www.italianacontenitori.com\/es\/wp-json\/wp\/v2\/types\/product"}],"replies":[{"embeddable":true,"href":"https:\/\/www.italianacontenitori.com\/es\/wp-json\/wp\/v2\/comments?post=241624"}],"wp:featuredmedia":[{"embeddable":true,"href":"https:\/\/www.italianacontenitori.com\/es\/wp-json\/wp\/v2\/media\/240385"}],"wp:attachment":[{"href":"https:\/\/www.italianacontenitori.com\/es\/wp-json\/wp\/v2\/media?parent=241624"}],"wp:term":[{"taxonomy":"product_brand","embeddable":true,"href":"https:\/\/www.italianacontenitori.com\/es\/wp-json\/wp\/v2\/product_brand?post=241624"},{"taxonomy":"product_cat","embeddable":true,"href":"https:\/\/www.italianacontenitori.com\/es\/wp-json\/wp\/v2\/product_cat?post=241624"},{"taxonomy":"product_tag","embeddable":true,"href":"https:\/\/www.italianacontenitori.com\/es\/wp-json\/wp\/v2\/product_tag?post=241624"}],"curies":[{"name":"wp","href":"https:\/\/api.w.org\/{rel}","templated":true}]}}