{"id":241666,"date":"2020-12-07T16:31:05","date_gmt":"2020-12-07T16:31:05","guid":{"rendered":"https:\/\/www.italianacontenitori.com\/product\/market-120-x-200-cm\/"},"modified":"2026-04-10T14:38:41","modified_gmt":"2026-04-10T14:38:41","slug":"market-120-x-200-cm","status":"publish","type":"product","link":"https:\/\/www.italianacontenitori.com\/es\/producto\/market-120-x-200-cm\/","title":{"rendered":"Contenedor industrial para mercanc\u00edas voluminosas &#8211; Mercado 120 x 200 cm"},"content":{"rendered":"<p>El Market 120&#215;200 es <strong>el mayor de los contenedores industriales<\/strong> de la familia MARKET, es plegable y apilable, y resulta adecuado para <strong>manipular y almacenar mercanc\u00edas voluminosas.<\/strong> Esta cesta met\u00e1lica tiene un volumen de carga de nada menos que 2,2 metros c\u00fabicos, y est\u00e1 <strong>fabricada en Italia con materiales de alta calidad<\/strong>. Est\u00e1 dise\u00f1ada para resistir la intemperie, el polvo, la suciedad y la salinidad gracias a su proceso de <strong>galvanizaci\u00f3n<\/strong>. Su robustez se ve reforzada por la <strong>estructura de malla met\u00e1lica autoportante<\/strong>, que no s\u00f3lo garantiza la durabilidad, sino tambi\u00e9n la visibilidad inmediata del contenido, un aspecto crucial para la optimizaci\u00f3n del almac\u00e9n. El contenedor tiene una <strong>puerta de inspecci\u00f3n en el lado largo<\/strong> para facilitar las operaciones de picking.  <\/p>\n<h2>Gran cesta industrial para mercanc\u00edas voluminosas y residuos: ligera, apilable, plegable y con 600 kg de capacidad de carga<\/h2>\n<p>El dise\u00f1o del Market 120 x 200 est\u00e1 cuidado hasta el \u00faltimo detalle, con una capacidad de apilamiento que permite <strong>apilar hasta dos cestas met\u00e1licas completamente cargadas sobre una base<\/strong>. Esta caracter\u00edstica hace que el contenedor sea vers\u00e1til e ideal para una amplia gama de aplicaciones industriales. Debido a sus importantes dimensiones, este gran contenedor de rejilla met\u00e1lica est\u00e1 equipado con robustas barras antivuelco que, como su nombre indica, evitan que el contenedor vuelque durante su manipulaci\u00f3n con carretillas elevadoras el\u00e9ctricas o transpaletas.  <\/p>\n<p>Un punto fuerte distintivo de Italiana Contenitori son sus posibilidades de personalizaci\u00f3n: <strong>controlamos todo el ciclo de producci\u00f3n y, por tanto, podemos ofrecer el m\u00e1ximo nivel de personalizaci\u00f3n<\/strong>. En caso de que las variantes est\u00e1ndar no respondan a tus necesidades espec\u00edficas, ponte en contacto con nuestro servicio de atenci\u00f3n al cliente que, en sinergia con el departamento t\u00e9cnico y de dise\u00f1o, podr\u00e1 ofrecerte una <strong>soluci\u00f3n personalizada, duradera y resistente<\/strong>. <\/p>\n<p>La versatilidad de esta <strong>gran cesta<\/strong> industrial es una de sus caracter\u00edsticas m\u00e1s innovadoras. Cuando no se utiliza, o en viajes de ida y vuelta en vac\u00edo, la cesta puede <strong>plegarse f\u00e1cilmente, reduciendo el desorden<\/strong> y permitiendo una optimizaci\u00f3n sin igual del espacio de almacenamiento y transporte. Sus dimensiones son ideales para saturar tus transportes.  <\/p>\n<p>Market 120&#215;200 se adapta perfectamente a los <strong>sectores de la recogida de residuos industriales y ecol\u00f3gicos,<\/strong> proporcionando una soluci\u00f3n fiable para el almacenamiento y la manipulaci\u00f3n de mercanc\u00edas. Su versatilidad lo hace ideal para cualquier almac\u00e9n que requiera una soluci\u00f3n \u00e1gil, pero de gran capacidad, adaptable y f\u00e1cil de manejar. Con el Market 120 x 200, tu almac\u00e9n ser\u00e1 m\u00e1s eficiente, estar\u00e1 organizado y preparado para responder a todas las necesidades de espacio y manipulaci\u00f3n.  <\/p>\n<p><strong>Lote m\u00ednimo de 100 piezas.<\/strong><\/p>\n","protected":false},"excerpt":{"rendered":"<p>El contenedor m\u00e1s grande de la familia MARKET, plegable y apilable. Gracias a un volumen de carga \u00fatil de 2,2 m\u00b3, resulta especialmente adecuado para la manipulaci\u00f3n de mercanc\u00edas voluminosas. Equipado con resistentes barras antivuelco. Lote m\u00ednimo de 100 piezas.<\/p>\n","protected":false},"featured_media":240033,"comment_status":"open","ping_status":"closed","template":"","meta":{"_acf_changed":false,"_et_pb_use_builder":"","_et_pb_old_content":"","_et_gb_content_width":""},"product_brand":[],"product_cat":[1931,1943],"product_tag":[2045],"class_list":{"0":"post-241666","1":"product","2":"type-product","3":"status-publish","4":"has-post-thumbnail","6":"product_cat-market-es","7":"product_cat-recogida-de-residuos-embalaje-raee","8":"product_tag-containers-es","10":"first","11":"instock","12":"shipping-taxable","13":"purchasable","14":"product-type-simple"},"acf":[],"yoast_head":"<!-- This site is optimized with the Yoast SEO plugin v27.3 - https:\/\/yoast.com\/product\/yoast-seo-wordpress\/ -->\n<title>Contenedor mercanc\u00edas voluminosas y residuos - Mercado 120 x 200 cm<\/title>\n<meta name=\"description\" content=\"Gran contenedor industrial de malla met\u00e1lica galvanizada. Apilable, plegable, robusto y ligero. Volumen: 2,2 m3. Capacidad de carga 600 kg. Dimensiones 120x200 cm.\" \/>\n<meta name=\"robots\" content=\"index, follow, max-snippet:-1, max-image-preview:large, max-video-preview:-1\" \/>\n<link rel=\"canonical\" href=\"https:\/\/www.italianacontenitori.com\/es\/producto\/market-120-x-200-cm\/\" \/>\n<meta property=\"og:locale\" content=\"es_ES\" \/>\n<meta property=\"og:type\" content=\"article\" \/>\n<meta property=\"og:title\" content=\"Contenedor mercanc\u00edas voluminosas y residuos - Mercado 120 x 200 cm\" \/>\n<meta property=\"og:description\" content=\"Gran contenedor industrial de malla met\u00e1lica galvanizada. Apilable, plegable, robusto y ligero. Volumen: 2,2 m3. Capacidad de carga 600 kg. Dimensiones 120x200 cm.\" \/>\n<meta property=\"og:url\" content=\"https:\/\/www.italianacontenitori.com\/es\/producto\/market-120-x-200-cm\/\" \/>\n<meta property=\"og:site_name\" content=\"italianacontenitori.com\" \/>\n<meta property=\"article:modified_time\" content=\"2026-04-10T14:38:41+00:00\" \/>\n<meta property=\"og:image\" content=\"https:\/\/www.italianacontenitori.com\/wp-content\/uploads\/2020\/12\/MARK120200.png\" \/>\n\t<meta property=\"og:image:width\" content=\"1024\" \/>\n\t<meta property=\"og:image:height\" content=\"1024\" \/>\n\t<meta property=\"og:image:type\" content=\"image\/png\" \/>\n<meta name=\"twitter:card\" content=\"summary_large_image\" \/>\n<meta name=\"twitter:label1\" content=\"Tiempo de lectura\" \/>\n\t<meta name=\"twitter:data1\" content=\"2 minutos\" \/>\n<script type=\"application\/ld+json\" class=\"yoast-schema-graph\">{\"@context\":\"https:\\\/\\\/schema.org\",\"@graph\":[{\"@type\":\"WebPage\",\"@id\":\"https:\\\/\\\/www.italianacontenitori.com\\\/es\\\/producto\\\/market-120-x-200-cm\\\/\",\"url\":\"https:\\\/\\\/www.italianacontenitori.com\\\/es\\\/producto\\\/market-120-x-200-cm\\\/\",\"name\":\"Contenedor mercanc\u00edas voluminosas y residuos - Mercado 120 x 200 cm\",\"isPartOf\":{\"@id\":\"https:\\\/\\\/www.italianacontenitori.com\\\/es\\\/#website\"},\"primaryImageOfPage\":{\"@id\":\"https:\\\/\\\/www.italianacontenitori.com\\\/es\\\/producto\\\/market-120-x-200-cm\\\/#primaryimage\"},\"image\":{\"@id\":\"https:\\\/\\\/www.italianacontenitori.com\\\/es\\\/producto\\\/market-120-x-200-cm\\\/#primaryimage\"},\"thumbnailUrl\":\"https:\\\/\\\/www.italianacontenitori.com\\\/wp-content\\\/uploads\\\/2020\\\/12\\\/MARK120200.png\",\"datePublished\":\"2020-12-07T16:31:05+00:00\",\"dateModified\":\"2026-04-10T14:38:41+00:00\",\"description\":\"Gran contenedor industrial de malla met\u00e1lica galvanizada. Apilable, plegable, robusto y ligero. Volumen: 2,2 m3. Capacidad de carga 600 kg. Dimensiones 120x200 cm.\",\"breadcrumb\":{\"@id\":\"https:\\\/\\\/www.italianacontenitori.com\\\/es\\\/producto\\\/market-120-x-200-cm\\\/#breadcrumb\"},\"inLanguage\":\"es\",\"potentialAction\":[{\"@type\":\"ReadAction\",\"target\":[\"https:\\\/\\\/www.italianacontenitori.com\\\/es\\\/producto\\\/market-120-x-200-cm\\\/\"]}]},{\"@type\":\"ImageObject\",\"inLanguage\":\"es\",\"@id\":\"https:\\\/\\\/www.italianacontenitori.com\\\/es\\\/producto\\\/market-120-x-200-cm\\\/#primaryimage\",\"url\":\"https:\\\/\\\/www.italianacontenitori.com\\\/wp-content\\\/uploads\\\/2020\\\/12\\\/MARK120200.png\",\"contentUrl\":\"https:\\\/\\\/www.italianacontenitori.com\\\/wp-content\\\/uploads\\\/2020\\\/12\\\/MARK120200.png\",\"width\":1024,\"height\":1024,\"caption\":\"Contenedor industrial de malla electrosoldada - MARK120200\"},{\"@type\":\"BreadcrumbList\",\"@id\":\"https:\\\/\\\/www.italianacontenitori.com\\\/es\\\/producto\\\/market-120-x-200-cm\\\/#breadcrumb\",\"itemListElement\":[{\"@type\":\"ListItem\",\"position\":1,\"name\":\"Home\",\"item\":\"https:\\\/\\\/www.italianacontenitori.com\\\/es\\\/contenedores-de-malla-metalica\\\/\"},{\"@type\":\"ListItem\",\"position\":2,\"name\":\"Contenedor industrial para mercanc\u00edas voluminosas &#8211; Mercado 120 x 200 cm\"}]},{\"@type\":\"WebSite\",\"@id\":\"https:\\\/\\\/www.italianacontenitori.com\\\/es\\\/#website\",\"url\":\"https:\\\/\\\/www.italianacontenitori.com\\\/es\\\/\",\"name\":\"italianacontenitori.com\",\"description\":\"Produzione di contenitori industriali e roll container\",\"publisher\":{\"@id\":\"https:\\\/\\\/www.italianacontenitori.com\\\/es\\\/#organization\"},\"potentialAction\":[{\"@type\":\"SearchAction\",\"target\":{\"@type\":\"EntryPoint\",\"urlTemplate\":\"https:\\\/\\\/www.italianacontenitori.com\\\/es\\\/?s={search_term_string}\"},\"query-input\":{\"@type\":\"PropertyValueSpecification\",\"valueRequired\":true,\"valueName\":\"search_term_string\"}}],\"inLanguage\":\"es\"},{\"@type\":\"Organization\",\"@id\":\"https:\\\/\\\/www.italianacontenitori.com\\\/es\\\/#organization\",\"name\":\"Italiana Contenitori s.r.l.\",\"alternateName\":\"IC\",\"url\":\"https:\\\/\\\/www.italianacontenitori.com\\\/es\\\/\",\"logo\":{\"@type\":\"ImageObject\",\"inLanguage\":\"es\",\"@id\":\"https:\\\/\\\/www.italianacontenitori.com\\\/es\\\/#\\\/schema\\\/logo\\\/image\\\/\",\"url\":\"https:\\\/\\\/www.italianacontenitori.com\\\/wp-content\\\/uploads\\\/2020\\\/11\\\/cropped-Logo-Italiana-Contenitori_favicon.jpg\",\"contentUrl\":\"https:\\\/\\\/www.italianacontenitori.com\\\/wp-content\\\/uploads\\\/2020\\\/11\\\/cropped-Logo-Italiana-Contenitori_favicon.jpg\",\"width\":512,\"height\":512,\"caption\":\"Italiana Contenitori s.r.l.\"},\"image\":{\"@id\":\"https:\\\/\\\/www.italianacontenitori.com\\\/es\\\/#\\\/schema\\\/logo\\\/image\\\/\"}}]}<\/script>\n<!-- \/ Yoast SEO plugin. -->","yoast_head_json":{"title":"Contenedor mercanc\u00edas voluminosas y residuos - Mercado 120 x 200 cm","description":"Gran contenedor industrial de malla met\u00e1lica galvanizada. Apilable, plegable, robusto y ligero. Volumen: 2,2 m3. Capacidad de carga 600 kg. Dimensiones 120x200 cm.","robots":{"index":"index","follow":"follow","max-snippet":"max-snippet:-1","max-image-preview":"max-image-preview:large","max-video-preview":"max-video-preview:-1"},"canonical":"https:\/\/www.italianacontenitori.com\/es\/producto\/market-120-x-200-cm\/","og_locale":"es_ES","og_type":"article","og_title":"Contenedor mercanc\u00edas voluminosas y residuos - Mercado 120 x 200 cm","og_description":"Gran contenedor industrial de malla met\u00e1lica galvanizada. Apilable, plegable, robusto y ligero. Volumen: 2,2 m3. Capacidad de carga 600 kg. Dimensiones 120x200 cm.","og_url":"https:\/\/www.italianacontenitori.com\/es\/producto\/market-120-x-200-cm\/","og_site_name":"italianacontenitori.com","article_modified_time":"2026-04-10T14:38:41+00:00","og_image":[{"width":1024,"height":1024,"url":"https:\/\/www.italianacontenitori.com\/wp-content\/uploads\/2020\/12\/MARK120200.png","type":"image\/png"}],"twitter_card":"summary_large_image","twitter_misc":{"Tiempo de lectura":"2 minutos"},"schema":{"@context":"https:\/\/schema.org","@graph":[{"@type":"WebPage","@id":"https:\/\/www.italianacontenitori.com\/es\/producto\/market-120-x-200-cm\/","url":"https:\/\/www.italianacontenitori.com\/es\/producto\/market-120-x-200-cm\/","name":"Contenedor mercanc\u00edas voluminosas y residuos - Mercado 120 x 200 cm","isPartOf":{"@id":"https:\/\/www.italianacontenitori.com\/es\/#website"},"primaryImageOfPage":{"@id":"https:\/\/www.italianacontenitori.com\/es\/producto\/market-120-x-200-cm\/#primaryimage"},"image":{"@id":"https:\/\/www.italianacontenitori.com\/es\/producto\/market-120-x-200-cm\/#primaryimage"},"thumbnailUrl":"https:\/\/www.italianacontenitori.com\/wp-content\/uploads\/2020\/12\/MARK120200.png","datePublished":"2020-12-07T16:31:05+00:00","dateModified":"2026-04-10T14:38:41+00:00","description":"Gran contenedor industrial de malla met\u00e1lica galvanizada. Apilable, plegable, robusto y ligero. Volumen: 2,2 m3. Capacidad de carga 600 kg. Dimensiones 120x200 cm.","breadcrumb":{"@id":"https:\/\/www.italianacontenitori.com\/es\/producto\/market-120-x-200-cm\/#breadcrumb"},"inLanguage":"es","potentialAction":[{"@type":"ReadAction","target":["https:\/\/www.italianacontenitori.com\/es\/producto\/market-120-x-200-cm\/"]}]},{"@type":"ImageObject","inLanguage":"es","@id":"https:\/\/www.italianacontenitori.com\/es\/producto\/market-120-x-200-cm\/#primaryimage","url":"https:\/\/www.italianacontenitori.com\/wp-content\/uploads\/2020\/12\/MARK120200.png","contentUrl":"https:\/\/www.italianacontenitori.com\/wp-content\/uploads\/2020\/12\/MARK120200.png","width":1024,"height":1024,"caption":"Contenedor industrial de malla electrosoldada - MARK120200"},{"@type":"BreadcrumbList","@id":"https:\/\/www.italianacontenitori.com\/es\/producto\/market-120-x-200-cm\/#breadcrumb","itemListElement":[{"@type":"ListItem","position":1,"name":"Home","item":"https:\/\/www.italianacontenitori.com\/es\/contenedores-de-malla-metalica\/"},{"@type":"ListItem","position":2,"name":"Contenedor industrial para mercanc\u00edas voluminosas &#8211; Mercado 120 x 200 cm"}]},{"@type":"WebSite","@id":"https:\/\/www.italianacontenitori.com\/es\/#website","url":"https:\/\/www.italianacontenitori.com\/es\/","name":"italianacontenitori.com","description":"Produzione di contenitori industriali e roll container","publisher":{"@id":"https:\/\/www.italianacontenitori.com\/es\/#organization"},"potentialAction":[{"@type":"SearchAction","target":{"@type":"EntryPoint","urlTemplate":"https:\/\/www.italianacontenitori.com\/es\/?s={search_term_string}"},"query-input":{"@type":"PropertyValueSpecification","valueRequired":true,"valueName":"search_term_string"}}],"inLanguage":"es"},{"@type":"Organization","@id":"https:\/\/www.italianacontenitori.com\/es\/#organization","name":"Italiana Contenitori s.r.l.","alternateName":"IC","url":"https:\/\/www.italianacontenitori.com\/es\/","logo":{"@type":"ImageObject","inLanguage":"es","@id":"https:\/\/www.italianacontenitori.com\/es\/#\/schema\/logo\/image\/","url":"https:\/\/www.italianacontenitori.com\/wp-content\/uploads\/2020\/11\/cropped-Logo-Italiana-Contenitori_favicon.jpg","contentUrl":"https:\/\/www.italianacontenitori.com\/wp-content\/uploads\/2020\/11\/cropped-Logo-Italiana-Contenitori_favicon.jpg","width":512,"height":512,"caption":"Italiana Contenitori s.r.l."},"image":{"@id":"https:\/\/www.italianacontenitori.com\/es\/#\/schema\/logo\/image\/"}}]}},"_links":{"self":[{"href":"https:\/\/www.italianacontenitori.com\/es\/wp-json\/wp\/v2\/product\/241666","targetHints":{"allow":["GET"]}}],"collection":[{"href":"https:\/\/www.italianacontenitori.com\/es\/wp-json\/wp\/v2\/product"}],"about":[{"href":"https:\/\/www.italianacontenitori.com\/es\/wp-json\/wp\/v2\/types\/product"}],"replies":[{"embeddable":true,"href":"https:\/\/www.italianacontenitori.com\/es\/wp-json\/wp\/v2\/comments?post=241666"}],"wp:featuredmedia":[{"embeddable":true,"href":"https:\/\/www.italianacontenitori.com\/es\/wp-json\/wp\/v2\/media\/240033"}],"wp:attachment":[{"href":"https:\/\/www.italianacontenitori.com\/es\/wp-json\/wp\/v2\/media?parent=241666"}],"wp:term":[{"taxonomy":"product_brand","embeddable":true,"href":"https:\/\/www.italianacontenitori.com\/es\/wp-json\/wp\/v2\/product_brand?post=241666"},{"taxonomy":"product_cat","embeddable":true,"href":"https:\/\/www.italianacontenitori.com\/es\/wp-json\/wp\/v2\/product_cat?post=241666"},{"taxonomy":"product_tag","embeddable":true,"href":"https:\/\/www.italianacontenitori.com\/es\/wp-json\/wp\/v2\/product_tag?post=241666"}],"curies":[{"name":"wp","href":"https:\/\/api.w.org\/{rel}","templated":true}]}}