{"id":241670,"date":"2020-12-07T16:20:01","date_gmt":"2020-12-07T16:20:01","guid":{"rendered":"https:\/\/www.italianacontenitori.com\/product\/market-120-x-165-cm\/"},"modified":"2026-04-10T14:38:42","modified_gmt":"2026-04-10T14:38:42","slug":"market-120-x-165-cm","status":"publish","type":"product","link":"https:\/\/www.italianacontenitori.com\/es\/producto\/market-120-x-165-cm\/","title":{"rendered":"Contenedor industrial de metal &#8211; Mercado 120 x 165 cm"},"content":{"rendered":"<p>El Market 120&#215;165 es uno de los contenedores industriales met\u00e1licos m\u00e1s grandes de la familia MARKET. Es plegable y apilable, y resulta adecuado para <strong>manipular y almacenar mercanc\u00edas voluminosas.<\/strong> Este contenedor de malla met\u00e1lica tiene un volumen de carga de 1,7 metros c\u00fabicos, y est\u00e1 <strong>fabricado en Italia con materiales de alta calidad<\/strong>. Est\u00e1 dise\u00f1ado para resistir la intemperie, el polvo, la suciedad y la salinidad gracias a su proceso de <strong>galvanizado<\/strong>. Su robustez se ve reforzada por la <strong>estructura de malla met\u00e1lica autoportante<\/strong>, que no s\u00f3lo garantiza la durabilidad y robustez, sino tambi\u00e9n la visibilidad inmediata del contenido, algo crucial para la optimizaci\u00f3n del almac\u00e9n. El contenedor tiene una <strong>puerta de inspecci\u00f3n en el lado largo<\/strong> para facilitar las operaciones de picking.  <\/p>\n<h2>El contenedor industrial para mercanc\u00edas voluminosas y residuos: ligero, apilable, plegable y con 600 kg de capacidad de carga<\/h2>\n<ul>\n<li><strong>Gran contenedor de malla met\u00e1lica<\/strong> con un dise\u00f1o ordenado para optimizar el almacenamiento y la manipulaci\u00f3n de mercanc\u00edas voluminosas y residuos.<\/li>\n<li><strong>Apilable<\/strong> hasta <strong>tres unidades totalmente cargadas en una base<\/strong>, ideal para aplicaciones industriales y comerciales.<\/li>\n<li>Equipado con <strong>barras antivuelco<\/strong>, garantiza la estabilidad durante la manipulaci\u00f3n con carretillas elevadoras el\u00e9ctricas o transpaletas.<\/li>\n<li><strong>F\u00e1cil de plegar<\/strong> cuando no se utiliza, lo que reduce el desorden y optimiza el espacio de almacenamiento y transporte.<\/li>\n<li>Perfecto para la <strong>separaci\u00f3n de residuos<\/strong>, la manipulaci\u00f3n segura y c\u00f3moda de <strong>mercanc\u00edas voluminosas<\/strong> y <strong>RAEE<\/strong>.<\/li>\n<li><strong>Capacidad excepcional<\/strong> de 1,7 m3 para adaptarse a las necesidades de almacenamiento de gran capacidad en almacenes y entornos industriales.<\/li>\n<li><strong>Versatilidad<\/strong> que lo hace ideal para distintos sectores, desde <strong>el comercial<\/strong> al<strong>industrial<\/strong>, mejorando la eficacia y la organizaci\u00f3n del almac\u00e9n.<\/li>\n<\/ul>\n<p><strong>Los grandes contenedores de malla met\u00e1lica tambi\u00e9n se fabrican a medida, pide informaci\u00f3n sobre la marcha aqu\u00ed.  <\/strong><strong>Lote m\u00ednimo de 100 piezas. <\/strong><\/p>\n","protected":false},"excerpt":{"rendered":"<p>Uno de los contenedores m\u00e1s grandes de la familia MARKET, plegable y apilable. Gracias a un volumen de carga \u00fatil de 1,7 m\u00b3, resulta especialmente adecuado para la manipulaci\u00f3n de mercanc\u00edas voluminosas. Equipado con resistentes barras antivuelco. Lote m\u00ednimo de 100 piezas.<\/p>\n","protected":false},"featured_media":240033,"comment_status":"open","ping_status":"closed","template":"","meta":{"_acf_changed":false,"_et_pb_use_builder":"","_et_pb_old_content":"","_et_gb_content_width":""},"product_brand":[],"product_cat":[1931,1943],"product_tag":[2045],"class_list":{"0":"post-241670","1":"product","2":"type-product","3":"status-publish","4":"has-post-thumbnail","6":"product_cat-market-es","7":"product_cat-recogida-de-residuos-embalaje-raee","8":"product_tag-containers-es","10":"first","11":"instock","12":"shipping-taxable","13":"purchasable","14":"product-type-simple"},"acf":[],"yoast_head":"<!-- This site is optimized with the Yoast SEO plugin v27.3 - https:\/\/yoast.com\/product\/yoast-seo-wordpress\/ -->\n<title>Contenedor met\u00e1lico para mercanc\u00edas voluminosas | Mercado 120x165cm<\/title>\n<meta name=\"description\" content=\"Contenedor industrial met\u00e1lico de malla met\u00e1lica galvanizada. Apilable de 3 en 1, plegable, robusto y ligero. Volumen: 1,7 m3. Capacidad de carga: 600 kg.\" \/>\n<meta name=\"robots\" content=\"index, follow, max-snippet:-1, max-image-preview:large, max-video-preview:-1\" \/>\n<link rel=\"canonical\" href=\"https:\/\/www.italianacontenitori.com\/es\/producto\/market-120-x-165-cm\/\" \/>\n<meta property=\"og:locale\" content=\"es_ES\" \/>\n<meta property=\"og:type\" content=\"article\" \/>\n<meta property=\"og:title\" content=\"Contenedor met\u00e1lico para mercanc\u00edas voluminosas | Mercado 120x165cm\" \/>\n<meta property=\"og:description\" content=\"Contenedor industrial met\u00e1lico de malla met\u00e1lica galvanizada. Apilable de 3 en 1, plegable, robusto y ligero. Volumen: 1,7 m3. Capacidad de carga: 600 kg.\" \/>\n<meta property=\"og:url\" content=\"https:\/\/www.italianacontenitori.com\/es\/producto\/market-120-x-165-cm\/\" \/>\n<meta property=\"og:site_name\" content=\"italianacontenitori.com\" \/>\n<meta property=\"article:modified_time\" content=\"2026-04-10T14:38:42+00:00\" \/>\n<meta property=\"og:image\" content=\"https:\/\/www.italianacontenitori.com\/wp-content\/uploads\/2020\/12\/MARK120200.png\" \/>\n\t<meta property=\"og:image:width\" content=\"1024\" \/>\n\t<meta property=\"og:image:height\" content=\"1024\" \/>\n\t<meta property=\"og:image:type\" content=\"image\/png\" \/>\n<meta name=\"twitter:card\" content=\"summary_large_image\" \/>\n<meta name=\"twitter:label1\" content=\"Tiempo de lectura\" \/>\n\t<meta name=\"twitter:data1\" content=\"2 minutos\" \/>\n<script type=\"application\/ld+json\" class=\"yoast-schema-graph\">{\"@context\":\"https:\\\/\\\/schema.org\",\"@graph\":[{\"@type\":\"WebPage\",\"@id\":\"https:\\\/\\\/www.italianacontenitori.com\\\/es\\\/producto\\\/market-120-x-165-cm\\\/\",\"url\":\"https:\\\/\\\/www.italianacontenitori.com\\\/es\\\/producto\\\/market-120-x-165-cm\\\/\",\"name\":\"Contenedor met\u00e1lico para mercanc\u00edas voluminosas | Mercado 120x165cm\",\"isPartOf\":{\"@id\":\"https:\\\/\\\/www.italianacontenitori.com\\\/es\\\/#website\"},\"primaryImageOfPage\":{\"@id\":\"https:\\\/\\\/www.italianacontenitori.com\\\/es\\\/producto\\\/market-120-x-165-cm\\\/#primaryimage\"},\"image\":{\"@id\":\"https:\\\/\\\/www.italianacontenitori.com\\\/es\\\/producto\\\/market-120-x-165-cm\\\/#primaryimage\"},\"thumbnailUrl\":\"https:\\\/\\\/www.italianacontenitori.com\\\/wp-content\\\/uploads\\\/2020\\\/12\\\/MARK120200.png\",\"datePublished\":\"2020-12-07T16:20:01+00:00\",\"dateModified\":\"2026-04-10T14:38:42+00:00\",\"description\":\"Contenedor industrial met\u00e1lico de malla met\u00e1lica galvanizada. Apilable de 3 en 1, plegable, robusto y ligero. Volumen: 1,7 m3. Capacidad de carga: 600 kg.\",\"breadcrumb\":{\"@id\":\"https:\\\/\\\/www.italianacontenitori.com\\\/es\\\/producto\\\/market-120-x-165-cm\\\/#breadcrumb\"},\"inLanguage\":\"es\",\"potentialAction\":[{\"@type\":\"ReadAction\",\"target\":[\"https:\\\/\\\/www.italianacontenitori.com\\\/es\\\/producto\\\/market-120-x-165-cm\\\/\"]}]},{\"@type\":\"ImageObject\",\"inLanguage\":\"es\",\"@id\":\"https:\\\/\\\/www.italianacontenitori.com\\\/es\\\/producto\\\/market-120-x-165-cm\\\/#primaryimage\",\"url\":\"https:\\\/\\\/www.italianacontenitori.com\\\/wp-content\\\/uploads\\\/2020\\\/12\\\/MARK120200.png\",\"contentUrl\":\"https:\\\/\\\/www.italianacontenitori.com\\\/wp-content\\\/uploads\\\/2020\\\/12\\\/MARK120200.png\",\"width\":1024,\"height\":1024,\"caption\":\"Contenedor industrial de malla electrosoldada - MARK120200\"},{\"@type\":\"BreadcrumbList\",\"@id\":\"https:\\\/\\\/www.italianacontenitori.com\\\/es\\\/producto\\\/market-120-x-165-cm\\\/#breadcrumb\",\"itemListElement\":[{\"@type\":\"ListItem\",\"position\":1,\"name\":\"Home\",\"item\":\"https:\\\/\\\/www.italianacontenitori.com\\\/es\\\/contenedores-de-malla-metalica\\\/\"},{\"@type\":\"ListItem\",\"position\":2,\"name\":\"Contenedor industrial de metal &#8211; Mercado 120 x 165 cm\"}]},{\"@type\":\"WebSite\",\"@id\":\"https:\\\/\\\/www.italianacontenitori.com\\\/es\\\/#website\",\"url\":\"https:\\\/\\\/www.italianacontenitori.com\\\/es\\\/\",\"name\":\"italianacontenitori.com\",\"description\":\"Produzione di contenitori industriali e roll container\",\"publisher\":{\"@id\":\"https:\\\/\\\/www.italianacontenitori.com\\\/es\\\/#organization\"},\"potentialAction\":[{\"@type\":\"SearchAction\",\"target\":{\"@type\":\"EntryPoint\",\"urlTemplate\":\"https:\\\/\\\/www.italianacontenitori.com\\\/es\\\/?s={search_term_string}\"},\"query-input\":{\"@type\":\"PropertyValueSpecification\",\"valueRequired\":true,\"valueName\":\"search_term_string\"}}],\"inLanguage\":\"es\"},{\"@type\":\"Organization\",\"@id\":\"https:\\\/\\\/www.italianacontenitori.com\\\/es\\\/#organization\",\"name\":\"Italiana Contenitori s.r.l.\",\"alternateName\":\"IC\",\"url\":\"https:\\\/\\\/www.italianacontenitori.com\\\/es\\\/\",\"logo\":{\"@type\":\"ImageObject\",\"inLanguage\":\"es\",\"@id\":\"https:\\\/\\\/www.italianacontenitori.com\\\/es\\\/#\\\/schema\\\/logo\\\/image\\\/\",\"url\":\"https:\\\/\\\/www.italianacontenitori.com\\\/wp-content\\\/uploads\\\/2020\\\/11\\\/cropped-Logo-Italiana-Contenitori_favicon.jpg\",\"contentUrl\":\"https:\\\/\\\/www.italianacontenitori.com\\\/wp-content\\\/uploads\\\/2020\\\/11\\\/cropped-Logo-Italiana-Contenitori_favicon.jpg\",\"width\":512,\"height\":512,\"caption\":\"Italiana Contenitori s.r.l.\"},\"image\":{\"@id\":\"https:\\\/\\\/www.italianacontenitori.com\\\/es\\\/#\\\/schema\\\/logo\\\/image\\\/\"}}]}<\/script>\n<!-- \/ Yoast SEO plugin. -->","yoast_head_json":{"title":"Contenedor met\u00e1lico para mercanc\u00edas voluminosas | Mercado 120x165cm","description":"Contenedor industrial met\u00e1lico de malla met\u00e1lica galvanizada. Apilable de 3 en 1, plegable, robusto y ligero. Volumen: 1,7 m3. Capacidad de carga: 600 kg.","robots":{"index":"index","follow":"follow","max-snippet":"max-snippet:-1","max-image-preview":"max-image-preview:large","max-video-preview":"max-video-preview:-1"},"canonical":"https:\/\/www.italianacontenitori.com\/es\/producto\/market-120-x-165-cm\/","og_locale":"es_ES","og_type":"article","og_title":"Contenedor met\u00e1lico para mercanc\u00edas voluminosas | Mercado 120x165cm","og_description":"Contenedor industrial met\u00e1lico de malla met\u00e1lica galvanizada. Apilable de 3 en 1, plegable, robusto y ligero. Volumen: 1,7 m3. Capacidad de carga: 600 kg.","og_url":"https:\/\/www.italianacontenitori.com\/es\/producto\/market-120-x-165-cm\/","og_site_name":"italianacontenitori.com","article_modified_time":"2026-04-10T14:38:42+00:00","og_image":[{"width":1024,"height":1024,"url":"https:\/\/www.italianacontenitori.com\/wp-content\/uploads\/2020\/12\/MARK120200.png","type":"image\/png"}],"twitter_card":"summary_large_image","twitter_misc":{"Tiempo de lectura":"2 minutos"},"schema":{"@context":"https:\/\/schema.org","@graph":[{"@type":"WebPage","@id":"https:\/\/www.italianacontenitori.com\/es\/producto\/market-120-x-165-cm\/","url":"https:\/\/www.italianacontenitori.com\/es\/producto\/market-120-x-165-cm\/","name":"Contenedor met\u00e1lico para mercanc\u00edas voluminosas | Mercado 120x165cm","isPartOf":{"@id":"https:\/\/www.italianacontenitori.com\/es\/#website"},"primaryImageOfPage":{"@id":"https:\/\/www.italianacontenitori.com\/es\/producto\/market-120-x-165-cm\/#primaryimage"},"image":{"@id":"https:\/\/www.italianacontenitori.com\/es\/producto\/market-120-x-165-cm\/#primaryimage"},"thumbnailUrl":"https:\/\/www.italianacontenitori.com\/wp-content\/uploads\/2020\/12\/MARK120200.png","datePublished":"2020-12-07T16:20:01+00:00","dateModified":"2026-04-10T14:38:42+00:00","description":"Contenedor industrial met\u00e1lico de malla met\u00e1lica galvanizada. Apilable de 3 en 1, plegable, robusto y ligero. Volumen: 1,7 m3. Capacidad de carga: 600 kg.","breadcrumb":{"@id":"https:\/\/www.italianacontenitori.com\/es\/producto\/market-120-x-165-cm\/#breadcrumb"},"inLanguage":"es","potentialAction":[{"@type":"ReadAction","target":["https:\/\/www.italianacontenitori.com\/es\/producto\/market-120-x-165-cm\/"]}]},{"@type":"ImageObject","inLanguage":"es","@id":"https:\/\/www.italianacontenitori.com\/es\/producto\/market-120-x-165-cm\/#primaryimage","url":"https:\/\/www.italianacontenitori.com\/wp-content\/uploads\/2020\/12\/MARK120200.png","contentUrl":"https:\/\/www.italianacontenitori.com\/wp-content\/uploads\/2020\/12\/MARK120200.png","width":1024,"height":1024,"caption":"Contenedor industrial de malla electrosoldada - MARK120200"},{"@type":"BreadcrumbList","@id":"https:\/\/www.italianacontenitori.com\/es\/producto\/market-120-x-165-cm\/#breadcrumb","itemListElement":[{"@type":"ListItem","position":1,"name":"Home","item":"https:\/\/www.italianacontenitori.com\/es\/contenedores-de-malla-metalica\/"},{"@type":"ListItem","position":2,"name":"Contenedor industrial de metal &#8211; Mercado 120 x 165 cm"}]},{"@type":"WebSite","@id":"https:\/\/www.italianacontenitori.com\/es\/#website","url":"https:\/\/www.italianacontenitori.com\/es\/","name":"italianacontenitori.com","description":"Produzione di contenitori industriali e roll container","publisher":{"@id":"https:\/\/www.italianacontenitori.com\/es\/#organization"},"potentialAction":[{"@type":"SearchAction","target":{"@type":"EntryPoint","urlTemplate":"https:\/\/www.italianacontenitori.com\/es\/?s={search_term_string}"},"query-input":{"@type":"PropertyValueSpecification","valueRequired":true,"valueName":"search_term_string"}}],"inLanguage":"es"},{"@type":"Organization","@id":"https:\/\/www.italianacontenitori.com\/es\/#organization","name":"Italiana Contenitori s.r.l.","alternateName":"IC","url":"https:\/\/www.italianacontenitori.com\/es\/","logo":{"@type":"ImageObject","inLanguage":"es","@id":"https:\/\/www.italianacontenitori.com\/es\/#\/schema\/logo\/image\/","url":"https:\/\/www.italianacontenitori.com\/wp-content\/uploads\/2020\/11\/cropped-Logo-Italiana-Contenitori_favicon.jpg","contentUrl":"https:\/\/www.italianacontenitori.com\/wp-content\/uploads\/2020\/11\/cropped-Logo-Italiana-Contenitori_favicon.jpg","width":512,"height":512,"caption":"Italiana Contenitori s.r.l."},"image":{"@id":"https:\/\/www.italianacontenitori.com\/es\/#\/schema\/logo\/image\/"}}]}},"_links":{"self":[{"href":"https:\/\/www.italianacontenitori.com\/es\/wp-json\/wp\/v2\/product\/241670","targetHints":{"allow":["GET"]}}],"collection":[{"href":"https:\/\/www.italianacontenitori.com\/es\/wp-json\/wp\/v2\/product"}],"about":[{"href":"https:\/\/www.italianacontenitori.com\/es\/wp-json\/wp\/v2\/types\/product"}],"replies":[{"embeddable":true,"href":"https:\/\/www.italianacontenitori.com\/es\/wp-json\/wp\/v2\/comments?post=241670"}],"wp:featuredmedia":[{"embeddable":true,"href":"https:\/\/www.italianacontenitori.com\/es\/wp-json\/wp\/v2\/media\/240033"}],"wp:attachment":[{"href":"https:\/\/www.italianacontenitori.com\/es\/wp-json\/wp\/v2\/media?parent=241670"}],"wp:term":[{"taxonomy":"product_brand","embeddable":true,"href":"https:\/\/www.italianacontenitori.com\/es\/wp-json\/wp\/v2\/product_brand?post=241670"},{"taxonomy":"product_cat","embeddable":true,"href":"https:\/\/www.italianacontenitori.com\/es\/wp-json\/wp\/v2\/product_cat?post=241670"},{"taxonomy":"product_tag","embeddable":true,"href":"https:\/\/www.italianacontenitori.com\/es\/wp-json\/wp\/v2\/product_tag?post=241670"}],"curies":[{"name":"wp","href":"https:\/\/api.w.org\/{rel}","templated":true}]}}