{"id":241674,"date":"2020-12-07T16:15:26","date_gmt":"2020-12-07T16:15:26","guid":{"rendered":"https:\/\/www.italianacontenitori.com\/product\/market-113-x-145-cm-elephant\/"},"modified":"2026-04-10T14:38:34","modified_gmt":"2026-04-10T14:38:34","slug":"market-113-x-145-cm-elephant","status":"publish","type":"product","link":"https:\/\/www.italianacontenitori.com\/es\/producto\/market-113-x-145-cm-elephant\/","title":{"rendered":"Contenedor industrial de metal &#8211; Mercado Elefante 113 x 145 cm"},"content":{"rendered":"<p>El Elefante de Mercado es el contenedor industrial ideal para quienes buscan robustez, gran capacidad de carga, dimensiones generosas y resistencia. Comparada con las cestas de caja y chapa, la Elefante es una aut\u00e9ntica ganadora: tiene una capacidad interior de 1,64 metros c\u00fabicos, es apilable, plegable, est\u00e1 fabricada con malla estrecha -5&#215;5 cm- para transportar incluso objetos peque\u00f1os, y tiene una <strong>capacidad de carga de 1.000 kg<\/strong>, un aut\u00e9ntico r\u00e9cord teniendo en cuenta su peso pluma. Esta cesta industrial de hierro y metal <strong>, fabricada con materiales de alta calidad<\/strong>, est\u00e1 dise\u00f1ada para resistir la intemperie, el polvo, la suciedad y la salinidad gracias al proceso <strong>de galvanizado <\/strong>al que se somete. Su robustez se ve reforzada por la <strong>estructura de malla met\u00e1lica autoportante<\/strong>, que no s\u00f3lo garantiza la durabilidad, sino tambi\u00e9n la visibilidad inmediata del contenido, un aspecto crucial para la optimizaci\u00f3n del almac\u00e9n. El contenedor tiene una puerta de inspecci\u00f3n en el lado largo para facilitar las operaciones de picking.    <\/p>\n<h2>El contenedor industrial para mercanc\u00edas pesadas, voluminosas y peque\u00f1as. Elephant es ligero, apilable, plegable y tiene una capacidad de carga r\u00e9cord. <\/h2>\n<p>Aqu\u00ed tienes el texto en formato de lista con vi\u00f1etas, centrado en la <strong>gran capacidad de carga<\/strong>:<\/p>\n<ul>\n<li><strong>Gran capacidad de carga<\/strong>: se pueden apilar hasta <strong>tres contenedores completamente cargados<\/strong> (1000 kg) sobre una base, optimizando el espacio y mejorando la eficacia operativa.<\/li>\n<li><strong>Dimensiones \u00f3ptimas<\/strong>: dise\u00f1ado seg\u00fan <strong>las normas europeas<\/strong>, garantiza la compatibilidad y la facilidad de uso en diversos contextos industriales y comerciales.<\/li>\n<li><strong>F\u00e1cil plegado<\/strong>: cuando no se utiliza, el <strong>contenedor puede plegarse f\u00e1cilmente<\/strong>, reduciendo el desorden y optimizando el <strong>espacio de almacenamiento<\/strong> y transporte.<\/li>\n<li><strong>Versatilidad excepcional<\/strong>: ideal para una amplia gama de aplicaciones, como la <strong>gesti\u00f3n de residuos<\/strong>, el <strong>almacenamiento de mercanc\u00edas pesadas<\/strong> y la <strong>manipulaci\u00f3n interna<\/strong>.<\/li>\n<li><strong>\u00c1mbitos de aplicaci\u00f3n<\/strong>: perfecto para la industria, la distribuci\u00f3n y la log\u00edstica, mejorando la eficacia y la organizaci\u00f3n en los almacenes y durante el transporte.<\/li>\n<\/ul>\n<p>Con <strong>Market Elephant<\/strong>, tu operaci\u00f3n ser\u00e1 m\u00e1s eficaz y organizada, garantizando <strong>una gran capacidad de carga<\/strong> y optimizando el uso del espacio disponible. Adem\u00e1s, con un control total sobre el ciclo de producci\u00f3n, podemos ofrecerte <strong>soluciones a medida<\/strong>, adaptando el contenedor a tus necesidades espec\u00edficas. <\/p>\n<p><strong>Lote m\u00ednimo de 50 piezas.<\/strong><\/p>\n","protected":false},"excerpt":{"rendered":"<article class=\"text-token-text-primary w-full\" dir=\"auto\" data-testid=\"conversation-turn-62\" data-scroll-anchor=\"false\">\n<div class=\"text-base my-auto mx-auto py-5 [--thread-content-margin:--spacing(4)] @[37rem]:[--thread-content-margin:--spacing(6)] @[70rem]:[--thread-content-margin:--spacing(12)] px-(--thread-content-margin)\">\n<div class=\"[--thread-content-max-width:32rem] @[34rem]:[--thread-content-max-width:40rem] @[64rem]:[--thread-content-max-width:48rem] mx-auto flex max-w-(--thread-content-max-width) flex-1 text-base gap-4 md:gap-5 lg:gap-6 group\/turn-messages focus-visible:outline-hidden\" tabindex=\"-1\">\n<div class=\"group\/conversation-turn relative flex w-full min-w-0 flex-col agent-turn\">\n<div class=\"relative flex-col gap-1 md:gap-3\">\n<div class=\"flex max-w-full flex-col grow\">\n<div class=\"min-h-8 text-message relative flex w-full flex-col items-end gap-2 text-start break-words whitespace-normal [.text-message+&amp;]:mt-5\" dir=\"auto\" data-message-author-role=\"assistant\" data-message-id=\"c8f43570-dce0-47df-b24f-ba79b05cce7d\" data-message-model-slug=\"gpt-4o-mini\">\n<div class=\"flex w-full flex-col gap-1 empty:hidden first:pt-[3px]\">\n<div class=\"markdown prose dark:prose-invert w-full break-words light\">\n<p class=\"\" data-start=\"0\" data-end=\"400\">Descubre el <strong data-start=\"33\" data-end=\"52\">Market Elephant<\/strong>, el contenedor industrial que combina robustez, gran capacidad de carga (hasta 1000 kg) y versatilidad. Apilable, plegable y resistente a la intemperie, es ideal para transportar mercanc\u00edas voluminosas y peque\u00f1as (malla 5&#215;5). Optimiza el espacio y las operaciones log\u00edsticas con su dise\u00f1o innovador y su construcci\u00f3n de malla met\u00e1lica de alta calidad.  <\/p>\n<\/div>\n<\/div>\n<\/div>\n<\/div>\n<\/div>\n<\/div>\n<\/div>\n<\/div>\n<\/article>\n","protected":false},"featured_media":240423,"comment_status":"open","ping_status":"closed","template":"","meta":{"_acf_changed":false,"_et_pb_use_builder":"","_et_pb_old_content":"","_et_gb_content_width":""},"product_brand":[],"product_cat":[1931,1943],"product_tag":[2045],"class_list":{"0":"post-241674","1":"product","2":"type-product","3":"status-publish","4":"has-post-thumbnail","6":"product_cat-market-es","7":"product_cat-recogida-de-residuos-embalaje-raee","8":"product_tag-containers-es","10":"first","11":"instock","12":"shipping-taxable","13":"purchasable","14":"product-type-simple"},"acf":[],"yoast_head":"<!-- This site is optimized with the Yoast SEO plugin v27.3 - https:\/\/yoast.com\/product\/yoast-seo-wordpress\/ -->\n<title>Elefante del mercado de contenedores industriales | Grande, \u00e1gil y fuerte<\/title>\n<meta name=\"description\" content=\"Contenedor industrial de rejilla met\u00e1lica. Apilable de 3 en 1, plegable, robusto y ligero. Volumen: 1,64 m3. Capacidad de carga 1000 kg. Dimensiones 113x145 cm\" \/>\n<meta name=\"robots\" content=\"index, follow, max-snippet:-1, max-image-preview:large, max-video-preview:-1\" \/>\n<link rel=\"canonical\" href=\"https:\/\/www.italianacontenitori.com\/es\/producto\/market-113-x-145-cm-elephant\/\" \/>\n<meta property=\"og:locale\" content=\"es_ES\" \/>\n<meta property=\"og:type\" content=\"article\" \/>\n<meta property=\"og:title\" content=\"Elefante del mercado de contenedores industriales | Grande, \u00e1gil y fuerte\" \/>\n<meta property=\"og:description\" content=\"Contenedor industrial de rejilla met\u00e1lica. Apilable de 3 en 1, plegable, robusto y ligero. Volumen: 1,64 m3. Capacidad de carga 1000 kg. Dimensiones 113x145 cm\" \/>\n<meta property=\"og:url\" content=\"https:\/\/www.italianacontenitori.com\/es\/producto\/market-113-x-145-cm-elephant\/\" \/>\n<meta property=\"og:site_name\" content=\"italianacontenitori.com\" \/>\n<meta property=\"article:modified_time\" content=\"2026-04-10T14:38:34+00:00\" \/>\n<meta property=\"og:image\" content=\"https:\/\/www.italianacontenitori.com\/wp-content\/uploads\/2020\/12\/MARK114145.png\" \/>\n\t<meta property=\"og:image:width\" content=\"1024\" \/>\n\t<meta property=\"og:image:height\" content=\"1024\" \/>\n\t<meta property=\"og:image:type\" content=\"image\/png\" \/>\n<meta name=\"twitter:card\" content=\"summary_large_image\" \/>\n<meta name=\"twitter:label1\" content=\"Tiempo de lectura\" \/>\n\t<meta name=\"twitter:data1\" content=\"2 minutos\" \/>\n<script type=\"application\/ld+json\" class=\"yoast-schema-graph\">{\"@context\":\"https:\\\/\\\/schema.org\",\"@graph\":[{\"@type\":\"WebPage\",\"@id\":\"https:\\\/\\\/www.italianacontenitori.com\\\/es\\\/producto\\\/market-113-x-145-cm-elephant\\\/\",\"url\":\"https:\\\/\\\/www.italianacontenitori.com\\\/es\\\/producto\\\/market-113-x-145-cm-elephant\\\/\",\"name\":\"Elefante del mercado de contenedores industriales | Grande, \u00e1gil y fuerte\",\"isPartOf\":{\"@id\":\"https:\\\/\\\/www.italianacontenitori.com\\\/es\\\/#website\"},\"primaryImageOfPage\":{\"@id\":\"https:\\\/\\\/www.italianacontenitori.com\\\/es\\\/producto\\\/market-113-x-145-cm-elephant\\\/#primaryimage\"},\"image\":{\"@id\":\"https:\\\/\\\/www.italianacontenitori.com\\\/es\\\/producto\\\/market-113-x-145-cm-elephant\\\/#primaryimage\"},\"thumbnailUrl\":\"https:\\\/\\\/www.italianacontenitori.com\\\/wp-content\\\/uploads\\\/2020\\\/12\\\/MARK114145.png\",\"datePublished\":\"2020-12-07T16:15:26+00:00\",\"dateModified\":\"2026-04-10T14:38:34+00:00\",\"description\":\"Contenedor industrial de rejilla met\u00e1lica. Apilable de 3 en 1, plegable, robusto y ligero. Volumen: 1,64 m3. Capacidad de carga 1000 kg. Dimensiones 113x145 cm\",\"breadcrumb\":{\"@id\":\"https:\\\/\\\/www.italianacontenitori.com\\\/es\\\/producto\\\/market-113-x-145-cm-elephant\\\/#breadcrumb\"},\"inLanguage\":\"es\",\"potentialAction\":[{\"@type\":\"ReadAction\",\"target\":[\"https:\\\/\\\/www.italianacontenitori.com\\\/es\\\/producto\\\/market-113-x-145-cm-elephant\\\/\"]}]},{\"@type\":\"ImageObject\",\"inLanguage\":\"es\",\"@id\":\"https:\\\/\\\/www.italianacontenitori.com\\\/es\\\/producto\\\/market-113-x-145-cm-elephant\\\/#primaryimage\",\"url\":\"https:\\\/\\\/www.italianacontenitori.com\\\/wp-content\\\/uploads\\\/2020\\\/12\\\/MARK114145.png\",\"contentUrl\":\"https:\\\/\\\/www.italianacontenitori.com\\\/wp-content\\\/uploads\\\/2020\\\/12\\\/MARK114145.png\",\"width\":1024,\"height\":1024,\"caption\":\"Gran contenedor industrial de rejilla met\u00e1lica para mercanc\u00edas voluminosas. Capacidad de carga 1000 kg. Modelo: MARK114145\"},{\"@type\":\"BreadcrumbList\",\"@id\":\"https:\\\/\\\/www.italianacontenitori.com\\\/es\\\/producto\\\/market-113-x-145-cm-elephant\\\/#breadcrumb\",\"itemListElement\":[{\"@type\":\"ListItem\",\"position\":1,\"name\":\"Home\",\"item\":\"https:\\\/\\\/www.italianacontenitori.com\\\/es\\\/contenedores-de-malla-metalica\\\/\"},{\"@type\":\"ListItem\",\"position\":2,\"name\":\"Contenedor industrial de metal &#8211; Mercado Elefante 113 x 145 cm\"}]},{\"@type\":\"WebSite\",\"@id\":\"https:\\\/\\\/www.italianacontenitori.com\\\/es\\\/#website\",\"url\":\"https:\\\/\\\/www.italianacontenitori.com\\\/es\\\/\",\"name\":\"italianacontenitori.com\",\"description\":\"Produzione di contenitori industriali e roll container\",\"publisher\":{\"@id\":\"https:\\\/\\\/www.italianacontenitori.com\\\/es\\\/#organization\"},\"potentialAction\":[{\"@type\":\"SearchAction\",\"target\":{\"@type\":\"EntryPoint\",\"urlTemplate\":\"https:\\\/\\\/www.italianacontenitori.com\\\/es\\\/?s={search_term_string}\"},\"query-input\":{\"@type\":\"PropertyValueSpecification\",\"valueRequired\":true,\"valueName\":\"search_term_string\"}}],\"inLanguage\":\"es\"},{\"@type\":\"Organization\",\"@id\":\"https:\\\/\\\/www.italianacontenitori.com\\\/es\\\/#organization\",\"name\":\"Italiana Contenitori s.r.l.\",\"alternateName\":\"IC\",\"url\":\"https:\\\/\\\/www.italianacontenitori.com\\\/es\\\/\",\"logo\":{\"@type\":\"ImageObject\",\"inLanguage\":\"es\",\"@id\":\"https:\\\/\\\/www.italianacontenitori.com\\\/es\\\/#\\\/schema\\\/logo\\\/image\\\/\",\"url\":\"https:\\\/\\\/www.italianacontenitori.com\\\/wp-content\\\/uploads\\\/2020\\\/11\\\/cropped-Logo-Italiana-Contenitori_favicon.jpg\",\"contentUrl\":\"https:\\\/\\\/www.italianacontenitori.com\\\/wp-content\\\/uploads\\\/2020\\\/11\\\/cropped-Logo-Italiana-Contenitori_favicon.jpg\",\"width\":512,\"height\":512,\"caption\":\"Italiana Contenitori s.r.l.\"},\"image\":{\"@id\":\"https:\\\/\\\/www.italianacontenitori.com\\\/es\\\/#\\\/schema\\\/logo\\\/image\\\/\"}}]}<\/script>\n<!-- \/ Yoast SEO plugin. -->","yoast_head_json":{"title":"Elefante del mercado de contenedores industriales | Grande, \u00e1gil y fuerte","description":"Contenedor industrial de rejilla met\u00e1lica. Apilable de 3 en 1, plegable, robusto y ligero. Volumen: 1,64 m3. Capacidad de carga 1000 kg. Dimensiones 113x145 cm","robots":{"index":"index","follow":"follow","max-snippet":"max-snippet:-1","max-image-preview":"max-image-preview:large","max-video-preview":"max-video-preview:-1"},"canonical":"https:\/\/www.italianacontenitori.com\/es\/producto\/market-113-x-145-cm-elephant\/","og_locale":"es_ES","og_type":"article","og_title":"Elefante del mercado de contenedores industriales | Grande, \u00e1gil y fuerte","og_description":"Contenedor industrial de rejilla met\u00e1lica. Apilable de 3 en 1, plegable, robusto y ligero. Volumen: 1,64 m3. Capacidad de carga 1000 kg. Dimensiones 113x145 cm","og_url":"https:\/\/www.italianacontenitori.com\/es\/producto\/market-113-x-145-cm-elephant\/","og_site_name":"italianacontenitori.com","article_modified_time":"2026-04-10T14:38:34+00:00","og_image":[{"width":1024,"height":1024,"url":"https:\/\/www.italianacontenitori.com\/wp-content\/uploads\/2020\/12\/MARK114145.png","type":"image\/png"}],"twitter_card":"summary_large_image","twitter_misc":{"Tiempo de lectura":"2 minutos"},"schema":{"@context":"https:\/\/schema.org","@graph":[{"@type":"WebPage","@id":"https:\/\/www.italianacontenitori.com\/es\/producto\/market-113-x-145-cm-elephant\/","url":"https:\/\/www.italianacontenitori.com\/es\/producto\/market-113-x-145-cm-elephant\/","name":"Elefante del mercado de contenedores industriales | Grande, \u00e1gil y fuerte","isPartOf":{"@id":"https:\/\/www.italianacontenitori.com\/es\/#website"},"primaryImageOfPage":{"@id":"https:\/\/www.italianacontenitori.com\/es\/producto\/market-113-x-145-cm-elephant\/#primaryimage"},"image":{"@id":"https:\/\/www.italianacontenitori.com\/es\/producto\/market-113-x-145-cm-elephant\/#primaryimage"},"thumbnailUrl":"https:\/\/www.italianacontenitori.com\/wp-content\/uploads\/2020\/12\/MARK114145.png","datePublished":"2020-12-07T16:15:26+00:00","dateModified":"2026-04-10T14:38:34+00:00","description":"Contenedor industrial de rejilla met\u00e1lica. Apilable de 3 en 1, plegable, robusto y ligero. Volumen: 1,64 m3. Capacidad de carga 1000 kg. Dimensiones 113x145 cm","breadcrumb":{"@id":"https:\/\/www.italianacontenitori.com\/es\/producto\/market-113-x-145-cm-elephant\/#breadcrumb"},"inLanguage":"es","potentialAction":[{"@type":"ReadAction","target":["https:\/\/www.italianacontenitori.com\/es\/producto\/market-113-x-145-cm-elephant\/"]}]},{"@type":"ImageObject","inLanguage":"es","@id":"https:\/\/www.italianacontenitori.com\/es\/producto\/market-113-x-145-cm-elephant\/#primaryimage","url":"https:\/\/www.italianacontenitori.com\/wp-content\/uploads\/2020\/12\/MARK114145.png","contentUrl":"https:\/\/www.italianacontenitori.com\/wp-content\/uploads\/2020\/12\/MARK114145.png","width":1024,"height":1024,"caption":"Gran contenedor industrial de rejilla met\u00e1lica para mercanc\u00edas voluminosas. Capacidad de carga 1000 kg. Modelo: MARK114145"},{"@type":"BreadcrumbList","@id":"https:\/\/www.italianacontenitori.com\/es\/producto\/market-113-x-145-cm-elephant\/#breadcrumb","itemListElement":[{"@type":"ListItem","position":1,"name":"Home","item":"https:\/\/www.italianacontenitori.com\/es\/contenedores-de-malla-metalica\/"},{"@type":"ListItem","position":2,"name":"Contenedor industrial de metal &#8211; Mercado Elefante 113 x 145 cm"}]},{"@type":"WebSite","@id":"https:\/\/www.italianacontenitori.com\/es\/#website","url":"https:\/\/www.italianacontenitori.com\/es\/","name":"italianacontenitori.com","description":"Produzione di contenitori industriali e roll container","publisher":{"@id":"https:\/\/www.italianacontenitori.com\/es\/#organization"},"potentialAction":[{"@type":"SearchAction","target":{"@type":"EntryPoint","urlTemplate":"https:\/\/www.italianacontenitori.com\/es\/?s={search_term_string}"},"query-input":{"@type":"PropertyValueSpecification","valueRequired":true,"valueName":"search_term_string"}}],"inLanguage":"es"},{"@type":"Organization","@id":"https:\/\/www.italianacontenitori.com\/es\/#organization","name":"Italiana Contenitori s.r.l.","alternateName":"IC","url":"https:\/\/www.italianacontenitori.com\/es\/","logo":{"@type":"ImageObject","inLanguage":"es","@id":"https:\/\/www.italianacontenitori.com\/es\/#\/schema\/logo\/image\/","url":"https:\/\/www.italianacontenitori.com\/wp-content\/uploads\/2020\/11\/cropped-Logo-Italiana-Contenitori_favicon.jpg","contentUrl":"https:\/\/www.italianacontenitori.com\/wp-content\/uploads\/2020\/11\/cropped-Logo-Italiana-Contenitori_favicon.jpg","width":512,"height":512,"caption":"Italiana Contenitori s.r.l."},"image":{"@id":"https:\/\/www.italianacontenitori.com\/es\/#\/schema\/logo\/image\/"}}]}},"_links":{"self":[{"href":"https:\/\/www.italianacontenitori.com\/es\/wp-json\/wp\/v2\/product\/241674","targetHints":{"allow":["GET"]}}],"collection":[{"href":"https:\/\/www.italianacontenitori.com\/es\/wp-json\/wp\/v2\/product"}],"about":[{"href":"https:\/\/www.italianacontenitori.com\/es\/wp-json\/wp\/v2\/types\/product"}],"replies":[{"embeddable":true,"href":"https:\/\/www.italianacontenitori.com\/es\/wp-json\/wp\/v2\/comments?post=241674"}],"wp:featuredmedia":[{"embeddable":true,"href":"https:\/\/www.italianacontenitori.com\/es\/wp-json\/wp\/v2\/media\/240423"}],"wp:attachment":[{"href":"https:\/\/www.italianacontenitori.com\/es\/wp-json\/wp\/v2\/media?parent=241674"}],"wp:term":[{"taxonomy":"product_brand","embeddable":true,"href":"https:\/\/www.italianacontenitori.com\/es\/wp-json\/wp\/v2\/product_brand?post=241674"},{"taxonomy":"product_cat","embeddable":true,"href":"https:\/\/www.italianacontenitori.com\/es\/wp-json\/wp\/v2\/product_cat?post=241674"},{"taxonomy":"product_tag","embeddable":true,"href":"https:\/\/www.italianacontenitori.com\/es\/wp-json\/wp\/v2\/product_tag?post=241674"}],"curies":[{"name":"wp","href":"https:\/\/api.w.org\/{rel}","templated":true}]}}