{"id":241678,"date":"2020-12-07T15:58:45","date_gmt":"2020-12-07T15:58:45","guid":{"rendered":"https:\/\/www.italianacontenitori.com\/product\/market-105-x-125-cm\/"},"modified":"2026-04-10T14:38:36","modified_gmt":"2026-04-10T14:38:36","slug":"market-105-x-125-cm","status":"publish","type":"product","link":"https:\/\/www.italianacontenitori.com\/es\/prodotto\/market-105-x-125-cm\/","title":{"rendered":"Contenedor industrial de metal &#8211; Mercado 105 x 125 cm"},"content":{"rendered":"<p>El Mercado 105&#215;125 es la soluci\u00f3n para quienes buscan eficacia y durabilidad en un contenedor industrial de malla met\u00e1lica. Esta cesta de alambre, <strong>fabricada en Italia con materiales de alta calidad<\/strong>, est\u00e1 dise\u00f1ada para resistir la intemperie, el polvo, la suciedad y la salinidad gracias a su proceso de <strong>galvanizado<\/strong>. Su robustez se ve reforzada por la <strong>estructura autoportante de malla met\u00e1l<\/strong>ica, que no s\u00f3lo garantiza la durabilidad, sino tambi\u00e9n la visibilidad inmediata del contenido, un aspecto crucial para la optimizaci\u00f3n del almac\u00e9n. El contenedor tiene una puerta de inspecci\u00f3n en el lado largo para facilitar las operaciones de picking.   <\/p>\n<h2>Cesta met\u00e1lica industrial: ligera, apilable, plegable y de gran capacidad<\/h2>\n<ul>\n<li>capacidad de carga de hasta 1000 kg, con un volumen de aprox. 1 m\u00b3<\/li>\n<li>apilable hasta 3 unidades cuando est\u00e1 totalmente cargado, perfecto para uso industrial<\/li>\n<li>compatible con pal\u00e9s EUR (100&#215;120 cm), ideal para log\u00edstica<\/li>\n<li>Plegable y que ocupa poco espacio, excelente para guardarla y para viajes de ida y vuelta<\/li>\n<li>personalizable bajo pedido gracias al control de producci\u00f3n interno<\/li>\n<\/ul>\n<p>Market 105&#215;125 se adapta perfectamente a los <strong>sectores industrial, agr\u00edcola y log\u00edstico<\/strong>, y ofrece una soluci\u00f3n fiable para almacenar y manipular mercanc\u00edas. Su versatilidad la hace ideal para cualquier almac\u00e9n que requiera una soluci\u00f3n \u00e1gil, adaptable y f\u00e1cil de manejar. Con la Market 105&#215;125, tu almac\u00e9n ser\u00e1 eficaz, estar\u00e1 organizado y preparado para responder a cualquier necesidad de almacenamiento y manipulaci\u00f3n.  <\/p>\n","protected":false},"excerpt":{"rendered":"<p>Cesta met\u00e1lica industrial ligera, plegable y apilable. El Market 105&#215;125 es un contenedor de malla galvanizada con capacidad de carga de hasta 1000 kg y 1 m\u00b3 de volumen, perfecto para log\u00edstica, industria y agricultura. Con puerta de inspecci\u00f3n, estructura autoportante y personalizable bajo pedido.  <\/p>\n","protected":false},"featured_media":240428,"comment_status":"open","ping_status":"closed","template":"","meta":{"_acf_changed":false,"_et_pb_use_builder":"","_et_pb_old_content":"","_et_gb_content_width":""},"product_brand":[],"product_cat":[1931],"product_tag":[2045],"class_list":{"0":"post-241678","1":"product","2":"type-product","3":"status-publish","4":"has-post-thumbnail","6":"product_cat-market-es","7":"product_tag-containers-es","9":"first","10":"instock","11":"shipping-taxable","12":"purchasable","13":"product-type-simple"},"acf":[],"yoast_head":"<!-- This site is optimized with the Yoast SEO plugin v27.3 - https:\/\/yoast.com\/product\/yoast-seo-wordpress\/ -->\n<title>Contenedor de malla met\u00e1lica industrial | Mercado 105x25<\/title>\n<meta name=\"description\" content=\"Cesta de malla de alambre galvanizado. Capacidad de carga 1000 kg, apilable de 3 en 1, plegable, con trampilla de inspecci\u00f3n. Robusta, ligera, fabricada en Italia.\" \/>\n<meta name=\"robots\" content=\"index, follow, max-snippet:-1, max-image-preview:large, max-video-preview:-1\" \/>\n<link rel=\"canonical\" href=\"https:\/\/www.italianacontenitori.com\/es\/prodotto\/market-105-x-125-cm\/\" \/>\n<meta property=\"og:locale\" content=\"es_ES\" \/>\n<meta property=\"og:type\" content=\"article\" \/>\n<meta property=\"og:title\" content=\"Contenedor de malla met\u00e1lica industrial | Mercado 105x25\" \/>\n<meta property=\"og:description\" content=\"Cesta de malla de alambre galvanizado. Capacidad de carga 1000 kg, apilable de 3 en 1, plegable, con trampilla de inspecci\u00f3n. Robusta, ligera, fabricada en Italia.\" \/>\n<meta property=\"og:url\" content=\"https:\/\/www.italianacontenitori.com\/es\/prodotto\/market-105-x-125-cm\/\" \/>\n<meta property=\"og:site_name\" content=\"italianacontenitori.com\" \/>\n<meta property=\"article:modified_time\" content=\"2026-04-10T14:38:36+00:00\" \/>\n<meta property=\"og:image\" content=\"https:\/\/www.italianacontenitori.com\/wp-content\/uploads\/2020\/12\/MARK100120.png\" \/>\n\t<meta property=\"og:image:width\" content=\"1024\" \/>\n\t<meta property=\"og:image:height\" content=\"1024\" \/>\n\t<meta property=\"og:image:type\" content=\"image\/png\" \/>\n<meta name=\"twitter:card\" content=\"summary_large_image\" \/>\n<meta name=\"twitter:label1\" content=\"Tiempo de lectura\" \/>\n\t<meta name=\"twitter:data1\" content=\"1 minuto\" \/>\n<script type=\"application\/ld+json\" class=\"yoast-schema-graph\">{\"@context\":\"https:\\\/\\\/schema.org\",\"@graph\":[{\"@type\":\"WebPage\",\"@id\":\"https:\\\/\\\/www.italianacontenitori.com\\\/es\\\/prodotto\\\/market-105-x-125-cm\\\/\",\"url\":\"https:\\\/\\\/www.italianacontenitori.com\\\/es\\\/prodotto\\\/market-105-x-125-cm\\\/\",\"name\":\"Contenedor de malla met\u00e1lica industrial | Mercado 105x25\",\"isPartOf\":{\"@id\":\"https:\\\/\\\/www.italianacontenitori.com\\\/es\\\/#website\"},\"primaryImageOfPage\":{\"@id\":\"https:\\\/\\\/www.italianacontenitori.com\\\/es\\\/prodotto\\\/market-105-x-125-cm\\\/#primaryimage\"},\"image\":{\"@id\":\"https:\\\/\\\/www.italianacontenitori.com\\\/es\\\/prodotto\\\/market-105-x-125-cm\\\/#primaryimage\"},\"thumbnailUrl\":\"https:\\\/\\\/www.italianacontenitori.com\\\/wp-content\\\/uploads\\\/2020\\\/12\\\/MARK100120.png\",\"datePublished\":\"2020-12-07T15:58:45+00:00\",\"dateModified\":\"2026-04-10T14:38:36+00:00\",\"description\":\"Cesta de malla de alambre galvanizado. Capacidad de carga 1000 kg, apilable de 3 en 1, plegable, con trampilla de inspecci\u00f3n. Robusta, ligera, fabricada en Italia.\",\"breadcrumb\":{\"@id\":\"https:\\\/\\\/www.italianacontenitori.com\\\/es\\\/prodotto\\\/market-105-x-125-cm\\\/#breadcrumb\"},\"inLanguage\":\"es\",\"potentialAction\":[{\"@type\":\"ReadAction\",\"target\":[\"https:\\\/\\\/www.italianacontenitori.com\\\/es\\\/prodotto\\\/market-105-x-125-cm\\\/\"]}]},{\"@type\":\"ImageObject\",\"inLanguage\":\"es\",\"@id\":\"https:\\\/\\\/www.italianacontenitori.com\\\/es\\\/prodotto\\\/market-105-x-125-cm\\\/#primaryimage\",\"url\":\"https:\\\/\\\/www.italianacontenitori.com\\\/wp-content\\\/uploads\\\/2020\\\/12\\\/MARK100120.png\",\"contentUrl\":\"https:\\\/\\\/www.italianacontenitori.com\\\/wp-content\\\/uploads\\\/2020\\\/12\\\/MARK100120.png\",\"width\":1024,\"height\":1024,\"caption\":\"Contenedor industrial de malla met\u00e1lica galvanizada. Modelo: MARK100120\"},{\"@type\":\"BreadcrumbList\",\"@id\":\"https:\\\/\\\/www.italianacontenitori.com\\\/es\\\/prodotto\\\/market-105-x-125-cm\\\/#breadcrumb\",\"itemListElement\":[{\"@type\":\"ListItem\",\"position\":1,\"name\":\"Home\",\"item\":\"https:\\\/\\\/www.italianacontenitori.com\\\/es\\\/contenedores-de-malla-metalica\\\/\"},{\"@type\":\"ListItem\",\"position\":2,\"name\":\"Contenedor industrial de metal &#8211; Mercado 105 x 125 cm\"}]},{\"@type\":\"WebSite\",\"@id\":\"https:\\\/\\\/www.italianacontenitori.com\\\/es\\\/#website\",\"url\":\"https:\\\/\\\/www.italianacontenitori.com\\\/es\\\/\",\"name\":\"italianacontenitori.com\",\"description\":\"Produzione di contenitori industriali e roll container\",\"publisher\":{\"@id\":\"https:\\\/\\\/www.italianacontenitori.com\\\/es\\\/#organization\"},\"potentialAction\":[{\"@type\":\"SearchAction\",\"target\":{\"@type\":\"EntryPoint\",\"urlTemplate\":\"https:\\\/\\\/www.italianacontenitori.com\\\/es\\\/?s={search_term_string}\"},\"query-input\":{\"@type\":\"PropertyValueSpecification\",\"valueRequired\":true,\"valueName\":\"search_term_string\"}}],\"inLanguage\":\"es\"},{\"@type\":\"Organization\",\"@id\":\"https:\\\/\\\/www.italianacontenitori.com\\\/es\\\/#organization\",\"name\":\"Italiana Contenitori s.r.l.\",\"alternateName\":\"IC\",\"url\":\"https:\\\/\\\/www.italianacontenitori.com\\\/es\\\/\",\"logo\":{\"@type\":\"ImageObject\",\"inLanguage\":\"es\",\"@id\":\"https:\\\/\\\/www.italianacontenitori.com\\\/es\\\/#\\\/schema\\\/logo\\\/image\\\/\",\"url\":\"https:\\\/\\\/www.italianacontenitori.com\\\/wp-content\\\/uploads\\\/2020\\\/11\\\/cropped-Logo-Italiana-Contenitori_favicon.jpg\",\"contentUrl\":\"https:\\\/\\\/www.italianacontenitori.com\\\/wp-content\\\/uploads\\\/2020\\\/11\\\/cropped-Logo-Italiana-Contenitori_favicon.jpg\",\"width\":512,\"height\":512,\"caption\":\"Italiana Contenitori s.r.l.\"},\"image\":{\"@id\":\"https:\\\/\\\/www.italianacontenitori.com\\\/es\\\/#\\\/schema\\\/logo\\\/image\\\/\"}}]}<\/script>\n<!-- \/ Yoast SEO plugin. -->","yoast_head_json":{"title":"Contenedor de malla met\u00e1lica industrial | Mercado 105x25","description":"Cesta de malla de alambre galvanizado. Capacidad de carga 1000 kg, apilable de 3 en 1, plegable, con trampilla de inspecci\u00f3n. Robusta, ligera, fabricada en Italia.","robots":{"index":"index","follow":"follow","max-snippet":"max-snippet:-1","max-image-preview":"max-image-preview:large","max-video-preview":"max-video-preview:-1"},"canonical":"https:\/\/www.italianacontenitori.com\/es\/prodotto\/market-105-x-125-cm\/","og_locale":"es_ES","og_type":"article","og_title":"Contenedor de malla met\u00e1lica industrial | Mercado 105x25","og_description":"Cesta de malla de alambre galvanizado. Capacidad de carga 1000 kg, apilable de 3 en 1, plegable, con trampilla de inspecci\u00f3n. Robusta, ligera, fabricada en Italia.","og_url":"https:\/\/www.italianacontenitori.com\/es\/prodotto\/market-105-x-125-cm\/","og_site_name":"italianacontenitori.com","article_modified_time":"2026-04-10T14:38:36+00:00","og_image":[{"width":1024,"height":1024,"url":"https:\/\/www.italianacontenitori.com\/wp-content\/uploads\/2020\/12\/MARK100120.png","type":"image\/png"}],"twitter_card":"summary_large_image","twitter_misc":{"Tiempo de lectura":"1 minuto"},"schema":{"@context":"https:\/\/schema.org","@graph":[{"@type":"WebPage","@id":"https:\/\/www.italianacontenitori.com\/es\/prodotto\/market-105-x-125-cm\/","url":"https:\/\/www.italianacontenitori.com\/es\/prodotto\/market-105-x-125-cm\/","name":"Contenedor de malla met\u00e1lica industrial | Mercado 105x25","isPartOf":{"@id":"https:\/\/www.italianacontenitori.com\/es\/#website"},"primaryImageOfPage":{"@id":"https:\/\/www.italianacontenitori.com\/es\/prodotto\/market-105-x-125-cm\/#primaryimage"},"image":{"@id":"https:\/\/www.italianacontenitori.com\/es\/prodotto\/market-105-x-125-cm\/#primaryimage"},"thumbnailUrl":"https:\/\/www.italianacontenitori.com\/wp-content\/uploads\/2020\/12\/MARK100120.png","datePublished":"2020-12-07T15:58:45+00:00","dateModified":"2026-04-10T14:38:36+00:00","description":"Cesta de malla de alambre galvanizado. Capacidad de carga 1000 kg, apilable de 3 en 1, plegable, con trampilla de inspecci\u00f3n. Robusta, ligera, fabricada en Italia.","breadcrumb":{"@id":"https:\/\/www.italianacontenitori.com\/es\/prodotto\/market-105-x-125-cm\/#breadcrumb"},"inLanguage":"es","potentialAction":[{"@type":"ReadAction","target":["https:\/\/www.italianacontenitori.com\/es\/prodotto\/market-105-x-125-cm\/"]}]},{"@type":"ImageObject","inLanguage":"es","@id":"https:\/\/www.italianacontenitori.com\/es\/prodotto\/market-105-x-125-cm\/#primaryimage","url":"https:\/\/www.italianacontenitori.com\/wp-content\/uploads\/2020\/12\/MARK100120.png","contentUrl":"https:\/\/www.italianacontenitori.com\/wp-content\/uploads\/2020\/12\/MARK100120.png","width":1024,"height":1024,"caption":"Contenedor industrial de malla met\u00e1lica galvanizada. Modelo: MARK100120"},{"@type":"BreadcrumbList","@id":"https:\/\/www.italianacontenitori.com\/es\/prodotto\/market-105-x-125-cm\/#breadcrumb","itemListElement":[{"@type":"ListItem","position":1,"name":"Home","item":"https:\/\/www.italianacontenitori.com\/es\/contenedores-de-malla-metalica\/"},{"@type":"ListItem","position":2,"name":"Contenedor industrial de metal &#8211; Mercado 105 x 125 cm"}]},{"@type":"WebSite","@id":"https:\/\/www.italianacontenitori.com\/es\/#website","url":"https:\/\/www.italianacontenitori.com\/es\/","name":"italianacontenitori.com","description":"Produzione di contenitori industriali e roll container","publisher":{"@id":"https:\/\/www.italianacontenitori.com\/es\/#organization"},"potentialAction":[{"@type":"SearchAction","target":{"@type":"EntryPoint","urlTemplate":"https:\/\/www.italianacontenitori.com\/es\/?s={search_term_string}"},"query-input":{"@type":"PropertyValueSpecification","valueRequired":true,"valueName":"search_term_string"}}],"inLanguage":"es"},{"@type":"Organization","@id":"https:\/\/www.italianacontenitori.com\/es\/#organization","name":"Italiana Contenitori s.r.l.","alternateName":"IC","url":"https:\/\/www.italianacontenitori.com\/es\/","logo":{"@type":"ImageObject","inLanguage":"es","@id":"https:\/\/www.italianacontenitori.com\/es\/#\/schema\/logo\/image\/","url":"https:\/\/www.italianacontenitori.com\/wp-content\/uploads\/2020\/11\/cropped-Logo-Italiana-Contenitori_favicon.jpg","contentUrl":"https:\/\/www.italianacontenitori.com\/wp-content\/uploads\/2020\/11\/cropped-Logo-Italiana-Contenitori_favicon.jpg","width":512,"height":512,"caption":"Italiana Contenitori s.r.l."},"image":{"@id":"https:\/\/www.italianacontenitori.com\/es\/#\/schema\/logo\/image\/"}}]}},"_links":{"self":[{"href":"https:\/\/www.italianacontenitori.com\/es\/wp-json\/wp\/v2\/product\/241678","targetHints":{"allow":["GET"]}}],"collection":[{"href":"https:\/\/www.italianacontenitori.com\/es\/wp-json\/wp\/v2\/product"}],"about":[{"href":"https:\/\/www.italianacontenitori.com\/es\/wp-json\/wp\/v2\/types\/product"}],"replies":[{"embeddable":true,"href":"https:\/\/www.italianacontenitori.com\/es\/wp-json\/wp\/v2\/comments?post=241678"}],"wp:featuredmedia":[{"embeddable":true,"href":"https:\/\/www.italianacontenitori.com\/es\/wp-json\/wp\/v2\/media\/240428"}],"wp:attachment":[{"href":"https:\/\/www.italianacontenitori.com\/es\/wp-json\/wp\/v2\/media?parent=241678"}],"wp:term":[{"taxonomy":"product_brand","embeddable":true,"href":"https:\/\/www.italianacontenitori.com\/es\/wp-json\/wp\/v2\/product_brand?post=241678"},{"taxonomy":"product_cat","embeddable":true,"href":"https:\/\/www.italianacontenitori.com\/es\/wp-json\/wp\/v2\/product_cat?post=241678"},{"taxonomy":"product_tag","embeddable":true,"href":"https:\/\/www.italianacontenitori.com\/es\/wp-json\/wp\/v2\/product_tag?post=241678"}],"curies":[{"name":"wp","href":"https:\/\/api.w.org\/{rel}","templated":true}]}}