{"id":241699,"date":"2020-12-07T13:11:23","date_gmt":"2020-12-07T13:11:23","guid":{"rendered":"https:\/\/www.italianacontenitori.com\/product\/market-85-x-125-cm-bourgogne\/"},"modified":"2026-04-10T14:38:19","modified_gmt":"2026-04-10T14:38:19","slug":"market-85-x-125-cm-bourgogne","status":"publish","type":"product","link":"https:\/\/www.italianacontenitori.com\/es\/prodotto\/market-85-x-125-cm-bourgogne\/","title":{"rendered":"Contenedor industrial para botellas de vino &#8211; Mercado Bourgogne 85 x 125 cm"},"content":{"rendered":"<h2>El contenedor industrial burdeos para botellas de vino<\/h2>\n<p>El contenedor para botellas de vino <strong>Market 85 x 125 es una soluci\u00f3n excelente para almacenar y envejecer vino de Borgo\u00f1a y Burdeos.<\/strong> Esta caja para botellas ofrece una considerable capacidad de apilamiento y permite <strong>apilar tres contenedores completamente cargados sobre una base<\/strong>. Esta caracter\u00edstica maximiza el <strong>uso del espacio disponible en la bodega<\/strong>, y hace que el Market Bourgogne sea ideal para una amplia gama de aplicaciones de producci\u00f3n y log\u00edstica. Sus dimensiones se han <strong>calibrado especialmente para optimizar la capacidad de almacenamiento de las botellas tipo Bourgogne<\/strong>, y ofrecen un uso eficaz del espacio y un almacenamiento \u00f3ptimo del vino.   <\/p>\n<p>Cuando no se utiliza, o en viajes de ida y vuelta vac\u00edos, el contenedor industrial para botellas de vino puede <strong>plegarse f\u00e1cilmente, reduciendo el volumen<\/strong> y permitiendo una optimizaci\u00f3n sin igual del espacio de almacenamiento y transporte. Sus dimensiones son ideales para saturar tu transporte: 68 contenedores abiertos corresponden a 330 plegados. <\/p>\n<h2>Italiana Contenitori di qualit\u00e0 per l&#8217;industria del vino<\/h2>\n<p>El Mercado 85 x 125 es un contenedor de malla met\u00e1lica para botellas de vino, especialmente dise\u00f1ado para la industria vitivin\u00edcola. Esta caja met\u00e1lica, <strong>fabricada en Italia con materiales de alta calidad<\/strong>, resiste la intemperie, el polvo, la suciedad y la salinidad gracias a su <strong>galvanizaci\u00f3n<\/strong>. Su robustez se ve reforzada por la <strong>estructura de malla met\u00e1lica autoportante<\/strong>. El contenedor tiene una <strong>puerta de inspecci\u00f3n<\/strong> en el lado largo para facilitar las operaciones de <strong>picking<\/strong>.   <\/p>\n<p>Uno de los puntos fuertes de Italiana Contenitori es la personalizaci\u00f3n: <strong>controlamos todo el ciclo de producci\u00f3n y fabricamos contenedores industriales seg\u00fan dise\u00f1o<\/strong>. Si las variantes est\u00e1ndar no responden a tus necesidades espec\u00edficas (v\u00e9ase la ficha t\u00e9cnica m\u00e1s abajo), te invitamos a ponerte en contacto con nuestro servicio de atenci\u00f3n al cliente que, en sinergia con el departamento t\u00e9cnico y de dise\u00f1o, podr\u00e1 ofrecerte una <strong>soluci\u00f3n personalizada, duradera y resistente<\/strong>. <\/p>\n<p><strong>Market Bourgogne<\/strong> es la respuesta a las necesidades de los <strong>sectores vin\u00edcola y agr\u00edcola, ya que<\/strong> ofrece una soluci\u00f3n fiable para almacenar y manipular botellas de vino Bourgogne. Su versatilidad lo hace ideal para cualquier bodega o productor de vino que necesite una soluci\u00f3n \u00e1gil, adaptable y f\u00e1cil de manejar. Con el Mercado 85 x 125, tu bodega ser\u00e1 m\u00e1s eficaz, organizada y estar\u00e1 preparada para responder a todas las necesidades de espacio y manipulaci\u00f3n.  <\/p>\n<p><strong>Enlaces \u00fatiles:  <\/strong><\/p>\n<ul>\n<li><a href=\"https:\/\/www.italianacontenitori.com\/prodotto\/contenitore-in-rete-metallica-per-bottiglie-di-vino-market-93-x-119\/\" target=\"_blank\" rel=\"noopener\">Recipiente espec\u00edfico para botellas de tipo bordel\u00e9s (Burdeos)<\/a><\/li>\n<li><a href=\"https:\/\/www.italianacontenitori.com\/prodotto\/market-85-x-115-cm-bourgogne\/\" target=\"_blank\" rel=\"noopener\">Contenedor compacto para botellas de vino tipo Bourgogne.  <\/a>Dimensiones: 85 x 115 cm<\/li>\n<\/ul>\n<p>&nbsp;<\/p>\n","protected":false},"excerpt":{"rendered":"<p>Contenedor apilable, resistente y vers\u00e1til. Permite ahorrar espacio pleg\u00e1ndolo cuando se transporta vac\u00edo y en el almac\u00e9n. Ideal para el sector del vino: para botellas de Borgo\u00f1a y Burdeos.<\/p>\n","protected":false},"featured_media":240453,"comment_status":"open","ping_status":"closed","template":"","meta":{"_acf_changed":false,"_et_pb_use_builder":"","_et_pb_old_content":"","_et_gb_content_width":""},"product_brand":[],"product_cat":[1931],"product_tag":[2045],"class_list":{"0":"post-241699","1":"product","2":"type-product","3":"status-publish","4":"has-post-thumbnail","6":"product_cat-market-es","7":"product_tag-containers-es","9":"first","10":"instock","11":"shipping-taxable","12":"purchasable","13":"product-type-simple"},"acf":[],"yoast_head":"<!-- This site is optimized with the Yoast SEO plugin v27.3 - https:\/\/yoast.com\/product\/yoast-seo-wordpress\/ -->\n<title>Contenedor de malla met\u00e1lica para botellas de vino - Mercado 85x125<\/title>\n<meta name=\"description\" content=\"Contenedor industrial para botellas de vino burdeos. Capacidad 1000 kg. Apilable de 3 en 3. Plegable, ligero y duradero. Ideal para bodegas de vino.\" \/>\n<meta name=\"robots\" content=\"index, follow, max-snippet:-1, max-image-preview:large, max-video-preview:-1\" \/>\n<link rel=\"canonical\" href=\"https:\/\/www.italianacontenitori.com\/es\/prodotto\/market-85-x-125-cm-bourgogne\/\" \/>\n<meta property=\"og:locale\" content=\"es_ES\" \/>\n<meta property=\"og:type\" content=\"article\" \/>\n<meta property=\"og:title\" content=\"Contenedor de malla met\u00e1lica para botellas de vino - Mercado 85x125\" \/>\n<meta property=\"og:description\" content=\"Contenedor industrial para botellas de vino burdeos. Capacidad 1000 kg. Apilable de 3 en 3. Plegable, ligero y duradero. Ideal para bodegas de vino.\" \/>\n<meta property=\"og:url\" content=\"https:\/\/www.italianacontenitori.com\/es\/prodotto\/market-85-x-125-cm-bourgogne\/\" \/>\n<meta property=\"og:site_name\" content=\"italianacontenitori.com\" \/>\n<meta property=\"article:modified_time\" content=\"2026-04-10T14:38:19+00:00\" \/>\n<meta property=\"og:image\" content=\"https:\/\/www.italianacontenitori.com\/wp-content\/uploads\/2020\/12\/MARK080120.png\" \/>\n\t<meta property=\"og:image:width\" content=\"1024\" \/>\n\t<meta property=\"og:image:height\" content=\"1024\" \/>\n\t<meta property=\"og:image:type\" content=\"image\/png\" \/>\n<meta name=\"twitter:card\" content=\"summary_large_image\" \/>\n<meta name=\"twitter:label1\" content=\"Tiempo de lectura\" \/>\n\t<meta name=\"twitter:data1\" content=\"2 minutos\" \/>\n<script type=\"application\/ld+json\" class=\"yoast-schema-graph\">{\"@context\":\"https:\\\/\\\/schema.org\",\"@graph\":[{\"@type\":\"WebPage\",\"@id\":\"https:\\\/\\\/www.italianacontenitori.com\\\/es\\\/prodotto\\\/market-85-x-125-cm-bourgogne\\\/\",\"url\":\"https:\\\/\\\/www.italianacontenitori.com\\\/es\\\/prodotto\\\/market-85-x-125-cm-bourgogne\\\/\",\"name\":\"Contenedor de malla met\u00e1lica para botellas de vino - Mercado 85x125\",\"isPartOf\":{\"@id\":\"https:\\\/\\\/www.italianacontenitori.com\\\/es\\\/#website\"},\"primaryImageOfPage\":{\"@id\":\"https:\\\/\\\/www.italianacontenitori.com\\\/es\\\/prodotto\\\/market-85-x-125-cm-bourgogne\\\/#primaryimage\"},\"image\":{\"@id\":\"https:\\\/\\\/www.italianacontenitori.com\\\/es\\\/prodotto\\\/market-85-x-125-cm-bourgogne\\\/#primaryimage\"},\"thumbnailUrl\":\"https:\\\/\\\/www.italianacontenitori.com\\\/wp-content\\\/uploads\\\/2020\\\/12\\\/MARK080120.png\",\"datePublished\":\"2020-12-07T13:11:23+00:00\",\"dateModified\":\"2026-04-10T14:38:19+00:00\",\"description\":\"Contenedor industrial para botellas de vino burdeos. Capacidad 1000 kg. Apilable de 3 en 3. Plegable, ligero y duradero. Ideal para bodegas de vino.\",\"breadcrumb\":{\"@id\":\"https:\\\/\\\/www.italianacontenitori.com\\\/es\\\/prodotto\\\/market-85-x-125-cm-bourgogne\\\/#breadcrumb\"},\"inLanguage\":\"es\",\"potentialAction\":[{\"@type\":\"ReadAction\",\"target\":[\"https:\\\/\\\/www.italianacontenitori.com\\\/es\\\/prodotto\\\/market-85-x-125-cm-bourgogne\\\/\"]}]},{\"@type\":\"ImageObject\",\"inLanguage\":\"es\",\"@id\":\"https:\\\/\\\/www.italianacontenitori.com\\\/es\\\/prodotto\\\/market-85-x-125-cm-bourgogne\\\/#primaryimage\",\"url\":\"https:\\\/\\\/www.italianacontenitori.com\\\/wp-content\\\/uploads\\\/2020\\\/12\\\/MARK080120.png\",\"contentUrl\":\"https:\\\/\\\/www.italianacontenitori.com\\\/wp-content\\\/uploads\\\/2020\\\/12\\\/MARK080120.png\",\"width\":1024,\"height\":1024,\"caption\":\"Mercado - Conteneur fil - Italiana Contenitori\"},{\"@type\":\"BreadcrumbList\",\"@id\":\"https:\\\/\\\/www.italianacontenitori.com\\\/es\\\/prodotto\\\/market-85-x-125-cm-bourgogne\\\/#breadcrumb\",\"itemListElement\":[{\"@type\":\"ListItem\",\"position\":1,\"name\":\"Home\",\"item\":\"https:\\\/\\\/www.italianacontenitori.com\\\/es\\\/contenedores-de-malla-metalica\\\/\"},{\"@type\":\"ListItem\",\"position\":2,\"name\":\"Contenedor industrial para botellas de vino &#8211; Mercado Bourgogne 85 x 125 cm\"}]},{\"@type\":\"WebSite\",\"@id\":\"https:\\\/\\\/www.italianacontenitori.com\\\/es\\\/#website\",\"url\":\"https:\\\/\\\/www.italianacontenitori.com\\\/es\\\/\",\"name\":\"italianacontenitori.com\",\"description\":\"Produzione di contenitori industriali e roll container\",\"publisher\":{\"@id\":\"https:\\\/\\\/www.italianacontenitori.com\\\/es\\\/#organization\"},\"potentialAction\":[{\"@type\":\"SearchAction\",\"target\":{\"@type\":\"EntryPoint\",\"urlTemplate\":\"https:\\\/\\\/www.italianacontenitori.com\\\/es\\\/?s={search_term_string}\"},\"query-input\":{\"@type\":\"PropertyValueSpecification\",\"valueRequired\":true,\"valueName\":\"search_term_string\"}}],\"inLanguage\":\"es\"},{\"@type\":\"Organization\",\"@id\":\"https:\\\/\\\/www.italianacontenitori.com\\\/es\\\/#organization\",\"name\":\"Italiana Contenitori s.r.l.\",\"alternateName\":\"IC\",\"url\":\"https:\\\/\\\/www.italianacontenitori.com\\\/es\\\/\",\"logo\":{\"@type\":\"ImageObject\",\"inLanguage\":\"es\",\"@id\":\"https:\\\/\\\/www.italianacontenitori.com\\\/es\\\/#\\\/schema\\\/logo\\\/image\\\/\",\"url\":\"https:\\\/\\\/www.italianacontenitori.com\\\/wp-content\\\/uploads\\\/2020\\\/11\\\/cropped-Logo-Italiana-Contenitori_favicon.jpg\",\"contentUrl\":\"https:\\\/\\\/www.italianacontenitori.com\\\/wp-content\\\/uploads\\\/2020\\\/11\\\/cropped-Logo-Italiana-Contenitori_favicon.jpg\",\"width\":512,\"height\":512,\"caption\":\"Italiana Contenitori s.r.l.\"},\"image\":{\"@id\":\"https:\\\/\\\/www.italianacontenitori.com\\\/es\\\/#\\\/schema\\\/logo\\\/image\\\/\"}}]}<\/script>\n<!-- \/ Yoast SEO plugin. -->","yoast_head_json":{"title":"Contenedor de malla met\u00e1lica para botellas de vino - Mercado 85x125","description":"Contenedor industrial para botellas de vino burdeos. Capacidad 1000 kg. Apilable de 3 en 3. Plegable, ligero y duradero. Ideal para bodegas de vino.","robots":{"index":"index","follow":"follow","max-snippet":"max-snippet:-1","max-image-preview":"max-image-preview:large","max-video-preview":"max-video-preview:-1"},"canonical":"https:\/\/www.italianacontenitori.com\/es\/prodotto\/market-85-x-125-cm-bourgogne\/","og_locale":"es_ES","og_type":"article","og_title":"Contenedor de malla met\u00e1lica para botellas de vino - Mercado 85x125","og_description":"Contenedor industrial para botellas de vino burdeos. Capacidad 1000 kg. Apilable de 3 en 3. Plegable, ligero y duradero. Ideal para bodegas de vino.","og_url":"https:\/\/www.italianacontenitori.com\/es\/prodotto\/market-85-x-125-cm-bourgogne\/","og_site_name":"italianacontenitori.com","article_modified_time":"2026-04-10T14:38:19+00:00","og_image":[{"width":1024,"height":1024,"url":"https:\/\/www.italianacontenitori.com\/wp-content\/uploads\/2020\/12\/MARK080120.png","type":"image\/png"}],"twitter_card":"summary_large_image","twitter_misc":{"Tiempo de lectura":"2 minutos"},"schema":{"@context":"https:\/\/schema.org","@graph":[{"@type":"WebPage","@id":"https:\/\/www.italianacontenitori.com\/es\/prodotto\/market-85-x-125-cm-bourgogne\/","url":"https:\/\/www.italianacontenitori.com\/es\/prodotto\/market-85-x-125-cm-bourgogne\/","name":"Contenedor de malla met\u00e1lica para botellas de vino - Mercado 85x125","isPartOf":{"@id":"https:\/\/www.italianacontenitori.com\/es\/#website"},"primaryImageOfPage":{"@id":"https:\/\/www.italianacontenitori.com\/es\/prodotto\/market-85-x-125-cm-bourgogne\/#primaryimage"},"image":{"@id":"https:\/\/www.italianacontenitori.com\/es\/prodotto\/market-85-x-125-cm-bourgogne\/#primaryimage"},"thumbnailUrl":"https:\/\/www.italianacontenitori.com\/wp-content\/uploads\/2020\/12\/MARK080120.png","datePublished":"2020-12-07T13:11:23+00:00","dateModified":"2026-04-10T14:38:19+00:00","description":"Contenedor industrial para botellas de vino burdeos. Capacidad 1000 kg. Apilable de 3 en 3. Plegable, ligero y duradero. Ideal para bodegas de vino.","breadcrumb":{"@id":"https:\/\/www.italianacontenitori.com\/es\/prodotto\/market-85-x-125-cm-bourgogne\/#breadcrumb"},"inLanguage":"es","potentialAction":[{"@type":"ReadAction","target":["https:\/\/www.italianacontenitori.com\/es\/prodotto\/market-85-x-125-cm-bourgogne\/"]}]},{"@type":"ImageObject","inLanguage":"es","@id":"https:\/\/www.italianacontenitori.com\/es\/prodotto\/market-85-x-125-cm-bourgogne\/#primaryimage","url":"https:\/\/www.italianacontenitori.com\/wp-content\/uploads\/2020\/12\/MARK080120.png","contentUrl":"https:\/\/www.italianacontenitori.com\/wp-content\/uploads\/2020\/12\/MARK080120.png","width":1024,"height":1024,"caption":"Mercado - Conteneur fil - Italiana Contenitori"},{"@type":"BreadcrumbList","@id":"https:\/\/www.italianacontenitori.com\/es\/prodotto\/market-85-x-125-cm-bourgogne\/#breadcrumb","itemListElement":[{"@type":"ListItem","position":1,"name":"Home","item":"https:\/\/www.italianacontenitori.com\/es\/contenedores-de-malla-metalica\/"},{"@type":"ListItem","position":2,"name":"Contenedor industrial para botellas de vino &#8211; Mercado Bourgogne 85 x 125 cm"}]},{"@type":"WebSite","@id":"https:\/\/www.italianacontenitori.com\/es\/#website","url":"https:\/\/www.italianacontenitori.com\/es\/","name":"italianacontenitori.com","description":"Produzione di contenitori industriali e roll container","publisher":{"@id":"https:\/\/www.italianacontenitori.com\/es\/#organization"},"potentialAction":[{"@type":"SearchAction","target":{"@type":"EntryPoint","urlTemplate":"https:\/\/www.italianacontenitori.com\/es\/?s={search_term_string}"},"query-input":{"@type":"PropertyValueSpecification","valueRequired":true,"valueName":"search_term_string"}}],"inLanguage":"es"},{"@type":"Organization","@id":"https:\/\/www.italianacontenitori.com\/es\/#organization","name":"Italiana Contenitori s.r.l.","alternateName":"IC","url":"https:\/\/www.italianacontenitori.com\/es\/","logo":{"@type":"ImageObject","inLanguage":"es","@id":"https:\/\/www.italianacontenitori.com\/es\/#\/schema\/logo\/image\/","url":"https:\/\/www.italianacontenitori.com\/wp-content\/uploads\/2020\/11\/cropped-Logo-Italiana-Contenitori_favicon.jpg","contentUrl":"https:\/\/www.italianacontenitori.com\/wp-content\/uploads\/2020\/11\/cropped-Logo-Italiana-Contenitori_favicon.jpg","width":512,"height":512,"caption":"Italiana Contenitori s.r.l."},"image":{"@id":"https:\/\/www.italianacontenitori.com\/es\/#\/schema\/logo\/image\/"}}]}},"_links":{"self":[{"href":"https:\/\/www.italianacontenitori.com\/es\/wp-json\/wp\/v2\/product\/241699","targetHints":{"allow":["GET"]}}],"collection":[{"href":"https:\/\/www.italianacontenitori.com\/es\/wp-json\/wp\/v2\/product"}],"about":[{"href":"https:\/\/www.italianacontenitori.com\/es\/wp-json\/wp\/v2\/types\/product"}],"replies":[{"embeddable":true,"href":"https:\/\/www.italianacontenitori.com\/es\/wp-json\/wp\/v2\/comments?post=241699"}],"wp:featuredmedia":[{"embeddable":true,"href":"https:\/\/www.italianacontenitori.com\/es\/wp-json\/wp\/v2\/media\/240453"}],"wp:attachment":[{"href":"https:\/\/www.italianacontenitori.com\/es\/wp-json\/wp\/v2\/media?parent=241699"}],"wp:term":[{"taxonomy":"product_brand","embeddable":true,"href":"https:\/\/www.italianacontenitori.com\/es\/wp-json\/wp\/v2\/product_brand?post=241699"},{"taxonomy":"product_cat","embeddable":true,"href":"https:\/\/www.italianacontenitori.com\/es\/wp-json\/wp\/v2\/product_cat?post=241699"},{"taxonomy":"product_tag","embeddable":true,"href":"https:\/\/www.italianacontenitori.com\/es\/wp-json\/wp\/v2\/product_tag?post=241699"}],"curies":[{"name":"wp","href":"https:\/\/api.w.org\/{rel}","templated":true}]}}