{"id":241707,"date":"2020-12-07T12:42:56","date_gmt":"2020-12-07T12:42:56","guid":{"rendered":"https:\/\/www.italianacontenitori.com\/product\/market-66-x-80-cm\/"},"modified":"2026-04-10T14:38:20","modified_gmt":"2026-04-10T14:38:20","slug":"market-66-x-80-cm","status":"publish","type":"product","link":"https:\/\/www.italianacontenitori.com\/es\/prodotto\/market-66-x-80-cm\/","title":{"rendered":"Peque\u00f1o contenedor industrial de metal &#8211; Mercado 66 X 80 cm"},"content":{"rendered":"<p>La cesta industrial Market 66 x 80 es la soluci\u00f3n perfecta para quienes buscan eficacia y resistencia en un <strong>peque\u00f1o contenedor industrial<\/strong> de malla met\u00e1lica<strong> <\/strong>y con<strong> dos puertas de inspecci\u00f3n<\/strong>. Esta cesta met\u00e1lica, <strong>fabricada en Italia con materiales de alta calidad<\/strong>, est\u00e1 dise\u00f1ada para resistir a la intemperie, el polvo y la suciedad gracias a su <strong>galvanizaci\u00f3n<\/strong>. Su robustez se ve reforzada por la <strong>estructura de malla met\u00e1lica autoportante<\/strong>, que no s\u00f3lo garantiza la durabilidad, sino tambi\u00e9n la visibilidad inmediata del contenido. El contenedor tiene una puerta de inspecci\u00f3n en el lado largo para facilitar las operaciones de picking.   <\/p>\n<h2>El peque\u00f1o contenedor industrial: ligero, apilable y plegable<\/h2>\n<p>La <strong>cesta de rejilla<\/strong> Market 66&#215;80 est\u00e1 dise\u00f1ada para ofrecer eficacia, robustez y practicidad en las operaciones de manipulaci\u00f3n y almacenamiento. Gracias a sus dimensiones compactas y a su dise\u00f1o plegable, es una soluci\u00f3n ideal para la industria, la log\u00edstica y la distribuci\u00f3n. A continuaci\u00f3n se indican sus principales caracter\u00edsticas:  <\/p>\n<ul>\n<li><strong>Dimensiones compactas<\/strong>: con 66 x 80 cm, es ideal para guardarla en espacios reducidos sin renunciar a la funcionalidad.<\/li>\n<li><strong>Apilable<\/strong>: permite <strong>apilar<\/strong> hasta dos contenedores completamente cargados (300 kg) sobre una base, optimizando el espacio vertical.<\/li>\n<li><strong>Plegable<\/strong>: cuando no se utiliza o durante los viajes de vuelta en vac\u00edo, se puede plegar para reducir el volumen y facilitar la log\u00edstica.<\/li>\n<li><strong>Capacidad de carga de hasta 300 kg<\/strong>: perfecto para manipular y almacenar mercanc\u00edas ligeras o de peso medio con seguridad y eficacia.<\/li>\n<li><strong>Construcci\u00f3n robusta<\/strong>: dise\u00f1ada para soportar un uso intensivo en la industria y el comercio.<\/li>\n<li><strong>Versatilidad de uso<\/strong>: excelente soluci\u00f3n para almacenes que requieren contenedores compactos, manejables y f\u00e1ciles de mover.<\/li>\n<li><strong>Optimizaci\u00f3n del espacio<\/strong>: mejora la organizaci\u00f3n y eficacia del almac\u00e9n, adapt\u00e1ndose a las distintas necesidades operativas.<\/li>\n<\/ul>\n<p>Un punto fuerte distintivo de Italiana Contenitori son sus posibilidades de personalizaci\u00f3n: <strong>controlamos todo el ciclo de producci\u00f3n y ofrecemos a nuestros clientes la posibilidad de fabricar contenedores industriales seg\u00fan su propio dise\u00f1o<\/strong>. En caso de que las variantes est\u00e1ndar no respondan a tus necesidades espec\u00edficas, ponte en contacto con nuestro servicio de atenci\u00f3n al cliente que, en sinergia con el departamento t\u00e9cnico y de dise\u00f1o, podr\u00e1 ofrecerte una <strong>soluci\u00f3n personalizada, duradera y resistente<\/strong>. <\/p>\n<p>Lote m\u00ednimo de 50 piezas.<\/p>\n","protected":false},"excerpt":{"rendered":"<p>Contenedor peque\u00f1o pero resistente, la apertura desde ambos lados permite una extracci\u00f3n f\u00e1cil y sencilla del contenido. Plegable y apilable. Lote m\u00ednimo de 50 piezas.<\/p>\n","protected":false},"featured_media":240463,"comment_status":"open","ping_status":"closed","template":"","meta":{"_acf_changed":false,"_et_pb_use_builder":"","_et_pb_old_content":"","_et_gb_content_width":""},"product_brand":[],"product_cat":[1931],"product_tag":[2045],"class_list":{"0":"post-241707","1":"product","2":"type-product","3":"status-publish","4":"has-post-thumbnail","6":"product_cat-market-es","7":"product_tag-containers-es","9":"first","10":"instock","11":"shipping-taxable","12":"purchasable","13":"product-type-simple"},"acf":[],"yoast_head":"<!-- This site is optimized with the Yoast SEO plugin v27.3 - https:\/\/yoast.com\/product\/yoast-seo-wordpress\/ -->\n<title>italianacontenitori.com<\/title>\n<meta name=\"description\" content=\"Peque\u00f1o contenedor de malla met\u00e1lica con capacidad de carga de 300 kg, apilable (2 en 1), plegable, con puerta de inspecci\u00f3n, muy ligero.\" \/>\n<meta name=\"robots\" content=\"index, follow, max-snippet:-1, max-image-preview:large, max-video-preview:-1\" \/>\n<link rel=\"canonical\" href=\"https:\/\/www.italianacontenitori.com\/es\/prodotto\/market-66-x-80-cm\/\" \/>\n<meta property=\"og:locale\" content=\"es_ES\" \/>\n<meta property=\"og:type\" content=\"article\" \/>\n<meta property=\"og:description\" content=\"Peque\u00f1o contenedor de malla met\u00e1lica con capacidad de carga de 300 kg, apilable (2 en 1), plegable, con puerta de inspecci\u00f3n, muy ligero.\" \/>\n<meta property=\"og:url\" content=\"https:\/\/www.italianacontenitori.com\/es\/prodotto\/market-66-x-80-cm\/\" \/>\n<meta property=\"og:site_name\" content=\"italianacontenitori.com\" \/>\n<meta property=\"article:modified_time\" content=\"2026-04-10T14:38:20+00:00\" \/>\n<meta property=\"og:image\" content=\"https:\/\/www.italianacontenitori.com\/wp-content\/uploads\/2020\/12\/MARK066080A4.png\" \/>\n\t<meta property=\"og:image:width\" content=\"1024\" \/>\n\t<meta property=\"og:image:height\" content=\"1024\" \/>\n\t<meta property=\"og:image:type\" content=\"image\/png\" \/>\n<meta name=\"twitter:card\" content=\"summary_large_image\" \/>\n<meta name=\"twitter:label1\" content=\"Tiempo de lectura\" \/>\n\t<meta name=\"twitter:data1\" content=\"2 minutos\" \/>\n<script type=\"application\/ld+json\" class=\"yoast-schema-graph\">{\"@context\":\"https:\\\/\\\/schema.org\",\"@graph\":[{\"@type\":\"WebPage\",\"@id\":\"https:\\\/\\\/www.italianacontenitori.com\\\/es\\\/prodotto\\\/market-66-x-80-cm\\\/\",\"url\":\"https:\\\/\\\/www.italianacontenitori.com\\\/es\\\/prodotto\\\/market-66-x-80-cm\\\/\",\"name\":\"\",\"isPartOf\":{\"@id\":\"https:\\\/\\\/www.italianacontenitori.com\\\/es\\\/#website\"},\"primaryImageOfPage\":{\"@id\":\"https:\\\/\\\/www.italianacontenitori.com\\\/es\\\/prodotto\\\/market-66-x-80-cm\\\/#primaryimage\"},\"image\":{\"@id\":\"https:\\\/\\\/www.italianacontenitori.com\\\/es\\\/prodotto\\\/market-66-x-80-cm\\\/#primaryimage\"},\"thumbnailUrl\":\"https:\\\/\\\/www.italianacontenitori.com\\\/wp-content\\\/uploads\\\/2020\\\/12\\\/MARK066080A4.png\",\"datePublished\":\"2020-12-07T12:42:56+00:00\",\"dateModified\":\"2026-04-10T14:38:20+00:00\",\"description\":\"Peque\u00f1o contenedor de malla met\u00e1lica con capacidad de carga de 300 kg, apilable (2 en 1), plegable, con puerta de inspecci\u00f3n, muy ligero.\",\"breadcrumb\":{\"@id\":\"https:\\\/\\\/www.italianacontenitori.com\\\/es\\\/prodotto\\\/market-66-x-80-cm\\\/#breadcrumb\"},\"inLanguage\":\"es\",\"potentialAction\":[{\"@type\":\"ReadAction\",\"target\":[\"https:\\\/\\\/www.italianacontenitori.com\\\/es\\\/prodotto\\\/market-66-x-80-cm\\\/\"]}]},{\"@type\":\"ImageObject\",\"inLanguage\":\"es\",\"@id\":\"https:\\\/\\\/www.italianacontenitori.com\\\/es\\\/prodotto\\\/market-66-x-80-cm\\\/#primaryimage\",\"url\":\"https:\\\/\\\/www.italianacontenitori.com\\\/wp-content\\\/uploads\\\/2020\\\/12\\\/MARK066080A4.png\",\"contentUrl\":\"https:\\\/\\\/www.italianacontenitori.com\\\/wp-content\\\/uploads\\\/2020\\\/12\\\/MARK066080A4.png\",\"width\":1024,\"height\":1024,\"caption\":\"Contenedor met\u00e1lico industrial peque\u00f1o y compacto con doble puerta de inspecci\u00f3n. Modelo: MARK066080A4\"},{\"@type\":\"BreadcrumbList\",\"@id\":\"https:\\\/\\\/www.italianacontenitori.com\\\/es\\\/prodotto\\\/market-66-x-80-cm\\\/#breadcrumb\",\"itemListElement\":[{\"@type\":\"ListItem\",\"position\":1,\"name\":\"Home\",\"item\":\"https:\\\/\\\/www.italianacontenitori.com\\\/es\\\/contenedores-de-malla-metalica\\\/\"},{\"@type\":\"ListItem\",\"position\":2,\"name\":\"Peque\u00f1o contenedor industrial de metal &#8211; Mercado 66 X 80 cm\"}]},{\"@type\":\"WebSite\",\"@id\":\"https:\\\/\\\/www.italianacontenitori.com\\\/es\\\/#website\",\"url\":\"https:\\\/\\\/www.italianacontenitori.com\\\/es\\\/\",\"name\":\"italianacontenitori.com\",\"description\":\"Produzione di contenitori industriali e roll container\",\"publisher\":{\"@id\":\"https:\\\/\\\/www.italianacontenitori.com\\\/es\\\/#organization\"},\"potentialAction\":[{\"@type\":\"SearchAction\",\"target\":{\"@type\":\"EntryPoint\",\"urlTemplate\":\"https:\\\/\\\/www.italianacontenitori.com\\\/es\\\/?s={search_term_string}\"},\"query-input\":{\"@type\":\"PropertyValueSpecification\",\"valueRequired\":true,\"valueName\":\"search_term_string\"}}],\"inLanguage\":\"es\"},{\"@type\":\"Organization\",\"@id\":\"https:\\\/\\\/www.italianacontenitori.com\\\/es\\\/#organization\",\"name\":\"Italiana Contenitori s.r.l.\",\"alternateName\":\"IC\",\"url\":\"https:\\\/\\\/www.italianacontenitori.com\\\/es\\\/\",\"logo\":{\"@type\":\"ImageObject\",\"inLanguage\":\"es\",\"@id\":\"https:\\\/\\\/www.italianacontenitori.com\\\/es\\\/#\\\/schema\\\/logo\\\/image\\\/\",\"url\":\"https:\\\/\\\/www.italianacontenitori.com\\\/wp-content\\\/uploads\\\/2020\\\/11\\\/cropped-Logo-Italiana-Contenitori_favicon.jpg\",\"contentUrl\":\"https:\\\/\\\/www.italianacontenitori.com\\\/wp-content\\\/uploads\\\/2020\\\/11\\\/cropped-Logo-Italiana-Contenitori_favicon.jpg\",\"width\":512,\"height\":512,\"caption\":\"Italiana Contenitori s.r.l.\"},\"image\":{\"@id\":\"https:\\\/\\\/www.italianacontenitori.com\\\/es\\\/#\\\/schema\\\/logo\\\/image\\\/\"}}]}<\/script>\n<!-- \/ Yoast SEO plugin. -->","yoast_head_json":{"title":"italianacontenitori.com","description":"Peque\u00f1o contenedor de malla met\u00e1lica con capacidad de carga de 300 kg, apilable (2 en 1), plegable, con puerta de inspecci\u00f3n, muy ligero.","robots":{"index":"index","follow":"follow","max-snippet":"max-snippet:-1","max-image-preview":"max-image-preview:large","max-video-preview":"max-video-preview:-1"},"canonical":"https:\/\/www.italianacontenitori.com\/es\/prodotto\/market-66-x-80-cm\/","og_locale":"es_ES","og_type":"article","og_description":"Peque\u00f1o contenedor de malla met\u00e1lica con capacidad de carga de 300 kg, apilable (2 en 1), plegable, con puerta de inspecci\u00f3n, muy ligero.","og_url":"https:\/\/www.italianacontenitori.com\/es\/prodotto\/market-66-x-80-cm\/","og_site_name":"italianacontenitori.com","article_modified_time":"2026-04-10T14:38:20+00:00","og_image":[{"width":1024,"height":1024,"url":"https:\/\/www.italianacontenitori.com\/wp-content\/uploads\/2020\/12\/MARK066080A4.png","type":"image\/png"}],"twitter_card":"summary_large_image","twitter_misc":{"Tiempo de lectura":"2 minutos"},"schema":{"@context":"https:\/\/schema.org","@graph":[{"@type":"WebPage","@id":"https:\/\/www.italianacontenitori.com\/es\/prodotto\/market-66-x-80-cm\/","url":"https:\/\/www.italianacontenitori.com\/es\/prodotto\/market-66-x-80-cm\/","name":"","isPartOf":{"@id":"https:\/\/www.italianacontenitori.com\/es\/#website"},"primaryImageOfPage":{"@id":"https:\/\/www.italianacontenitori.com\/es\/prodotto\/market-66-x-80-cm\/#primaryimage"},"image":{"@id":"https:\/\/www.italianacontenitori.com\/es\/prodotto\/market-66-x-80-cm\/#primaryimage"},"thumbnailUrl":"https:\/\/www.italianacontenitori.com\/wp-content\/uploads\/2020\/12\/MARK066080A4.png","datePublished":"2020-12-07T12:42:56+00:00","dateModified":"2026-04-10T14:38:20+00:00","description":"Peque\u00f1o contenedor de malla met\u00e1lica con capacidad de carga de 300 kg, apilable (2 en 1), plegable, con puerta de inspecci\u00f3n, muy ligero.","breadcrumb":{"@id":"https:\/\/www.italianacontenitori.com\/es\/prodotto\/market-66-x-80-cm\/#breadcrumb"},"inLanguage":"es","potentialAction":[{"@type":"ReadAction","target":["https:\/\/www.italianacontenitori.com\/es\/prodotto\/market-66-x-80-cm\/"]}]},{"@type":"ImageObject","inLanguage":"es","@id":"https:\/\/www.italianacontenitori.com\/es\/prodotto\/market-66-x-80-cm\/#primaryimage","url":"https:\/\/www.italianacontenitori.com\/wp-content\/uploads\/2020\/12\/MARK066080A4.png","contentUrl":"https:\/\/www.italianacontenitori.com\/wp-content\/uploads\/2020\/12\/MARK066080A4.png","width":1024,"height":1024,"caption":"Contenedor met\u00e1lico industrial peque\u00f1o y compacto con doble puerta de inspecci\u00f3n. Modelo: MARK066080A4"},{"@type":"BreadcrumbList","@id":"https:\/\/www.italianacontenitori.com\/es\/prodotto\/market-66-x-80-cm\/#breadcrumb","itemListElement":[{"@type":"ListItem","position":1,"name":"Home","item":"https:\/\/www.italianacontenitori.com\/es\/contenedores-de-malla-metalica\/"},{"@type":"ListItem","position":2,"name":"Peque\u00f1o contenedor industrial de metal &#8211; Mercado 66 X 80 cm"}]},{"@type":"WebSite","@id":"https:\/\/www.italianacontenitori.com\/es\/#website","url":"https:\/\/www.italianacontenitori.com\/es\/","name":"italianacontenitori.com","description":"Produzione di contenitori industriali e roll container","publisher":{"@id":"https:\/\/www.italianacontenitori.com\/es\/#organization"},"potentialAction":[{"@type":"SearchAction","target":{"@type":"EntryPoint","urlTemplate":"https:\/\/www.italianacontenitori.com\/es\/?s={search_term_string}"},"query-input":{"@type":"PropertyValueSpecification","valueRequired":true,"valueName":"search_term_string"}}],"inLanguage":"es"},{"@type":"Organization","@id":"https:\/\/www.italianacontenitori.com\/es\/#organization","name":"Italiana Contenitori s.r.l.","alternateName":"IC","url":"https:\/\/www.italianacontenitori.com\/es\/","logo":{"@type":"ImageObject","inLanguage":"es","@id":"https:\/\/www.italianacontenitori.com\/es\/#\/schema\/logo\/image\/","url":"https:\/\/www.italianacontenitori.com\/wp-content\/uploads\/2020\/11\/cropped-Logo-Italiana-Contenitori_favicon.jpg","contentUrl":"https:\/\/www.italianacontenitori.com\/wp-content\/uploads\/2020\/11\/cropped-Logo-Italiana-Contenitori_favicon.jpg","width":512,"height":512,"caption":"Italiana Contenitori s.r.l."},"image":{"@id":"https:\/\/www.italianacontenitori.com\/es\/#\/schema\/logo\/image\/"}}]}},"_links":{"self":[{"href":"https:\/\/www.italianacontenitori.com\/es\/wp-json\/wp\/v2\/product\/241707","targetHints":{"allow":["GET"]}}],"collection":[{"href":"https:\/\/www.italianacontenitori.com\/es\/wp-json\/wp\/v2\/product"}],"about":[{"href":"https:\/\/www.italianacontenitori.com\/es\/wp-json\/wp\/v2\/types\/product"}],"replies":[{"embeddable":true,"href":"https:\/\/www.italianacontenitori.com\/es\/wp-json\/wp\/v2\/comments?post=241707"}],"wp:featuredmedia":[{"embeddable":true,"href":"https:\/\/www.italianacontenitori.com\/es\/wp-json\/wp\/v2\/media\/240463"}],"wp:attachment":[{"href":"https:\/\/www.italianacontenitori.com\/es\/wp-json\/wp\/v2\/media?parent=241707"}],"wp:term":[{"taxonomy":"product_brand","embeddable":true,"href":"https:\/\/www.italianacontenitori.com\/es\/wp-json\/wp\/v2\/product_brand?post=241707"},{"taxonomy":"product_cat","embeddable":true,"href":"https:\/\/www.italianacontenitori.com\/es\/wp-json\/wp\/v2\/product_cat?post=241707"},{"taxonomy":"product_tag","embeddable":true,"href":"https:\/\/www.italianacontenitori.com\/es\/wp-json\/wp\/v2\/product_tag?post=241707"}],"curies":[{"name":"wp","href":"https:\/\/api.w.org\/{rel}","templated":true}]}}