{"id":241712,"date":"2020-12-07T12:42:44","date_gmt":"2020-12-07T12:42:44","guid":{"rendered":"https:\/\/www.italianacontenitori.com\/product\/market-58-x-86-cm\/"},"modified":"2026-04-10T14:38:08","modified_gmt":"2026-04-10T14:38:08","slug":"market-58-x-86-cm","status":"publish","type":"product","link":"https:\/\/www.italianacontenitori.com\/es\/producto\/market-58-x-86-cm\/","title":{"rendered":"Peque\u00f1o contenedor industrial de metal &#8211; Mercado 58 X 86 cm"},"content":{"rendered":"<p>El Market 58 X 86 es el contenedor industrial met\u00e1lico m\u00e1s peque\u00f1o de su familia. Est\u00e1 dise\u00f1ado para quienes buscan eficacia y durabilidad en un contenedor industrial <strong>compacto <\/strong>de malla met\u00e1lica con<strong> puerta de inspecci\u00f3n<\/strong>. Esta cesta de alambre, <strong>fabricada en Italia con materiales de alta calidad<\/strong>, est\u00e1 dise\u00f1ada para resistir la intemperie, el polvo, la suciedad y la salinidad gracias a su proceso de <strong>galvanizado<\/strong>. Su robustez se ve reforzada por la <strong>estructura autoportante<\/strong> de <strong>malla met\u00e1l<\/strong>ica, que no s\u00f3lo garantiza la durabilidad, sino tambi\u00e9n la visibilidad inmediata del contenido, un aspecto crucial para la optimizaci\u00f3n del almac\u00e9n. El contenedor tiene una puerta de inspecci\u00f3n en el lado largo para facilitar las operaciones de picking.    <\/p>\n<h2>El contenedor industrial peque\u00f1o, ligero, apilable y plegable<\/h2>\n<p>La cesta industrial de hierro Market 58&#215;86 es la soluci\u00f3n ideal para quienes necesitan optimizar el espacio y la manipulaci\u00f3n en entornos operativos reducidos. Dise\u00f1ada para ser robusta, f\u00e1cil de manejar y ahorrar espacio, destaca por su perfecto equilibrio entre compacidad y funcionalidad. Gracias a su estructura de malla met\u00e1lica y a su capacidad de apilamiento, es el soporte perfecto para necesidades log\u00edsticas ligeras y de almacenamiento din\u00e1mico.  <\/p>\n<ul>\n<li><strong>Formato compacto optimizado para espacios reducidos<\/strong><br \/>\nCon una base de s\u00f3lo 58&#215;86 cm, este contenedor cabe f\u00e1cilmente incluso en los almacenes m\u00e1s peque\u00f1os. Es la elecci\u00f3n ideal para organizar ordenadamente las mercanc\u00edas sin renunciar a la solidez. <\/li>\n<li><strong>Apilable hasta dos unidades de carga completa<\/strong><br \/>\nLa estructura reforzada permite apilar dos contenedores completos sobre un contenedor base, mejorando la eficiencia del almacenamiento vertical y aprovechando al m\u00e1ximo cada cent\u00edmetro disponible. Las puertas de recogida permiten una manipulaci\u00f3n \u00e1gil de las mercanc\u00edas. <\/li>\n<li><strong>F\u00e1cil manejo, incluso a mano<\/strong><br \/>\nCon una capacidad de carga m\u00e1xima de 300 kg y una construcci\u00f3n ligera, se puede mover sin ayuda de carretillas elevadoras o transpaletas con la instalaci\u00f3n de ruedas, lo que la hace extremadamente vers\u00e1til incluso para operaciones r\u00e1pidas o traslados frecuentes.<\/li>\n<li><strong>Plegable y ahorra<\/strong> espacio<br \/>\nCuando no se utiliza, el contenedor puede plegarse f\u00e1cilmente. Esto reduce dr\u00e1sticamente el volumen ocupado, optimizando los viajes de vuelta en vac\u00edo y el almacenamiento. <\/li>\n<li><strong>Ideal para la industria y la<\/strong> gran distribuci\u00f3n<br \/>\nFiable y rentable, Market 58&#215;86 se utiliza con \u00e9xito en entornos industriales y en la gran distribuci\u00f3n, donde cada metro cuadrado cuenta. Est\u00e1 dise\u00f1ada para facilitar la log\u00edstica interna, el picking y la manipulaci\u00f3n de mercanc\u00edas ligeras o mixtas. <\/li>\n<\/ul>\n<p>Italiana Contenitori ofrece una ventaja exclusiva: la posibilidad de<strong>personalizar cada contenedor industrial seg\u00fan las necesidades espec\u00edficas del cliente<\/strong>. Gracias al control de todo el ciclo de producci\u00f3n, es posible realizar soluciones personalizadas, resistentes y duraderas en el tiempo. Si las variantes est\u00e1ndar no satisfacen plenamente tus necesidades operativas, nuestro equipo t\u00e9cnico est\u00e1 a tu disposici\u00f3n para desarrollar la propuesta m\u00e1s adecuada.  <\/p>\n<p><strong>Ponte en contacto con nuestro servicio de atenci\u00f3n al cliente para una consulta personal y descubre c\u00f3mo convertir tus necesidades en soluciones concretas.<\/strong><\/p>\n<p>Lote m\u00ednimo de 50 piezas.<\/p>\n","protected":false},"excerpt":{"rendered":"<p>El Market 58&#215;86 es un cesto industrial compacto de malla met\u00e1lica dise\u00f1ado para optimizar el almacenamiento en espacios reducidos. Con una capacidad de carga de hasta 300 kg, es ligera, apilable y f\u00e1cil de manejar, incluso manualmente. Su estructura reforzada permite apilar dos unidades completamente cargadas una sobre otra, optimizando el espacio vertical. Adem\u00e1s, su capacidad para plegarse cuando no se utiliza la hace ideal para ahorrar espacio durante el transporte y el almacenamiento. Fabricada con materiales de alta calidad y galvanizada para resistir la intemperie, el polvo y la sal, es perfecta para aplicaciones en los sectores industrial y minorista. Tambi\u00e9n puede personalizarse bajo pedido, garantizando soluciones a medida para cada necesidad operativa.     <\/p>\n","protected":false},"featured_media":240473,"comment_status":"open","ping_status":"closed","template":"","meta":{"_acf_changed":false,"_et_pb_use_builder":"","_et_pb_old_content":"","_et_gb_content_width":""},"product_brand":[],"product_cat":[1919,1931],"product_tag":[2045],"class_list":{"0":"post-241712","1":"product","2":"type-product","3":"status-publish","4":"has-post-thumbnail","6":"product_cat-contenedor-de-malla-metalica","7":"product_cat-market-es","8":"product_tag-containers-es","10":"first","11":"instock","12":"shipping-taxable","13":"purchasable","14":"product-type-simple"},"acf":[],"yoast_head":"<!-- This site is optimized with the Yoast SEO plugin v27.4 - https:\/\/yoast.com\/product\/yoast-seo-wordpress\/ -->\n<title>italianacontenitori.com<\/title>\n<meta name=\"description\" content=\"Peque\u00f1a cesta de rejilla con capacidad de carga de 300 kg, apilable (dos en una base), plegable, con trampilla de inspecci\u00f3n, muy ligera.\" \/>\n<meta name=\"robots\" content=\"index, follow, max-snippet:-1, max-image-preview:large, max-video-preview:-1\" \/>\n<link rel=\"canonical\" href=\"https:\/\/www.italianacontenitori.com\/es\/producto\/market-58-x-86-cm\/\" \/>\n<meta property=\"og:locale\" content=\"es_ES\" \/>\n<meta property=\"og:type\" content=\"article\" \/>\n<meta property=\"og:description\" content=\"Peque\u00f1a cesta de rejilla con capacidad de carga de 300 kg, apilable (dos en una base), plegable, con trampilla de inspecci\u00f3n, muy ligera.\" \/>\n<meta property=\"og:url\" content=\"https:\/\/www.italianacontenitori.com\/es\/producto\/market-58-x-86-cm\/\" \/>\n<meta property=\"og:site_name\" content=\"italianacontenitori.com\" \/>\n<meta property=\"article:modified_time\" content=\"2026-04-10T14:38:08+00:00\" \/>\n<meta property=\"og:image\" content=\"https:\/\/www.italianacontenitori.com\/wp-content\/uploads\/2020\/12\/MARK055085.png\" \/>\n\t<meta property=\"og:image:width\" content=\"1024\" \/>\n\t<meta property=\"og:image:height\" content=\"1024\" \/>\n\t<meta property=\"og:image:type\" content=\"image\/png\" \/>\n<meta name=\"twitter:card\" content=\"summary_large_image\" \/>\n<meta name=\"twitter:label1\" content=\"Tiempo de lectura\" \/>\n\t<meta name=\"twitter:data1\" content=\"3 minutos\" \/>\n<script type=\"application\/ld+json\" class=\"yoast-schema-graph\">{\"@context\":\"https:\\\/\\\/schema.org\",\"@graph\":[{\"@type\":\"WebPage\",\"@id\":\"https:\\\/\\\/www.italianacontenitori.com\\\/es\\\/producto\\\/market-58-x-86-cm\\\/\",\"url\":\"https:\\\/\\\/www.italianacontenitori.com\\\/es\\\/producto\\\/market-58-x-86-cm\\\/\",\"name\":\"\",\"isPartOf\":{\"@id\":\"https:\\\/\\\/www.italianacontenitori.com\\\/es\\\/#website\"},\"primaryImageOfPage\":{\"@id\":\"https:\\\/\\\/www.italianacontenitori.com\\\/es\\\/producto\\\/market-58-x-86-cm\\\/#primaryimage\"},\"image\":{\"@id\":\"https:\\\/\\\/www.italianacontenitori.com\\\/es\\\/producto\\\/market-58-x-86-cm\\\/#primaryimage\"},\"thumbnailUrl\":\"https:\\\/\\\/www.italianacontenitori.com\\\/wp-content\\\/uploads\\\/2020\\\/12\\\/MARK055085.png\",\"datePublished\":\"2020-12-07T12:42:44+00:00\",\"dateModified\":\"2026-04-10T14:38:08+00:00\",\"description\":\"Peque\u00f1a cesta de rejilla con capacidad de carga de 300 kg, apilable (dos en una base), plegable, con trampilla de inspecci\u00f3n, muy ligera.\",\"breadcrumb\":{\"@id\":\"https:\\\/\\\/www.italianacontenitori.com\\\/es\\\/producto\\\/market-58-x-86-cm\\\/#breadcrumb\"},\"inLanguage\":\"es\",\"potentialAction\":[{\"@type\":\"ReadAction\",\"target\":[\"https:\\\/\\\/www.italianacontenitori.com\\\/es\\\/producto\\\/market-58-x-86-cm\\\/\"]}]},{\"@type\":\"ImageObject\",\"inLanguage\":\"es\",\"@id\":\"https:\\\/\\\/www.italianacontenitori.com\\\/es\\\/producto\\\/market-58-x-86-cm\\\/#primaryimage\",\"url\":\"https:\\\/\\\/www.italianacontenitori.com\\\/wp-content\\\/uploads\\\/2020\\\/12\\\/MARK055085.png\",\"contentUrl\":\"https:\\\/\\\/www.italianacontenitori.com\\\/wp-content\\\/uploads\\\/2020\\\/12\\\/MARK055085.png\",\"width\":1024,\"height\":1024,\"caption\":\"Contenedor industrial met\u00e1lico peque\u00f1o y compacto. Modelo\"},{\"@type\":\"BreadcrumbList\",\"@id\":\"https:\\\/\\\/www.italianacontenitori.com\\\/es\\\/producto\\\/market-58-x-86-cm\\\/#breadcrumb\",\"itemListElement\":[{\"@type\":\"ListItem\",\"position\":1,\"name\":\"Home\",\"item\":\"https:\\\/\\\/www.italianacontenitori.com\\\/es\\\/contenedores-de-malla-metalica\\\/\"},{\"@type\":\"ListItem\",\"position\":2,\"name\":\"Cat\u00e1logo Espa\u00f1ol\",\"item\":\"https:\\\/\\\/www.italianacontenitori.com\\\/es\\\/cataogo-es\\\/\"},{\"@type\":\"ListItem\",\"position\":3,\"name\":\"Peque\u00f1o contenedor industrial de metal &#8211; Mercado 58 X 86 cm\"}]},{\"@type\":\"WebSite\",\"@id\":\"https:\\\/\\\/www.italianacontenitori.com\\\/es\\\/#website\",\"url\":\"https:\\\/\\\/www.italianacontenitori.com\\\/es\\\/\",\"name\":\"italianacontenitori.com\",\"description\":\"Produzione di contenitori industriali e roll container\",\"publisher\":{\"@id\":\"https:\\\/\\\/www.italianacontenitori.com\\\/es\\\/#organization\"},\"potentialAction\":[{\"@type\":\"SearchAction\",\"target\":{\"@type\":\"EntryPoint\",\"urlTemplate\":\"https:\\\/\\\/www.italianacontenitori.com\\\/es\\\/?s={search_term_string}\"},\"query-input\":{\"@type\":\"PropertyValueSpecification\",\"valueRequired\":true,\"valueName\":\"search_term_string\"}}],\"inLanguage\":\"es\"},{\"@type\":\"Organization\",\"@id\":\"https:\\\/\\\/www.italianacontenitori.com\\\/es\\\/#organization\",\"name\":\"Italiana Contenitori s.r.l.\",\"alternateName\":\"IC\",\"url\":\"https:\\\/\\\/www.italianacontenitori.com\\\/es\\\/\",\"logo\":{\"@type\":\"ImageObject\",\"inLanguage\":\"es\",\"@id\":\"https:\\\/\\\/www.italianacontenitori.com\\\/es\\\/#\\\/schema\\\/logo\\\/image\\\/\",\"url\":\"https:\\\/\\\/www.italianacontenitori.com\\\/wp-content\\\/uploads\\\/2020\\\/11\\\/cropped-Logo-Italiana-Contenitori_favicon.jpg\",\"contentUrl\":\"https:\\\/\\\/www.italianacontenitori.com\\\/wp-content\\\/uploads\\\/2020\\\/11\\\/cropped-Logo-Italiana-Contenitori_favicon.jpg\",\"width\":512,\"height\":512,\"caption\":\"Italiana Contenitori s.r.l.\"},\"image\":{\"@id\":\"https:\\\/\\\/www.italianacontenitori.com\\\/es\\\/#\\\/schema\\\/logo\\\/image\\\/\"}}]}<\/script>\n<!-- \/ Yoast SEO plugin. -->","yoast_head_json":{"title":"italianacontenitori.com","description":"Peque\u00f1a cesta de rejilla con capacidad de carga de 300 kg, apilable (dos en una base), plegable, con trampilla de inspecci\u00f3n, muy ligera.","robots":{"index":"index","follow":"follow","max-snippet":"max-snippet:-1","max-image-preview":"max-image-preview:large","max-video-preview":"max-video-preview:-1"},"canonical":"https:\/\/www.italianacontenitori.com\/es\/producto\/market-58-x-86-cm\/","og_locale":"es_ES","og_type":"article","og_description":"Peque\u00f1a cesta de rejilla con capacidad de carga de 300 kg, apilable (dos en una base), plegable, con trampilla de inspecci\u00f3n, muy ligera.","og_url":"https:\/\/www.italianacontenitori.com\/es\/producto\/market-58-x-86-cm\/","og_site_name":"italianacontenitori.com","article_modified_time":"2026-04-10T14:38:08+00:00","og_image":[{"width":1024,"height":1024,"url":"https:\/\/www.italianacontenitori.com\/wp-content\/uploads\/2020\/12\/MARK055085.png","type":"image\/png"}],"twitter_card":"summary_large_image","twitter_misc":{"Tiempo de lectura":"3 minutos"},"schema":{"@context":"https:\/\/schema.org","@graph":[{"@type":"WebPage","@id":"https:\/\/www.italianacontenitori.com\/es\/producto\/market-58-x-86-cm\/","url":"https:\/\/www.italianacontenitori.com\/es\/producto\/market-58-x-86-cm\/","name":"","isPartOf":{"@id":"https:\/\/www.italianacontenitori.com\/es\/#website"},"primaryImageOfPage":{"@id":"https:\/\/www.italianacontenitori.com\/es\/producto\/market-58-x-86-cm\/#primaryimage"},"image":{"@id":"https:\/\/www.italianacontenitori.com\/es\/producto\/market-58-x-86-cm\/#primaryimage"},"thumbnailUrl":"https:\/\/www.italianacontenitori.com\/wp-content\/uploads\/2020\/12\/MARK055085.png","datePublished":"2020-12-07T12:42:44+00:00","dateModified":"2026-04-10T14:38:08+00:00","description":"Peque\u00f1a cesta de rejilla con capacidad de carga de 300 kg, apilable (dos en una base), plegable, con trampilla de inspecci\u00f3n, muy ligera.","breadcrumb":{"@id":"https:\/\/www.italianacontenitori.com\/es\/producto\/market-58-x-86-cm\/#breadcrumb"},"inLanguage":"es","potentialAction":[{"@type":"ReadAction","target":["https:\/\/www.italianacontenitori.com\/es\/producto\/market-58-x-86-cm\/"]}]},{"@type":"ImageObject","inLanguage":"es","@id":"https:\/\/www.italianacontenitori.com\/es\/producto\/market-58-x-86-cm\/#primaryimage","url":"https:\/\/www.italianacontenitori.com\/wp-content\/uploads\/2020\/12\/MARK055085.png","contentUrl":"https:\/\/www.italianacontenitori.com\/wp-content\/uploads\/2020\/12\/MARK055085.png","width":1024,"height":1024,"caption":"Contenedor industrial met\u00e1lico peque\u00f1o y compacto. Modelo"},{"@type":"BreadcrumbList","@id":"https:\/\/www.italianacontenitori.com\/es\/producto\/market-58-x-86-cm\/#breadcrumb","itemListElement":[{"@type":"ListItem","position":1,"name":"Home","item":"https:\/\/www.italianacontenitori.com\/es\/contenedores-de-malla-metalica\/"},{"@type":"ListItem","position":2,"name":"Cat\u00e1logo Espa\u00f1ol","item":"https:\/\/www.italianacontenitori.com\/es\/cataogo-es\/"},{"@type":"ListItem","position":3,"name":"Peque\u00f1o contenedor industrial de metal &#8211; Mercado 58 X 86 cm"}]},{"@type":"WebSite","@id":"https:\/\/www.italianacontenitori.com\/es\/#website","url":"https:\/\/www.italianacontenitori.com\/es\/","name":"italianacontenitori.com","description":"Produzione di contenitori industriali e roll container","publisher":{"@id":"https:\/\/www.italianacontenitori.com\/es\/#organization"},"potentialAction":[{"@type":"SearchAction","target":{"@type":"EntryPoint","urlTemplate":"https:\/\/www.italianacontenitori.com\/es\/?s={search_term_string}"},"query-input":{"@type":"PropertyValueSpecification","valueRequired":true,"valueName":"search_term_string"}}],"inLanguage":"es"},{"@type":"Organization","@id":"https:\/\/www.italianacontenitori.com\/es\/#organization","name":"Italiana Contenitori s.r.l.","alternateName":"IC","url":"https:\/\/www.italianacontenitori.com\/es\/","logo":{"@type":"ImageObject","inLanguage":"es","@id":"https:\/\/www.italianacontenitori.com\/es\/#\/schema\/logo\/image\/","url":"https:\/\/www.italianacontenitori.com\/wp-content\/uploads\/2020\/11\/cropped-Logo-Italiana-Contenitori_favicon.jpg","contentUrl":"https:\/\/www.italianacontenitori.com\/wp-content\/uploads\/2020\/11\/cropped-Logo-Italiana-Contenitori_favicon.jpg","width":512,"height":512,"caption":"Italiana Contenitori s.r.l."},"image":{"@id":"https:\/\/www.italianacontenitori.com\/es\/#\/schema\/logo\/image\/"}}]}},"_links":{"self":[{"href":"https:\/\/www.italianacontenitori.com\/es\/wp-json\/wp\/v2\/product\/241712","targetHints":{"allow":["GET"]}}],"collection":[{"href":"https:\/\/www.italianacontenitori.com\/es\/wp-json\/wp\/v2\/product"}],"about":[{"href":"https:\/\/www.italianacontenitori.com\/es\/wp-json\/wp\/v2\/types\/product"}],"replies":[{"embeddable":true,"href":"https:\/\/www.italianacontenitori.com\/es\/wp-json\/wp\/v2\/comments?post=241712"}],"wp:featuredmedia":[{"embeddable":true,"href":"https:\/\/www.italianacontenitori.com\/es\/wp-json\/wp\/v2\/media\/240473"}],"wp:attachment":[{"href":"https:\/\/www.italianacontenitori.com\/es\/wp-json\/wp\/v2\/media?parent=241712"}],"wp:term":[{"taxonomy":"product_brand","embeddable":true,"href":"https:\/\/www.italianacontenitori.com\/es\/wp-json\/wp\/v2\/product_brand?post=241712"},{"taxonomy":"product_cat","embeddable":true,"href":"https:\/\/www.italianacontenitori.com\/es\/wp-json\/wp\/v2\/product_cat?post=241712"},{"taxonomy":"product_tag","embeddable":true,"href":"https:\/\/www.italianacontenitori.com\/es\/wp-json\/wp\/v2\/product_tag?post=241712"}],"curies":[{"name":"wp","href":"https:\/\/api.w.org\/{rel}","templated":true}]}}