{"id":241723,"date":"2020-12-03T16:04:46","date_gmt":"2020-12-03T16:04:46","guid":{"rendered":"https:\/\/www.italianacontenitori.com\/product\/market-825-x-1245-cm-champagne\/"},"modified":"2026-04-10T14:39:14","modified_gmt":"2026-04-10T14:39:14","slug":"market-825-x-1245-champagne","status":"publish","type":"product","link":"https:\/\/www.italianacontenitori.com\/es\/producto\/market-825-x-1245-champagne\/","title":{"rendered":"Contenedor industrial para botellas de vino &#8211; Market Champagne 82,5 x 124,5 cm"},"content":{"rendered":"<h2>El contenedor industrial para botellas de Champ\u00e1n Cuv\u00e9e y Champagnotte<\/h2>\n<p>Market 82,5 x 124,5 es una soluci\u00f3n excelente para <strong>almacenar y envejecer botellas de champ\u00e1n y vino espumoso.<\/strong> Este contenedor industrial para botellas ofrece una capacidad de apilamiento excepcional y permite <strong>apilar cuatro contenedores completamente cargados sobre una misma base<\/strong>. Esta caracter\u00edstica maximiza el <strong>uso del espacio disponible en la bodega<\/strong>, y hace que el Market Champagne sea ideal para una amplia gama de aplicaciones de producci\u00f3n y log\u00edstica. Sus dimensiones se han <strong>calibrado especialmente para optimizar la capacidad de almacenamiento de botellas de tipo Champ\u00e1n (incluyendo Champ\u00e1n, Moscatel, Prosecco, etc.)<\/strong>, y ofrecen un uso eficaz del espacio y un almacenamiento \u00f3ptimo del vino.   <\/p>\n<blockquote>\n<h3>Cada contenedor Market Champagne tiene una capacidad de carga de 1000 kg. Puedes apilar 5 contenedores, almacenando hasta <strong>2500 botellas <\/strong>en el espacio que ocupa un palet, con total seguridad. <\/h3>\n<\/blockquote>\n<p>Cuando no se utiliza, o en viajes de ida y vuelta vac\u00edos, el contenedor industrial para botellas de vino puede <strong>plegarse f\u00e1cilmente, reduciendo el volumen<\/strong> y permitiendo una optimizaci\u00f3n sin igual del espacio de almacenamiento y transporte. Sus dimensiones son ideales para saturar tu transporte: 68 contenedores abiertos corresponden a 330 plegados. <\/p>\n<h2>Cada cesta met\u00e1lica tiene capacidad para 500 botellas<\/h2>\n<p class=\"\" data-start=\"41\" data-end=\"119\">Elegir Market Champagne significa optar por un contenedor dise\u00f1ado espec\u00edficamente para satisfacer las necesidades de la industria vin\u00edcola y del vino. Gracias a su robusta estructura de malla met\u00e1lica y a su galvanizaci\u00f3n, este contenedor garantiza la resistencia a la intemperie y a la corrosi\u00f3n, asegurando una larga vida \u00fatil. Adem\u00e1s, su versatilidad y capacidad para optimizar el espacio hacen del Market Champagne una soluci\u00f3n ideal para el almacenamiento y la manipulaci\u00f3n de botellas de Champagne y Cuv\u00e9e. Perfecto para bodegas y productores de vino, es la elecci\u00f3n segura para mejorar la eficacia y la organizaci\u00f3n en cualquier almac\u00e9n.   <\/p>\n<ul data-start=\"121\" data-end=\"739\">\n<li class=\"\" data-start=\"121\" data-end=\"251\">\n<p class=\"\" data-start=\"123\" data-end=\"251\"><strong data-start=\"123\" data-end=\"162\">Dise\u00f1ado para la industria vin\u00edcola<\/strong>: ideal para botellas de Champ\u00e1n y Cuv\u00e9e, optimiza el almacenamiento y la manipulaci\u00f3n.<\/p>\n<\/li>\n<li class=\"\" data-start=\"252\" data-end=\"363\">\n<p class=\"\" data-start=\"254\" data-end=\"363\"><strong data-start=\"254\" data-end=\"278\">Materiales resistentes<\/strong>: fabricados en Italia con galvanizaci\u00f3n para resistir la intemperie, el polvo y los l\u00edquidos \u00e1cidos.<\/p>\n<\/li>\n<li class=\"\" data-start=\"364\" data-end=\"469\">\n<p class=\"\" data-start=\"366\" data-end=\"469\"><strong data-start=\"366\" data-end=\"387\">Estructura robusta<\/strong>: malla met\u00e1lica autoportante para mayor durabilidad y visibilidad inmediata del contenido.<\/p>\n<\/li>\n<li class=\"\" data-start=\"470\" data-end=\"533\">\n<p class=\"\" data-start=\"472\" data-end=\"533\"><strong data-start=\"472\" data-end=\"497\">Escotilla de inspecci\u00f3n<\/strong>: facilita las operaciones de picking.<\/p>\n<\/li>\n<li class=\"\" data-start=\"534\" data-end=\"648\">\n<p class=\"\" data-start=\"536\" data-end=\"648\"><strong data-start=\"536\" data-end=\"562\">Vers\u00e1til y adaptable<\/strong>: perfecto para bodegas y almacenes de vino, apto para distintos tipos de botellas. No se fija al suelo, no requiere certificaci\u00f3n y, adem\u00e1s de ser una excelente herramienta para el almacenamiento, es perfecta para la log\u00edstica. <\/p>\n<\/li>\n<li class=\"\" data-start=\"649\" data-end=\"739\">\n<p class=\"\" data-start=\"651\" data-end=\"739\"><strong data-start=\"651\" data-end=\"682\">Optimizaci\u00f3n del espacio<\/strong>: hace que los almacenes y bodegas sean m\u00e1s eficientes y est\u00e9n mejor organizados.<\/p>\n<\/li>\n<\/ul>\n<p>Uno de los puntos fuertes de Italiana Contenitori es la personalizaci\u00f3n: <strong>controlamos todo el ciclo de producci\u00f3n y fabricamos contenedores industriales seg\u00fan dise\u00f1o<\/strong>. Si las variantes est\u00e1ndar no responden a tus necesidades espec\u00edficas (v\u00e9ase la ficha t\u00e9cnica m\u00e1s abajo), te invitamos a ponerte en contacto con nuestro servicio de atenci\u00f3n al cliente que, en sinergia con el departamento t\u00e9cnico y de dise\u00f1o, podr\u00e1 ofrecerte una <strong>soluci\u00f3n personalizada, duradera y resistente<\/strong>. <\/p>\n<p><strong>Enlaces \u00fatiles:  <\/strong><\/p>\n<ul>\n<li><a href=\"https:\/\/www.italianacontenitori.com\/prodotto\/contenitore-in-rete-metallica-per-bottiglie-di-vino-market-93-x-119\/\" target=\"_blank\" rel=\"noopener\">Recipiente espec\u00edfico para botellas de tipo bordel\u00e9s (Burdeos)<\/a><\/li>\n<li><a href=\"https:\/\/www.italianacontenitori.com\/prodotto\/contenitore-in-rete-metallica-per-bottiglie-di-vino-borgognotte-market-85-x-125-cm-bourgogne\/\" target=\"_blank\" rel=\"noopener\">Recipiente est\u00e1ndar para botellas de vino tipo Bourgogne.  <\/a>Dimensiones: 85 x 125 cm<\/li>\n<\/ul>\n<p>&nbsp;<\/p>\n<p>Lote m\u00ednimo de 224 piezas<\/p>\n","protected":false},"excerpt":{"rendered":"<p>Contenedor para botellas de champ\u00e1n de 75 cl (capacidad para 500 botellas horizontales). Lote m\u00ednimo de 224 piezas<\/p>\n","protected":false},"featured_media":240478,"comment_status":"open","ping_status":"closed","template":"","meta":{"_acf_changed":false,"_et_pb_use_builder":"","_et_pb_old_content":"","_et_gb_content_width":""},"product_brand":[],"product_cat":[1931],"product_tag":[2045],"class_list":{"0":"post-241723","1":"product","2":"type-product","3":"status-publish","4":"has-post-thumbnail","6":"product_cat-market-es","7":"product_tag-containers-es","9":"first","10":"instock","11":"shipping-taxable","12":"purchasable","13":"product-type-variable","14":"has-default-attributes"},"acf":[],"yoast_head":"<!-- This site is optimized with the Yoast SEO plugin v27.3 - https:\/\/yoast.com\/product\/yoast-seo-wordpress\/ -->\n<title>Contenedor industrial met\u00e1lico para botellas de champ\u00e1n<\/title>\n<meta name=\"description\" content=\"Contenedor de malla met\u00e1lica para botellas de champ\u00e1n. Capacidad 1000 kg, es decir, 500 botellas de champ\u00e1n. Apilable 4 sobre 1. Plegable y resistente.\" \/>\n<meta name=\"robots\" content=\"index, follow, max-snippet:-1, max-image-preview:large, max-video-preview:-1\" \/>\n<link rel=\"canonical\" href=\"https:\/\/www.italianacontenitori.com\/es\/producto\/market-825-x-1245-champagne\/\" \/>\n<meta property=\"og:locale\" content=\"es_ES\" \/>\n<meta property=\"og:type\" content=\"article\" \/>\n<meta property=\"og:title\" content=\"Contenedor industrial met\u00e1lico para botellas de champ\u00e1n\" \/>\n<meta property=\"og:description\" content=\"Contenedor de malla met\u00e1lica para botellas de champ\u00e1n. Capacidad 1000 kg, es decir, 500 botellas de champ\u00e1n. Apilable 4 sobre 1. Plegable y resistente.\" \/>\n<meta property=\"og:url\" content=\"https:\/\/www.italianacontenitori.com\/es\/producto\/market-825-x-1245-champagne\/\" \/>\n<meta property=\"og:site_name\" content=\"italianacontenitori.com\" \/>\n<meta property=\"article:modified_time\" content=\"2026-04-10T14:39:14+00:00\" \/>\n<meta property=\"og:image\" content=\"https:\/\/www.italianacontenitori.com\/wp-content\/uploads\/2020\/12\/MARK082124.png\" \/>\n\t<meta property=\"og:image:width\" content=\"1024\" \/>\n\t<meta property=\"og:image:height\" content=\"1024\" \/>\n\t<meta property=\"og:image:type\" content=\"image\/png\" \/>\n<meta name=\"twitter:card\" content=\"summary_large_image\" \/>\n<meta name=\"twitter:label1\" content=\"Tiempo de lectura\" \/>\n\t<meta name=\"twitter:data1\" content=\"3 minutos\" \/>\n<script type=\"application\/ld+json\" class=\"yoast-schema-graph\">{\"@context\":\"https:\\\/\\\/schema.org\",\"@graph\":[{\"@type\":\"WebPage\",\"@id\":\"https:\\\/\\\/www.italianacontenitori.com\\\/es\\\/producto\\\/market-825-x-1245-champagne\\\/\",\"url\":\"https:\\\/\\\/www.italianacontenitori.com\\\/es\\\/producto\\\/market-825-x-1245-champagne\\\/\",\"name\":\"Contenedor industrial met\u00e1lico para botellas de champ\u00e1n\",\"isPartOf\":{\"@id\":\"https:\\\/\\\/www.italianacontenitori.com\\\/es\\\/#website\"},\"primaryImageOfPage\":{\"@id\":\"https:\\\/\\\/www.italianacontenitori.com\\\/es\\\/producto\\\/market-825-x-1245-champagne\\\/#primaryimage\"},\"image\":{\"@id\":\"https:\\\/\\\/www.italianacontenitori.com\\\/es\\\/producto\\\/market-825-x-1245-champagne\\\/#primaryimage\"},\"thumbnailUrl\":\"https:\\\/\\\/www.italianacontenitori.com\\\/wp-content\\\/uploads\\\/2020\\\/12\\\/MARK082124.png\",\"datePublished\":\"2020-12-03T16:04:46+00:00\",\"dateModified\":\"2026-04-10T14:39:14+00:00\",\"description\":\"Contenedor de malla met\u00e1lica para botellas de champ\u00e1n. Capacidad 1000 kg, es decir, 500 botellas de champ\u00e1n. Apilable 4 sobre 1. Plegable y resistente.\",\"breadcrumb\":{\"@id\":\"https:\\\/\\\/www.italianacontenitori.com\\\/es\\\/producto\\\/market-825-x-1245-champagne\\\/#breadcrumb\"},\"inLanguage\":\"es\",\"potentialAction\":[{\"@type\":\"ReadAction\",\"target\":[\"https:\\\/\\\/www.italianacontenitori.com\\\/es\\\/producto\\\/market-825-x-1245-champagne\\\/\"]}]},{\"@type\":\"ImageObject\",\"inLanguage\":\"es\",\"@id\":\"https:\\\/\\\/www.italianacontenitori.com\\\/es\\\/producto\\\/market-825-x-1245-champagne\\\/#primaryimage\",\"url\":\"https:\\\/\\\/www.italianacontenitori.com\\\/wp-content\\\/uploads\\\/2020\\\/12\\\/MARK082124.png\",\"contentUrl\":\"https:\\\/\\\/www.italianacontenitori.com\\\/wp-content\\\/uploads\\\/2020\\\/12\\\/MARK082124.png\",\"width\":1024,\"height\":1024,\"caption\":\"Contenedor de malla met\u00e1lica para botellas tipo champ\u00e1n. Capacidad 1000 kg, es decir, 500 botellas de champ\u00e1n. Apilable, apilable 4 en 1. Modelo MARK082124\"},{\"@type\":\"BreadcrumbList\",\"@id\":\"https:\\\/\\\/www.italianacontenitori.com\\\/es\\\/producto\\\/market-825-x-1245-champagne\\\/#breadcrumb\",\"itemListElement\":[{\"@type\":\"ListItem\",\"position\":1,\"name\":\"Home\",\"item\":\"https:\\\/\\\/www.italianacontenitori.com\\\/es\\\/contenedores-de-malla-metalica\\\/\"},{\"@type\":\"ListItem\",\"position\":2,\"name\":\"Contenedor industrial para botellas de vino &#8211; Market Champagne 82,5 x 124,5 cm\"}]},{\"@type\":\"WebSite\",\"@id\":\"https:\\\/\\\/www.italianacontenitori.com\\\/es\\\/#website\",\"url\":\"https:\\\/\\\/www.italianacontenitori.com\\\/es\\\/\",\"name\":\"italianacontenitori.com\",\"description\":\"Produzione di contenitori industriali e roll container\",\"publisher\":{\"@id\":\"https:\\\/\\\/www.italianacontenitori.com\\\/es\\\/#organization\"},\"potentialAction\":[{\"@type\":\"SearchAction\",\"target\":{\"@type\":\"EntryPoint\",\"urlTemplate\":\"https:\\\/\\\/www.italianacontenitori.com\\\/es\\\/?s={search_term_string}\"},\"query-input\":{\"@type\":\"PropertyValueSpecification\",\"valueRequired\":true,\"valueName\":\"search_term_string\"}}],\"inLanguage\":\"es\"},{\"@type\":\"Organization\",\"@id\":\"https:\\\/\\\/www.italianacontenitori.com\\\/es\\\/#organization\",\"name\":\"Italiana Contenitori s.r.l.\",\"alternateName\":\"IC\",\"url\":\"https:\\\/\\\/www.italianacontenitori.com\\\/es\\\/\",\"logo\":{\"@type\":\"ImageObject\",\"inLanguage\":\"es\",\"@id\":\"https:\\\/\\\/www.italianacontenitori.com\\\/es\\\/#\\\/schema\\\/logo\\\/image\\\/\",\"url\":\"https:\\\/\\\/www.italianacontenitori.com\\\/wp-content\\\/uploads\\\/2020\\\/11\\\/cropped-Logo-Italiana-Contenitori_favicon.jpg\",\"contentUrl\":\"https:\\\/\\\/www.italianacontenitori.com\\\/wp-content\\\/uploads\\\/2020\\\/11\\\/cropped-Logo-Italiana-Contenitori_favicon.jpg\",\"width\":512,\"height\":512,\"caption\":\"Italiana Contenitori s.r.l.\"},\"image\":{\"@id\":\"https:\\\/\\\/www.italianacontenitori.com\\\/es\\\/#\\\/schema\\\/logo\\\/image\\\/\"}}]}<\/script>\n<!-- \/ Yoast SEO plugin. -->","yoast_head_json":{"title":"Contenedor industrial met\u00e1lico para botellas de champ\u00e1n","description":"Contenedor de malla met\u00e1lica para botellas de champ\u00e1n. Capacidad 1000 kg, es decir, 500 botellas de champ\u00e1n. Apilable 4 sobre 1. Plegable y resistente.","robots":{"index":"index","follow":"follow","max-snippet":"max-snippet:-1","max-image-preview":"max-image-preview:large","max-video-preview":"max-video-preview:-1"},"canonical":"https:\/\/www.italianacontenitori.com\/es\/producto\/market-825-x-1245-champagne\/","og_locale":"es_ES","og_type":"article","og_title":"Contenedor industrial met\u00e1lico para botellas de champ\u00e1n","og_description":"Contenedor de malla met\u00e1lica para botellas de champ\u00e1n. Capacidad 1000 kg, es decir, 500 botellas de champ\u00e1n. Apilable 4 sobre 1. Plegable y resistente.","og_url":"https:\/\/www.italianacontenitori.com\/es\/producto\/market-825-x-1245-champagne\/","og_site_name":"italianacontenitori.com","article_modified_time":"2026-04-10T14:39:14+00:00","og_image":[{"width":1024,"height":1024,"url":"https:\/\/www.italianacontenitori.com\/wp-content\/uploads\/2020\/12\/MARK082124.png","type":"image\/png"}],"twitter_card":"summary_large_image","twitter_misc":{"Tiempo de lectura":"3 minutos"},"schema":{"@context":"https:\/\/schema.org","@graph":[{"@type":"WebPage","@id":"https:\/\/www.italianacontenitori.com\/es\/producto\/market-825-x-1245-champagne\/","url":"https:\/\/www.italianacontenitori.com\/es\/producto\/market-825-x-1245-champagne\/","name":"Contenedor industrial met\u00e1lico para botellas de champ\u00e1n","isPartOf":{"@id":"https:\/\/www.italianacontenitori.com\/es\/#website"},"primaryImageOfPage":{"@id":"https:\/\/www.italianacontenitori.com\/es\/producto\/market-825-x-1245-champagne\/#primaryimage"},"image":{"@id":"https:\/\/www.italianacontenitori.com\/es\/producto\/market-825-x-1245-champagne\/#primaryimage"},"thumbnailUrl":"https:\/\/www.italianacontenitori.com\/wp-content\/uploads\/2020\/12\/MARK082124.png","datePublished":"2020-12-03T16:04:46+00:00","dateModified":"2026-04-10T14:39:14+00:00","description":"Contenedor de malla met\u00e1lica para botellas de champ\u00e1n. Capacidad 1000 kg, es decir, 500 botellas de champ\u00e1n. Apilable 4 sobre 1. Plegable y resistente.","breadcrumb":{"@id":"https:\/\/www.italianacontenitori.com\/es\/producto\/market-825-x-1245-champagne\/#breadcrumb"},"inLanguage":"es","potentialAction":[{"@type":"ReadAction","target":["https:\/\/www.italianacontenitori.com\/es\/producto\/market-825-x-1245-champagne\/"]}]},{"@type":"ImageObject","inLanguage":"es","@id":"https:\/\/www.italianacontenitori.com\/es\/producto\/market-825-x-1245-champagne\/#primaryimage","url":"https:\/\/www.italianacontenitori.com\/wp-content\/uploads\/2020\/12\/MARK082124.png","contentUrl":"https:\/\/www.italianacontenitori.com\/wp-content\/uploads\/2020\/12\/MARK082124.png","width":1024,"height":1024,"caption":"Contenedor de malla met\u00e1lica para botellas tipo champ\u00e1n. Capacidad 1000 kg, es decir, 500 botellas de champ\u00e1n. Apilable, apilable 4 en 1. Modelo MARK082124"},{"@type":"BreadcrumbList","@id":"https:\/\/www.italianacontenitori.com\/es\/producto\/market-825-x-1245-champagne\/#breadcrumb","itemListElement":[{"@type":"ListItem","position":1,"name":"Home","item":"https:\/\/www.italianacontenitori.com\/es\/contenedores-de-malla-metalica\/"},{"@type":"ListItem","position":2,"name":"Contenedor industrial para botellas de vino &#8211; Market Champagne 82,5 x 124,5 cm"}]},{"@type":"WebSite","@id":"https:\/\/www.italianacontenitori.com\/es\/#website","url":"https:\/\/www.italianacontenitori.com\/es\/","name":"italianacontenitori.com","description":"Produzione di contenitori industriali e roll container","publisher":{"@id":"https:\/\/www.italianacontenitori.com\/es\/#organization"},"potentialAction":[{"@type":"SearchAction","target":{"@type":"EntryPoint","urlTemplate":"https:\/\/www.italianacontenitori.com\/es\/?s={search_term_string}"},"query-input":{"@type":"PropertyValueSpecification","valueRequired":true,"valueName":"search_term_string"}}],"inLanguage":"es"},{"@type":"Organization","@id":"https:\/\/www.italianacontenitori.com\/es\/#organization","name":"Italiana Contenitori s.r.l.","alternateName":"IC","url":"https:\/\/www.italianacontenitori.com\/es\/","logo":{"@type":"ImageObject","inLanguage":"es","@id":"https:\/\/www.italianacontenitori.com\/es\/#\/schema\/logo\/image\/","url":"https:\/\/www.italianacontenitori.com\/wp-content\/uploads\/2020\/11\/cropped-Logo-Italiana-Contenitori_favicon.jpg","contentUrl":"https:\/\/www.italianacontenitori.com\/wp-content\/uploads\/2020\/11\/cropped-Logo-Italiana-Contenitori_favicon.jpg","width":512,"height":512,"caption":"Italiana Contenitori s.r.l."},"image":{"@id":"https:\/\/www.italianacontenitori.com\/es\/#\/schema\/logo\/image\/"}}]}},"_links":{"self":[{"href":"https:\/\/www.italianacontenitori.com\/es\/wp-json\/wp\/v2\/product\/241723","targetHints":{"allow":["GET"]}}],"collection":[{"href":"https:\/\/www.italianacontenitori.com\/es\/wp-json\/wp\/v2\/product"}],"about":[{"href":"https:\/\/www.italianacontenitori.com\/es\/wp-json\/wp\/v2\/types\/product"}],"replies":[{"embeddable":true,"href":"https:\/\/www.italianacontenitori.com\/es\/wp-json\/wp\/v2\/comments?post=241723"}],"wp:featuredmedia":[{"embeddable":true,"href":"https:\/\/www.italianacontenitori.com\/es\/wp-json\/wp\/v2\/media\/240478"}],"wp:attachment":[{"href":"https:\/\/www.italianacontenitori.com\/es\/wp-json\/wp\/v2\/media?parent=241723"}],"wp:term":[{"taxonomy":"product_brand","embeddable":true,"href":"https:\/\/www.italianacontenitori.com\/es\/wp-json\/wp\/v2\/product_brand?post=241723"},{"taxonomy":"product_cat","embeddable":true,"href":"https:\/\/www.italianacontenitori.com\/es\/wp-json\/wp\/v2\/product_cat?post=241723"},{"taxonomy":"product_tag","embeddable":true,"href":"https:\/\/www.italianacontenitori.com\/es\/wp-json\/wp\/v2\/product_tag?post=241723"}],"curies":[{"name":"wp","href":"https:\/\/api.w.org\/{rel}","templated":true}]}}