{"id":241766,"date":"2020-12-03T16:55:39","date_gmt":"2020-12-03T16:55:39","guid":{"rendered":"https:\/\/www.italianacontenitori.com\/product\/roll-120-x-80-cm-base-reforzada\/"},"modified":"2026-04-10T14:38:09","modified_gmt":"2026-04-10T14:38:09","slug":"roll-120-x-80-cm-base-reforzada","status":"publish","type":"product","link":"https:\/\/www.italianacontenitori.com\/es\/producto\/roll-120-x-80-cm-base-reforzada\/","title":{"rendered":"Rollo contenedor MAXI 120 x 80 cm &#8211; Reforzado"},"content":{"rendered":"<p>El <strong>roll container maxi 120 x 80 cm con base reforzada<\/strong> es la opci\u00f3n ideal para almacenar y manipular mercanc\u00edas voluminosas. Sus dimensiones exteriores de <strong>1200 x 800 mm<\/strong> corresponden exactamente a las de un <strong>palet est\u00e1ndar<\/strong>, lo que garantiza un transporte eficaz en cami\u00f3n y optimiza el espacio para operaciones r\u00e1pidas de carga y descarga. Puede alojar hasta <strong>tres estantes horizontales<\/strong>, lo que permite una gesti\u00f3n \u00f3ptima del volumen disponible y, por tanto, de las mercanc\u00edas transportadas.  <\/p>\n<p>Dise\u00f1ado para un uso intensivo en entornos como <strong>supermercados<\/strong>, <strong>lavander\u00edas industriales<\/strong> y <strong>plantas de fabricaci\u00f3n<\/strong>, este roll container est\u00e1 disponible en tres alturas diferentes <strong>-1520 mm, 1650 mm y 1800 mm-<\/strong> para satisfacer los distintos requisitos operativos de cada sector. Su <strong>dise\u00f1o desmontable<\/strong> facilita el transporte y optimiza el espacio, permitiendo transportar varias<strong> unidades desmontadas<\/strong> en un contenedor montado. <\/p>\n<h2><strong>Rollo maxi 120 x 80 cm de un vistazo:<\/strong><\/h2>\n<ul>\n<li><strong>Dimensiones exteriores<\/strong>: 1200 x 800 mm (dimensiones de un palet est\u00e1ndar)<\/li>\n<li><strong>Alturas disponibles<\/strong>: 1520 mm, 1650 mm, 1800 mm<\/li>\n<li><strong>Capacidad de carga m\u00e1xima<\/strong>: 600 kg<\/li>\n<\/ul>\n<p>Equipado con una<strong> densa<\/strong> <strong>base de <\/strong><strong>malla met\u00e1lica<\/strong>, el <strong>contenedor rodante<\/strong> garantiza una gran resistencia y seguridad, evitando que la mercanc\u00eda se caiga durante el transporte. Los ra\u00edles laterales, que pueden configurarse con una <strong>trampilla<\/strong>, facilitan y agilizan la carga y descarga. Las ruedas, disponibles en varios materiales como <strong>nailon<\/strong> y <strong>goma silenciosa<\/strong>, garantizan una excelente maniobrabilidad incluso en entornos que requieren silencio.  <\/p>\n<p>Fabricado en <strong>hierro<\/strong> robusto, su <strong>acabado electrol\u00edtico blanco azulado<\/strong> proporciona una protecci\u00f3n duradera contra la corrosi\u00f3n, lo que lo hace adecuado para entornos industriales. Con una capacidad de carga de hasta <strong>600 kg<\/strong>, este <strong>roll container maxi<\/strong> con <strong>refuerzos en las esquinas de la base<\/strong> garantiza una estabilidad superior y una larga vida \u00fatil incluso con un uso intensivo. El <strong>maxi roll<\/strong> container es un aliado insustituible para quienes exigen eficacia log\u00edstica, optimizaci\u00f3n del tiempo y m\u00e1xima versatilidad, sobre todo en industrias que requieren soluciones robustas y seguras para la <strong>manipulaci\u00f3n de mercanc\u00edas y productos grandes y pesados.<\/strong>  <\/p>\n","protected":false},"excerpt":{"rendered":"<p>Roll container de gran tama\u00f1o para almacenamiento y transporte. Puede albergar hasta tres estantes horizontales. Disponible en varias alturas y configuraciones para gestionar mejor el almacenamiento y el transporte de mercanc\u00edas. La base de esquinas reforzadas asegura una mayor resistencia.<\/p>\n","protected":false},"featured_media":240253,"comment_status":"open","ping_status":"closed","template":"","meta":{"_acf_changed":false,"_et_pb_use_builder":"","_et_pb_old_content":"","_et_gb_content_width":""},"product_brand":[],"product_cat":[1548],"product_tag":[2119],"class_list":{"0":"post-241766","1":"product","2":"type-product","3":"status-publish","4":"has-post-thumbnail","6":"product_cat-roll-container-es","7":"product_tag-roll-container-dimensiones-maxi","9":"first","10":"instock","11":"shipping-taxable","12":"purchasable","13":"product-type-variable","14":"has-default-attributes"},"acf":[],"yoast_head":"<!-- This site is optimized with the Yoast SEO plugin v27.3 - https:\/\/yoast.com\/product\/yoast-seo-wordpress\/ -->\n<title>Roll Container MAXI | Reforzado: 120 x 80 cm | Italiana Contenitori<\/title>\n<meta name=\"description\" content=\"Roll Container Maxi con base reforzada, robusto y estable para cargas de hasta 600 kg. Desmontable y personalizable. Fabricamos rollos desde 1981.\" \/>\n<meta name=\"robots\" content=\"index, follow, max-snippet:-1, max-image-preview:large, max-video-preview:-1\" \/>\n<link rel=\"canonical\" href=\"https:\/\/www.italianacontenitori.com\/es\/producto\/roll-120-x-80-cm-base-reforzada\/\" \/>\n<meta property=\"og:locale\" content=\"es_ES\" \/>\n<meta property=\"og:type\" content=\"article\" \/>\n<meta property=\"og:title\" content=\"Roll Container MAXI | Reforzado: 120 x 80 cm | Italiana Contenitori\" \/>\n<meta property=\"og:description\" content=\"Roll Container Maxi con base reforzada, robusto y estable para cargas de hasta 600 kg. Desmontable y personalizable. Fabricamos rollos desde 1981.\" \/>\n<meta property=\"og:url\" content=\"https:\/\/www.italianacontenitori.com\/es\/producto\/roll-120-x-80-cm-base-reforzada\/\" \/>\n<meta property=\"og:site_name\" content=\"italianacontenitori.com\" \/>\n<meta property=\"article:modified_time\" content=\"2026-04-10T14:38:09+00:00\" \/>\n<meta property=\"og:image\" content=\"https:\/\/www.italianacontenitori.com\/wp-content\/uploads\/2020\/12\/ROLR0170H4R0-1.png\" \/>\n\t<meta property=\"og:image:width\" content=\"1024\" \/>\n\t<meta property=\"og:image:height\" content=\"1024\" \/>\n\t<meta property=\"og:image:type\" content=\"image\/png\" \/>\n<meta name=\"twitter:card\" content=\"summary_large_image\" \/>\n<meta name=\"twitter:label1\" content=\"Tiempo de lectura\" \/>\n\t<meta name=\"twitter:data1\" content=\"2 minutos\" \/>\n<script type=\"application\/ld+json\" class=\"yoast-schema-graph\">{\"@context\":\"https:\\\/\\\/schema.org\",\"@graph\":[{\"@type\":\"WebPage\",\"@id\":\"https:\\\/\\\/www.italianacontenitori.com\\\/es\\\/producto\\\/roll-120-x-80-cm-base-reforzada\\\/\",\"url\":\"https:\\\/\\\/www.italianacontenitori.com\\\/es\\\/producto\\\/roll-120-x-80-cm-base-reforzada\\\/\",\"name\":\"Roll Container MAXI | Reforzado: 120 x 80 cm | Italiana Contenitori\",\"isPartOf\":{\"@id\":\"https:\\\/\\\/www.italianacontenitori.com\\\/es\\\/#website\"},\"primaryImageOfPage\":{\"@id\":\"https:\\\/\\\/www.italianacontenitori.com\\\/es\\\/producto\\\/roll-120-x-80-cm-base-reforzada\\\/#primaryimage\"},\"image\":{\"@id\":\"https:\\\/\\\/www.italianacontenitori.com\\\/es\\\/producto\\\/roll-120-x-80-cm-base-reforzada\\\/#primaryimage\"},\"thumbnailUrl\":\"https:\\\/\\\/www.italianacontenitori.com\\\/wp-content\\\/uploads\\\/2020\\\/12\\\/ROLR0170H4R0-1.png\",\"datePublished\":\"2020-12-03T16:55:39+00:00\",\"dateModified\":\"2026-04-10T14:38:09+00:00\",\"description\":\"Roll Container Maxi con base reforzada, robusto y estable para cargas de hasta 600 kg. Desmontable y personalizable. Fabricamos rollos desde 1981.\",\"breadcrumb\":{\"@id\":\"https:\\\/\\\/www.italianacontenitori.com\\\/es\\\/producto\\\/roll-120-x-80-cm-base-reforzada\\\/#breadcrumb\"},\"inLanguage\":\"es\",\"potentialAction\":[{\"@type\":\"ReadAction\",\"target\":[\"https:\\\/\\\/www.italianacontenitori.com\\\/es\\\/producto\\\/roll-120-x-80-cm-base-reforzada\\\/\"]}]},{\"@type\":\"ImageObject\",\"inLanguage\":\"es\",\"@id\":\"https:\\\/\\\/www.italianacontenitori.com\\\/es\\\/producto\\\/roll-120-x-80-cm-base-reforzada\\\/#primaryimage\",\"url\":\"https:\\\/\\\/www.italianacontenitori.com\\\/wp-content\\\/uploads\\\/2020\\\/12\\\/ROLR0170H4R0-1.png\",\"contentUrl\":\"https:\\\/\\\/www.italianacontenitori.com\\\/wp-content\\\/uploads\\\/2020\\\/12\\\/ROLR0170H4R0-1.png\",\"width\":1024,\"height\":1024,\"caption\":\"Contenedor rodante MAXI con base est\u00e1ndar de 120 x 80 cm. Capacidad de carga m\u00e1xima: 600 kg. Varias alturas disponibles. Hasta 3 estantes y accesorios\"},{\"@type\":\"BreadcrumbList\",\"@id\":\"https:\\\/\\\/www.italianacontenitori.com\\\/es\\\/producto\\\/roll-120-x-80-cm-base-reforzada\\\/#breadcrumb\",\"itemListElement\":[{\"@type\":\"ListItem\",\"position\":1,\"name\":\"Home\",\"item\":\"https:\\\/\\\/www.italianacontenitori.com\\\/es\\\/contenedores-de-malla-metalica\\\/\"},{\"@type\":\"ListItem\",\"position\":2,\"name\":\"Rollo contenedor MAXI 120 x 80 cm &#8211; Reforzado\"}]},{\"@type\":\"WebSite\",\"@id\":\"https:\\\/\\\/www.italianacontenitori.com\\\/es\\\/#website\",\"url\":\"https:\\\/\\\/www.italianacontenitori.com\\\/es\\\/\",\"name\":\"italianacontenitori.com\",\"description\":\"Produzione di contenitori industriali e roll container\",\"publisher\":{\"@id\":\"https:\\\/\\\/www.italianacontenitori.com\\\/es\\\/#organization\"},\"potentialAction\":[{\"@type\":\"SearchAction\",\"target\":{\"@type\":\"EntryPoint\",\"urlTemplate\":\"https:\\\/\\\/www.italianacontenitori.com\\\/es\\\/?s={search_term_string}\"},\"query-input\":{\"@type\":\"PropertyValueSpecification\",\"valueRequired\":true,\"valueName\":\"search_term_string\"}}],\"inLanguage\":\"es\"},{\"@type\":\"Organization\",\"@id\":\"https:\\\/\\\/www.italianacontenitori.com\\\/es\\\/#organization\",\"name\":\"Italiana Contenitori s.r.l.\",\"alternateName\":\"IC\",\"url\":\"https:\\\/\\\/www.italianacontenitori.com\\\/es\\\/\",\"logo\":{\"@type\":\"ImageObject\",\"inLanguage\":\"es\",\"@id\":\"https:\\\/\\\/www.italianacontenitori.com\\\/es\\\/#\\\/schema\\\/logo\\\/image\\\/\",\"url\":\"https:\\\/\\\/www.italianacontenitori.com\\\/wp-content\\\/uploads\\\/2020\\\/11\\\/cropped-Logo-Italiana-Contenitori_favicon.jpg\",\"contentUrl\":\"https:\\\/\\\/www.italianacontenitori.com\\\/wp-content\\\/uploads\\\/2020\\\/11\\\/cropped-Logo-Italiana-Contenitori_favicon.jpg\",\"width\":512,\"height\":512,\"caption\":\"Italiana Contenitori s.r.l.\"},\"image\":{\"@id\":\"https:\\\/\\\/www.italianacontenitori.com\\\/es\\\/#\\\/schema\\\/logo\\\/image\\\/\"}}]}<\/script>\n<!-- \/ Yoast SEO plugin. -->","yoast_head_json":{"title":"Roll Container MAXI | Reforzado: 120 x 80 cm | Italiana Contenitori","description":"Roll Container Maxi con base reforzada, robusto y estable para cargas de hasta 600 kg. Desmontable y personalizable. Fabricamos rollos desde 1981.","robots":{"index":"index","follow":"follow","max-snippet":"max-snippet:-1","max-image-preview":"max-image-preview:large","max-video-preview":"max-video-preview:-1"},"canonical":"https:\/\/www.italianacontenitori.com\/es\/producto\/roll-120-x-80-cm-base-reforzada\/","og_locale":"es_ES","og_type":"article","og_title":"Roll Container MAXI | Reforzado: 120 x 80 cm | Italiana Contenitori","og_description":"Roll Container Maxi con base reforzada, robusto y estable para cargas de hasta 600 kg. Desmontable y personalizable. Fabricamos rollos desde 1981.","og_url":"https:\/\/www.italianacontenitori.com\/es\/producto\/roll-120-x-80-cm-base-reforzada\/","og_site_name":"italianacontenitori.com","article_modified_time":"2026-04-10T14:38:09+00:00","og_image":[{"width":1024,"height":1024,"url":"https:\/\/www.italianacontenitori.com\/wp-content\/uploads\/2020\/12\/ROLR0170H4R0-1.png","type":"image\/png"}],"twitter_card":"summary_large_image","twitter_misc":{"Tiempo de lectura":"2 minutos"},"schema":{"@context":"https:\/\/schema.org","@graph":[{"@type":"WebPage","@id":"https:\/\/www.italianacontenitori.com\/es\/producto\/roll-120-x-80-cm-base-reforzada\/","url":"https:\/\/www.italianacontenitori.com\/es\/producto\/roll-120-x-80-cm-base-reforzada\/","name":"Roll Container MAXI | Reforzado: 120 x 80 cm | Italiana Contenitori","isPartOf":{"@id":"https:\/\/www.italianacontenitori.com\/es\/#website"},"primaryImageOfPage":{"@id":"https:\/\/www.italianacontenitori.com\/es\/producto\/roll-120-x-80-cm-base-reforzada\/#primaryimage"},"image":{"@id":"https:\/\/www.italianacontenitori.com\/es\/producto\/roll-120-x-80-cm-base-reforzada\/#primaryimage"},"thumbnailUrl":"https:\/\/www.italianacontenitori.com\/wp-content\/uploads\/2020\/12\/ROLR0170H4R0-1.png","datePublished":"2020-12-03T16:55:39+00:00","dateModified":"2026-04-10T14:38:09+00:00","description":"Roll Container Maxi con base reforzada, robusto y estable para cargas de hasta 600 kg. Desmontable y personalizable. Fabricamos rollos desde 1981.","breadcrumb":{"@id":"https:\/\/www.italianacontenitori.com\/es\/producto\/roll-120-x-80-cm-base-reforzada\/#breadcrumb"},"inLanguage":"es","potentialAction":[{"@type":"ReadAction","target":["https:\/\/www.italianacontenitori.com\/es\/producto\/roll-120-x-80-cm-base-reforzada\/"]}]},{"@type":"ImageObject","inLanguage":"es","@id":"https:\/\/www.italianacontenitori.com\/es\/producto\/roll-120-x-80-cm-base-reforzada\/#primaryimage","url":"https:\/\/www.italianacontenitori.com\/wp-content\/uploads\/2020\/12\/ROLR0170H4R0-1.png","contentUrl":"https:\/\/www.italianacontenitori.com\/wp-content\/uploads\/2020\/12\/ROLR0170H4R0-1.png","width":1024,"height":1024,"caption":"Contenedor rodante MAXI con base est\u00e1ndar de 120 x 80 cm. Capacidad de carga m\u00e1xima: 600 kg. Varias alturas disponibles. Hasta 3 estantes y accesorios"},{"@type":"BreadcrumbList","@id":"https:\/\/www.italianacontenitori.com\/es\/producto\/roll-120-x-80-cm-base-reforzada\/#breadcrumb","itemListElement":[{"@type":"ListItem","position":1,"name":"Home","item":"https:\/\/www.italianacontenitori.com\/es\/contenedores-de-malla-metalica\/"},{"@type":"ListItem","position":2,"name":"Rollo contenedor MAXI 120 x 80 cm &#8211; Reforzado"}]},{"@type":"WebSite","@id":"https:\/\/www.italianacontenitori.com\/es\/#website","url":"https:\/\/www.italianacontenitori.com\/es\/","name":"italianacontenitori.com","description":"Produzione di contenitori industriali e roll container","publisher":{"@id":"https:\/\/www.italianacontenitori.com\/es\/#organization"},"potentialAction":[{"@type":"SearchAction","target":{"@type":"EntryPoint","urlTemplate":"https:\/\/www.italianacontenitori.com\/es\/?s={search_term_string}"},"query-input":{"@type":"PropertyValueSpecification","valueRequired":true,"valueName":"search_term_string"}}],"inLanguage":"es"},{"@type":"Organization","@id":"https:\/\/www.italianacontenitori.com\/es\/#organization","name":"Italiana Contenitori s.r.l.","alternateName":"IC","url":"https:\/\/www.italianacontenitori.com\/es\/","logo":{"@type":"ImageObject","inLanguage":"es","@id":"https:\/\/www.italianacontenitori.com\/es\/#\/schema\/logo\/image\/","url":"https:\/\/www.italianacontenitori.com\/wp-content\/uploads\/2020\/11\/cropped-Logo-Italiana-Contenitori_favicon.jpg","contentUrl":"https:\/\/www.italianacontenitori.com\/wp-content\/uploads\/2020\/11\/cropped-Logo-Italiana-Contenitori_favicon.jpg","width":512,"height":512,"caption":"Italiana Contenitori s.r.l."},"image":{"@id":"https:\/\/www.italianacontenitori.com\/es\/#\/schema\/logo\/image\/"}}]}},"_links":{"self":[{"href":"https:\/\/www.italianacontenitori.com\/es\/wp-json\/wp\/v2\/product\/241766","targetHints":{"allow":["GET"]}}],"collection":[{"href":"https:\/\/www.italianacontenitori.com\/es\/wp-json\/wp\/v2\/product"}],"about":[{"href":"https:\/\/www.italianacontenitori.com\/es\/wp-json\/wp\/v2\/types\/product"}],"replies":[{"embeddable":true,"href":"https:\/\/www.italianacontenitori.com\/es\/wp-json\/wp\/v2\/comments?post=241766"}],"wp:featuredmedia":[{"embeddable":true,"href":"https:\/\/www.italianacontenitori.com\/es\/wp-json\/wp\/v2\/media\/240253"}],"wp:attachment":[{"href":"https:\/\/www.italianacontenitori.com\/es\/wp-json\/wp\/v2\/media?parent=241766"}],"wp:term":[{"taxonomy":"product_brand","embeddable":true,"href":"https:\/\/www.italianacontenitori.com\/es\/wp-json\/wp\/v2\/product_brand?post=241766"},{"taxonomy":"product_cat","embeddable":true,"href":"https:\/\/www.italianacontenitori.com\/es\/wp-json\/wp\/v2\/product_cat?post=241766"},{"taxonomy":"product_tag","embeddable":true,"href":"https:\/\/www.italianacontenitori.com\/es\/wp-json\/wp\/v2\/product_tag?post=241766"}],"curies":[{"name":"wp","href":"https:\/\/api.w.org\/{rel}","templated":true}]}}