{"id":239266,"date":"2020-12-30T10:15:48","date_gmt":"2020-12-30T10:15:48","guid":{"rendered":"https:\/\/www.italianacontenitori.com\/boutique\/"},"modified":"2026-01-15T08:57:41","modified_gmt":"2026-01-15T08:57:41","slug":"catalogue-fr","status":"publish","type":"page","link":"https:\/\/www.italianacontenitori.com\/fr\/catalogue-fr\/","title":{"rendered":"Catalogue"},"content":{"rendered":"<p>[et_pb_section fb_built=&#8221;1&#8243; specialty=&#8221;on&#8221; _builder_version=&#8221;4.16&#8243; _module_preset=&#8221;default&#8221; background_color=&#8221;#f2f2f2&#8243; width=&#8221;100%&#8221; max_width=&#8221;100%&#8221; inner_width=&#8221;100%&#8221; inner_max_width=&#8221;100%&#8221; custom_padding=&#8221;2px|||10px|false|false&#8221; global_colors_info=&#8221;{}&#8221;][et_pb_column type=&#8221;3_4&#8243; specialty_columns=&#8221;3&#8243; _builder_version=&#8221;4.16&#8243; custom_padding=&#8221;|||&#8221; global_colors_info=&#8221;{}&#8221; custom_padding__hover=&#8221;|||&#8221;][et_pb_row_inner column_structure=&#8221;1_2,1_2&#8243; use_custom_gutter=&#8221;on&#8221; gutter_width=&#8221;2&#8243; _builder_version=&#8221;4.16&#8243; _module_preset=&#8221;default&#8221; width=&#8221;100%&#8221; max_width=&#8221;100%&#8221; custom_padding=&#8221;||4px|||&#8221; global_colors_info=&#8221;{}&#8221;][et_pb_column_inner type=&#8221;1_2&#8243; saved_specialty_column_type=&#8221;3_4&#8243; _builder_version=&#8221;4.16&#8243; _module_preset=&#8221;default&#8221; global_colors_info=&#8221;{}&#8221;][et_pb_sidebar area=&#8221;et_pb_widget_area_1&#8243; disabled_on=&#8221;off|off|off&#8221; admin_label=&#8221;Famiglia&#8221; _builder_version=&#8221;4.16&#8243; _module_preset=&#8221;default&#8221; global_colors_info=&#8221;{}&#8221;][\/et_pb_sidebar][\/et_pb_column_inner][et_pb_column_inner type=&#8221;1_2&#8243; saved_specialty_column_type=&#8221;3_4&#8243; _builder_version=&#8221;4.16&#8243; _module_preset=&#8221;default&#8221; global_colors_info=&#8221;{}&#8221;][et_pb_sidebar area=&#8221;et_pb_widget_area_2&#8243; disabled_on=&#8221;off|off|off&#8221; admin_label=&#8221;Impieghi&#8221; _builder_version=&#8221;4.16&#8243; _module_preset=&#8221;default&#8221; global_colors_info=&#8221;{}&#8221;][\/et_pb_sidebar][\/et_pb_column_inner][\/et_pb_row_inner][et_pb_row_inner _builder_version=&#8221;4.16&#8243; _module_preset=&#8221;default&#8221; custom_padding=&#8221;4px|||||&#8221; global_colors_info=&#8221;{}&#8221;][et_pb_column_inner saved_specialty_column_type=&#8221;3_4&#8243; _builder_version=&#8221;4.16&#8243; _module_preset=&#8221;default&#8221; global_colors_info=&#8221;{}&#8221;][et_pb_shop posts_number=&#8221;25&#8243; show_pagination=&#8221;on&#8221; columns_number=&#8221;4&#8243; _builder_version=&#8221;4.27.0&#8243; _module_preset=&#8221;default&#8221; title_text_color=&#8221;#01A25F&#8221; title_font_size=&#8221;20px&#8221; title_letter_spacing=&#8221;1px&#8221; rating_font_size=&#8221;10px&#8221; rating_letter_spacing=&#8221;4px&#8221; background_color=&#8221;rgba(0,0,0,0.01)&#8221; child_filter_brightness=&#8221;95%&#8221; hover_enabled=&#8221;0&#8243; bapf_apply=&#8221;enable&#8221; border_radii_image=&#8221;on|10px|10px|10px|10px&#8221; global_colors_info=&#8221;{}&#8221; sticky_enabled=&#8221;0&#8243;][\/et_pb_shop][\/et_pb_column_inner][\/et_pb_row_inner][et_pb_row_inner _builder_version=&#8221;4.23.1&#8243; _module_preset=&#8221;default&#8221; global_colors_info=&#8221;{}&#8221;][et_pb_column_inner saved_specialty_column_type=&#8221;3_4&#8243; _builder_version=&#8221;4.23.1&#8243; _module_preset=&#8221;default&#8221; global_colors_info=&#8221;{}&#8221;][et_pb_text _builder_version=&#8221;4.23.1&#8243; _module_preset=&#8221;default&#8221; header_font_size=&#8221;40px&#8221; custom_margin=&#8221;||1px|||&#8221; custom_padding=&#8221;||19px|||&#8221; global_colors_info=&#8221;{}&#8221;]<\/p>\n<h1>Le catalogue Italiana Contenitori<\/h1>\n<h2><span style=\"color: #339966;\">La valeur d&#8217;un produit qui a fait de la perfection une tradition<\/span><\/h2>\n<p>[\/et_pb_text][et_pb_text _builder_version=&#8221;4.23.1&#8243; _module_preset=&#8221;default&#8221; global_colors_info=&#8221;{}&#8221;]<\/p>\n<p>Avec plus de quatre d\u00e9cennies d&#8217;expertise dans l&#8217;industrie, nous sommes fiers de pr\u00e9senter notre catalogue de solutions de stockage et de manutention des marchandises, des conteneurs en treillis m\u00e9tallique galvanis\u00e9 qui repr\u00e9sentent l&#8217;excellence en mati\u00e8re de logistique et de stockage. Nos conteneurs sont un <strong>embl\u00e8me de robustesse, de solidit\u00e9 et de durabilit\u00e9,<\/strong> fruit de l&#8217;exp\u00e9rience et d&#8217;un engagement constant dans la recherche et le d\u00e9veloppement. En choisissant Italiana Contenitori, vous optez pour <strong>un partenaire<\/strong> de confiance, capable de vous offrir des solutions de qualit\u00e9 sup\u00e9rieure \u00e0 un prix comp\u00e9titif. Faites confiance \u00e0 notre exp\u00e9rience pour vos besoins en conteneurs m\u00e9talliques.<\/p>\n<h2>Pourquoi choisir des conteneurs en treillis m\u00e9tallique ?<\/h2>\n<p>Les <strong>conteneurs en treillis m\u00e9tallique<\/strong> sont l\u00e9gers, agiles et peuvent \u00eatre pli\u00e9s lorsqu&#8217;ils ne sont pas utilis\u00e9s, empil\u00e9s pour cr\u00e9er des entrep\u00f4ts verticaux, utilis\u00e9s pour d\u00e9placer des marchandises lourdes sans effort et sans bruit, plac\u00e9s sur des palettes pour cr\u00e9er un espace de chargement, utilis\u00e9s pour transporter des objets de valeur en toute s\u00e9curit\u00e9.<\/p>\n<h2>Types de conteneurs en fil de fer<\/h2>\n<p>D\u00e9couvrez dans notre assortiment une vari\u00e9t\u00e9 de conteneurs grillag\u00e9s con\u00e7us pour optimiser la gestion de l&#8217;espace et la logistique dans votre environnement de travail. Notre gamme de <strong>roll conteneurs<\/strong>, disponible dans de nombreuses configurations \u00e0 deux, trois et quatre c\u00f4t\u00e9s, a \u00e9t\u00e9 d\u00e9velopp\u00e9e pour assurer une manutention s\u00fbre, efficace et sans heurts des marchandises.<\/p>\n<p>Pour la manutention des palettes, vous trouverez dans le catalogue des <strong>cloisons<\/strong> sp\u00e9cialement con\u00e7ues pour maximiser l&#8217;utilisation de l&#8217;espace disponible. Notre catalogue est compl\u00e9t\u00e9 par des <strong>bo\u00eetes et des paniers en m\u00e9tal<\/strong>, con\u00e7us pour r\u00e9pondre aux besoins sp\u00e9cifiques des diff\u00e9rentes industries, comme les s\u00e9ries Market, Leggero et Emak.<\/p>\n<h2>Applications et domaines d&#8217;utilisation des paniers en treillis m\u00e9tallique et des roll conteneurs<\/h2>\n<p>Notre gamme de produits est parfaitement adapt\u00e9e \u00e0 de nombreux secteurs, de la blanchisserie \u00e0 l&#8217;industrie lourde, en passant par le vin et l&#8217;agriculture, le commerce de d\u00e9tail \u00e0 grande \u00e9chelle et les installations hospitali\u00e8res. Pour la manutention de marchandises d\u00e9licates ou particuli\u00e8rement pr\u00e9cieuses, telles que des objets de valeur ou des produits de haute technologie, vous trouverez notre s\u00e9rie de conteneurs roll de s\u00e9curit\u00e9, \u00e9quip\u00e9s d&#8217;un filet et d&#8217;une fermeture \u00e9tanches.<\/p>\n<h2>La valeur du <em>Made in Italy &#8211;<\/em> Conteneurs sur mesure, respect de l&#8217;environnement et du travail<\/h2>\n<p>Chez Italiana Contenitori, la standardisation laisse \u00e9galement la place \u00e0 l&#8217;innovation et \u00e0 la personnalisation : nous contr\u00f4lons en interne chaque \u00e9tape du cycle de production, de la s\u00e9lection des mati\u00e8res premi\u00e8res \u00e0 la livraison finale, ce qui garantit des produits de haute qualit\u00e9. Un d\u00e9partement d\u00e9di\u00e9 \u00e0 la conception de conteneurs industriels personnalis\u00e9s, fabriqu\u00e9s selon vos exigences et \u00e9galement sur la base de projets, est toujours \u00e0 votre disposition.<\/p>\n<p>Les produits IC sont fabriqu\u00e9s dans le respect de l&#8217;environnement et des droits des travailleurs. En outre, \u00e9tant durables et enti\u00e8rement recyclables, ils r\u00e9duisent l&#8217;impact sur l&#8217;environnement dans tous les secteurs o\u00f9 ils sont utilis\u00e9s.<\/p>\n<p>[\/et_pb_text][\/et_pb_column_inner][\/et_pb_row_inner][\/et_pb_column][et_pb_column type=&#8221;1_4&#8243; _builder_version=&#8221;4.16&#8243; custom_padding=&#8221;|||&#8221; global_colors_info=&#8221;{}&#8221; custom_padding__hover=&#8221;|||&#8221;][et_pb_sidebar admin_label=&#8221;Sidebar&#8221; _builder_version=&#8221;4.16&#8243; _module_preset=&#8221;default&#8221; scroll_vertical_motion=&#8221;0|22|22|100|4|0|-4&#8243; motion_trigger_start=&#8221;top&#8221; global_colors_info=&#8221;{}&#8221;][\/et_pb_sidebar][\/et_pb_column][\/et_pb_section]<\/p>\n","protected":false},"excerpt":{"rendered":"<p>Le catalogue Italiana Contenitori La valeur d&#8217;un produit qui a fait de la perfection une traditionAvec plus de quatre d\u00e9cennies d&#8217;expertise dans l&#8217;industrie, nous sommes fiers de pr\u00e9senter notre catalogue de solutions de stockage et de manutention des marchandises, des conteneurs en treillis m\u00e9tallique galvanis\u00e9 qui repr\u00e9sentent l&#8217;excellence en mati\u00e8re de logistique et de stockage. [&hellip;]<\/p>\n","protected":false},"author":1,"featured_media":0,"parent":0,"menu_order":0,"comment_status":"closed","ping_status":"closed","template":"","meta":{"_acf_changed":false,"_et_pb_use_builder":"on","_et_pb_old_content":"","_et_gb_content_width":"","footnotes":""},"class_list":["post-239266","page","type-page","status-publish","hentry"],"acf":{"mirror_link":null,"campaign_id":null,"newsletter_html":null},"yoast_head":"<!-- This site is optimized with the Yoast SEO plugin v27.3 - https:\/\/yoast.com\/product\/yoast-seo-wordpress\/ -->\n<title>Catalogue - italianacontenitori.com<\/title>\n<meta name=\"description\" content=\"Un aper\u00e7u complet de tous les mod\u00e8les de conteneurs industriels d&#039;IC : conteneurs grillag\u00e9s empilables, rehausse palette m\u00e9tallique, roll conteneurs, etc.\" \/>\n<meta name=\"robots\" content=\"index, follow, max-snippet:-1, max-image-preview:large, max-video-preview:-1\" \/>\n<link rel=\"canonical\" href=\"https:\/\/www.italianacontenitori.com\/fr\/catalogue-fr\/\" \/>\n<meta property=\"og:locale\" content=\"fr_FR\" \/>\n<meta property=\"og:type\" content=\"article\" \/>\n<meta property=\"og:title\" content=\"Catalogue - italianacontenitori.com\" \/>\n<meta property=\"og:description\" content=\"Un aper\u00e7u complet de tous les mod\u00e8les de conteneurs industriels d&#039;IC : conteneurs grillag\u00e9s empilables, rehausse palette m\u00e9tallique, roll conteneurs, etc.\" \/>\n<meta property=\"og:url\" content=\"https:\/\/www.italianacontenitori.com\/fr\/catalogue-fr\/\" \/>\n<meta property=\"og:site_name\" content=\"italianacontenitori.com\" \/>\n<meta property=\"article:modified_time\" content=\"2026-01-15T08:57:41+00:00\" \/>\n<meta name=\"twitter:card\" content=\"summary_large_image\" \/>\n<meta name=\"twitter:label1\" content=\"Dur\u00e9e de lecture estim\u00e9e\" \/>\n\t<meta name=\"twitter:data1\" content=\"5 minutes\" \/>\n<script type=\"application\/ld+json\" class=\"yoast-schema-graph\">{\"@context\":\"https:\\\/\\\/schema.org\",\"@graph\":[{\"@type\":\"WebPage\",\"@id\":\"https:\\\/\\\/www.italianacontenitori.com\\\/fr\\\/catalogue-fr\\\/\",\"url\":\"https:\\\/\\\/www.italianacontenitori.com\\\/fr\\\/catalogue-fr\\\/\",\"name\":\"Catalogue - italianacontenitori.com\",\"isPartOf\":{\"@id\":\"https:\\\/\\\/www.italianacontenitori.com\\\/fr\\\/#website\"},\"datePublished\":\"2020-12-30T10:15:48+00:00\",\"dateModified\":\"2026-01-15T08:57:41+00:00\",\"description\":\"Un aper\u00e7u complet de tous les mod\u00e8les de conteneurs industriels d'IC : conteneurs grillag\u00e9s empilables, rehausse palette m\u00e9tallique, roll conteneurs, etc.\",\"breadcrumb\":{\"@id\":\"https:\\\/\\\/www.italianacontenitori.com\\\/fr\\\/catalogue-fr\\\/#breadcrumb\"},\"inLanguage\":\"fr-FR\",\"potentialAction\":[{\"@type\":\"ReadAction\",\"target\":[\"https:\\\/\\\/www.italianacontenitori.com\\\/fr\\\/catalogue-fr\\\/\"]}]},{\"@type\":\"BreadcrumbList\",\"@id\":\"https:\\\/\\\/www.italianacontenitori.com\\\/fr\\\/catalogue-fr\\\/#breadcrumb\",\"itemListElement\":[{\"@type\":\"ListItem\",\"position\":1,\"name\":\"Home\",\"item\":\"https:\\\/\\\/www.italianacontenitori.com\\\/fr\\\/conteneurs-a-mailles-metalliques\\\/\"},{\"@type\":\"ListItem\",\"position\":2,\"name\":\"Catalogue\"}]},{\"@type\":\"WebSite\",\"@id\":\"https:\\\/\\\/www.italianacontenitori.com\\\/fr\\\/#website\",\"url\":\"https:\\\/\\\/www.italianacontenitori.com\\\/fr\\\/\",\"name\":\"italianacontenitori.com\",\"description\":\"Produzione di contenitori industriali e roll container\",\"publisher\":{\"@id\":\"https:\\\/\\\/www.italianacontenitori.com\\\/fr\\\/#organization\"},\"potentialAction\":[{\"@type\":\"SearchAction\",\"target\":{\"@type\":\"EntryPoint\",\"urlTemplate\":\"https:\\\/\\\/www.italianacontenitori.com\\\/fr\\\/?s={search_term_string}\"},\"query-input\":{\"@type\":\"PropertyValueSpecification\",\"valueRequired\":true,\"valueName\":\"search_term_string\"}}],\"inLanguage\":\"fr-FR\"},{\"@type\":\"Organization\",\"@id\":\"https:\\\/\\\/www.italianacontenitori.com\\\/fr\\\/#organization\",\"name\":\"Italiana Contenitori s.r.l.\",\"alternateName\":\"IC\",\"url\":\"https:\\\/\\\/www.italianacontenitori.com\\\/fr\\\/\",\"logo\":{\"@type\":\"ImageObject\",\"inLanguage\":\"fr-FR\",\"@id\":\"https:\\\/\\\/www.italianacontenitori.com\\\/fr\\\/#\\\/schema\\\/logo\\\/image\\\/\",\"url\":\"https:\\\/\\\/www.italianacontenitori.com\\\/wp-content\\\/uploads\\\/2020\\\/11\\\/cropped-Logo-Italiana-Contenitori_favicon.jpg\",\"contentUrl\":\"https:\\\/\\\/www.italianacontenitori.com\\\/wp-content\\\/uploads\\\/2020\\\/11\\\/cropped-Logo-Italiana-Contenitori_favicon.jpg\",\"width\":512,\"height\":512,\"caption\":\"Italiana Contenitori s.r.l.\"},\"image\":{\"@id\":\"https:\\\/\\\/www.italianacontenitori.com\\\/fr\\\/#\\\/schema\\\/logo\\\/image\\\/\"}}]}<\/script>\n<!-- \/ Yoast SEO plugin. -->","yoast_head_json":{"title":"Catalogue - italianacontenitori.com","description":"Un aper\u00e7u complet de tous les mod\u00e8les de conteneurs industriels d'IC : conteneurs grillag\u00e9s empilables, rehausse palette m\u00e9tallique, roll conteneurs, etc.","robots":{"index":"index","follow":"follow","max-snippet":"max-snippet:-1","max-image-preview":"max-image-preview:large","max-video-preview":"max-video-preview:-1"},"canonical":"https:\/\/www.italianacontenitori.com\/fr\/catalogue-fr\/","og_locale":"fr_FR","og_type":"article","og_title":"Catalogue - italianacontenitori.com","og_description":"Un aper\u00e7u complet de tous les mod\u00e8les de conteneurs industriels d'IC : conteneurs grillag\u00e9s empilables, rehausse palette m\u00e9tallique, roll conteneurs, etc.","og_url":"https:\/\/www.italianacontenitori.com\/fr\/catalogue-fr\/","og_site_name":"italianacontenitori.com","article_modified_time":"2026-01-15T08:57:41+00:00","twitter_card":"summary_large_image","twitter_misc":{"Dur\u00e9e de lecture estim\u00e9e":"5 minutes"},"schema":{"@context":"https:\/\/schema.org","@graph":[{"@type":"WebPage","@id":"https:\/\/www.italianacontenitori.com\/fr\/catalogue-fr\/","url":"https:\/\/www.italianacontenitori.com\/fr\/catalogue-fr\/","name":"Catalogue - italianacontenitori.com","isPartOf":{"@id":"https:\/\/www.italianacontenitori.com\/fr\/#website"},"datePublished":"2020-12-30T10:15:48+00:00","dateModified":"2026-01-15T08:57:41+00:00","description":"Un aper\u00e7u complet de tous les mod\u00e8les de conteneurs industriels d'IC : conteneurs grillag\u00e9s empilables, rehausse palette m\u00e9tallique, roll conteneurs, etc.","breadcrumb":{"@id":"https:\/\/www.italianacontenitori.com\/fr\/catalogue-fr\/#breadcrumb"},"inLanguage":"fr-FR","potentialAction":[{"@type":"ReadAction","target":["https:\/\/www.italianacontenitori.com\/fr\/catalogue-fr\/"]}]},{"@type":"BreadcrumbList","@id":"https:\/\/www.italianacontenitori.com\/fr\/catalogue-fr\/#breadcrumb","itemListElement":[{"@type":"ListItem","position":1,"name":"Home","item":"https:\/\/www.italianacontenitori.com\/fr\/conteneurs-a-mailles-metalliques\/"},{"@type":"ListItem","position":2,"name":"Catalogue"}]},{"@type":"WebSite","@id":"https:\/\/www.italianacontenitori.com\/fr\/#website","url":"https:\/\/www.italianacontenitori.com\/fr\/","name":"italianacontenitori.com","description":"Produzione di contenitori industriali e roll container","publisher":{"@id":"https:\/\/www.italianacontenitori.com\/fr\/#organization"},"potentialAction":[{"@type":"SearchAction","target":{"@type":"EntryPoint","urlTemplate":"https:\/\/www.italianacontenitori.com\/fr\/?s={search_term_string}"},"query-input":{"@type":"PropertyValueSpecification","valueRequired":true,"valueName":"search_term_string"}}],"inLanguage":"fr-FR"},{"@type":"Organization","@id":"https:\/\/www.italianacontenitori.com\/fr\/#organization","name":"Italiana Contenitori s.r.l.","alternateName":"IC","url":"https:\/\/www.italianacontenitori.com\/fr\/","logo":{"@type":"ImageObject","inLanguage":"fr-FR","@id":"https:\/\/www.italianacontenitori.com\/fr\/#\/schema\/logo\/image\/","url":"https:\/\/www.italianacontenitori.com\/wp-content\/uploads\/2020\/11\/cropped-Logo-Italiana-Contenitori_favicon.jpg","contentUrl":"https:\/\/www.italianacontenitori.com\/wp-content\/uploads\/2020\/11\/cropped-Logo-Italiana-Contenitori_favicon.jpg","width":512,"height":512,"caption":"Italiana Contenitori s.r.l."},"image":{"@id":"https:\/\/www.italianacontenitori.com\/fr\/#\/schema\/logo\/image\/"}}]}},"_links":{"self":[{"href":"https:\/\/www.italianacontenitori.com\/fr\/wp-json\/wp\/v2\/pages\/239266","targetHints":{"allow":["GET"]}}],"collection":[{"href":"https:\/\/www.italianacontenitori.com\/fr\/wp-json\/wp\/v2\/pages"}],"about":[{"href":"https:\/\/www.italianacontenitori.com\/fr\/wp-json\/wp\/v2\/types\/page"}],"author":[{"embeddable":true,"href":"https:\/\/www.italianacontenitori.com\/fr\/wp-json\/wp\/v2\/users\/1"}],"replies":[{"embeddable":true,"href":"https:\/\/www.italianacontenitori.com\/fr\/wp-json\/wp\/v2\/comments?post=239266"}],"version-history":[{"count":5,"href":"https:\/\/www.italianacontenitori.com\/fr\/wp-json\/wp\/v2\/pages\/239266\/revisions"}],"predecessor-version":[{"id":247944,"href":"https:\/\/www.italianacontenitori.com\/fr\/wp-json\/wp\/v2\/pages\/239266\/revisions\/247944"}],"wp:attachment":[{"href":"https:\/\/www.italianacontenitori.com\/fr\/wp-json\/wp\/v2\/media?parent=239266"}],"curies":[{"name":"wp","href":"https:\/\/api.w.org\/{rel}","templated":true}]}}