{"id":241131,"date":"2020-12-15T10:57:07","date_gmt":"2020-12-15T10:57:07","guid":{"rendered":"https:\/\/www.italianacontenitori.com\/product\/roll-tube-o-25mm\/"},"modified":"2026-04-10T14:36:24","modified_gmt":"2026-04-10T14:36:24","slug":"roll-base-francia-fr-72-x-81-t25","status":"publish","type":"product","link":"https:\/\/www.italianacontenitori.com\/fr\/produit\/roll-base-francia-fr-72-x-81-t25\/","title":{"rendered":"Roll conteneur avec base fran\u00e7aise &#8211; 72 x 81 cm (tube \u00f8 25 mm)"},"content":{"rendered":"<p>Le <strong>conteneur roll basic 72&#215;81 cm<\/strong> est une solution <strong>standard<\/strong> polyvalente pour le stockage et le transport efficaces de vos marchandises. Les <strong>c\u00f4t\u00e9s<\/strong>, constitu\u00e9s de <strong>tubes surdimensionn\u00e9s de<\/strong> 25 mm de diam\u00e8tre, offrent une<strong>robustesse sup\u00e9rieure, id\u00e9ale pour les charges lourdes et volumineuses.<\/strong> Ce mod\u00e8le est \u00e9quip\u00e9 <strong>de deux sangles \u00e9lastiques<\/strong> pour s\u00e9curiser la charge lors de la manutention et d&#8217;une plaque m\u00e9tallique sur chaque ridelle pour fixer des \u00e9tiquettes d&#8217;identification.  <\/p>\n<h2>Roll conteneur avec base standard : caract\u00e9ristiques principales<\/h2>\n<ul>\n<li>Dimensions ext\u00e9rieures : 720 x 810 mm<\/li>\n<li>Capacit\u00e9 interne : 660 x 790 mm<\/li>\n<li>Structure : c\u00f4t\u00e9s avec tubes de \u00d825 mm pour une plus grande solidit\u00e9<\/li>\n<li>Accessoires inclus : deux sangles \u00e9lastiques pour s\u00e9curiser la charge et des plaques d&#8217;identification en m\u00e9tal.<\/li>\n<\/ul>\n<p>Ce conteneur roll basique 72&#215;81 est con\u00e7u pour r\u00e9pondre aux besoins de diff\u00e9rents secteurs, une solution fiable et durable pour la manutention et le stockage de marchandises pour divers secteurs tels que le commerce de d\u00e9tail et les points de vente, l&#8217;industrie, les blanchisseries, la gestion des d\u00e9chets, le recyclage, le transport et la manutention interne.<\/p>\n","protected":false},"excerpt":{"rendered":"<p>Roll polyvalent pour le stockage et le transport de marchandises. Les ridelles lat\u00e9rales avec tube de \u00d825 mm garantissent une r\u00e9sistance \u00e9lev\u00e9e. Le produit est dot\u00e9 de deux sangles \u00e9lastiques pour s\u00e9curiser la charge et d\u2019une plaque m\u00e9tallique de chaque c\u00f4t\u00e9 pour appliquer les \u00e9tiquettes \u00e9ventuellement requises.<\/p>\n","protected":false},"featured_media":240138,"comment_status":"open","ping_status":"closed","template":"","meta":{"_acf_changed":false,"_et_pb_use_builder":"","_et_pb_old_content":"","_et_gb_content_width":""},"product_brand":[],"product_cat":[826],"product_tag":[2123],"class_list":{"0":"post-241131","1":"product","2":"type-product","3":"status-publish","4":"has-post-thumbnail","6":"product_cat-roll-conteneur","7":"product_tag-roll-conteneur-dimensions-standard","9":"first","10":"instock","11":"shipping-taxable","12":"purchasable","13":"product-type-variable","14":"has-default-attributes"},"acf":[],"yoast_head":"<!-- This site is optimized with the Yoast SEO plugin v27.3 - https:\/\/yoast.com\/product\/yoast-seo-wordpress\/ -->\n<title>Roll conteneur Standard 72x81 - italianacontenitori.com.<\/title>\n<meta name=\"description\" content=\"Base de roll conteneur 72x81 standard, a des c\u00f4t\u00e9s avec des tubes de 25 mm d&#039;\u00e9paisseur pour une r\u00e9sistance sup\u00e9rieure, deux sangles \u00e9lastiques et des plaques incluses.\" \/>\n<meta name=\"robots\" content=\"index, follow, max-snippet:-1, max-image-preview:large, max-video-preview:-1\" \/>\n<link rel=\"canonical\" href=\"https:\/\/www.italianacontenitori.com\/fr\/produit\/roll-base-francia-fr-72-x-81-t25\/\" \/>\n<meta property=\"og:locale\" content=\"fr_FR\" \/>\n<meta property=\"og:type\" content=\"article\" \/>\n<meta property=\"og:title\" content=\"Roll conteneur Standard 72x81 - italianacontenitori.com.\" \/>\n<meta property=\"og:description\" content=\"Base de roll conteneur 72x81 standard, a des c\u00f4t\u00e9s avec des tubes de 25 mm d&#039;\u00e9paisseur pour une r\u00e9sistance sup\u00e9rieure, deux sangles \u00e9lastiques et des plaques incluses.\" \/>\n<meta property=\"og:url\" content=\"https:\/\/www.italianacontenitori.com\/fr\/produit\/roll-base-francia-fr-72-x-81-t25\/\" \/>\n<meta property=\"og:site_name\" content=\"italianacontenitori.com\" \/>\n<meta property=\"article:modified_time\" content=\"2026-04-10T14:36:24+00:00\" \/>\n<meta property=\"og:image\" content=\"https:\/\/www.italianacontenitori.com\/wp-content\/uploads\/2020\/12\/ROLF0060H210.png\" \/>\n\t<meta property=\"og:image:width\" content=\"1024\" \/>\n\t<meta property=\"og:image:height\" content=\"1024\" \/>\n\t<meta property=\"og:image:type\" content=\"image\/png\" \/>\n<meta name=\"twitter:card\" content=\"summary_large_image\" \/>\n<meta name=\"twitter:label1\" content=\"Dur\u00e9e de lecture estim\u00e9e\" \/>\n\t<meta name=\"twitter:data1\" content=\"1 minute\" \/>\n<script type=\"application\/ld+json\" class=\"yoast-schema-graph\">{\"@context\":\"https:\\\/\\\/schema.org\",\"@graph\":[{\"@type\":\"WebPage\",\"@id\":\"https:\\\/\\\/www.italianacontenitori.com\\\/fr\\\/produit\\\/roll-base-francia-fr-72-x-81-t25\\\/\",\"url\":\"https:\\\/\\\/www.italianacontenitori.com\\\/fr\\\/produit\\\/roll-base-francia-fr-72-x-81-t25\\\/\",\"name\":\"Roll conteneur Standard 72x81 - italianacontenitori.com.\",\"isPartOf\":{\"@id\":\"https:\\\/\\\/www.italianacontenitori.com\\\/fr\\\/#website\"},\"primaryImageOfPage\":{\"@id\":\"https:\\\/\\\/www.italianacontenitori.com\\\/fr\\\/produit\\\/roll-base-francia-fr-72-x-81-t25\\\/#primaryimage\"},\"image\":{\"@id\":\"https:\\\/\\\/www.italianacontenitori.com\\\/fr\\\/produit\\\/roll-base-francia-fr-72-x-81-t25\\\/#primaryimage\"},\"thumbnailUrl\":\"https:\\\/\\\/www.italianacontenitori.com\\\/wp-content\\\/uploads\\\/2020\\\/12\\\/ROLF0060H210.png\",\"datePublished\":\"2020-12-15T10:57:07+00:00\",\"dateModified\":\"2026-04-10T14:36:24+00:00\",\"description\":\"Base de roll conteneur 72x81 standard, a des c\u00f4t\u00e9s avec des tubes de 25 mm d'\u00e9paisseur pour une r\u00e9sistance sup\u00e9rieure, deux sangles \u00e9lastiques et des plaques incluses.\",\"breadcrumb\":{\"@id\":\"https:\\\/\\\/www.italianacontenitori.com\\\/fr\\\/produit\\\/roll-base-francia-fr-72-x-81-t25\\\/#breadcrumb\"},\"inLanguage\":\"fr-FR\",\"potentialAction\":[{\"@type\":\"ReadAction\",\"target\":[\"https:\\\/\\\/www.italianacontenitori.com\\\/fr\\\/produit\\\/roll-base-francia-fr-72-x-81-t25\\\/\"]}]},{\"@type\":\"ImageObject\",\"inLanguage\":\"fr-FR\",\"@id\":\"https:\\\/\\\/www.italianacontenitori.com\\\/fr\\\/produit\\\/roll-base-francia-fr-72-x-81-t25\\\/#primaryimage\",\"url\":\"https:\\\/\\\/www.italianacontenitori.com\\\/wp-content\\\/uploads\\\/2020\\\/12\\\/ROLF0060H210.png\",\"contentUrl\":\"https:\\\/\\\/www.italianacontenitori.com\\\/wp-content\\\/uploads\\\/2020\\\/12\\\/ROLF0060H210.png\",\"width\":1024,\"height\":1024,\"caption\":\"Roll conteneur base fran\u00e7aise avec c\u00f4t\u00e9s renforc\u00e9s. Mod\u00e8le ROLF0060H210\"},{\"@type\":\"BreadcrumbList\",\"@id\":\"https:\\\/\\\/www.italianacontenitori.com\\\/fr\\\/produit\\\/roll-base-francia-fr-72-x-81-t25\\\/#breadcrumb\",\"itemListElement\":[{\"@type\":\"ListItem\",\"position\":1,\"name\":\"Home\",\"item\":\"https:\\\/\\\/www.italianacontenitori.com\\\/fr\\\/conteneurs-a-mailles-metalliques\\\/\"},{\"@type\":\"ListItem\",\"position\":2,\"name\":\"Roll conteneur avec base fran\u00e7aise &#8211; 72 x 81 cm (tube \u00f8 25 mm)\"}]},{\"@type\":\"WebSite\",\"@id\":\"https:\\\/\\\/www.italianacontenitori.com\\\/fr\\\/#website\",\"url\":\"https:\\\/\\\/www.italianacontenitori.com\\\/fr\\\/\",\"name\":\"italianacontenitori.com\",\"description\":\"Produzione di contenitori industriali e roll container\",\"publisher\":{\"@id\":\"https:\\\/\\\/www.italianacontenitori.com\\\/fr\\\/#organization\"},\"potentialAction\":[{\"@type\":\"SearchAction\",\"target\":{\"@type\":\"EntryPoint\",\"urlTemplate\":\"https:\\\/\\\/www.italianacontenitori.com\\\/fr\\\/?s={search_term_string}\"},\"query-input\":{\"@type\":\"PropertyValueSpecification\",\"valueRequired\":true,\"valueName\":\"search_term_string\"}}],\"inLanguage\":\"fr-FR\"},{\"@type\":\"Organization\",\"@id\":\"https:\\\/\\\/www.italianacontenitori.com\\\/fr\\\/#organization\",\"name\":\"Italiana Contenitori s.r.l.\",\"alternateName\":\"IC\",\"url\":\"https:\\\/\\\/www.italianacontenitori.com\\\/fr\\\/\",\"logo\":{\"@type\":\"ImageObject\",\"inLanguage\":\"fr-FR\",\"@id\":\"https:\\\/\\\/www.italianacontenitori.com\\\/fr\\\/#\\\/schema\\\/logo\\\/image\\\/\",\"url\":\"https:\\\/\\\/www.italianacontenitori.com\\\/wp-content\\\/uploads\\\/2020\\\/11\\\/cropped-Logo-Italiana-Contenitori_favicon.jpg\",\"contentUrl\":\"https:\\\/\\\/www.italianacontenitori.com\\\/wp-content\\\/uploads\\\/2020\\\/11\\\/cropped-Logo-Italiana-Contenitori_favicon.jpg\",\"width\":512,\"height\":512,\"caption\":\"Italiana Contenitori s.r.l.\"},\"image\":{\"@id\":\"https:\\\/\\\/www.italianacontenitori.com\\\/fr\\\/#\\\/schema\\\/logo\\\/image\\\/\"}}]}<\/script>\n<!-- \/ Yoast SEO plugin. -->","yoast_head_json":{"title":"Roll conteneur Standard 72x81 - italianacontenitori.com.","description":"Base de roll conteneur 72x81 standard, a des c\u00f4t\u00e9s avec des tubes de 25 mm d'\u00e9paisseur pour une r\u00e9sistance sup\u00e9rieure, deux sangles \u00e9lastiques et des plaques incluses.","robots":{"index":"index","follow":"follow","max-snippet":"max-snippet:-1","max-image-preview":"max-image-preview:large","max-video-preview":"max-video-preview:-1"},"canonical":"https:\/\/www.italianacontenitori.com\/fr\/produit\/roll-base-francia-fr-72-x-81-t25\/","og_locale":"fr_FR","og_type":"article","og_title":"Roll conteneur Standard 72x81 - italianacontenitori.com.","og_description":"Base de roll conteneur 72x81 standard, a des c\u00f4t\u00e9s avec des tubes de 25 mm d'\u00e9paisseur pour une r\u00e9sistance sup\u00e9rieure, deux sangles \u00e9lastiques et des plaques incluses.","og_url":"https:\/\/www.italianacontenitori.com\/fr\/produit\/roll-base-francia-fr-72-x-81-t25\/","og_site_name":"italianacontenitori.com","article_modified_time":"2026-04-10T14:36:24+00:00","og_image":[{"width":1024,"height":1024,"url":"https:\/\/www.italianacontenitori.com\/wp-content\/uploads\/2020\/12\/ROLF0060H210.png","type":"image\/png"}],"twitter_card":"summary_large_image","twitter_misc":{"Dur\u00e9e de lecture estim\u00e9e":"1 minute"},"schema":{"@context":"https:\/\/schema.org","@graph":[{"@type":"WebPage","@id":"https:\/\/www.italianacontenitori.com\/fr\/produit\/roll-base-francia-fr-72-x-81-t25\/","url":"https:\/\/www.italianacontenitori.com\/fr\/produit\/roll-base-francia-fr-72-x-81-t25\/","name":"Roll conteneur Standard 72x81 - italianacontenitori.com.","isPartOf":{"@id":"https:\/\/www.italianacontenitori.com\/fr\/#website"},"primaryImageOfPage":{"@id":"https:\/\/www.italianacontenitori.com\/fr\/produit\/roll-base-francia-fr-72-x-81-t25\/#primaryimage"},"image":{"@id":"https:\/\/www.italianacontenitori.com\/fr\/produit\/roll-base-francia-fr-72-x-81-t25\/#primaryimage"},"thumbnailUrl":"https:\/\/www.italianacontenitori.com\/wp-content\/uploads\/2020\/12\/ROLF0060H210.png","datePublished":"2020-12-15T10:57:07+00:00","dateModified":"2026-04-10T14:36:24+00:00","description":"Base de roll conteneur 72x81 standard, a des c\u00f4t\u00e9s avec des tubes de 25 mm d'\u00e9paisseur pour une r\u00e9sistance sup\u00e9rieure, deux sangles \u00e9lastiques et des plaques incluses.","breadcrumb":{"@id":"https:\/\/www.italianacontenitori.com\/fr\/produit\/roll-base-francia-fr-72-x-81-t25\/#breadcrumb"},"inLanguage":"fr-FR","potentialAction":[{"@type":"ReadAction","target":["https:\/\/www.italianacontenitori.com\/fr\/produit\/roll-base-francia-fr-72-x-81-t25\/"]}]},{"@type":"ImageObject","inLanguage":"fr-FR","@id":"https:\/\/www.italianacontenitori.com\/fr\/produit\/roll-base-francia-fr-72-x-81-t25\/#primaryimage","url":"https:\/\/www.italianacontenitori.com\/wp-content\/uploads\/2020\/12\/ROLF0060H210.png","contentUrl":"https:\/\/www.italianacontenitori.com\/wp-content\/uploads\/2020\/12\/ROLF0060H210.png","width":1024,"height":1024,"caption":"Roll conteneur base fran\u00e7aise avec c\u00f4t\u00e9s renforc\u00e9s. Mod\u00e8le ROLF0060H210"},{"@type":"BreadcrumbList","@id":"https:\/\/www.italianacontenitori.com\/fr\/produit\/roll-base-francia-fr-72-x-81-t25\/#breadcrumb","itemListElement":[{"@type":"ListItem","position":1,"name":"Home","item":"https:\/\/www.italianacontenitori.com\/fr\/conteneurs-a-mailles-metalliques\/"},{"@type":"ListItem","position":2,"name":"Roll conteneur avec base fran\u00e7aise &#8211; 72 x 81 cm (tube \u00f8 25 mm)"}]},{"@type":"WebSite","@id":"https:\/\/www.italianacontenitori.com\/fr\/#website","url":"https:\/\/www.italianacontenitori.com\/fr\/","name":"italianacontenitori.com","description":"Produzione di contenitori industriali e roll container","publisher":{"@id":"https:\/\/www.italianacontenitori.com\/fr\/#organization"},"potentialAction":[{"@type":"SearchAction","target":{"@type":"EntryPoint","urlTemplate":"https:\/\/www.italianacontenitori.com\/fr\/?s={search_term_string}"},"query-input":{"@type":"PropertyValueSpecification","valueRequired":true,"valueName":"search_term_string"}}],"inLanguage":"fr-FR"},{"@type":"Organization","@id":"https:\/\/www.italianacontenitori.com\/fr\/#organization","name":"Italiana Contenitori s.r.l.","alternateName":"IC","url":"https:\/\/www.italianacontenitori.com\/fr\/","logo":{"@type":"ImageObject","inLanguage":"fr-FR","@id":"https:\/\/www.italianacontenitori.com\/fr\/#\/schema\/logo\/image\/","url":"https:\/\/www.italianacontenitori.com\/wp-content\/uploads\/2020\/11\/cropped-Logo-Italiana-Contenitori_favicon.jpg","contentUrl":"https:\/\/www.italianacontenitori.com\/wp-content\/uploads\/2020\/11\/cropped-Logo-Italiana-Contenitori_favicon.jpg","width":512,"height":512,"caption":"Italiana Contenitori s.r.l."},"image":{"@id":"https:\/\/www.italianacontenitori.com\/fr\/#\/schema\/logo\/image\/"}}]}},"_links":{"self":[{"href":"https:\/\/www.italianacontenitori.com\/fr\/wp-json\/wp\/v2\/product\/241131","targetHints":{"allow":["GET"]}}],"collection":[{"href":"https:\/\/www.italianacontenitori.com\/fr\/wp-json\/wp\/v2\/product"}],"about":[{"href":"https:\/\/www.italianacontenitori.com\/fr\/wp-json\/wp\/v2\/types\/product"}],"replies":[{"embeddable":true,"href":"https:\/\/www.italianacontenitori.com\/fr\/wp-json\/wp\/v2\/comments?post=241131"}],"wp:featuredmedia":[{"embeddable":true,"href":"https:\/\/www.italianacontenitori.com\/fr\/wp-json\/wp\/v2\/media\/240138"}],"wp:attachment":[{"href":"https:\/\/www.italianacontenitori.com\/fr\/wp-json\/wp\/v2\/media?parent=241131"}],"wp:term":[{"taxonomy":"product_brand","embeddable":true,"href":"https:\/\/www.italianacontenitori.com\/fr\/wp-json\/wp\/v2\/product_brand?post=241131"},{"taxonomy":"product_cat","embeddable":true,"href":"https:\/\/www.italianacontenitori.com\/fr\/wp-json\/wp\/v2\/product_cat?post=241131"},{"taxonomy":"product_tag","embeddable":true,"href":"https:\/\/www.italianacontenitori.com\/fr\/wp-json\/wp\/v2\/product_tag?post=241131"}],"curies":[{"name":"wp","href":"https:\/\/api.w.org\/{rel}","templated":true}]}}