{"id":241221,"date":"2020-12-11T17:01:05","date_gmt":"2020-12-11T17:01:05","guid":{"rendered":"https:\/\/www.italianacontenitori.com\/product\/roll-etageres-115-x-66-cm\/"},"modified":"2026-04-10T14:36:18","modified_gmt":"2026-04-10T14:36:18","slug":"roll-etageres-115-x-66","status":"publish","type":"product","link":"https:\/\/www.italianacontenitori.com\/fr\/prodotto\/roll-etageres-115-x-66\/","title":{"rendered":"Rouleau d&#8217;affichage \u00e0 trois c\u00f4t\u00e9s 155 X 66 cm"},"content":{"rendered":"<p>Le rouleau de pr\u00e9sentation \u00e0 trois c\u00f4t\u00e9s d&#8217;Italiana Contenitori est con\u00e7u pour <strong>optimiser la pr\u00e9sentation et la manipulation des marchandises dans les commerces de d\u00e9tail et de gros<\/strong>. Sa structure est robuste et la <strong>maille dense<\/strong> emp\u00eache les petits objets de tomber, ce qui garantit la s\u00e9curit\u00e9 et l&#8217;ordre pendant l&#8217;utilisation. L&#8217;<strong>\u00e9tag\u00e8re inclinable avec arr\u00eat de charge<\/strong> rend vos produits plus visibles et accessibles (accessoire sur demande).  <\/p>\n<h2>Principales caract\u00e9ristiques du rouleau d&#8217;affichage \u00e0 trois c\u00f4t\u00e9s<\/h2>\n<p><strong>Dimensions de la base<\/strong>: 155 x 66 cm<br \/>\n<strong>Hauteur<\/strong>: 179 cm<br \/>\n<strong>Nombre de c\u00f4t\u00e9s<\/strong>: 3 c\u00f4t\u00e9s<br \/>\n<strong>Maille du filet<\/strong>: 50 x 50 mm<br \/>\n<strong>Poids<\/strong>: 38 kg<br \/>\n<strong>Galvanisation<\/strong>: \u00e9lectrolytique blanche (Cr3 haute r\u00e9sistance sur demande).<\/p>\n<h2>Polyvalence et utilisations de l&#8217;affichage sur roues<\/h2>\n<p>Ce chariot d&#8217;exposition \u00e0 roulettes est id\u00e9al pour une utilisation dans la grande distribution (GDO), dans les points de vente, dans l&#8217;industrie, ainsi que pour le transport et la manutention\/exposition interne des marchandises dans les entrep\u00f4ts de vente en gros. La possibilit\u00e9 de placer <strong>plusieurs \u00e9tag\u00e8res \u00e0 la hauteur souhait\u00e9e<\/strong> et l&#8217;option d&#8217;une \u00e9tag\u00e8re basculante avec arr\u00eat de charge, offrent <strong>une pr\u00e9sentation originale, moderne et tr\u00e8s efficace des marchandises.<\/strong> La vitrine mobile d&#8217;Italiana Contenitori repr\u00e9sente une solution pratique et fiable pour l&#8217;exposition et le transport des marchandises, alliant<strong> fonctionnalit\u00e9 et s\u00e9curit\u00e9 en un seul produit<\/strong>.  <\/p>\n","protected":false},"excerpt":{"rendered":"<p>Le produit id\u00e9al pour pr\u00e9senter des marchandises dans les points de vente. Le maille tr\u00e8s serr\u00e9e emp\u00eache les petits objets de s\u2019\u00e9chapper et vous permet de positionner les \u00e9tag\u00e8res aux hauteurs souhait\u00e9es. L\u2019\u00e9tag\u00e8re inclin\u00e9e avec arr\u00eat de chargement rend vos produits plus visibles et accessibles (accessoire en option).<\/p>\n","protected":false},"featured_media":240221,"comment_status":"open","ping_status":"closed","template":"","meta":{"_acf_changed":false,"_et_pb_use_builder":"","_et_pb_old_content":"","_et_gb_content_width":""},"product_brand":[],"product_cat":[826],"product_tag":[2123],"class_list":{"0":"post-241221","1":"product","2":"type-product","3":"status-publish","4":"has-post-thumbnail","6":"product_cat-roll-conteneur","7":"product_tag-roll-conteneur-dimensions-standard","8":"pa_numero-di-sponde-3-fr","10":"first","11":"instock","12":"shipping-taxable","13":"purchasable","14":"product-type-simple"},"acf":[],"yoast_head":"<!-- This site is optimized with the Yoast SEO plugin v27.3 - https:\/\/yoast.com\/product\/yoast-seo-wordpress\/ -->\n<title>Rouleau d&#039;affichage \u00e0 trois c\u00f4t\u00e9s 155 X 66 cm - italianacontenitori.com<\/title>\n<meta name=\"description\" content=\"Rouleau de pr\u00e9sentation \u00e0 trois c\u00f4t\u00e9s pour points de vente : robuste, s\u00fbr et pratique. Id\u00e9al pour pr\u00e9senter et manipuler les marchandises de mani\u00e8re ordonn\u00e9e et efficace.\" \/>\n<meta name=\"robots\" content=\"index, follow, max-snippet:-1, max-image-preview:large, max-video-preview:-1\" \/>\n<link rel=\"canonical\" href=\"https:\/\/www.italianacontenitori.com\/fr\/prodotto\/roll-etageres-115-x-66\/\" \/>\n<meta property=\"og:locale\" content=\"fr_FR\" \/>\n<meta property=\"og:type\" content=\"article\" \/>\n<meta property=\"og:title\" content=\"Rouleau d&#039;affichage \u00e0 trois c\u00f4t\u00e9s 155 X 66 cm - italianacontenitori.com\" \/>\n<meta property=\"og:description\" content=\"Rouleau de pr\u00e9sentation \u00e0 trois c\u00f4t\u00e9s pour points de vente : robuste, s\u00fbr et pratique. Id\u00e9al pour pr\u00e9senter et manipuler les marchandises de mani\u00e8re ordonn\u00e9e et efficace.\" \/>\n<meta property=\"og:url\" content=\"https:\/\/www.italianacontenitori.com\/fr\/prodotto\/roll-etageres-115-x-66\/\" \/>\n<meta property=\"og:site_name\" content=\"italianacontenitori.com\" \/>\n<meta property=\"article:modified_time\" content=\"2026-04-10T14:36:18+00:00\" \/>\n<meta property=\"og:image\" content=\"https:\/\/www.italianacontenitori.com\/wp-content\/uploads\/2020\/12\/ROLL1091.png\" \/>\n\t<meta property=\"og:image:width\" content=\"1024\" \/>\n\t<meta property=\"og:image:height\" content=\"1024\" \/>\n\t<meta property=\"og:image:type\" content=\"image\/png\" \/>\n<meta name=\"twitter:card\" content=\"summary_large_image\" \/>\n<meta name=\"twitter:label1\" content=\"Dur\u00e9e de lecture estim\u00e9e\" \/>\n\t<meta name=\"twitter:data1\" content=\"1 minute\" \/>\n<script type=\"application\/ld+json\" class=\"yoast-schema-graph\">{\"@context\":\"https:\\\/\\\/schema.org\",\"@graph\":[{\"@type\":\"WebPage\",\"@id\":\"https:\\\/\\\/www.italianacontenitori.com\\\/fr\\\/prodotto\\\/roll-etageres-115-x-66\\\/\",\"url\":\"https:\\\/\\\/www.italianacontenitori.com\\\/fr\\\/prodotto\\\/roll-etageres-115-x-66\\\/\",\"name\":\"Rouleau d'affichage \u00e0 trois c\u00f4t\u00e9s 155 X 66 cm - italianacontenitori.com\",\"isPartOf\":{\"@id\":\"https:\\\/\\\/www.italianacontenitori.com\\\/fr\\\/#website\"},\"primaryImageOfPage\":{\"@id\":\"https:\\\/\\\/www.italianacontenitori.com\\\/fr\\\/prodotto\\\/roll-etageres-115-x-66\\\/#primaryimage\"},\"image\":{\"@id\":\"https:\\\/\\\/www.italianacontenitori.com\\\/fr\\\/prodotto\\\/roll-etageres-115-x-66\\\/#primaryimage\"},\"thumbnailUrl\":\"https:\\\/\\\/www.italianacontenitori.com\\\/wp-content\\\/uploads\\\/2020\\\/12\\\/ROLL1091.png\",\"datePublished\":\"2020-12-11T17:01:05+00:00\",\"dateModified\":\"2026-04-10T14:36:18+00:00\",\"description\":\"Rouleau de pr\u00e9sentation \u00e0 trois c\u00f4t\u00e9s pour points de vente : robuste, s\u00fbr et pratique. Id\u00e9al pour pr\u00e9senter et manipuler les marchandises de mani\u00e8re ordonn\u00e9e et efficace.\",\"breadcrumb\":{\"@id\":\"https:\\\/\\\/www.italianacontenitori.com\\\/fr\\\/prodotto\\\/roll-etageres-115-x-66\\\/#breadcrumb\"},\"inLanguage\":\"fr-FR\",\"potentialAction\":[{\"@type\":\"ReadAction\",\"target\":[\"https:\\\/\\\/www.italianacontenitori.com\\\/fr\\\/prodotto\\\/roll-etageres-115-x-66\\\/\"]}]},{\"@type\":\"ImageObject\",\"inLanguage\":\"fr-FR\",\"@id\":\"https:\\\/\\\/www.italianacontenitori.com\\\/fr\\\/prodotto\\\/roll-etageres-115-x-66\\\/#primaryimage\",\"url\":\"https:\\\/\\\/www.italianacontenitori.com\\\/wp-content\\\/uploads\\\/2020\\\/12\\\/ROLL1091.png\",\"contentUrl\":\"https:\\\/\\\/www.italianacontenitori.com\\\/wp-content\\\/uploads\\\/2020\\\/12\\\/ROLL1091.png\",\"width\":1024,\"height\":1024,\"caption\":\"Rouleau de pr\u00e9sentation \u00e0 trois c\u00f4t\u00e9s. Chariot de roll conteneurs pour l'exposition de marchandises avec \u00e9tag\u00e8res.\"},{\"@type\":\"BreadcrumbList\",\"@id\":\"https:\\\/\\\/www.italianacontenitori.com\\\/fr\\\/prodotto\\\/roll-etageres-115-x-66\\\/#breadcrumb\",\"itemListElement\":[{\"@type\":\"ListItem\",\"position\":1,\"name\":\"Home\",\"item\":\"https:\\\/\\\/www.italianacontenitori.com\\\/fr\\\/conteneurs-a-mailles-metalliques\\\/\"},{\"@type\":\"ListItem\",\"position\":2,\"name\":\"Rouleau d&#8217;affichage \u00e0 trois c\u00f4t\u00e9s 155 X 66 cm\"}]},{\"@type\":\"WebSite\",\"@id\":\"https:\\\/\\\/www.italianacontenitori.com\\\/fr\\\/#website\",\"url\":\"https:\\\/\\\/www.italianacontenitori.com\\\/fr\\\/\",\"name\":\"italianacontenitori.com\",\"description\":\"Produzione di contenitori industriali e roll container\",\"publisher\":{\"@id\":\"https:\\\/\\\/www.italianacontenitori.com\\\/fr\\\/#organization\"},\"potentialAction\":[{\"@type\":\"SearchAction\",\"target\":{\"@type\":\"EntryPoint\",\"urlTemplate\":\"https:\\\/\\\/www.italianacontenitori.com\\\/fr\\\/?s={search_term_string}\"},\"query-input\":{\"@type\":\"PropertyValueSpecification\",\"valueRequired\":true,\"valueName\":\"search_term_string\"}}],\"inLanguage\":\"fr-FR\"},{\"@type\":\"Organization\",\"@id\":\"https:\\\/\\\/www.italianacontenitori.com\\\/fr\\\/#organization\",\"name\":\"Italiana Contenitori s.r.l.\",\"alternateName\":\"IC\",\"url\":\"https:\\\/\\\/www.italianacontenitori.com\\\/fr\\\/\",\"logo\":{\"@type\":\"ImageObject\",\"inLanguage\":\"fr-FR\",\"@id\":\"https:\\\/\\\/www.italianacontenitori.com\\\/fr\\\/#\\\/schema\\\/logo\\\/image\\\/\",\"url\":\"https:\\\/\\\/www.italianacontenitori.com\\\/wp-content\\\/uploads\\\/2020\\\/11\\\/cropped-Logo-Italiana-Contenitori_favicon.jpg\",\"contentUrl\":\"https:\\\/\\\/www.italianacontenitori.com\\\/wp-content\\\/uploads\\\/2020\\\/11\\\/cropped-Logo-Italiana-Contenitori_favicon.jpg\",\"width\":512,\"height\":512,\"caption\":\"Italiana Contenitori s.r.l.\"},\"image\":{\"@id\":\"https:\\\/\\\/www.italianacontenitori.com\\\/fr\\\/#\\\/schema\\\/logo\\\/image\\\/\"}}]}<\/script>\n<!-- \/ Yoast SEO plugin. -->","yoast_head_json":{"title":"Rouleau d'affichage \u00e0 trois c\u00f4t\u00e9s 155 X 66 cm - italianacontenitori.com","description":"Rouleau de pr\u00e9sentation \u00e0 trois c\u00f4t\u00e9s pour points de vente : robuste, s\u00fbr et pratique. Id\u00e9al pour pr\u00e9senter et manipuler les marchandises de mani\u00e8re ordonn\u00e9e et efficace.","robots":{"index":"index","follow":"follow","max-snippet":"max-snippet:-1","max-image-preview":"max-image-preview:large","max-video-preview":"max-video-preview:-1"},"canonical":"https:\/\/www.italianacontenitori.com\/fr\/prodotto\/roll-etageres-115-x-66\/","og_locale":"fr_FR","og_type":"article","og_title":"Rouleau d'affichage \u00e0 trois c\u00f4t\u00e9s 155 X 66 cm - italianacontenitori.com","og_description":"Rouleau de pr\u00e9sentation \u00e0 trois c\u00f4t\u00e9s pour points de vente : robuste, s\u00fbr et pratique. Id\u00e9al pour pr\u00e9senter et manipuler les marchandises de mani\u00e8re ordonn\u00e9e et efficace.","og_url":"https:\/\/www.italianacontenitori.com\/fr\/prodotto\/roll-etageres-115-x-66\/","og_site_name":"italianacontenitori.com","article_modified_time":"2026-04-10T14:36:18+00:00","og_image":[{"width":1024,"height":1024,"url":"https:\/\/www.italianacontenitori.com\/wp-content\/uploads\/2020\/12\/ROLL1091.png","type":"image\/png"}],"twitter_card":"summary_large_image","twitter_misc":{"Dur\u00e9e de lecture estim\u00e9e":"1 minute"},"schema":{"@context":"https:\/\/schema.org","@graph":[{"@type":"WebPage","@id":"https:\/\/www.italianacontenitori.com\/fr\/prodotto\/roll-etageres-115-x-66\/","url":"https:\/\/www.italianacontenitori.com\/fr\/prodotto\/roll-etageres-115-x-66\/","name":"Rouleau d'affichage \u00e0 trois c\u00f4t\u00e9s 155 X 66 cm - italianacontenitori.com","isPartOf":{"@id":"https:\/\/www.italianacontenitori.com\/fr\/#website"},"primaryImageOfPage":{"@id":"https:\/\/www.italianacontenitori.com\/fr\/prodotto\/roll-etageres-115-x-66\/#primaryimage"},"image":{"@id":"https:\/\/www.italianacontenitori.com\/fr\/prodotto\/roll-etageres-115-x-66\/#primaryimage"},"thumbnailUrl":"https:\/\/www.italianacontenitori.com\/wp-content\/uploads\/2020\/12\/ROLL1091.png","datePublished":"2020-12-11T17:01:05+00:00","dateModified":"2026-04-10T14:36:18+00:00","description":"Rouleau de pr\u00e9sentation \u00e0 trois c\u00f4t\u00e9s pour points de vente : robuste, s\u00fbr et pratique. Id\u00e9al pour pr\u00e9senter et manipuler les marchandises de mani\u00e8re ordonn\u00e9e et efficace.","breadcrumb":{"@id":"https:\/\/www.italianacontenitori.com\/fr\/prodotto\/roll-etageres-115-x-66\/#breadcrumb"},"inLanguage":"fr-FR","potentialAction":[{"@type":"ReadAction","target":["https:\/\/www.italianacontenitori.com\/fr\/prodotto\/roll-etageres-115-x-66\/"]}]},{"@type":"ImageObject","inLanguage":"fr-FR","@id":"https:\/\/www.italianacontenitori.com\/fr\/prodotto\/roll-etageres-115-x-66\/#primaryimage","url":"https:\/\/www.italianacontenitori.com\/wp-content\/uploads\/2020\/12\/ROLL1091.png","contentUrl":"https:\/\/www.italianacontenitori.com\/wp-content\/uploads\/2020\/12\/ROLL1091.png","width":1024,"height":1024,"caption":"Rouleau de pr\u00e9sentation \u00e0 trois c\u00f4t\u00e9s. Chariot de roll conteneurs pour l'exposition de marchandises avec \u00e9tag\u00e8res."},{"@type":"BreadcrumbList","@id":"https:\/\/www.italianacontenitori.com\/fr\/prodotto\/roll-etageres-115-x-66\/#breadcrumb","itemListElement":[{"@type":"ListItem","position":1,"name":"Home","item":"https:\/\/www.italianacontenitori.com\/fr\/conteneurs-a-mailles-metalliques\/"},{"@type":"ListItem","position":2,"name":"Rouleau d&#8217;affichage \u00e0 trois c\u00f4t\u00e9s 155 X 66 cm"}]},{"@type":"WebSite","@id":"https:\/\/www.italianacontenitori.com\/fr\/#website","url":"https:\/\/www.italianacontenitori.com\/fr\/","name":"italianacontenitori.com","description":"Produzione di contenitori industriali e roll container","publisher":{"@id":"https:\/\/www.italianacontenitori.com\/fr\/#organization"},"potentialAction":[{"@type":"SearchAction","target":{"@type":"EntryPoint","urlTemplate":"https:\/\/www.italianacontenitori.com\/fr\/?s={search_term_string}"},"query-input":{"@type":"PropertyValueSpecification","valueRequired":true,"valueName":"search_term_string"}}],"inLanguage":"fr-FR"},{"@type":"Organization","@id":"https:\/\/www.italianacontenitori.com\/fr\/#organization","name":"Italiana Contenitori s.r.l.","alternateName":"IC","url":"https:\/\/www.italianacontenitori.com\/fr\/","logo":{"@type":"ImageObject","inLanguage":"fr-FR","@id":"https:\/\/www.italianacontenitori.com\/fr\/#\/schema\/logo\/image\/","url":"https:\/\/www.italianacontenitori.com\/wp-content\/uploads\/2020\/11\/cropped-Logo-Italiana-Contenitori_favicon.jpg","contentUrl":"https:\/\/www.italianacontenitori.com\/wp-content\/uploads\/2020\/11\/cropped-Logo-Italiana-Contenitori_favicon.jpg","width":512,"height":512,"caption":"Italiana Contenitori s.r.l."},"image":{"@id":"https:\/\/www.italianacontenitori.com\/fr\/#\/schema\/logo\/image\/"}}]}},"_links":{"self":[{"href":"https:\/\/www.italianacontenitori.com\/fr\/wp-json\/wp\/v2\/product\/241221","targetHints":{"allow":["GET"]}}],"collection":[{"href":"https:\/\/www.italianacontenitori.com\/fr\/wp-json\/wp\/v2\/product"}],"about":[{"href":"https:\/\/www.italianacontenitori.com\/fr\/wp-json\/wp\/v2\/types\/product"}],"replies":[{"embeddable":true,"href":"https:\/\/www.italianacontenitori.com\/fr\/wp-json\/wp\/v2\/comments?post=241221"}],"wp:featuredmedia":[{"embeddable":true,"href":"https:\/\/www.italianacontenitori.com\/fr\/wp-json\/wp\/v2\/media\/240221"}],"wp:attachment":[{"href":"https:\/\/www.italianacontenitori.com\/fr\/wp-json\/wp\/v2\/media?parent=241221"}],"wp:term":[{"taxonomy":"product_brand","embeddable":true,"href":"https:\/\/www.italianacontenitori.com\/fr\/wp-json\/wp\/v2\/product_brand?post=241221"},{"taxonomy":"product_cat","embeddable":true,"href":"https:\/\/www.italianacontenitori.com\/fr\/wp-json\/wp\/v2\/product_cat?post=241221"},{"taxonomy":"product_tag","embeddable":true,"href":"https:\/\/www.italianacontenitori.com\/fr\/wp-json\/wp\/v2\/product_tag?post=241221"}],"curies":[{"name":"wp","href":"https:\/\/api.w.org\/{rel}","templated":true}]}}