{"id":241227,"date":"2020-12-11T16:45:15","date_gmt":"2020-12-11T16:45:15","guid":{"rendered":"https:\/\/www.italianacontenitori.com\/product\/roll-securite-120-x-80-cm\/"},"modified":"2026-04-10T14:36:13","modified_gmt":"2026-04-10T14:36:13","slug":"roll-120-x-80-cm-securite","status":"publish","type":"product","link":"https:\/\/www.italianacontenitori.com\/fr\/produit\/roll-120-x-80-cm-securite\/","title":{"rendered":"MAXI conteneur roll de s\u00e9curit\u00e9 &#8211; 120 x 80 cm"},"content":{"rendered":"<p>Le <strong>conteneur roll de s\u00e9curit\u00e9 de<\/strong> 120 x 80 cm est la solution id\u00e9ale pour assurer une <strong>protection maximale lors du transport et du stockage de<\/strong> produits de valeur. Le grillage dense, avec des <strong>mailles de 50 x 50 mm<\/strong>, et les portes avant pr\u00e9par\u00e9es pour recevoir un cadenas emp\u00eachent l&#8217;acc\u00e8s non autoris\u00e9, le vol ou la chute de marchandises. Ce <strong>robuste roll conteneur<\/strong> est hautement personnalisable (hauteur, roues, capacit\u00e9 de charge, accessoires), et gr\u00e2ce \u00e0 la possibilit\u00e9 d&#8217;ajouter de nombreuses \u00e9tag\u00e8res (jusqu&#8217;\u00e0 une tous les 5 cm), il permet d&#8217;utiliser tout l&#8217;espace int\u00e9rieur pour le chargement d&#8217;objets de petite taille et de valeur. Les roues, disponibles en diff\u00e9rentes variantes, garantissent une manipulation ais\u00e9e dans tous les contextes. Les <strong>roll conteneurs de s\u00e9curit\u00e9<\/strong> sont utilis\u00e9s dans diff\u00e9rents secteurs en raison de leur polyvalence et de leur capacit\u00e9 \u00e0 prot\u00e9ger les biens de valeur pendant leur manipulation et leur stockage. Les principaux secteurs dans lesquels ils sont utilis\u00e9s sont les suivants :     <\/p>\n<ol>\n<li><strong>Commerce de d\u00e9tail et grande distribution.<\/strong>  Les rouleaux de s\u00e9curit\u00e9 sont utilis\u00e9s pour prot\u00e9ger les produits d\u00e9licats ou de valeur, en particulier lors de la distribution interne et du stockage dans les entrep\u00f4ts, afin d&#8217;emp\u00eacher le vol et l&#8217;acc\u00e8s non autoris\u00e9.<\/li>\n<li><strong>Logistique et transport.<\/strong>  Lors de la manutention de biens de valeur, les roll conteneurs de s\u00e9curit\u00e9 prot\u00e8gent les charges contre les traumatismes et les contraintes physiques, ainsi que contre les tentatives de vol.<\/li>\n<li><strong>Pharmacies, h\u00f4pitaux et \u00e9tablissements r\u00e9sidentiels.<\/strong>  Utilis\u00e9 dans les h\u00f4pitaux et les centres de sant\u00e9 pour transporter et stocker des m\u00e9dicaments, de l&#8217;\u00e9quipement m\u00e9dical ou d&#8217;autres mat\u00e9riaux critiques, afin de les prot\u00e9ger contre le vol ou les dommages.<\/li>\n<li><strong>Industrie<\/strong>: Convient aux environnements industriels dans lesquels des mat\u00e9riaux pr\u00e9cieux ou dangereux doivent \u00eatre d\u00e9plac\u00e9s, en veillant \u00e0 ce qu&#8217;ils soient bien prot\u00e9g\u00e9s pendant leur manipulation.<\/li>\n<\/ol>\n<p>D&#8217;une mani\u00e8re g\u00e9n\u00e9rale, les roll conteneurs de s\u00e9curit\u00e9 constituent une solution id\u00e9ale pour tous les secteurs o\u00f9 la protection et l&#8217;int\u00e9grit\u00e9 des marchandises pendant le transport et le stockage doivent \u00eatre assur\u00e9es.<\/p>\n","protected":false},"excerpt":{"rendered":"<p>Le <strong>conteneur roll de s\u00e9curit\u00e9 de<\/strong> 120 x 80 cm est la solution id\u00e9ale pour assurer une <strong>protection maximale lors du transport et du stockage de<\/strong> produits de valeur. Le grillage dense, avec des <strong>mailles de 50 x 50 mm<\/strong>, et les portes avant pr\u00e9par\u00e9es pour un cadenas emp\u00eachent l&#8217;acc\u00e8s non autoris\u00e9, le vol ou la chute de marchandises. <\/p>\n","protected":false},"featured_media":240226,"comment_status":"open","ping_status":"closed","template":"","meta":{"_acf_changed":false,"_et_pb_use_builder":"","_et_pb_old_content":"","_et_gb_content_width":""},"product_brand":[],"product_cat":[2064,826],"product_tag":[2117,2122],"class_list":{"0":"post-241227","1":"product","2":"type-product","3":"status-publish","4":"has-post-thumbnail","6":"product_cat-roll-container-de-securite","7":"product_cat-roll-conteneur","8":"product_tag-roll-conteneur-dimensions-maxi","9":"product_tag-securite","11":"first","12":"instock","13":"shipping-taxable","14":"purchasable","15":"product-type-variable","16":"has-default-attributes"},"acf":[],"yoast_head":"<!-- This site is optimized with the Yoast SEO plugin v27.4 - https:\/\/yoast.com\/product\/yoast-seo-wordpress\/ -->\n<title>MAXI conteneur roll de s\u00e9curit\u00e9 - 120 x 80 cm - italianacontenitori.com<\/title>\n<meta name=\"description\" content=\"Roll conteneur de s\u00e9curit\u00e9 pour le transport de marchandises pr\u00e9cieuses, d\u00e9licates ou sensibles. S\u00fbr, robuste, durable, avec un maillage dense et des portes verrouillables.\" \/>\n<meta name=\"robots\" content=\"index, follow, max-snippet:-1, max-image-preview:large, max-video-preview:-1\" \/>\n<link rel=\"canonical\" href=\"https:\/\/www.italianacontenitori.com\/fr\/produit\/roll-120-x-80-cm-securite\/\" \/>\n<meta property=\"og:locale\" content=\"fr_FR\" \/>\n<meta property=\"og:type\" content=\"article\" \/>\n<meta property=\"og:title\" content=\"MAXI conteneur roll de s\u00e9curit\u00e9 - 120 x 80 cm - italianacontenitori.com\" \/>\n<meta property=\"og:description\" content=\"Roll conteneur de s\u00e9curit\u00e9 pour le transport de marchandises pr\u00e9cieuses, d\u00e9licates ou sensibles. S\u00fbr, robuste, durable, avec un maillage dense et des portes verrouillables.\" \/>\n<meta property=\"og:url\" content=\"https:\/\/www.italianacontenitori.com\/fr\/produit\/roll-120-x-80-cm-securite\/\" \/>\n<meta property=\"og:site_name\" content=\"italianacontenitori.com\" \/>\n<meta property=\"article:modified_time\" content=\"2026-04-10T14:36:13+00:00\" \/>\n<meta property=\"og:image\" content=\"https:\/\/www.italianacontenitori.com\/wp-content\/uploads\/2020\/12\/ROLS120510.png\" \/>\n\t<meta property=\"og:image:width\" content=\"1024\" \/>\n\t<meta property=\"og:image:height\" content=\"1024\" \/>\n\t<meta property=\"og:image:type\" content=\"image\/png\" \/>\n<meta name=\"twitter:card\" content=\"summary_large_image\" \/>\n<meta name=\"twitter:label1\" content=\"Dur\u00e9e de lecture estim\u00e9e\" \/>\n\t<meta name=\"twitter:data1\" content=\"2 minutes\" \/>\n<script type=\"application\/ld+json\" class=\"yoast-schema-graph\">{\"@context\":\"https:\\\/\\\/schema.org\",\"@graph\":[{\"@type\":\"WebPage\",\"@id\":\"https:\\\/\\\/www.italianacontenitori.com\\\/fr\\\/produit\\\/roll-120-x-80-cm-securite\\\/\",\"url\":\"https:\\\/\\\/www.italianacontenitori.com\\\/fr\\\/produit\\\/roll-120-x-80-cm-securite\\\/\",\"name\":\"MAXI conteneur roll de s\u00e9curit\u00e9 - 120 x 80 cm - italianacontenitori.com\",\"isPartOf\":{\"@id\":\"https:\\\/\\\/www.italianacontenitori.com\\\/fr\\\/#website\"},\"primaryImageOfPage\":{\"@id\":\"https:\\\/\\\/www.italianacontenitori.com\\\/fr\\\/produit\\\/roll-120-x-80-cm-securite\\\/#primaryimage\"},\"image\":{\"@id\":\"https:\\\/\\\/www.italianacontenitori.com\\\/fr\\\/produit\\\/roll-120-x-80-cm-securite\\\/#primaryimage\"},\"thumbnailUrl\":\"https:\\\/\\\/www.italianacontenitori.com\\\/wp-content\\\/uploads\\\/2020\\\/12\\\/ROLS120510.png\",\"datePublished\":\"2020-12-11T16:45:15+00:00\",\"dateModified\":\"2026-04-10T14:36:13+00:00\",\"description\":\"Roll conteneur de s\u00e9curit\u00e9 pour le transport de marchandises pr\u00e9cieuses, d\u00e9licates ou sensibles. S\u00fbr, robuste, durable, avec un maillage dense et des portes verrouillables.\",\"breadcrumb\":{\"@id\":\"https:\\\/\\\/www.italianacontenitori.com\\\/fr\\\/produit\\\/roll-120-x-80-cm-securite\\\/#breadcrumb\"},\"inLanguage\":\"fr-FR\",\"potentialAction\":[{\"@type\":\"ReadAction\",\"target\":[\"https:\\\/\\\/www.italianacontenitori.com\\\/fr\\\/produit\\\/roll-120-x-80-cm-securite\\\/\"]}]},{\"@type\":\"ImageObject\",\"inLanguage\":\"fr-FR\",\"@id\":\"https:\\\/\\\/www.italianacontenitori.com\\\/fr\\\/produit\\\/roll-120-x-80-cm-securite\\\/#primaryimage\",\"url\":\"https:\\\/\\\/www.italianacontenitori.com\\\/wp-content\\\/uploads\\\/2020\\\/12\\\/ROLS120510.png\",\"contentUrl\":\"https:\\\/\\\/www.italianacontenitori.com\\\/wp-content\\\/uploads\\\/2020\\\/12\\\/ROLS120510.png\",\"width\":1024,\"height\":1024,\"caption\":\"Roll conteneur de s\u00e9curit\u00e9 tiss\u00e9 serr\u00e9 avec double porte verrouillable - 120 x 80 cm\"},{\"@type\":\"BreadcrumbList\",\"@id\":\"https:\\\/\\\/www.italianacontenitori.com\\\/fr\\\/produit\\\/roll-120-x-80-cm-securite\\\/#breadcrumb\",\"itemListElement\":[{\"@type\":\"ListItem\",\"position\":1,\"name\":\"Home\",\"item\":\"https:\\\/\\\/www.italianacontenitori.com\\\/fr\\\/conteneurs-a-mailles-metalliques\\\/\"},{\"@type\":\"ListItem\",\"position\":2,\"name\":\"Catalogue\",\"item\":\"https:\\\/\\\/www.italianacontenitori.com\\\/fr\\\/catalogue-fr\\\/\"},{\"@type\":\"ListItem\",\"position\":3,\"name\":\"MAXI conteneur roll de s\u00e9curit\u00e9 &#8211; 120 x 80 cm\"}]},{\"@type\":\"WebSite\",\"@id\":\"https:\\\/\\\/www.italianacontenitori.com\\\/fr\\\/#website\",\"url\":\"https:\\\/\\\/www.italianacontenitori.com\\\/fr\\\/\",\"name\":\"italianacontenitori.com\",\"description\":\"Produzione di contenitori industriali e roll container\",\"publisher\":{\"@id\":\"https:\\\/\\\/www.italianacontenitori.com\\\/fr\\\/#organization\"},\"potentialAction\":[{\"@type\":\"SearchAction\",\"target\":{\"@type\":\"EntryPoint\",\"urlTemplate\":\"https:\\\/\\\/www.italianacontenitori.com\\\/fr\\\/?s={search_term_string}\"},\"query-input\":{\"@type\":\"PropertyValueSpecification\",\"valueRequired\":true,\"valueName\":\"search_term_string\"}}],\"inLanguage\":\"fr-FR\"},{\"@type\":\"Organization\",\"@id\":\"https:\\\/\\\/www.italianacontenitori.com\\\/fr\\\/#organization\",\"name\":\"Italiana Contenitori s.r.l.\",\"alternateName\":\"IC\",\"url\":\"https:\\\/\\\/www.italianacontenitori.com\\\/fr\\\/\",\"logo\":{\"@type\":\"ImageObject\",\"inLanguage\":\"fr-FR\",\"@id\":\"https:\\\/\\\/www.italianacontenitori.com\\\/fr\\\/#\\\/schema\\\/logo\\\/image\\\/\",\"url\":\"https:\\\/\\\/www.italianacontenitori.com\\\/wp-content\\\/uploads\\\/2020\\\/11\\\/cropped-Logo-Italiana-Contenitori_favicon.jpg\",\"contentUrl\":\"https:\\\/\\\/www.italianacontenitori.com\\\/wp-content\\\/uploads\\\/2020\\\/11\\\/cropped-Logo-Italiana-Contenitori_favicon.jpg\",\"width\":512,\"height\":512,\"caption\":\"Italiana Contenitori s.r.l.\"},\"image\":{\"@id\":\"https:\\\/\\\/www.italianacontenitori.com\\\/fr\\\/#\\\/schema\\\/logo\\\/image\\\/\"}}]}<\/script>\n<!-- \/ Yoast SEO plugin. -->","yoast_head_json":{"title":"MAXI conteneur roll de s\u00e9curit\u00e9 - 120 x 80 cm - italianacontenitori.com","description":"Roll conteneur de s\u00e9curit\u00e9 pour le transport de marchandises pr\u00e9cieuses, d\u00e9licates ou sensibles. S\u00fbr, robuste, durable, avec un maillage dense et des portes verrouillables.","robots":{"index":"index","follow":"follow","max-snippet":"max-snippet:-1","max-image-preview":"max-image-preview:large","max-video-preview":"max-video-preview:-1"},"canonical":"https:\/\/www.italianacontenitori.com\/fr\/produit\/roll-120-x-80-cm-securite\/","og_locale":"fr_FR","og_type":"article","og_title":"MAXI conteneur roll de s\u00e9curit\u00e9 - 120 x 80 cm - italianacontenitori.com","og_description":"Roll conteneur de s\u00e9curit\u00e9 pour le transport de marchandises pr\u00e9cieuses, d\u00e9licates ou sensibles. S\u00fbr, robuste, durable, avec un maillage dense et des portes verrouillables.","og_url":"https:\/\/www.italianacontenitori.com\/fr\/produit\/roll-120-x-80-cm-securite\/","og_site_name":"italianacontenitori.com","article_modified_time":"2026-04-10T14:36:13+00:00","og_image":[{"width":1024,"height":1024,"url":"https:\/\/www.italianacontenitori.com\/wp-content\/uploads\/2020\/12\/ROLS120510.png","type":"image\/png"}],"twitter_card":"summary_large_image","twitter_misc":{"Dur\u00e9e de lecture estim\u00e9e":"2 minutes"},"schema":{"@context":"https:\/\/schema.org","@graph":[{"@type":"WebPage","@id":"https:\/\/www.italianacontenitori.com\/fr\/produit\/roll-120-x-80-cm-securite\/","url":"https:\/\/www.italianacontenitori.com\/fr\/produit\/roll-120-x-80-cm-securite\/","name":"MAXI conteneur roll de s\u00e9curit\u00e9 - 120 x 80 cm - italianacontenitori.com","isPartOf":{"@id":"https:\/\/www.italianacontenitori.com\/fr\/#website"},"primaryImageOfPage":{"@id":"https:\/\/www.italianacontenitori.com\/fr\/produit\/roll-120-x-80-cm-securite\/#primaryimage"},"image":{"@id":"https:\/\/www.italianacontenitori.com\/fr\/produit\/roll-120-x-80-cm-securite\/#primaryimage"},"thumbnailUrl":"https:\/\/www.italianacontenitori.com\/wp-content\/uploads\/2020\/12\/ROLS120510.png","datePublished":"2020-12-11T16:45:15+00:00","dateModified":"2026-04-10T14:36:13+00:00","description":"Roll conteneur de s\u00e9curit\u00e9 pour le transport de marchandises pr\u00e9cieuses, d\u00e9licates ou sensibles. S\u00fbr, robuste, durable, avec un maillage dense et des portes verrouillables.","breadcrumb":{"@id":"https:\/\/www.italianacontenitori.com\/fr\/produit\/roll-120-x-80-cm-securite\/#breadcrumb"},"inLanguage":"fr-FR","potentialAction":[{"@type":"ReadAction","target":["https:\/\/www.italianacontenitori.com\/fr\/produit\/roll-120-x-80-cm-securite\/"]}]},{"@type":"ImageObject","inLanguage":"fr-FR","@id":"https:\/\/www.italianacontenitori.com\/fr\/produit\/roll-120-x-80-cm-securite\/#primaryimage","url":"https:\/\/www.italianacontenitori.com\/wp-content\/uploads\/2020\/12\/ROLS120510.png","contentUrl":"https:\/\/www.italianacontenitori.com\/wp-content\/uploads\/2020\/12\/ROLS120510.png","width":1024,"height":1024,"caption":"Roll conteneur de s\u00e9curit\u00e9 tiss\u00e9 serr\u00e9 avec double porte verrouillable - 120 x 80 cm"},{"@type":"BreadcrumbList","@id":"https:\/\/www.italianacontenitori.com\/fr\/produit\/roll-120-x-80-cm-securite\/#breadcrumb","itemListElement":[{"@type":"ListItem","position":1,"name":"Home","item":"https:\/\/www.italianacontenitori.com\/fr\/conteneurs-a-mailles-metalliques\/"},{"@type":"ListItem","position":2,"name":"Catalogue","item":"https:\/\/www.italianacontenitori.com\/fr\/catalogue-fr\/"},{"@type":"ListItem","position":3,"name":"MAXI conteneur roll de s\u00e9curit\u00e9 &#8211; 120 x 80 cm"}]},{"@type":"WebSite","@id":"https:\/\/www.italianacontenitori.com\/fr\/#website","url":"https:\/\/www.italianacontenitori.com\/fr\/","name":"italianacontenitori.com","description":"Produzione di contenitori industriali e roll container","publisher":{"@id":"https:\/\/www.italianacontenitori.com\/fr\/#organization"},"potentialAction":[{"@type":"SearchAction","target":{"@type":"EntryPoint","urlTemplate":"https:\/\/www.italianacontenitori.com\/fr\/?s={search_term_string}"},"query-input":{"@type":"PropertyValueSpecification","valueRequired":true,"valueName":"search_term_string"}}],"inLanguage":"fr-FR"},{"@type":"Organization","@id":"https:\/\/www.italianacontenitori.com\/fr\/#organization","name":"Italiana Contenitori s.r.l.","alternateName":"IC","url":"https:\/\/www.italianacontenitori.com\/fr\/","logo":{"@type":"ImageObject","inLanguage":"fr-FR","@id":"https:\/\/www.italianacontenitori.com\/fr\/#\/schema\/logo\/image\/","url":"https:\/\/www.italianacontenitori.com\/wp-content\/uploads\/2020\/11\/cropped-Logo-Italiana-Contenitori_favicon.jpg","contentUrl":"https:\/\/www.italianacontenitori.com\/wp-content\/uploads\/2020\/11\/cropped-Logo-Italiana-Contenitori_favicon.jpg","width":512,"height":512,"caption":"Italiana Contenitori s.r.l."},"image":{"@id":"https:\/\/www.italianacontenitori.com\/fr\/#\/schema\/logo\/image\/"}}]}},"_links":{"self":[{"href":"https:\/\/www.italianacontenitori.com\/fr\/wp-json\/wp\/v2\/product\/241227","targetHints":{"allow":["GET"]}}],"collection":[{"href":"https:\/\/www.italianacontenitori.com\/fr\/wp-json\/wp\/v2\/product"}],"about":[{"href":"https:\/\/www.italianacontenitori.com\/fr\/wp-json\/wp\/v2\/types\/product"}],"replies":[{"embeddable":true,"href":"https:\/\/www.italianacontenitori.com\/fr\/wp-json\/wp\/v2\/comments?post=241227"}],"wp:featuredmedia":[{"embeddable":true,"href":"https:\/\/www.italianacontenitori.com\/fr\/wp-json\/wp\/v2\/media\/240226"}],"wp:attachment":[{"href":"https:\/\/www.italianacontenitori.com\/fr\/wp-json\/wp\/v2\/media?parent=241227"}],"wp:term":[{"taxonomy":"product_brand","embeddable":true,"href":"https:\/\/www.italianacontenitori.com\/fr\/wp-json\/wp\/v2\/product_brand?post=241227"},{"taxonomy":"product_cat","embeddable":true,"href":"https:\/\/www.italianacontenitori.com\/fr\/wp-json\/wp\/v2\/product_cat?post=241227"},{"taxonomy":"product_tag","embeddable":true,"href":"https:\/\/www.italianacontenitori.com\/fr\/wp-json\/wp\/v2\/product_tag?post=241227"}],"curies":[{"name":"wp","href":"https:\/\/api.w.org\/{rel}","templated":true}]}}