{"id":241238,"date":"2020-12-11T16:20:33","date_gmt":"2020-12-11T16:20:33","guid":{"rendered":"https:\/\/www.italianacontenitori.com\/product\/roll-securite-72-x-80-cm\/"},"modified":"2026-04-10T14:36:04","modified_gmt":"2026-04-10T14:36:04","slug":"roll-72-x-80-cm-securite","status":"publish","type":"product","link":"https:\/\/www.italianacontenitori.com\/fr\/produit\/roll-72-x-80-cm-securite\/","title":{"rendered":"Roll conteneur de s\u00e9curit\u00e9 &#8211; 72 x 80 cm"},"content":{"rendered":"<p>Le <strong>roll conteneur de s\u00e9curit\u00e9<\/strong> standard de<strong> 72 x 80 cm<\/strong> est la solution id\u00e9ale pour le transport s\u00e9curis\u00e9 de marchandises de valeur, d\u00e9licates et de petite taille. \u00c9quip\u00e9 d&#8217;une robuste <strong>porte verrouillable<\/strong>, il garantit une protection contre les acc\u00e8s non autoris\u00e9s. Gr\u00e2ce \u00e0 sa construction en<strong> treillis m\u00e9tallique haute densit\u00e9 avec une maille dense de 5 x 5 cm<\/strong>, ce <strong>chariot anti-soul\u00e8vement<\/strong> est parfait pour le transport et la manutention de produits de valeur dans les environnements logistiques et de vente au d\u00e9tail.  <\/p>\n<h2>Roll conteneur verrouillable : logistique s\u00e9curis\u00e9e gr\u00e2ce aux roulettes pivotantes et au frein<\/h2>\n<p>Ce <strong>conteneur roll avec roulettes fixes et pivotantes<\/strong> est tr\u00e8s polyvalent, permettant une manipulation ais\u00e9e sur diff\u00e9rentes surfaces. Les roues peuvent \u00eatre configur\u00e9es avec ou sans frein, en choisissant les options personnalisables ci-dessous, en fonction de vos besoins. Une fois cadenass\u00e9, le conteneur roulant de s\u00e9curit\u00e9 n&#8217;offre aucun moyen d&#8217;acc\u00e8s aux biens de valeur stock\u00e9s \u00e0 l&#8217;int\u00e9rieur, <strong>offre une r\u00e9sistance aux tentatives d&#8217;effraction et rend le vol \u00e9vident \u00e0 des fins d&#8217;assurance.<\/strong>  <\/p>\n<h2>S\u00e9curisation des roll conteneurs pour le transport de produits de valeur<\/h2>\n<p>Avec une capacit\u00e9 de charge allant jusqu <strong>&#8216;\u00e0 600 kg<\/strong>, ce <strong>roll conteneur avec filet antivol<\/strong> est con\u00e7u pour r\u00e9sister \u00e0 une utilisation intensive. Le <strong>grillage dense<\/strong> (maille 50 x 50 mm) assure la protection des marchandises contre le vol ou l&#8217;enl\u00e8vement non autoris\u00e9, ce qui le rend id\u00e9al pour le stockage et la manutention dans les contextes industriels et de transport. <\/p>\n<h2>Chariot en treillis m\u00e9tallique dense qui optimise l&#8217;espace&#8230; m\u00eame lorsqu&#8217;il n&#8217;est pas utilis\u00e9<\/h2>\n<p>Ce <strong>roll conteneur<\/strong> vous permet d&#8217;ajouter jusqu&#8217;\u00e0 <strong>une \u00e9tag\u00e8re pour chaque 5 cm de d\u00e9veloppement vertical<\/strong> afin d&#8217;optimiser l&#8217;espace int\u00e9rieur. Sa conception astucieuse le rend parfait pour les besoins logistiques dynamiques, car il peut \u00eatre stock\u00e9 rapidement. Lorsqu&#8217;il n&#8217;est pas utilis\u00e9, le <strong>chariot \u00e0 roulettes peut \u00eatre d\u00e9mont\u00e9 sans outils sp\u00e9ciaux<\/strong> et est facile et rapide \u00e0 remonter.  <\/p>\n","protected":false},"excerpt":{"rendered":"<p>Roll antivol qui vous permet de pr\u00e9venir et de v\u00e9rifier les pr\u00e9l\u00e8vements non autoris\u00e9s. La porte avant est con\u00e7ue pour \u00eatre ferm\u00e9e avec un cadenas. Id\u00e9al pour contenir et manipuler de produits de valeur. Disponible en trois hauteurs diff\u00e9rentes, il s\u2019adapte \u00e0 tous les moyens de transport.<\/p>\n","protected":false},"featured_media":240231,"comment_status":"open","ping_status":"closed","template":"","meta":{"_acf_changed":false,"_et_pb_use_builder":"","_et_pb_old_content":"","_et_gb_content_width":""},"product_brand":[],"product_cat":[2064,826],"product_tag":[2123,2122],"class_list":{"0":"post-241238","1":"product","2":"type-product","3":"status-publish","4":"has-post-thumbnail","6":"product_cat-roll-container-de-securite","7":"product_cat-roll-conteneur","8":"product_tag-roll-conteneur-dimensions-standard","9":"product_tag-securite","11":"first","12":"instock","13":"shipping-taxable","14":"purchasable","15":"product-type-variable","16":"has-default-attributes"},"acf":[],"yoast_head":"<!-- This site is optimized with the Yoast SEO plugin v27.4 - https:\/\/yoast.com\/product\/yoast-seo-wordpress\/ -->\n<title>Roll conteneur de s\u00e9curit\u00e9 - 72 x 80 cm - italianacontenitori.com<\/title>\n<meta name=\"robots\" content=\"index, follow, max-snippet:-1, max-image-preview:large, max-video-preview:-1\" \/>\n<link rel=\"canonical\" href=\"https:\/\/www.italianacontenitori.com\/fr\/produit\/roll-72-x-80-cm-securite\/\" \/>\n<meta property=\"og:locale\" content=\"fr_FR\" \/>\n<meta property=\"og:type\" content=\"article\" \/>\n<meta property=\"og:title\" content=\"Roll conteneur de s\u00e9curit\u00e9 - 72 x 80 cm - italianacontenitori.com\" \/>\n<meta property=\"og:description\" content=\"Roll antivol qui vous permet de pr\u00e9venir et de v\u00e9rifier les pr\u00e9l\u00e8vements non autoris\u00e9s. La porte avant est con\u00e7ue pour \u00eatre ferm\u00e9e avec un cadenas. Id\u00e9al pour contenir et manipuler de produits de valeur. Disponible en trois hauteurs diff\u00e9rentes, il s\u2019adapte \u00e0 tous les moyens de transport.\" \/>\n<meta property=\"og:url\" content=\"https:\/\/www.italianacontenitori.com\/fr\/produit\/roll-72-x-80-cm-securite\/\" \/>\n<meta property=\"og:site_name\" content=\"italianacontenitori.com\" \/>\n<meta property=\"article:modified_time\" content=\"2026-04-10T14:36:04+00:00\" \/>\n<meta property=\"og:image\" content=\"https:\/\/www.italianacontenitori.com\/wp-content\/uploads\/2020\/12\/ROLS1200.png\" \/>\n\t<meta property=\"og:image:width\" content=\"1024\" \/>\n\t<meta property=\"og:image:height\" content=\"1024\" \/>\n\t<meta property=\"og:image:type\" content=\"image\/png\" \/>\n<meta name=\"twitter:card\" content=\"summary_large_image\" \/>\n<meta name=\"twitter:label1\" content=\"Dur\u00e9e de lecture estim\u00e9e\" \/>\n\t<meta name=\"twitter:data1\" content=\"2 minutes\" \/>\n<script type=\"application\/ld+json\" class=\"yoast-schema-graph\">{\"@context\":\"https:\\\/\\\/schema.org\",\"@graph\":[{\"@type\":\"WebPage\",\"@id\":\"https:\\\/\\\/www.italianacontenitori.com\\\/fr\\\/produit\\\/roll-72-x-80-cm-securite\\\/\",\"url\":\"https:\\\/\\\/www.italianacontenitori.com\\\/fr\\\/produit\\\/roll-72-x-80-cm-securite\\\/\",\"name\":\"Roll conteneur de s\u00e9curit\u00e9 - 72 x 80 cm - italianacontenitori.com\",\"isPartOf\":{\"@id\":\"https:\\\/\\\/www.italianacontenitori.com\\\/fr\\\/#website\"},\"primaryImageOfPage\":{\"@id\":\"https:\\\/\\\/www.italianacontenitori.com\\\/fr\\\/produit\\\/roll-72-x-80-cm-securite\\\/#primaryimage\"},\"image\":{\"@id\":\"https:\\\/\\\/www.italianacontenitori.com\\\/fr\\\/produit\\\/roll-72-x-80-cm-securite\\\/#primaryimage\"},\"thumbnailUrl\":\"https:\\\/\\\/www.italianacontenitori.com\\\/wp-content\\\/uploads\\\/2020\\\/12\\\/ROLS1200.png\",\"datePublished\":\"2020-12-11T16:20:33+00:00\",\"dateModified\":\"2026-04-10T14:36:04+00:00\",\"breadcrumb\":{\"@id\":\"https:\\\/\\\/www.italianacontenitori.com\\\/fr\\\/produit\\\/roll-72-x-80-cm-securite\\\/#breadcrumb\"},\"inLanguage\":\"fr-FR\",\"potentialAction\":[{\"@type\":\"ReadAction\",\"target\":[\"https:\\\/\\\/www.italianacontenitori.com\\\/fr\\\/produit\\\/roll-72-x-80-cm-securite\\\/\"]}]},{\"@type\":\"ImageObject\",\"inLanguage\":\"fr-FR\",\"@id\":\"https:\\\/\\\/www.italianacontenitori.com\\\/fr\\\/produit\\\/roll-72-x-80-cm-securite\\\/#primaryimage\",\"url\":\"https:\\\/\\\/www.italianacontenitori.com\\\/wp-content\\\/uploads\\\/2020\\\/12\\\/ROLS1200.png\",\"contentUrl\":\"https:\\\/\\\/www.italianacontenitori.com\\\/wp-content\\\/uploads\\\/2020\\\/12\\\/ROLS1200.png\",\"width\":1024,\"height\":1024,\"caption\":\"Norme de s\u00e9curit\u00e9 des roll conteneurs \u00e0 mailles serr\u00e9es. Optimise l'envoi de marchandises pr\u00e9cieuses ou d\u00e9licates.\"},{\"@type\":\"BreadcrumbList\",\"@id\":\"https:\\\/\\\/www.italianacontenitori.com\\\/fr\\\/produit\\\/roll-72-x-80-cm-securite\\\/#breadcrumb\",\"itemListElement\":[{\"@type\":\"ListItem\",\"position\":1,\"name\":\"Home\",\"item\":\"https:\\\/\\\/www.italianacontenitori.com\\\/fr\\\/conteneurs-a-mailles-metalliques\\\/\"},{\"@type\":\"ListItem\",\"position\":2,\"name\":\"Catalogue\",\"item\":\"https:\\\/\\\/www.italianacontenitori.com\\\/fr\\\/catalogue-fr\\\/\"},{\"@type\":\"ListItem\",\"position\":3,\"name\":\"Roll conteneur de s\u00e9curit\u00e9 &#8211; 72 x 80 cm\"}]},{\"@type\":\"WebSite\",\"@id\":\"https:\\\/\\\/www.italianacontenitori.com\\\/fr\\\/#website\",\"url\":\"https:\\\/\\\/www.italianacontenitori.com\\\/fr\\\/\",\"name\":\"italianacontenitori.com\",\"description\":\"Produzione di contenitori industriali e roll container\",\"publisher\":{\"@id\":\"https:\\\/\\\/www.italianacontenitori.com\\\/fr\\\/#organization\"},\"potentialAction\":[{\"@type\":\"SearchAction\",\"target\":{\"@type\":\"EntryPoint\",\"urlTemplate\":\"https:\\\/\\\/www.italianacontenitori.com\\\/fr\\\/?s={search_term_string}\"},\"query-input\":{\"@type\":\"PropertyValueSpecification\",\"valueRequired\":true,\"valueName\":\"search_term_string\"}}],\"inLanguage\":\"fr-FR\"},{\"@type\":\"Organization\",\"@id\":\"https:\\\/\\\/www.italianacontenitori.com\\\/fr\\\/#organization\",\"name\":\"Italiana Contenitori s.r.l.\",\"alternateName\":\"IC\",\"url\":\"https:\\\/\\\/www.italianacontenitori.com\\\/fr\\\/\",\"logo\":{\"@type\":\"ImageObject\",\"inLanguage\":\"fr-FR\",\"@id\":\"https:\\\/\\\/www.italianacontenitori.com\\\/fr\\\/#\\\/schema\\\/logo\\\/image\\\/\",\"url\":\"https:\\\/\\\/www.italianacontenitori.com\\\/wp-content\\\/uploads\\\/2020\\\/11\\\/cropped-Logo-Italiana-Contenitori_favicon.jpg\",\"contentUrl\":\"https:\\\/\\\/www.italianacontenitori.com\\\/wp-content\\\/uploads\\\/2020\\\/11\\\/cropped-Logo-Italiana-Contenitori_favicon.jpg\",\"width\":512,\"height\":512,\"caption\":\"Italiana Contenitori s.r.l.\"},\"image\":{\"@id\":\"https:\\\/\\\/www.italianacontenitori.com\\\/fr\\\/#\\\/schema\\\/logo\\\/image\\\/\"}}]}<\/script>\n<!-- \/ Yoast SEO plugin. -->","yoast_head_json":{"title":"Roll conteneur de s\u00e9curit\u00e9 - 72 x 80 cm - italianacontenitori.com","robots":{"index":"index","follow":"follow","max-snippet":"max-snippet:-1","max-image-preview":"max-image-preview:large","max-video-preview":"max-video-preview:-1"},"canonical":"https:\/\/www.italianacontenitori.com\/fr\/produit\/roll-72-x-80-cm-securite\/","og_locale":"fr_FR","og_type":"article","og_title":"Roll conteneur de s\u00e9curit\u00e9 - 72 x 80 cm - italianacontenitori.com","og_description":"Roll antivol qui vous permet de pr\u00e9venir et de v\u00e9rifier les pr\u00e9l\u00e8vements non autoris\u00e9s. La porte avant est con\u00e7ue pour \u00eatre ferm\u00e9e avec un cadenas. Id\u00e9al pour contenir et manipuler de produits de valeur. Disponible en trois hauteurs diff\u00e9rentes, il s\u2019adapte \u00e0 tous les moyens de transport.","og_url":"https:\/\/www.italianacontenitori.com\/fr\/produit\/roll-72-x-80-cm-securite\/","og_site_name":"italianacontenitori.com","article_modified_time":"2026-04-10T14:36:04+00:00","og_image":[{"width":1024,"height":1024,"url":"https:\/\/www.italianacontenitori.com\/wp-content\/uploads\/2020\/12\/ROLS1200.png","type":"image\/png"}],"twitter_card":"summary_large_image","twitter_misc":{"Dur\u00e9e de lecture estim\u00e9e":"2 minutes"},"schema":{"@context":"https:\/\/schema.org","@graph":[{"@type":"WebPage","@id":"https:\/\/www.italianacontenitori.com\/fr\/produit\/roll-72-x-80-cm-securite\/","url":"https:\/\/www.italianacontenitori.com\/fr\/produit\/roll-72-x-80-cm-securite\/","name":"Roll conteneur de s\u00e9curit\u00e9 - 72 x 80 cm - italianacontenitori.com","isPartOf":{"@id":"https:\/\/www.italianacontenitori.com\/fr\/#website"},"primaryImageOfPage":{"@id":"https:\/\/www.italianacontenitori.com\/fr\/produit\/roll-72-x-80-cm-securite\/#primaryimage"},"image":{"@id":"https:\/\/www.italianacontenitori.com\/fr\/produit\/roll-72-x-80-cm-securite\/#primaryimage"},"thumbnailUrl":"https:\/\/www.italianacontenitori.com\/wp-content\/uploads\/2020\/12\/ROLS1200.png","datePublished":"2020-12-11T16:20:33+00:00","dateModified":"2026-04-10T14:36:04+00:00","breadcrumb":{"@id":"https:\/\/www.italianacontenitori.com\/fr\/produit\/roll-72-x-80-cm-securite\/#breadcrumb"},"inLanguage":"fr-FR","potentialAction":[{"@type":"ReadAction","target":["https:\/\/www.italianacontenitori.com\/fr\/produit\/roll-72-x-80-cm-securite\/"]}]},{"@type":"ImageObject","inLanguage":"fr-FR","@id":"https:\/\/www.italianacontenitori.com\/fr\/produit\/roll-72-x-80-cm-securite\/#primaryimage","url":"https:\/\/www.italianacontenitori.com\/wp-content\/uploads\/2020\/12\/ROLS1200.png","contentUrl":"https:\/\/www.italianacontenitori.com\/wp-content\/uploads\/2020\/12\/ROLS1200.png","width":1024,"height":1024,"caption":"Norme de s\u00e9curit\u00e9 des roll conteneurs \u00e0 mailles serr\u00e9es. Optimise l'envoi de marchandises pr\u00e9cieuses ou d\u00e9licates."},{"@type":"BreadcrumbList","@id":"https:\/\/www.italianacontenitori.com\/fr\/produit\/roll-72-x-80-cm-securite\/#breadcrumb","itemListElement":[{"@type":"ListItem","position":1,"name":"Home","item":"https:\/\/www.italianacontenitori.com\/fr\/conteneurs-a-mailles-metalliques\/"},{"@type":"ListItem","position":2,"name":"Catalogue","item":"https:\/\/www.italianacontenitori.com\/fr\/catalogue-fr\/"},{"@type":"ListItem","position":3,"name":"Roll conteneur de s\u00e9curit\u00e9 &#8211; 72 x 80 cm"}]},{"@type":"WebSite","@id":"https:\/\/www.italianacontenitori.com\/fr\/#website","url":"https:\/\/www.italianacontenitori.com\/fr\/","name":"italianacontenitori.com","description":"Produzione di contenitori industriali e roll container","publisher":{"@id":"https:\/\/www.italianacontenitori.com\/fr\/#organization"},"potentialAction":[{"@type":"SearchAction","target":{"@type":"EntryPoint","urlTemplate":"https:\/\/www.italianacontenitori.com\/fr\/?s={search_term_string}"},"query-input":{"@type":"PropertyValueSpecification","valueRequired":true,"valueName":"search_term_string"}}],"inLanguage":"fr-FR"},{"@type":"Organization","@id":"https:\/\/www.italianacontenitori.com\/fr\/#organization","name":"Italiana Contenitori s.r.l.","alternateName":"IC","url":"https:\/\/www.italianacontenitori.com\/fr\/","logo":{"@type":"ImageObject","inLanguage":"fr-FR","@id":"https:\/\/www.italianacontenitori.com\/fr\/#\/schema\/logo\/image\/","url":"https:\/\/www.italianacontenitori.com\/wp-content\/uploads\/2020\/11\/cropped-Logo-Italiana-Contenitori_favicon.jpg","contentUrl":"https:\/\/www.italianacontenitori.com\/wp-content\/uploads\/2020\/11\/cropped-Logo-Italiana-Contenitori_favicon.jpg","width":512,"height":512,"caption":"Italiana Contenitori s.r.l."},"image":{"@id":"https:\/\/www.italianacontenitori.com\/fr\/#\/schema\/logo\/image\/"}}]}},"_links":{"self":[{"href":"https:\/\/www.italianacontenitori.com\/fr\/wp-json\/wp\/v2\/product\/241238","targetHints":{"allow":["GET"]}}],"collection":[{"href":"https:\/\/www.italianacontenitori.com\/fr\/wp-json\/wp\/v2\/product"}],"about":[{"href":"https:\/\/www.italianacontenitori.com\/fr\/wp-json\/wp\/v2\/types\/product"}],"replies":[{"embeddable":true,"href":"https:\/\/www.italianacontenitori.com\/fr\/wp-json\/wp\/v2\/comments?post=241238"}],"wp:featuredmedia":[{"embeddable":true,"href":"https:\/\/www.italianacontenitori.com\/fr\/wp-json\/wp\/v2\/media\/240231"}],"wp:attachment":[{"href":"https:\/\/www.italianacontenitori.com\/fr\/wp-json\/wp\/v2\/media?parent=241238"}],"wp:term":[{"taxonomy":"product_brand","embeddable":true,"href":"https:\/\/www.italianacontenitori.com\/fr\/wp-json\/wp\/v2\/product_brand?post=241238"},{"taxonomy":"product_cat","embeddable":true,"href":"https:\/\/www.italianacontenitori.com\/fr\/wp-json\/wp\/v2\/product_cat?post=241238"},{"taxonomy":"product_tag","embeddable":true,"href":"https:\/\/www.italianacontenitori.com\/fr\/wp-json\/wp\/v2\/product_tag?post=241238"}],"curies":[{"name":"wp","href":"https:\/\/api.w.org\/{rel}","templated":true}]}}