{"id":241255,"date":"2020-12-11T16:06:49","date_gmt":"2020-12-11T16:06:49","guid":{"rendered":"https:\/\/www.italianacontenitori.com\/product\/rouleau-200-x-80-cm-renforce\/"},"modified":"2026-04-10T14:36:05","modified_gmt":"2026-04-10T14:36:05","slug":"roll-200-x-80-cm-renforce","status":"publish","type":"product","link":"https:\/\/www.italianacontenitori.com\/fr\/produit\/roll-200-x-80-cm-renforce\/","title":{"rendered":"Roll conteneur JUMBO &#8211; 200 x 80 cm &#8211; Renforc\u00e9"},"content":{"rendered":"<p><strong>Le grand roll conteneur, connu sous le nom de Jumbo roll conteneur<\/strong>, est une version encore <strong>plus grande du Roll MAXI<\/strong> et, gr\u00e2ce \u00e0 sa <strong>structure renforc\u00e9e<\/strong> et \u00e0 son grillage r\u00e9sistant, il est parfait pour un<strong> usage intensif<\/strong> et convient \u00e0 diff\u00e9rents secteurs, de la grande distribution et des points de vente qui doivent manipuler de grandes quantit\u00e9s de produits, \u00e0 l&#8217;industrie o\u00f9 le transport de charges lourdes et encombrantes est \u00e0 l&#8217;ordre du jour. Id\u00e9al \u00e9galement comme <strong>grand chariot industriel<\/strong> pour les blanchisseries, o\u00f9 il facilite le transport des commandes volumineuses (pensez \u00e0 la blanchisserie des grands h\u00f4tels), ou comme <strong>chariot grillag\u00e9 pour la collecte et le recyclage des d\u00e9chets encombrants<\/strong>, ce roll conteneur est une solution polyvalente et fiable. Sa structure solide et renforc\u00e9e et sa grande capacit\u00e9 de charge (jusqu&#8217;\u00e0 600 kg) en font un outil puissant pour ceux qui recherchent un <strong>grand chariot \u00e0 roulettes pour la manutention interne et le transport de marchandises encombrantes<\/strong>.  <\/p>\n<h2>Efficacit\u00e9, robustesse et capacit\u00e9 maximale pour un arceau de s\u00e9curit\u00e9 extra-large.<\/h2>\n<p>Tels sont les atouts de ces grands chariots de manutention silencieux, pr\u00eats \u00e0 supporter le poids de vos marchandises les plus volumineuses pendant des ann\u00e9es.<\/p>\n<ul>\n<li><strong>Tr\u00e8s grande taille<\/strong>: 200 x 80 cm pour une plus grande capacit\u00e9 de charge.<\/li>\n<li><strong>Structure renforc\u00e9e<\/strong>: assure la durabilit\u00e9 et la solidit\u00e9 m\u00eame sous de lourdes charges.<\/li>\n<li><strong>Flexibilit\u00e9 de configuration<\/strong>: disponible avec 3 ou 4 c\u00f4t\u00e9s et rabat pour faciliter l&#8217;acc\u00e8s au chargement.<\/li>\n<li><strong>Polyvalence des<\/strong> applications : convient au commerce de d\u00e9tail, \u00e0 l&#8217;industrie, aux blanchisseries, \u00e0 la gestion des d\u00e9chets et au recyclage.<\/li>\n<li><strong>Nombreux accessoires<\/strong>: jusqu&#8217;\u00e0 3 \u00e9tag\u00e8res suppl\u00e9mentaires, sangles de s\u00e9curit\u00e9, plaques d&#8217;identification et diff\u00e9rents types de roues<\/li>\n<\/ul>\n<p>Le chariot Roll Jumbo est la solution id\u00e9ale pour ceux qui ont besoin d&#8217;un <strong>roll conteneur de grande taille, robuste et polyvalent<\/strong>, capable de supporter et d&#8217;optimiser le transport et le stockage de <strong>marchandises volumineuses. <\/strong> <\/p>\n","protected":false},"excerpt":{"rendered":"<p>Le plus grand roll conteneur de notre gamme, un chariot adapt\u00e9 \u00e0 la manutention d\u2019objets tr\u00e8s volumineux : matelas, panneaux de meubles ou similaires. Il peut accueillir jusqu\u2019\u00e0 trois \u00e9tag\u00e8res horizontales.<\/p>\n","protected":false},"featured_media":240246,"comment_status":"open","ping_status":"closed","template":"","meta":{"_acf_changed":false,"_et_pb_use_builder":"","_et_pb_old_content":"","_et_gb_content_width":""},"product_brand":[],"product_cat":[826],"product_tag":[2254],"class_list":{"0":"post-241255","1":"product","2":"type-product","3":"status-publish","4":"has-post-thumbnail","6":"product_cat-roll-conteneur","7":"product_tag-roll-conteneur-format-jumbo","9":"first","10":"instock","11":"shipping-taxable","12":"purchasable","13":"product-type-variable","14":"has-default-attributes"},"acf":[],"yoast_head":"<!-- This site is optimized with the Yoast SEO plugin v27.4 - https:\/\/yoast.com\/product\/yoast-seo-wordpress\/ -->\n<title>Roll conteneur JUMBO - 200 x 80 cm - Renforc\u00e9%.<\/title>\n<meta name=\"description\" content=\"Grand roll conteneur : JUMBO, encore plus grand que le MAXI, est le g\u00e9ant de la maison. Structure renforc\u00e9e pour les marchandises volumineuses et l&#039;utilisation intensive.\" \/>\n<meta name=\"robots\" content=\"index, follow, max-snippet:-1, max-image-preview:large, max-video-preview:-1\" \/>\n<link rel=\"canonical\" href=\"https:\/\/www.italianacontenitori.com\/fr\/produit\/roll-200-x-80-cm-renforce\/\" \/>\n<meta property=\"og:locale\" content=\"fr_FR\" \/>\n<meta property=\"og:type\" content=\"article\" \/>\n<meta property=\"og:title\" content=\"Roll conteneur JUMBO - 200 x 80 cm - Renforc\u00e9%.\" \/>\n<meta property=\"og:description\" content=\"Grand roll conteneur : JUMBO, encore plus grand que le MAXI, est le g\u00e9ant de la maison. Structure renforc\u00e9e pour les marchandises volumineuses et l&#039;utilisation intensive.\" \/>\n<meta property=\"og:url\" content=\"https:\/\/www.italianacontenitori.com\/fr\/produit\/roll-200-x-80-cm-renforce\/\" \/>\n<meta property=\"og:site_name\" content=\"italianacontenitori.com\" \/>\n<meta property=\"article:modified_time\" content=\"2026-04-10T14:36:05+00:00\" \/>\n<meta property=\"og:image\" content=\"https:\/\/www.italianacontenitori.com\/wp-content\/uploads\/2020\/12\/ROLR0200H4R0.png\" \/>\n\t<meta property=\"og:image:width\" content=\"1024\" \/>\n\t<meta property=\"og:image:height\" content=\"1024\" \/>\n\t<meta property=\"og:image:type\" content=\"image\/png\" \/>\n<meta name=\"twitter:card\" content=\"summary_large_image\" \/>\n<meta name=\"twitter:label1\" content=\"Dur\u00e9e de lecture estim\u00e9e\" \/>\n\t<meta name=\"twitter:data1\" content=\"2 minutes\" \/>\n<script type=\"application\/ld+json\" class=\"yoast-schema-graph\">{\"@context\":\"https:\\\/\\\/schema.org\",\"@graph\":[{\"@type\":\"WebPage\",\"@id\":\"https:\\\/\\\/www.italianacontenitori.com\\\/fr\\\/produit\\\/roll-200-x-80-cm-renforce\\\/\",\"url\":\"https:\\\/\\\/www.italianacontenitori.com\\\/fr\\\/produit\\\/roll-200-x-80-cm-renforce\\\/\",\"name\":\"Roll conteneur JUMBO - 200 x 80 cm - Renforc\u00e9%.\",\"isPartOf\":{\"@id\":\"https:\\\/\\\/www.italianacontenitori.com\\\/fr\\\/#website\"},\"primaryImageOfPage\":{\"@id\":\"https:\\\/\\\/www.italianacontenitori.com\\\/fr\\\/produit\\\/roll-200-x-80-cm-renforce\\\/#primaryimage\"},\"image\":{\"@id\":\"https:\\\/\\\/www.italianacontenitori.com\\\/fr\\\/produit\\\/roll-200-x-80-cm-renforce\\\/#primaryimage\"},\"thumbnailUrl\":\"https:\\\/\\\/www.italianacontenitori.com\\\/wp-content\\\/uploads\\\/2020\\\/12\\\/ROLR0200H4R0.png\",\"datePublished\":\"2020-12-11T16:06:49+00:00\",\"dateModified\":\"2026-04-10T14:36:05+00:00\",\"description\":\"Grand roll conteneur : JUMBO, encore plus grand que le MAXI, est le g\u00e9ant de la maison. Structure renforc\u00e9e pour les marchandises volumineuses et l'utilisation intensive.\",\"breadcrumb\":{\"@id\":\"https:\\\/\\\/www.italianacontenitori.com\\\/fr\\\/produit\\\/roll-200-x-80-cm-renforce\\\/#breadcrumb\"},\"inLanguage\":\"fr-FR\",\"potentialAction\":[{\"@type\":\"ReadAction\",\"target\":[\"https:\\\/\\\/www.italianacontenitori.com\\\/fr\\\/produit\\\/roll-200-x-80-cm-renforce\\\/\"]}]},{\"@type\":\"ImageObject\",\"inLanguage\":\"fr-FR\",\"@id\":\"https:\\\/\\\/www.italianacontenitori.com\\\/fr\\\/produit\\\/roll-200-x-80-cm-renforce\\\/#primaryimage\",\"url\":\"https:\\\/\\\/www.italianacontenitori.com\\\/wp-content\\\/uploads\\\/2020\\\/12\\\/ROLR0200H4R0.png\",\"contentUrl\":\"https:\\\/\\\/www.italianacontenitori.com\\\/wp-content\\\/uploads\\\/2020\\\/12\\\/ROLR0200H4R0.png\",\"width\":1024,\"height\":1024,\"caption\":\"Grand conteneur roll, JUMBO. Mod\u00e8le ROLR0200H4R0\"},{\"@type\":\"BreadcrumbList\",\"@id\":\"https:\\\/\\\/www.italianacontenitori.com\\\/fr\\\/produit\\\/roll-200-x-80-cm-renforce\\\/#breadcrumb\",\"itemListElement\":[{\"@type\":\"ListItem\",\"position\":1,\"name\":\"Home\",\"item\":\"https:\\\/\\\/www.italianacontenitori.com\\\/fr\\\/conteneurs-a-mailles-metalliques\\\/\"},{\"@type\":\"ListItem\",\"position\":2,\"name\":\"Catalogue\",\"item\":\"https:\\\/\\\/www.italianacontenitori.com\\\/fr\\\/catalogue-fr\\\/\"},{\"@type\":\"ListItem\",\"position\":3,\"name\":\"Roll conteneur JUMBO &#8211; 200 x 80 cm &#8211; Renforc\u00e9\"}]},{\"@type\":\"WebSite\",\"@id\":\"https:\\\/\\\/www.italianacontenitori.com\\\/fr\\\/#website\",\"url\":\"https:\\\/\\\/www.italianacontenitori.com\\\/fr\\\/\",\"name\":\"italianacontenitori.com\",\"description\":\"Produzione di contenitori industriali e roll container\",\"publisher\":{\"@id\":\"https:\\\/\\\/www.italianacontenitori.com\\\/fr\\\/#organization\"},\"potentialAction\":[{\"@type\":\"SearchAction\",\"target\":{\"@type\":\"EntryPoint\",\"urlTemplate\":\"https:\\\/\\\/www.italianacontenitori.com\\\/fr\\\/?s={search_term_string}\"},\"query-input\":{\"@type\":\"PropertyValueSpecification\",\"valueRequired\":true,\"valueName\":\"search_term_string\"}}],\"inLanguage\":\"fr-FR\"},{\"@type\":\"Organization\",\"@id\":\"https:\\\/\\\/www.italianacontenitori.com\\\/fr\\\/#organization\",\"name\":\"Italiana Contenitori s.r.l.\",\"alternateName\":\"IC\",\"url\":\"https:\\\/\\\/www.italianacontenitori.com\\\/fr\\\/\",\"logo\":{\"@type\":\"ImageObject\",\"inLanguage\":\"fr-FR\",\"@id\":\"https:\\\/\\\/www.italianacontenitori.com\\\/fr\\\/#\\\/schema\\\/logo\\\/image\\\/\",\"url\":\"https:\\\/\\\/www.italianacontenitori.com\\\/wp-content\\\/uploads\\\/2020\\\/11\\\/cropped-Logo-Italiana-Contenitori_favicon.jpg\",\"contentUrl\":\"https:\\\/\\\/www.italianacontenitori.com\\\/wp-content\\\/uploads\\\/2020\\\/11\\\/cropped-Logo-Italiana-Contenitori_favicon.jpg\",\"width\":512,\"height\":512,\"caption\":\"Italiana Contenitori s.r.l.\"},\"image\":{\"@id\":\"https:\\\/\\\/www.italianacontenitori.com\\\/fr\\\/#\\\/schema\\\/logo\\\/image\\\/\"}}]}<\/script>\n<!-- \/ Yoast SEO plugin. -->","yoast_head_json":{"title":"Roll conteneur JUMBO - 200 x 80 cm - Renforc\u00e9%.","description":"Grand roll conteneur : JUMBO, encore plus grand que le MAXI, est le g\u00e9ant de la maison. Structure renforc\u00e9e pour les marchandises volumineuses et l'utilisation intensive.","robots":{"index":"index","follow":"follow","max-snippet":"max-snippet:-1","max-image-preview":"max-image-preview:large","max-video-preview":"max-video-preview:-1"},"canonical":"https:\/\/www.italianacontenitori.com\/fr\/produit\/roll-200-x-80-cm-renforce\/","og_locale":"fr_FR","og_type":"article","og_title":"Roll conteneur JUMBO - 200 x 80 cm - Renforc\u00e9%.","og_description":"Grand roll conteneur : JUMBO, encore plus grand que le MAXI, est le g\u00e9ant de la maison. Structure renforc\u00e9e pour les marchandises volumineuses et l'utilisation intensive.","og_url":"https:\/\/www.italianacontenitori.com\/fr\/produit\/roll-200-x-80-cm-renforce\/","og_site_name":"italianacontenitori.com","article_modified_time":"2026-04-10T14:36:05+00:00","og_image":[{"width":1024,"height":1024,"url":"https:\/\/www.italianacontenitori.com\/wp-content\/uploads\/2020\/12\/ROLR0200H4R0.png","type":"image\/png"}],"twitter_card":"summary_large_image","twitter_misc":{"Dur\u00e9e de lecture estim\u00e9e":"2 minutes"},"schema":{"@context":"https:\/\/schema.org","@graph":[{"@type":"WebPage","@id":"https:\/\/www.italianacontenitori.com\/fr\/produit\/roll-200-x-80-cm-renforce\/","url":"https:\/\/www.italianacontenitori.com\/fr\/produit\/roll-200-x-80-cm-renforce\/","name":"Roll conteneur JUMBO - 200 x 80 cm - Renforc\u00e9%.","isPartOf":{"@id":"https:\/\/www.italianacontenitori.com\/fr\/#website"},"primaryImageOfPage":{"@id":"https:\/\/www.italianacontenitori.com\/fr\/produit\/roll-200-x-80-cm-renforce\/#primaryimage"},"image":{"@id":"https:\/\/www.italianacontenitori.com\/fr\/produit\/roll-200-x-80-cm-renforce\/#primaryimage"},"thumbnailUrl":"https:\/\/www.italianacontenitori.com\/wp-content\/uploads\/2020\/12\/ROLR0200H4R0.png","datePublished":"2020-12-11T16:06:49+00:00","dateModified":"2026-04-10T14:36:05+00:00","description":"Grand roll conteneur : JUMBO, encore plus grand que le MAXI, est le g\u00e9ant de la maison. Structure renforc\u00e9e pour les marchandises volumineuses et l'utilisation intensive.","breadcrumb":{"@id":"https:\/\/www.italianacontenitori.com\/fr\/produit\/roll-200-x-80-cm-renforce\/#breadcrumb"},"inLanguage":"fr-FR","potentialAction":[{"@type":"ReadAction","target":["https:\/\/www.italianacontenitori.com\/fr\/produit\/roll-200-x-80-cm-renforce\/"]}]},{"@type":"ImageObject","inLanguage":"fr-FR","@id":"https:\/\/www.italianacontenitori.com\/fr\/produit\/roll-200-x-80-cm-renforce\/#primaryimage","url":"https:\/\/www.italianacontenitori.com\/wp-content\/uploads\/2020\/12\/ROLR0200H4R0.png","contentUrl":"https:\/\/www.italianacontenitori.com\/wp-content\/uploads\/2020\/12\/ROLR0200H4R0.png","width":1024,"height":1024,"caption":"Grand conteneur roll, JUMBO. Mod\u00e8le ROLR0200H4R0"},{"@type":"BreadcrumbList","@id":"https:\/\/www.italianacontenitori.com\/fr\/produit\/roll-200-x-80-cm-renforce\/#breadcrumb","itemListElement":[{"@type":"ListItem","position":1,"name":"Home","item":"https:\/\/www.italianacontenitori.com\/fr\/conteneurs-a-mailles-metalliques\/"},{"@type":"ListItem","position":2,"name":"Catalogue","item":"https:\/\/www.italianacontenitori.com\/fr\/catalogue-fr\/"},{"@type":"ListItem","position":3,"name":"Roll conteneur JUMBO &#8211; 200 x 80 cm &#8211; Renforc\u00e9"}]},{"@type":"WebSite","@id":"https:\/\/www.italianacontenitori.com\/fr\/#website","url":"https:\/\/www.italianacontenitori.com\/fr\/","name":"italianacontenitori.com","description":"Produzione di contenitori industriali e roll container","publisher":{"@id":"https:\/\/www.italianacontenitori.com\/fr\/#organization"},"potentialAction":[{"@type":"SearchAction","target":{"@type":"EntryPoint","urlTemplate":"https:\/\/www.italianacontenitori.com\/fr\/?s={search_term_string}"},"query-input":{"@type":"PropertyValueSpecification","valueRequired":true,"valueName":"search_term_string"}}],"inLanguage":"fr-FR"},{"@type":"Organization","@id":"https:\/\/www.italianacontenitori.com\/fr\/#organization","name":"Italiana Contenitori s.r.l.","alternateName":"IC","url":"https:\/\/www.italianacontenitori.com\/fr\/","logo":{"@type":"ImageObject","inLanguage":"fr-FR","@id":"https:\/\/www.italianacontenitori.com\/fr\/#\/schema\/logo\/image\/","url":"https:\/\/www.italianacontenitori.com\/wp-content\/uploads\/2020\/11\/cropped-Logo-Italiana-Contenitori_favicon.jpg","contentUrl":"https:\/\/www.italianacontenitori.com\/wp-content\/uploads\/2020\/11\/cropped-Logo-Italiana-Contenitori_favicon.jpg","width":512,"height":512,"caption":"Italiana Contenitori s.r.l."},"image":{"@id":"https:\/\/www.italianacontenitori.com\/fr\/#\/schema\/logo\/image\/"}}]}},"_links":{"self":[{"href":"https:\/\/www.italianacontenitori.com\/fr\/wp-json\/wp\/v2\/product\/241255","targetHints":{"allow":["GET"]}}],"collection":[{"href":"https:\/\/www.italianacontenitori.com\/fr\/wp-json\/wp\/v2\/product"}],"about":[{"href":"https:\/\/www.italianacontenitori.com\/fr\/wp-json\/wp\/v2\/types\/product"}],"replies":[{"embeddable":true,"href":"https:\/\/www.italianacontenitori.com\/fr\/wp-json\/wp\/v2\/comments?post=241255"}],"wp:featuredmedia":[{"embeddable":true,"href":"https:\/\/www.italianacontenitori.com\/fr\/wp-json\/wp\/v2\/media\/240246"}],"wp:attachment":[{"href":"https:\/\/www.italianacontenitori.com\/fr\/wp-json\/wp\/v2\/media?parent=241255"}],"wp:term":[{"taxonomy":"product_brand","embeddable":true,"href":"https:\/\/www.italianacontenitori.com\/fr\/wp-json\/wp\/v2\/product_brand?post=241255"},{"taxonomy":"product_cat","embeddable":true,"href":"https:\/\/www.italianacontenitori.com\/fr\/wp-json\/wp\/v2\/product_cat?post=241255"},{"taxonomy":"product_tag","embeddable":true,"href":"https:\/\/www.italianacontenitori.com\/fr\/wp-json\/wp\/v2\/product_tag?post=241255"}],"curies":[{"name":"wp","href":"https:\/\/api.w.org\/{rel}","templated":true}]}}