{"id":241276,"date":"2020-12-11T15:53:28","date_gmt":"2020-12-11T15:53:28","guid":{"rendered":"https:\/\/www.italianacontenitori.com\/product\/roll-120-x-100-cm-renforce\/"},"modified":"2026-04-10T14:35:56","modified_gmt":"2026-04-10T14:35:56","slug":"roll-120-x-100-cm-renforce","status":"publish","type":"product","link":"https:\/\/www.italianacontenitori.com\/fr\/produit\/roll-120-x-100-cm-renforce\/","title":{"rendered":"Roll conteneur MAXI 120 x 100 cm &#8211; Renforc\u00e9"},"content":{"rendered":"<p>Le <strong>maxi roll conteneur renforc\u00e9 120 x 100 cm<\/strong>, mod\u00e8le ROLR0180, est con\u00e7u pour r\u00e9pondre aux besoins de manutention de charges volumineuses dans des environnements tels que les <strong>entrep\u00f4ts<\/strong>, les <strong>centres de distribution<\/strong> et les <strong>blanchisseries industrielles<\/strong>. Gr\u00e2ce \u00e0 sa robustesse et \u00e0 ses dimensions g\u00e9n\u00e9reuses, il est id\u00e9al pour optimiser le chargement des camions, am\u00e9liorer l&#8217;efficacit\u00e9 logistique et r\u00e9duire le temps de transport. <\/p>\n<p>Avec des <strong>dimensions ext\u00e9rieures de 1200 x 1000 mm<\/strong>, ce roll conteneur offre une capacit\u00e9 de charge allant jusqu&#8217;\u00e0 <strong>600 kg<\/strong>, assurant stabilit\u00e9 et s\u00e9curit\u00e9 lors du transport de marchandises volumineuses. Sa construction en <strong>fil de fer galvanis\u00e9<\/strong> garantit sa durabilit\u00e9 et sa r\u00e9sistance \u00e0 la corrosion, ce qui permet de l&#8217;utiliser de mani\u00e8re intensive, m\u00eame dans des environnements difficiles. <\/p>\n<h2>Principales caract\u00e9ristiques du <strong>conteneur maxi roll avec base renforc\u00e9e<\/strong>:<\/h2>\n<ul>\n<li><strong>Dimensions ext\u00e9rieures<\/strong>: 1200 x 1000 mm<\/li>\n<li><strong>Capacit\u00e9 de charge maximale<\/strong>: 600 kg<\/li>\n<li><strong>Hauteurs disponibles<\/strong>: 1520 \u00e0 1800 mm<\/li>\n<li><strong>Construction robuste<\/strong>: treillis m\u00e9tallique galvanis\u00e9 par \u00e9lectrolyse pour plus de solidit\u00e9 et de durabilit\u00e9.<\/li>\n<li><strong>\u00c9tag\u00e8res r\u00e9glables<\/strong>: Possibilit\u00e9 de configurer le rouleau avec des \u00e9tag\u00e8res pour optimiser l&#8217;espace int\u00e9rieur<\/li>\n<\/ul>\n<p>Les <strong>roues en polyur\u00e9thane<\/strong> silencieuses et durables assurent une parfaite maniabilit\u00e9 sur diverses surfaces, ce qui rend le roll conteneur id\u00e9al pour le <strong>transport de marchandises dans les entrep\u00f4ts<\/strong> et les <strong>centres de distribution<\/strong>. Il peut \u00eatre \u00e9quip\u00e9 de <strong>roues \u00e0 frein<\/strong> pour am\u00e9liorer la stabilit\u00e9 lors du chargement et du d\u00e9chargement, en particulier sur les surfaces inclin\u00e9es ou dans les environnements \u00e0 forte circulation. <\/p>\n<h2>Optimisation de la logistique et s\u00e9curit\u00e9<\/h2>\n<p>Gr\u00e2ce \u00e0 sa taille et \u00e0 sa conception optimis\u00e9es, le <strong>conteneur maxi roll renforc\u00e9<\/strong> exploite au maximum l&#8217;espace disponible \u00e0 l&#8217;int\u00e9rieur des camions, ce qui permet de maximiser les charges et de r\u00e9duire les co\u00fbts de transport. Ses <strong>c\u00f4t\u00e9s grillag\u00e9s<\/strong> permettent de maintenir le contenu stable et de le prot\u00e9ger pendant le d\u00e9placement. Il peut \u00eatre \u00e9quip\u00e9 d&#8217;<strong>accessoires tels que des sangles, des \u00e9tag\u00e8res<\/strong> <strong>et des plaques d&#8217;identification<\/strong> pour am\u00e9liorer encore son efficacit\u00e9 op\u00e9rationnelle.  <\/p>\n","protected":false},"excerpt":{"rendered":"<p>Rollcontainer di grande dimensione per lo stoccaggio e la movimentazione. Il peut accueillir jusqu\u2019\u00e0 trois \u00e9tag\u00e8res horizontales. Les renforts aux quatre angles de la base assurent une plus grande r\u00e9sistance.<\/p>\n","protected":false},"featured_media":240266,"comment_status":"open","ping_status":"closed","template":"","meta":{"_acf_changed":false,"_et_pb_use_builder":"","_et_pb_old_content":"","_et_gb_content_width":""},"product_brand":[],"product_cat":[826],"product_tag":[2117],"class_list":{"0":"post-241276","1":"product","2":"type-product","3":"status-publish","4":"has-post-thumbnail","6":"product_cat-roll-conteneur","7":"product_tag-roll-conteneur-dimensions-maxi","9":"first","10":"instock","11":"shipping-taxable","12":"purchasable","13":"product-type-variable","14":"has-default-attributes"},"acf":[],"yoast_head":"<!-- This site is optimized with the Yoast SEO plugin v27.3 - https:\/\/yoast.com\/product\/yoast-seo-wordpress\/ -->\n<title>MAXI Conteneur roll renforc\u00e9 120 x 100 cm | Italiana Contenitori<\/title>\n<meta name=\"description\" content=\"Conteneur roll MAXI avec base renforc\u00e9e, id\u00e9al pour les charges volumineuses jusqu&#039;\u00e0 600 kg. De 2 \u00e0 4 c\u00f4t\u00e9s tombants, avec \u00e9tag\u00e8res r\u00e9glables et accessoires.\" \/>\n<meta name=\"robots\" content=\"index, follow, max-snippet:-1, max-image-preview:large, max-video-preview:-1\" \/>\n<link rel=\"canonical\" href=\"https:\/\/www.italianacontenitori.com\/fr\/produit\/roll-120-x-100-cm-renforce\/\" \/>\n<meta property=\"og:locale\" content=\"fr_FR\" \/>\n<meta property=\"og:type\" content=\"article\" \/>\n<meta property=\"og:title\" content=\"MAXI Conteneur roll renforc\u00e9 120 x 100 cm | Italiana Contenitori\" \/>\n<meta property=\"og:description\" content=\"Conteneur roll MAXI avec base renforc\u00e9e, id\u00e9al pour les charges volumineuses jusqu&#039;\u00e0 600 kg. De 2 \u00e0 4 c\u00f4t\u00e9s tombants, avec \u00e9tag\u00e8res r\u00e9glables et accessoires.\" \/>\n<meta property=\"og:url\" content=\"https:\/\/www.italianacontenitori.com\/fr\/produit\/roll-120-x-100-cm-renforce\/\" \/>\n<meta property=\"og:site_name\" content=\"italianacontenitori.com\" \/>\n<meta property=\"article:modified_time\" content=\"2026-04-10T14:35:56+00:00\" \/>\n<meta property=\"og:image\" content=\"https:\/\/www.italianacontenitori.com\/wp-content\/uploads\/2020\/12\/ROLR0180H4R0-1.png\" \/>\n\t<meta property=\"og:image:width\" content=\"1024\" \/>\n\t<meta property=\"og:image:height\" content=\"1024\" \/>\n\t<meta property=\"og:image:type\" content=\"image\/png\" \/>\n<meta name=\"twitter:card\" content=\"summary_large_image\" \/>\n<meta name=\"twitter:label1\" content=\"Dur\u00e9e de lecture estim\u00e9e\" \/>\n\t<meta name=\"twitter:data1\" content=\"2 minutes\" \/>\n<script type=\"application\/ld+json\" class=\"yoast-schema-graph\">{\"@context\":\"https:\\\/\\\/schema.org\",\"@graph\":[{\"@type\":\"WebPage\",\"@id\":\"https:\\\/\\\/www.italianacontenitori.com\\\/fr\\\/produit\\\/roll-120-x-100-cm-renforce\\\/\",\"url\":\"https:\\\/\\\/www.italianacontenitori.com\\\/fr\\\/produit\\\/roll-120-x-100-cm-renforce\\\/\",\"name\":\"MAXI Conteneur roll renforc\u00e9 120 x 100 cm | Italiana Contenitori\",\"isPartOf\":{\"@id\":\"https:\\\/\\\/www.italianacontenitori.com\\\/fr\\\/#website\"},\"primaryImageOfPage\":{\"@id\":\"https:\\\/\\\/www.italianacontenitori.com\\\/fr\\\/produit\\\/roll-120-x-100-cm-renforce\\\/#primaryimage\"},\"image\":{\"@id\":\"https:\\\/\\\/www.italianacontenitori.com\\\/fr\\\/produit\\\/roll-120-x-100-cm-renforce\\\/#primaryimage\"},\"thumbnailUrl\":\"https:\\\/\\\/www.italianacontenitori.com\\\/wp-content\\\/uploads\\\/2020\\\/12\\\/ROLR0180H4R0-1.png\",\"datePublished\":\"2020-12-11T15:53:28+00:00\",\"dateModified\":\"2026-04-10T14:35:56+00:00\",\"description\":\"Conteneur roll MAXI avec base renforc\u00e9e, id\u00e9al pour les charges volumineuses jusqu'\u00e0 600 kg. De 2 \u00e0 4 c\u00f4t\u00e9s tombants, avec \u00e9tag\u00e8res r\u00e9glables et accessoires.\",\"breadcrumb\":{\"@id\":\"https:\\\/\\\/www.italianacontenitori.com\\\/fr\\\/produit\\\/roll-120-x-100-cm-renforce\\\/#breadcrumb\"},\"inLanguage\":\"fr-FR\",\"potentialAction\":[{\"@type\":\"ReadAction\",\"target\":[\"https:\\\/\\\/www.italianacontenitori.com\\\/fr\\\/produit\\\/roll-120-x-100-cm-renforce\\\/\"]}]},{\"@type\":\"ImageObject\",\"inLanguage\":\"fr-FR\",\"@id\":\"https:\\\/\\\/www.italianacontenitori.com\\\/fr\\\/produit\\\/roll-120-x-100-cm-renforce\\\/#primaryimage\",\"url\":\"https:\\\/\\\/www.italianacontenitori.com\\\/wp-content\\\/uploads\\\/2020\\\/12\\\/ROLR0180H4R0-1.png\",\"contentUrl\":\"https:\\\/\\\/www.italianacontenitori.com\\\/wp-content\\\/uploads\\\/2020\\\/12\\\/ROLR0180H4R0-1.png\",\"width\":1024,\"height\":1024,\"caption\":\"Roll Conteneur MAXI avec base renforc\u00e9e - 2 \u00e0 4 c\u00f4t\u00e9s avec rabat. Capacit\u00e9 de charge jusqu'\u00e0 600 kg pour les marchandises encombrantes.\"},{\"@type\":\"BreadcrumbList\",\"@id\":\"https:\\\/\\\/www.italianacontenitori.com\\\/fr\\\/produit\\\/roll-120-x-100-cm-renforce\\\/#breadcrumb\",\"itemListElement\":[{\"@type\":\"ListItem\",\"position\":1,\"name\":\"Home\",\"item\":\"https:\\\/\\\/www.italianacontenitori.com\\\/fr\\\/conteneurs-a-mailles-metalliques\\\/\"},{\"@type\":\"ListItem\",\"position\":2,\"name\":\"Roll conteneur MAXI 120 x 100 cm &#8211; Renforc\u00e9\"}]},{\"@type\":\"WebSite\",\"@id\":\"https:\\\/\\\/www.italianacontenitori.com\\\/fr\\\/#website\",\"url\":\"https:\\\/\\\/www.italianacontenitori.com\\\/fr\\\/\",\"name\":\"italianacontenitori.com\",\"description\":\"Produzione di contenitori industriali e roll container\",\"publisher\":{\"@id\":\"https:\\\/\\\/www.italianacontenitori.com\\\/fr\\\/#organization\"},\"potentialAction\":[{\"@type\":\"SearchAction\",\"target\":{\"@type\":\"EntryPoint\",\"urlTemplate\":\"https:\\\/\\\/www.italianacontenitori.com\\\/fr\\\/?s={search_term_string}\"},\"query-input\":{\"@type\":\"PropertyValueSpecification\",\"valueRequired\":true,\"valueName\":\"search_term_string\"}}],\"inLanguage\":\"fr-FR\"},{\"@type\":\"Organization\",\"@id\":\"https:\\\/\\\/www.italianacontenitori.com\\\/fr\\\/#organization\",\"name\":\"Italiana Contenitori s.r.l.\",\"alternateName\":\"IC\",\"url\":\"https:\\\/\\\/www.italianacontenitori.com\\\/fr\\\/\",\"logo\":{\"@type\":\"ImageObject\",\"inLanguage\":\"fr-FR\",\"@id\":\"https:\\\/\\\/www.italianacontenitori.com\\\/fr\\\/#\\\/schema\\\/logo\\\/image\\\/\",\"url\":\"https:\\\/\\\/www.italianacontenitori.com\\\/wp-content\\\/uploads\\\/2020\\\/11\\\/cropped-Logo-Italiana-Contenitori_favicon.jpg\",\"contentUrl\":\"https:\\\/\\\/www.italianacontenitori.com\\\/wp-content\\\/uploads\\\/2020\\\/11\\\/cropped-Logo-Italiana-Contenitori_favicon.jpg\",\"width\":512,\"height\":512,\"caption\":\"Italiana Contenitori s.r.l.\"},\"image\":{\"@id\":\"https:\\\/\\\/www.italianacontenitori.com\\\/fr\\\/#\\\/schema\\\/logo\\\/image\\\/\"}}]}<\/script>\n<!-- \/ Yoast SEO plugin. -->","yoast_head_json":{"title":"MAXI Conteneur roll renforc\u00e9 120 x 100 cm | Italiana Contenitori","description":"Conteneur roll MAXI avec base renforc\u00e9e, id\u00e9al pour les charges volumineuses jusqu'\u00e0 600 kg. De 2 \u00e0 4 c\u00f4t\u00e9s tombants, avec \u00e9tag\u00e8res r\u00e9glables et accessoires.","robots":{"index":"index","follow":"follow","max-snippet":"max-snippet:-1","max-image-preview":"max-image-preview:large","max-video-preview":"max-video-preview:-1"},"canonical":"https:\/\/www.italianacontenitori.com\/fr\/produit\/roll-120-x-100-cm-renforce\/","og_locale":"fr_FR","og_type":"article","og_title":"MAXI Conteneur roll renforc\u00e9 120 x 100 cm | Italiana Contenitori","og_description":"Conteneur roll MAXI avec base renforc\u00e9e, id\u00e9al pour les charges volumineuses jusqu'\u00e0 600 kg. De 2 \u00e0 4 c\u00f4t\u00e9s tombants, avec \u00e9tag\u00e8res r\u00e9glables et accessoires.","og_url":"https:\/\/www.italianacontenitori.com\/fr\/produit\/roll-120-x-100-cm-renforce\/","og_site_name":"italianacontenitori.com","article_modified_time":"2026-04-10T14:35:56+00:00","og_image":[{"width":1024,"height":1024,"url":"https:\/\/www.italianacontenitori.com\/wp-content\/uploads\/2020\/12\/ROLR0180H4R0-1.png","type":"image\/png"}],"twitter_card":"summary_large_image","twitter_misc":{"Dur\u00e9e de lecture estim\u00e9e":"2 minutes"},"schema":{"@context":"https:\/\/schema.org","@graph":[{"@type":"WebPage","@id":"https:\/\/www.italianacontenitori.com\/fr\/produit\/roll-120-x-100-cm-renforce\/","url":"https:\/\/www.italianacontenitori.com\/fr\/produit\/roll-120-x-100-cm-renforce\/","name":"MAXI Conteneur roll renforc\u00e9 120 x 100 cm | Italiana Contenitori","isPartOf":{"@id":"https:\/\/www.italianacontenitori.com\/fr\/#website"},"primaryImageOfPage":{"@id":"https:\/\/www.italianacontenitori.com\/fr\/produit\/roll-120-x-100-cm-renforce\/#primaryimage"},"image":{"@id":"https:\/\/www.italianacontenitori.com\/fr\/produit\/roll-120-x-100-cm-renforce\/#primaryimage"},"thumbnailUrl":"https:\/\/www.italianacontenitori.com\/wp-content\/uploads\/2020\/12\/ROLR0180H4R0-1.png","datePublished":"2020-12-11T15:53:28+00:00","dateModified":"2026-04-10T14:35:56+00:00","description":"Conteneur roll MAXI avec base renforc\u00e9e, id\u00e9al pour les charges volumineuses jusqu'\u00e0 600 kg. De 2 \u00e0 4 c\u00f4t\u00e9s tombants, avec \u00e9tag\u00e8res r\u00e9glables et accessoires.","breadcrumb":{"@id":"https:\/\/www.italianacontenitori.com\/fr\/produit\/roll-120-x-100-cm-renforce\/#breadcrumb"},"inLanguage":"fr-FR","potentialAction":[{"@type":"ReadAction","target":["https:\/\/www.italianacontenitori.com\/fr\/produit\/roll-120-x-100-cm-renforce\/"]}]},{"@type":"ImageObject","inLanguage":"fr-FR","@id":"https:\/\/www.italianacontenitori.com\/fr\/produit\/roll-120-x-100-cm-renforce\/#primaryimage","url":"https:\/\/www.italianacontenitori.com\/wp-content\/uploads\/2020\/12\/ROLR0180H4R0-1.png","contentUrl":"https:\/\/www.italianacontenitori.com\/wp-content\/uploads\/2020\/12\/ROLR0180H4R0-1.png","width":1024,"height":1024,"caption":"Roll Conteneur MAXI avec base renforc\u00e9e - 2 \u00e0 4 c\u00f4t\u00e9s avec rabat. Capacit\u00e9 de charge jusqu'\u00e0 600 kg pour les marchandises encombrantes."},{"@type":"BreadcrumbList","@id":"https:\/\/www.italianacontenitori.com\/fr\/produit\/roll-120-x-100-cm-renforce\/#breadcrumb","itemListElement":[{"@type":"ListItem","position":1,"name":"Home","item":"https:\/\/www.italianacontenitori.com\/fr\/conteneurs-a-mailles-metalliques\/"},{"@type":"ListItem","position":2,"name":"Roll conteneur MAXI 120 x 100 cm &#8211; Renforc\u00e9"}]},{"@type":"WebSite","@id":"https:\/\/www.italianacontenitori.com\/fr\/#website","url":"https:\/\/www.italianacontenitori.com\/fr\/","name":"italianacontenitori.com","description":"Produzione di contenitori industriali e roll container","publisher":{"@id":"https:\/\/www.italianacontenitori.com\/fr\/#organization"},"potentialAction":[{"@type":"SearchAction","target":{"@type":"EntryPoint","urlTemplate":"https:\/\/www.italianacontenitori.com\/fr\/?s={search_term_string}"},"query-input":{"@type":"PropertyValueSpecification","valueRequired":true,"valueName":"search_term_string"}}],"inLanguage":"fr-FR"},{"@type":"Organization","@id":"https:\/\/www.italianacontenitori.com\/fr\/#organization","name":"Italiana Contenitori s.r.l.","alternateName":"IC","url":"https:\/\/www.italianacontenitori.com\/fr\/","logo":{"@type":"ImageObject","inLanguage":"fr-FR","@id":"https:\/\/www.italianacontenitori.com\/fr\/#\/schema\/logo\/image\/","url":"https:\/\/www.italianacontenitori.com\/wp-content\/uploads\/2020\/11\/cropped-Logo-Italiana-Contenitori_favicon.jpg","contentUrl":"https:\/\/www.italianacontenitori.com\/wp-content\/uploads\/2020\/11\/cropped-Logo-Italiana-Contenitori_favicon.jpg","width":512,"height":512,"caption":"Italiana Contenitori s.r.l."},"image":{"@id":"https:\/\/www.italianacontenitori.com\/fr\/#\/schema\/logo\/image\/"}}]}},"_links":{"self":[{"href":"https:\/\/www.italianacontenitori.com\/fr\/wp-json\/wp\/v2\/product\/241276","targetHints":{"allow":["GET"]}}],"collection":[{"href":"https:\/\/www.italianacontenitori.com\/fr\/wp-json\/wp\/v2\/product"}],"about":[{"href":"https:\/\/www.italianacontenitori.com\/fr\/wp-json\/wp\/v2\/types\/product"}],"replies":[{"embeddable":true,"href":"https:\/\/www.italianacontenitori.com\/fr\/wp-json\/wp\/v2\/comments?post=241276"}],"wp:featuredmedia":[{"embeddable":true,"href":"https:\/\/www.italianacontenitori.com\/fr\/wp-json\/wp\/v2\/media\/240266"}],"wp:attachment":[{"href":"https:\/\/www.italianacontenitori.com\/fr\/wp-json\/wp\/v2\/media?parent=241276"}],"wp:term":[{"taxonomy":"product_brand","embeddable":true,"href":"https:\/\/www.italianacontenitori.com\/fr\/wp-json\/wp\/v2\/product_brand?post=241276"},{"taxonomy":"product_cat","embeddable":true,"href":"https:\/\/www.italianacontenitori.com\/fr\/wp-json\/wp\/v2\/product_cat?post=241276"},{"taxonomy":"product_tag","embeddable":true,"href":"https:\/\/www.italianacontenitori.com\/fr\/wp-json\/wp\/v2\/product_tag?post=241276"}],"curies":[{"name":"wp","href":"https:\/\/api.w.org\/{rel}","templated":true}]}}