{"id":241317,"date":"2020-12-11T14:18:06","date_gmt":"2020-12-11T14:18:06","guid":{"rendered":"https:\/\/www.italianacontenitori.com\/product\/roll-72-x-80-cm-base-renforcee\/"},"modified":"2026-04-10T14:35:58","modified_gmt":"2026-04-10T14:35:58","slug":"roll-72-x-80-cm-base-renforcee","status":"publish","type":"product","link":"https:\/\/www.italianacontenitori.com\/fr\/produit\/roll-72-x-80-cm-base-renforcee\/","title":{"rendered":"Conteneur roll standard 72 x 80 cm &#8211; Renforc\u00e9"},"content":{"rendered":"<p>Le roll conteneur standard de 72 x 80 cm avec base renforc\u00e9e est un chariot grillag\u00e9 sur roulettes con\u00e7u pour assurer une manutention et un stockage des plus efficaces des marchandises dans les environnements \u00e0 fort trafic, tels que les <strong>blanchisseries industrielles, les h\u00f4pitaux et les collectivit\u00e9s<\/strong>. Ce chariot \u00e0 colis robuste offre solidit\u00e9 et stabilit\u00e9, avec une capacit\u00e9 de charge allant jusqu&#8217;\u00e0 600 kg, ce qui est parfait pour le transport de marchandises lourdes et volumineuses. <strong>Les renforts d&#8217;angle dans la base offrent une r\u00e9sistance suppl\u00e9mentaire<\/strong>, ce qui en fait un chariot id\u00e9al pour une utilisation intensive, m\u00eame dans une configuration \u00e0 deux c\u00f4t\u00e9s avec l&#8217;utilisation de sangles.  <\/p>\n<h2>Chariot industriel <strong>standard avec base renforc\u00e9e<\/strong> 72&#215;80 cm en un coup d&#8217;\u0153il :<\/h2>\n<ul>\n<li><strong>Dimensions ext\u00e9rieures :<\/strong> 72 x 80 cm<\/li>\n<li><strong>Hauteur :<\/strong> 152 \u00e0 180 cm<\/li>\n<li><strong>Capacit\u00e9 de charge :<\/strong> 400 kg ou 600 kg selon les roues choisies<\/li>\n<li><strong>Maille dense \u00e0 la base<\/strong>: emp\u00eache les petits objets de tomber.<\/li>\n<\/ul>\n<h2>Bandes lat\u00e9rales, grillage, roues et autres caract\u00e9ristiques<\/h2>\n<p>Le porte-charges \u00e0 base renforc\u00e9e est disponible en diff\u00e9rentes configurations de <strong>c\u00f4t\u00e9s : 2, 3 ou 4 avec rabat<\/strong> pour faciliter le chargement et le d\u00e9chargement des marchandises. Sa structure robuste est compl\u00e9t\u00e9e par un filet de 105&#215;155 mm et 380&#215;395 mm, ce qui garantit une s\u00e9curit\u00e9 maximale pendant le transport. Les roues robustes, qui peuvent \u00eatre configur\u00e9es avec des options fixes ou pivotantes, garantissent une excellente maniabilit\u00e9 m\u00eame avec des charges lourdes, ce qui le rend id\u00e9al pour une utilisation dans des secteurs tels que la restauration et la manutention de d\u00e9chets et de cartons.  <\/p>\n<p><strong>Exp\u00e9dition :<\/strong> un roll enti\u00e8rement assembl\u00e9 contient jusqu&#8217;\u00e0 4 unit\u00e9s d\u00e9sassembl\u00e9es \u00e0 l&#8217;int\u00e9rieur, ce qui permet d&#8217;<strong>exp\u00e9dier 5 conteneurs de roll standard dans l&#8217;espace d&#8217;un seul,<\/strong> r\u00e9duisant <strong>ainsi<\/strong> les co\u00fbts de transport et de retour.<\/p>\n","protected":false},"excerpt":{"rendered":"<p>Roll conteneur classique adapt\u00e9 \u00e0 toutes les utilisations. Disponible en diff\u00e9rentes hauteurs et configurations pour mieux g\u00e9rer le stockage et la manutention des marchandises. Les renforts aux quatre angles de la base assurent une plus grande r\u00e9sistance.<\/p>\n","protected":false},"featured_media":240271,"comment_status":"open","ping_status":"closed","template":"","meta":{"_acf_changed":false,"_et_pb_use_builder":"","_et_pb_old_content":"","_et_gb_content_width":""},"product_brand":[],"product_cat":[2064,826],"product_tag":[2123],"class_list":{"0":"post-241317","1":"product","2":"type-product","3":"status-publish","4":"has-post-thumbnail","6":"product_cat-roll-container-de-securite","7":"product_cat-roll-conteneur","8":"product_tag-roll-conteneur-dimensions-standard","10":"first","11":"instock","12":"shipping-taxable","13":"purchasable","14":"product-type-variable","15":"has-default-attributes"},"acf":[],"yoast_head":"<!-- This site is optimized with the Yoast SEO plugin v27.4 - https:\/\/yoast.com\/product\/yoast-seo-wordpress\/ -->\n<title>Conteneur roll standard 72 x 80 cm - Renforc\u00e9 - italianacontenitori.com<\/title>\n<meta name=\"description\" content=\"Conteneur roll standard avec base renforc\u00e9e. Robustesse et stabilit\u00e9 pour les marchandises lourdes, id\u00e9al pour les blanchisseries, l&#039;industrie, le commerce de d\u00e9tail \u00e0 grande \u00e9chelle. Charge maximale : 600 kg.\" \/>\n<meta name=\"robots\" content=\"index, follow, max-snippet:-1, max-image-preview:large, max-video-preview:-1\" \/>\n<link rel=\"canonical\" href=\"https:\/\/www.italianacontenitori.com\/fr\/produit\/roll-72-x-80-cm-base-renforcee\/\" \/>\n<meta property=\"og:locale\" content=\"fr_FR\" \/>\n<meta property=\"og:type\" content=\"article\" \/>\n<meta property=\"og:title\" content=\"Conteneur roll standard 72 x 80 cm - Renforc\u00e9 - italianacontenitori.com\" \/>\n<meta property=\"og:description\" content=\"Conteneur roll standard avec base renforc\u00e9e. Robustesse et stabilit\u00e9 pour les marchandises lourdes, id\u00e9al pour les blanchisseries, l&#039;industrie, le commerce de d\u00e9tail \u00e0 grande \u00e9chelle. Charge maximale : 600 kg.\" \/>\n<meta property=\"og:url\" content=\"https:\/\/www.italianacontenitori.com\/fr\/produit\/roll-72-x-80-cm-base-renforcee\/\" \/>\n<meta property=\"og:site_name\" content=\"italianacontenitori.com\" \/>\n<meta property=\"article:modified_time\" content=\"2026-04-10T14:35:58+00:00\" \/>\n<meta property=\"og:image\" content=\"https:\/\/www.italianacontenitori.com\/wp-content\/uploads\/2020\/12\/ROLR0050H4R0-1.png\" \/>\n\t<meta property=\"og:image:width\" content=\"1024\" \/>\n\t<meta property=\"og:image:height\" content=\"1024\" \/>\n\t<meta property=\"og:image:type\" content=\"image\/png\" \/>\n<meta name=\"twitter:card\" content=\"summary_large_image\" \/>\n<meta name=\"twitter:label1\" content=\"Dur\u00e9e de lecture estim\u00e9e\" \/>\n\t<meta name=\"twitter:data1\" content=\"2 minutes\" \/>\n<script type=\"application\/ld+json\" class=\"yoast-schema-graph\">{\"@context\":\"https:\\\/\\\/schema.org\",\"@graph\":[{\"@type\":\"WebPage\",\"@id\":\"https:\\\/\\\/www.italianacontenitori.com\\\/fr\\\/produit\\\/roll-72-x-80-cm-base-renforcee\\\/\",\"url\":\"https:\\\/\\\/www.italianacontenitori.com\\\/fr\\\/produit\\\/roll-72-x-80-cm-base-renforcee\\\/\",\"name\":\"Conteneur roll standard 72 x 80 cm - Renforc\u00e9 - italianacontenitori.com\",\"isPartOf\":{\"@id\":\"https:\\\/\\\/www.italianacontenitori.com\\\/fr\\\/#website\"},\"primaryImageOfPage\":{\"@id\":\"https:\\\/\\\/www.italianacontenitori.com\\\/fr\\\/produit\\\/roll-72-x-80-cm-base-renforcee\\\/#primaryimage\"},\"image\":{\"@id\":\"https:\\\/\\\/www.italianacontenitori.com\\\/fr\\\/produit\\\/roll-72-x-80-cm-base-renforcee\\\/#primaryimage\"},\"thumbnailUrl\":\"https:\\\/\\\/www.italianacontenitori.com\\\/wp-content\\\/uploads\\\/2020\\\/12\\\/ROLR0050H4R0-1.png\",\"datePublished\":\"2020-12-11T14:18:06+00:00\",\"dateModified\":\"2026-04-10T14:35:58+00:00\",\"description\":\"Conteneur roll standard avec base renforc\u00e9e. Robustesse et stabilit\u00e9 pour les marchandises lourdes, id\u00e9al pour les blanchisseries, l'industrie, le commerce de d\u00e9tail \u00e0 grande \u00e9chelle. Charge maximale : 600 kg.\",\"breadcrumb\":{\"@id\":\"https:\\\/\\\/www.italianacontenitori.com\\\/fr\\\/produit\\\/roll-72-x-80-cm-base-renforcee\\\/#breadcrumb\"},\"inLanguage\":\"fr-FR\",\"potentialAction\":[{\"@type\":\"ReadAction\",\"target\":[\"https:\\\/\\\/www.italianacontenitori.com\\\/fr\\\/produit\\\/roll-72-x-80-cm-base-renforcee\\\/\"]}]},{\"@type\":\"ImageObject\",\"inLanguage\":\"fr-FR\",\"@id\":\"https:\\\/\\\/www.italianacontenitori.com\\\/fr\\\/produit\\\/roll-72-x-80-cm-base-renforcee\\\/#primaryimage\",\"url\":\"https:\\\/\\\/www.italianacontenitori.com\\\/wp-content\\\/uploads\\\/2020\\\/12\\\/ROLR0050H4R0-1.png\",\"contentUrl\":\"https:\\\/\\\/www.italianacontenitori.com\\\/wp-content\\\/uploads\\\/2020\\\/12\\\/ROLR0050H4R0-1.png\",\"width\":1024,\"height\":1024,\"caption\":\"Roll conteneur standard avec base renforc\u00e9e. 72x80 cm. Disponible avec 2 c\u00f4t\u00e9s, 3 c\u00f4t\u00e9s et 4 c\u00f4t\u00e9s avec rabat. Capacit\u00e9 de charge de 600 kg.\"},{\"@type\":\"BreadcrumbList\",\"@id\":\"https:\\\/\\\/www.italianacontenitori.com\\\/fr\\\/produit\\\/roll-72-x-80-cm-base-renforcee\\\/#breadcrumb\",\"itemListElement\":[{\"@type\":\"ListItem\",\"position\":1,\"name\":\"Home\",\"item\":\"https:\\\/\\\/www.italianacontenitori.com\\\/fr\\\/conteneurs-a-mailles-metalliques\\\/\"},{\"@type\":\"ListItem\",\"position\":2,\"name\":\"Catalogue\",\"item\":\"https:\\\/\\\/www.italianacontenitori.com\\\/fr\\\/catalogue-fr\\\/\"},{\"@type\":\"ListItem\",\"position\":3,\"name\":\"Conteneur roll standard 72 x 80 cm &#8211; Renforc\u00e9\"}]},{\"@type\":\"WebSite\",\"@id\":\"https:\\\/\\\/www.italianacontenitori.com\\\/fr\\\/#website\",\"url\":\"https:\\\/\\\/www.italianacontenitori.com\\\/fr\\\/\",\"name\":\"italianacontenitori.com\",\"description\":\"Produzione di contenitori industriali e roll container\",\"publisher\":{\"@id\":\"https:\\\/\\\/www.italianacontenitori.com\\\/fr\\\/#organization\"},\"potentialAction\":[{\"@type\":\"SearchAction\",\"target\":{\"@type\":\"EntryPoint\",\"urlTemplate\":\"https:\\\/\\\/www.italianacontenitori.com\\\/fr\\\/?s={search_term_string}\"},\"query-input\":{\"@type\":\"PropertyValueSpecification\",\"valueRequired\":true,\"valueName\":\"search_term_string\"}}],\"inLanguage\":\"fr-FR\"},{\"@type\":\"Organization\",\"@id\":\"https:\\\/\\\/www.italianacontenitori.com\\\/fr\\\/#organization\",\"name\":\"Italiana Contenitori s.r.l.\",\"alternateName\":\"IC\",\"url\":\"https:\\\/\\\/www.italianacontenitori.com\\\/fr\\\/\",\"logo\":{\"@type\":\"ImageObject\",\"inLanguage\":\"fr-FR\",\"@id\":\"https:\\\/\\\/www.italianacontenitori.com\\\/fr\\\/#\\\/schema\\\/logo\\\/image\\\/\",\"url\":\"https:\\\/\\\/www.italianacontenitori.com\\\/wp-content\\\/uploads\\\/2020\\\/11\\\/cropped-Logo-Italiana-Contenitori_favicon.jpg\",\"contentUrl\":\"https:\\\/\\\/www.italianacontenitori.com\\\/wp-content\\\/uploads\\\/2020\\\/11\\\/cropped-Logo-Italiana-Contenitori_favicon.jpg\",\"width\":512,\"height\":512,\"caption\":\"Italiana Contenitori s.r.l.\"},\"image\":{\"@id\":\"https:\\\/\\\/www.italianacontenitori.com\\\/fr\\\/#\\\/schema\\\/logo\\\/image\\\/\"}}]}<\/script>\n<!-- \/ Yoast SEO plugin. -->","yoast_head_json":{"title":"Conteneur roll standard 72 x 80 cm - Renforc\u00e9 - italianacontenitori.com","description":"Conteneur roll standard avec base renforc\u00e9e. Robustesse et stabilit\u00e9 pour les marchandises lourdes, id\u00e9al pour les blanchisseries, l'industrie, le commerce de d\u00e9tail \u00e0 grande \u00e9chelle. Charge maximale : 600 kg.","robots":{"index":"index","follow":"follow","max-snippet":"max-snippet:-1","max-image-preview":"max-image-preview:large","max-video-preview":"max-video-preview:-1"},"canonical":"https:\/\/www.italianacontenitori.com\/fr\/produit\/roll-72-x-80-cm-base-renforcee\/","og_locale":"fr_FR","og_type":"article","og_title":"Conteneur roll standard 72 x 80 cm - Renforc\u00e9 - italianacontenitori.com","og_description":"Conteneur roll standard avec base renforc\u00e9e. Robustesse et stabilit\u00e9 pour les marchandises lourdes, id\u00e9al pour les blanchisseries, l'industrie, le commerce de d\u00e9tail \u00e0 grande \u00e9chelle. Charge maximale : 600 kg.","og_url":"https:\/\/www.italianacontenitori.com\/fr\/produit\/roll-72-x-80-cm-base-renforcee\/","og_site_name":"italianacontenitori.com","article_modified_time":"2026-04-10T14:35:58+00:00","og_image":[{"width":1024,"height":1024,"url":"https:\/\/www.italianacontenitori.com\/wp-content\/uploads\/2020\/12\/ROLR0050H4R0-1.png","type":"image\/png"}],"twitter_card":"summary_large_image","twitter_misc":{"Dur\u00e9e de lecture estim\u00e9e":"2 minutes"},"schema":{"@context":"https:\/\/schema.org","@graph":[{"@type":"WebPage","@id":"https:\/\/www.italianacontenitori.com\/fr\/produit\/roll-72-x-80-cm-base-renforcee\/","url":"https:\/\/www.italianacontenitori.com\/fr\/produit\/roll-72-x-80-cm-base-renforcee\/","name":"Conteneur roll standard 72 x 80 cm - Renforc\u00e9 - italianacontenitori.com","isPartOf":{"@id":"https:\/\/www.italianacontenitori.com\/fr\/#website"},"primaryImageOfPage":{"@id":"https:\/\/www.italianacontenitori.com\/fr\/produit\/roll-72-x-80-cm-base-renforcee\/#primaryimage"},"image":{"@id":"https:\/\/www.italianacontenitori.com\/fr\/produit\/roll-72-x-80-cm-base-renforcee\/#primaryimage"},"thumbnailUrl":"https:\/\/www.italianacontenitori.com\/wp-content\/uploads\/2020\/12\/ROLR0050H4R0-1.png","datePublished":"2020-12-11T14:18:06+00:00","dateModified":"2026-04-10T14:35:58+00:00","description":"Conteneur roll standard avec base renforc\u00e9e. Robustesse et stabilit\u00e9 pour les marchandises lourdes, id\u00e9al pour les blanchisseries, l'industrie, le commerce de d\u00e9tail \u00e0 grande \u00e9chelle. Charge maximale : 600 kg.","breadcrumb":{"@id":"https:\/\/www.italianacontenitori.com\/fr\/produit\/roll-72-x-80-cm-base-renforcee\/#breadcrumb"},"inLanguage":"fr-FR","potentialAction":[{"@type":"ReadAction","target":["https:\/\/www.italianacontenitori.com\/fr\/produit\/roll-72-x-80-cm-base-renforcee\/"]}]},{"@type":"ImageObject","inLanguage":"fr-FR","@id":"https:\/\/www.italianacontenitori.com\/fr\/produit\/roll-72-x-80-cm-base-renforcee\/#primaryimage","url":"https:\/\/www.italianacontenitori.com\/wp-content\/uploads\/2020\/12\/ROLR0050H4R0-1.png","contentUrl":"https:\/\/www.italianacontenitori.com\/wp-content\/uploads\/2020\/12\/ROLR0050H4R0-1.png","width":1024,"height":1024,"caption":"Roll conteneur standard avec base renforc\u00e9e. 72x80 cm. Disponible avec 2 c\u00f4t\u00e9s, 3 c\u00f4t\u00e9s et 4 c\u00f4t\u00e9s avec rabat. Capacit\u00e9 de charge de 600 kg."},{"@type":"BreadcrumbList","@id":"https:\/\/www.italianacontenitori.com\/fr\/produit\/roll-72-x-80-cm-base-renforcee\/#breadcrumb","itemListElement":[{"@type":"ListItem","position":1,"name":"Home","item":"https:\/\/www.italianacontenitori.com\/fr\/conteneurs-a-mailles-metalliques\/"},{"@type":"ListItem","position":2,"name":"Catalogue","item":"https:\/\/www.italianacontenitori.com\/fr\/catalogue-fr\/"},{"@type":"ListItem","position":3,"name":"Conteneur roll standard 72 x 80 cm &#8211; Renforc\u00e9"}]},{"@type":"WebSite","@id":"https:\/\/www.italianacontenitori.com\/fr\/#website","url":"https:\/\/www.italianacontenitori.com\/fr\/","name":"italianacontenitori.com","description":"Produzione di contenitori industriali e roll container","publisher":{"@id":"https:\/\/www.italianacontenitori.com\/fr\/#organization"},"potentialAction":[{"@type":"SearchAction","target":{"@type":"EntryPoint","urlTemplate":"https:\/\/www.italianacontenitori.com\/fr\/?s={search_term_string}"},"query-input":{"@type":"PropertyValueSpecification","valueRequired":true,"valueName":"search_term_string"}}],"inLanguage":"fr-FR"},{"@type":"Organization","@id":"https:\/\/www.italianacontenitori.com\/fr\/#organization","name":"Italiana Contenitori s.r.l.","alternateName":"IC","url":"https:\/\/www.italianacontenitori.com\/fr\/","logo":{"@type":"ImageObject","inLanguage":"fr-FR","@id":"https:\/\/www.italianacontenitori.com\/fr\/#\/schema\/logo\/image\/","url":"https:\/\/www.italianacontenitori.com\/wp-content\/uploads\/2020\/11\/cropped-Logo-Italiana-Contenitori_favicon.jpg","contentUrl":"https:\/\/www.italianacontenitori.com\/wp-content\/uploads\/2020\/11\/cropped-Logo-Italiana-Contenitori_favicon.jpg","width":512,"height":512,"caption":"Italiana Contenitori s.r.l."},"image":{"@id":"https:\/\/www.italianacontenitori.com\/fr\/#\/schema\/logo\/image\/"}}]}},"_links":{"self":[{"href":"https:\/\/www.italianacontenitori.com\/fr\/wp-json\/wp\/v2\/product\/241317","targetHints":{"allow":["GET"]}}],"collection":[{"href":"https:\/\/www.italianacontenitori.com\/fr\/wp-json\/wp\/v2\/product"}],"about":[{"href":"https:\/\/www.italianacontenitori.com\/fr\/wp-json\/wp\/v2\/types\/product"}],"replies":[{"embeddable":true,"href":"https:\/\/www.italianacontenitori.com\/fr\/wp-json\/wp\/v2\/comments?post=241317"}],"wp:featuredmedia":[{"embeddable":true,"href":"https:\/\/www.italianacontenitori.com\/fr\/wp-json\/wp\/v2\/media\/240271"}],"wp:attachment":[{"href":"https:\/\/www.italianacontenitori.com\/fr\/wp-json\/wp\/v2\/media?parent=241317"}],"wp:term":[{"taxonomy":"product_brand","embeddable":true,"href":"https:\/\/www.italianacontenitori.com\/fr\/wp-json\/wp\/v2\/product_brand?post=241317"},{"taxonomy":"product_cat","embeddable":true,"href":"https:\/\/www.italianacontenitori.com\/fr\/wp-json\/wp\/v2\/product_cat?post=241317"},{"taxonomy":"product_tag","embeddable":true,"href":"https:\/\/www.italianacontenitori.com\/fr\/wp-json\/wp\/v2\/product_tag?post=241317"}],"curies":[{"name":"wp","href":"https:\/\/api.w.org\/{rel}","templated":true}]}}