{"id":241422,"date":"2020-12-11T09:34:32","date_gmt":"2020-12-11T09:34:32","guid":{"rendered":"https:\/\/www.italianacontenitori.com\/product\/roll-60-x-80-cm\/"},"modified":"2026-04-10T14:35:43","modified_gmt":"2026-04-10T14:35:43","slug":"roll-60-x-80-cm-fr","status":"publish","type":"product","link":"https:\/\/www.italianacontenitori.com\/fr\/produit\/roll-60-x-80-cm-fr\/","title":{"rendered":"Roll conteneur 60 x 80 cm &#8211; Petit"},"content":{"rendered":"<p>Le <strong>petit conteneur roll m\u00e9tallique de 60 x 80 cm<\/strong>, mod\u00e8le ROLG0030, est parfait pour ceux qui recherchent une solution de manutention compacte, robuste et polyvalente. Avec des dimensions ext\u00e9rieures de <strong>600 x 800 mm<\/strong>, ce <strong>rouleau industriel<\/strong> est con\u00e7u pour optimiser l&#8217;espace, id\u00e9al pour les op\u00e9rations de stockage dans des secteurs tels que les blanchisseries industrielles, les h\u00f4pitaux et les entrep\u00f4ts. <\/p>\n<p>Disponible dans des hauteurs allant jusqu&#8217;\u00e0 <strong>1800 mm<\/strong>, ce <strong>roll conteneur<\/strong> peut supporter de lourdes charges allant jusqu&#8217;\u00e0 <strong>600 kg <\/strong>malgr\u00e9 sa petite taille &#8211; une solution efficace pour la manutention des marchandises. Sa structure solide et r\u00e9sistante, en fil de fer galvanis\u00e9, est compl\u00e9t\u00e9e par une <strong>maille m\u00e9tallique<\/strong> qui varie en fonction de la hauteur et de la configuration du roll. Le rouleau peut \u00eatre rapidement d\u00e9mont\u00e9 en quelques \u00e9tapes simples et sans outils.  <\/p>\n<p>Les <strong>\u00e9tag\u00e8res r\u00e9glables<\/strong> permettent d&#8217;utiliser au mieux l&#8217;espace int\u00e9rieur, de s&#8217;adapter aux diff\u00e9rents types de marchandises et d&#8217;am\u00e9liorer l&#8217;organisation du chargement. Cette flexibilit\u00e9 en fait un outil id\u00e9al pour une grande vari\u00e9t\u00e9 d&#8217;utilisations, de la gestion de la production \u00e0 la manutention dans les supermarch\u00e9s et les points de vente. <\/p>\n<h2>Le roll conteneur compact 60 x 80 cm en un coup d&#8217;\u0153il :<\/h2>\n<ul>\n<li><strong>Dimensions ext\u00e9rieures<\/strong>: 600 x 800 mm<\/li>\n<li><strong>Capacit\u00e9 de charge<\/strong>: jusqu&#8217;\u00e0 600 kg<\/li>\n<li><strong>Hauteurs disponibles<\/strong>: 1520 mm, 1650 mm, 1800 mm<\/li>\n<\/ul>\n<p><strong>Des roues<\/strong> pour tous les besoins de manutention Le roll conteneur peut \u00eatre \u00e9quip\u00e9 de <strong>quatre kits de roues<\/strong> sp\u00e9cialement con\u00e7us pour r\u00e9pondre \u00e0 tous les besoins de manutention. Par ordre croissant de performance : <strong>kit standard, kit <\/strong><strong>silencieux <\/strong><strong>, <\/strong><strong>kit lourd, kit fort. <\/strong>Les roues peuvent \u00eatre pivotantes ou frein\u00e9es, g\u00e9n\u00e9ralement par paire. <\/p>\n<h2>Optimisation de la logistique et de l&#8217;exp\u00e9dition<\/h2>\n<p>Gr\u00e2ce \u00e0 sa conception intelligente, le <strong>conteneur roll industriel \u00e0 base \u00e9troite<\/strong> (seulement 60 cm), s&#8217;adapte sans probl\u00e8me aux camionnettes et aux ascenseurs et offre une solution parfaite pour ceux qui recherchent l&#8217;efficacit\u00e9 logistique. Avec la possibilit\u00e9 d&#8217;exp\u00e9dier jusqu&#8217;\u00e0 <strong>5 unit\u00e9s d\u00e9sassembl\u00e9es<\/strong> dans un rouleau assembl\u00e9, vous pouvez r\u00e9duire consid\u00e9rablement vos co\u00fbts de transport de retour et optimiser l&#8217;espace des camions en maximisant le nombre de rouleaux par chargement. Cette solution vous permet de r\u00e9aliser <strong>des \u00e9conomies imm\u00e9diates<\/strong>, d&#8217;am\u00e9liorer votre gestion de l&#8217;espace et d&#8217;accro\u00eetre l&#8217;efficacit\u00e9 op\u00e9rationnelle de votre entreprise.  <\/p>\n","protected":false},"excerpt":{"rendered":"<p>Roll conteneur id\u00e9al pour les blanchisseries industrielles et hospitali\u00e8res, sa petite taille facilite l\u2019acc\u00e8s aux ascenseurs et le transport en camionnettes. Disponible en diff\u00e9rentes hauteurs et configurations pour mieux g\u00e9rer le stockage et la manutention des marchandises.<\/p>\n","protected":false},"featured_media":240653,"comment_status":"open","ping_status":"closed","template":"","meta":{"_acf_changed":false,"_et_pb_use_builder":"","_et_pb_old_content":"","_et_gb_content_width":""},"product_brand":[],"product_cat":[826],"product_tag":[2238],"class_list":{"0":"post-241422","1":"product","2":"type-product","3":"status-publish","4":"has-post-thumbnail","6":"product_cat-roll-conteneur","7":"product_tag-roll-conteneur-dimensions-compactes","9":"first","10":"instock","11":"shipping-taxable","12":"purchasable","13":"product-type-variable","14":"has-default-attributes"},"acf":[],"yoast_head":"<!-- This site is optimized with the Yoast SEO plugin v27.3 - https:\/\/yoast.com\/product\/yoast-seo-wordpress\/ -->\n<title>Petit roll conteneur 60 x 80 cm | Italiana Contenitori<\/title>\n<meta name=\"description\" content=\"Petit, mais robuste, maniable et stable roll conteneur. Tablettes r\u00e9glables et jeux de 4 roues disponibles. Convient aux camionnettes et aux ascenseurs, supporte jusqu&#039;\u00e0 600 kg.\" \/>\n<meta name=\"robots\" content=\"index, follow, max-snippet:-1, max-image-preview:large, max-video-preview:-1\" \/>\n<link rel=\"canonical\" href=\"https:\/\/www.italianacontenitori.com\/fr\/produit\/roll-60-x-80-cm-fr\/\" \/>\n<meta property=\"og:locale\" content=\"fr_FR\" \/>\n<meta property=\"og:type\" content=\"article\" \/>\n<meta property=\"og:title\" content=\"Petit roll conteneur 60 x 80 cm | Italiana Contenitori\" \/>\n<meta property=\"og:description\" content=\"Petit, mais robuste, maniable et stable roll conteneur. Tablettes r\u00e9glables et jeux de 4 roues disponibles. Convient aux camionnettes et aux ascenseurs, supporte jusqu&#039;\u00e0 600 kg.\" \/>\n<meta property=\"og:url\" content=\"https:\/\/www.italianacontenitori.com\/fr\/produit\/roll-60-x-80-cm-fr\/\" \/>\n<meta property=\"og:site_name\" content=\"italianacontenitori.com\" \/>\n<meta property=\"article:modified_time\" content=\"2026-04-10T14:35:43+00:00\" \/>\n<meta property=\"og:image\" content=\"https:\/\/www.italianacontenitori.com\/wp-content\/uploads\/2020\/12\/ROLG0030H4R0a.png\" \/>\n\t<meta property=\"og:image:width\" content=\"1024\" \/>\n\t<meta property=\"og:image:height\" content=\"1024\" \/>\n\t<meta property=\"og:image:type\" content=\"image\/png\" \/>\n<meta name=\"twitter:card\" content=\"summary_large_image\" \/>\n<meta name=\"twitter:label1\" content=\"Dur\u00e9e de lecture estim\u00e9e\" \/>\n\t<meta name=\"twitter:data1\" content=\"2 minutes\" \/>\n<script type=\"application\/ld+json\" class=\"yoast-schema-graph\">{\"@context\":\"https:\\\/\\\/schema.org\",\"@graph\":[{\"@type\":\"WebPage\",\"@id\":\"https:\\\/\\\/www.italianacontenitori.com\\\/fr\\\/produit\\\/roll-60-x-80-cm-fr\\\/\",\"url\":\"https:\\\/\\\/www.italianacontenitori.com\\\/fr\\\/produit\\\/roll-60-x-80-cm-fr\\\/\",\"name\":\"Petit roll conteneur 60 x 80 cm | Italiana Contenitori\",\"isPartOf\":{\"@id\":\"https:\\\/\\\/www.italianacontenitori.com\\\/fr\\\/#website\"},\"primaryImageOfPage\":{\"@id\":\"https:\\\/\\\/www.italianacontenitori.com\\\/fr\\\/produit\\\/roll-60-x-80-cm-fr\\\/#primaryimage\"},\"image\":{\"@id\":\"https:\\\/\\\/www.italianacontenitori.com\\\/fr\\\/produit\\\/roll-60-x-80-cm-fr\\\/#primaryimage\"},\"thumbnailUrl\":\"https:\\\/\\\/www.italianacontenitori.com\\\/wp-content\\\/uploads\\\/2020\\\/12\\\/ROLG0030H4R0a.png\",\"datePublished\":\"2020-12-11T09:34:32+00:00\",\"dateModified\":\"2026-04-10T14:35:43+00:00\",\"description\":\"Petit, mais robuste, maniable et stable roll conteneur. Tablettes r\u00e9glables et jeux de 4 roues disponibles. Convient aux camionnettes et aux ascenseurs, supporte jusqu'\u00e0 600 kg.\",\"breadcrumb\":{\"@id\":\"https:\\\/\\\/www.italianacontenitori.com\\\/fr\\\/produit\\\/roll-60-x-80-cm-fr\\\/#breadcrumb\"},\"inLanguage\":\"fr-FR\",\"potentialAction\":[{\"@type\":\"ReadAction\",\"target\":[\"https:\\\/\\\/www.italianacontenitori.com\\\/fr\\\/produit\\\/roll-60-x-80-cm-fr\\\/\"]}]},{\"@type\":\"ImageObject\",\"inLanguage\":\"fr-FR\",\"@id\":\"https:\\\/\\\/www.italianacontenitori.com\\\/fr\\\/produit\\\/roll-60-x-80-cm-fr\\\/#primaryimage\",\"url\":\"https:\\\/\\\/www.italianacontenitori.com\\\/wp-content\\\/uploads\\\/2020\\\/12\\\/ROLG0030H4R0a.png\",\"contentUrl\":\"https:\\\/\\\/www.italianacontenitori.com\\\/wp-content\\\/uploads\\\/2020\\\/12\\\/ROLG0030H4R0a.png\",\"width\":1024,\"height\":1024,\"caption\":\"Petit roll conteneur. Dimensions compactes pour les petits espaces, les ascenseurs, les camionnettes. Peut contenir jusqu'\u00e0 600 kg. Tablettes et accessoires disponibles.\"},{\"@type\":\"BreadcrumbList\",\"@id\":\"https:\\\/\\\/www.italianacontenitori.com\\\/fr\\\/produit\\\/roll-60-x-80-cm-fr\\\/#breadcrumb\",\"itemListElement\":[{\"@type\":\"ListItem\",\"position\":1,\"name\":\"Home\",\"item\":\"https:\\\/\\\/www.italianacontenitori.com\\\/fr\\\/conteneurs-a-mailles-metalliques\\\/\"},{\"@type\":\"ListItem\",\"position\":2,\"name\":\"Roll conteneur 60 x 80 cm &#8211; Petit\"}]},{\"@type\":\"WebSite\",\"@id\":\"https:\\\/\\\/www.italianacontenitori.com\\\/fr\\\/#website\",\"url\":\"https:\\\/\\\/www.italianacontenitori.com\\\/fr\\\/\",\"name\":\"italianacontenitori.com\",\"description\":\"Produzione di contenitori industriali e roll container\",\"publisher\":{\"@id\":\"https:\\\/\\\/www.italianacontenitori.com\\\/fr\\\/#organization\"},\"potentialAction\":[{\"@type\":\"SearchAction\",\"target\":{\"@type\":\"EntryPoint\",\"urlTemplate\":\"https:\\\/\\\/www.italianacontenitori.com\\\/fr\\\/?s={search_term_string}\"},\"query-input\":{\"@type\":\"PropertyValueSpecification\",\"valueRequired\":true,\"valueName\":\"search_term_string\"}}],\"inLanguage\":\"fr-FR\"},{\"@type\":\"Organization\",\"@id\":\"https:\\\/\\\/www.italianacontenitori.com\\\/fr\\\/#organization\",\"name\":\"Italiana Contenitori s.r.l.\",\"alternateName\":\"IC\",\"url\":\"https:\\\/\\\/www.italianacontenitori.com\\\/fr\\\/\",\"logo\":{\"@type\":\"ImageObject\",\"inLanguage\":\"fr-FR\",\"@id\":\"https:\\\/\\\/www.italianacontenitori.com\\\/fr\\\/#\\\/schema\\\/logo\\\/image\\\/\",\"url\":\"https:\\\/\\\/www.italianacontenitori.com\\\/wp-content\\\/uploads\\\/2020\\\/11\\\/cropped-Logo-Italiana-Contenitori_favicon.jpg\",\"contentUrl\":\"https:\\\/\\\/www.italianacontenitori.com\\\/wp-content\\\/uploads\\\/2020\\\/11\\\/cropped-Logo-Italiana-Contenitori_favicon.jpg\",\"width\":512,\"height\":512,\"caption\":\"Italiana Contenitori s.r.l.\"},\"image\":{\"@id\":\"https:\\\/\\\/www.italianacontenitori.com\\\/fr\\\/#\\\/schema\\\/logo\\\/image\\\/\"}}]}<\/script>\n<!-- \/ Yoast SEO plugin. -->","yoast_head_json":{"title":"Petit roll conteneur 60 x 80 cm | Italiana Contenitori","description":"Petit, mais robuste, maniable et stable roll conteneur. Tablettes r\u00e9glables et jeux de 4 roues disponibles. Convient aux camionnettes et aux ascenseurs, supporte jusqu'\u00e0 600 kg.","robots":{"index":"index","follow":"follow","max-snippet":"max-snippet:-1","max-image-preview":"max-image-preview:large","max-video-preview":"max-video-preview:-1"},"canonical":"https:\/\/www.italianacontenitori.com\/fr\/produit\/roll-60-x-80-cm-fr\/","og_locale":"fr_FR","og_type":"article","og_title":"Petit roll conteneur 60 x 80 cm | Italiana Contenitori","og_description":"Petit, mais robuste, maniable et stable roll conteneur. Tablettes r\u00e9glables et jeux de 4 roues disponibles. Convient aux camionnettes et aux ascenseurs, supporte jusqu'\u00e0 600 kg.","og_url":"https:\/\/www.italianacontenitori.com\/fr\/produit\/roll-60-x-80-cm-fr\/","og_site_name":"italianacontenitori.com","article_modified_time":"2026-04-10T14:35:43+00:00","og_image":[{"width":1024,"height":1024,"url":"https:\/\/www.italianacontenitori.com\/wp-content\/uploads\/2020\/12\/ROLG0030H4R0a.png","type":"image\/png"}],"twitter_card":"summary_large_image","twitter_misc":{"Dur\u00e9e de lecture estim\u00e9e":"2 minutes"},"schema":{"@context":"https:\/\/schema.org","@graph":[{"@type":"WebPage","@id":"https:\/\/www.italianacontenitori.com\/fr\/produit\/roll-60-x-80-cm-fr\/","url":"https:\/\/www.italianacontenitori.com\/fr\/produit\/roll-60-x-80-cm-fr\/","name":"Petit roll conteneur 60 x 80 cm | Italiana Contenitori","isPartOf":{"@id":"https:\/\/www.italianacontenitori.com\/fr\/#website"},"primaryImageOfPage":{"@id":"https:\/\/www.italianacontenitori.com\/fr\/produit\/roll-60-x-80-cm-fr\/#primaryimage"},"image":{"@id":"https:\/\/www.italianacontenitori.com\/fr\/produit\/roll-60-x-80-cm-fr\/#primaryimage"},"thumbnailUrl":"https:\/\/www.italianacontenitori.com\/wp-content\/uploads\/2020\/12\/ROLG0030H4R0a.png","datePublished":"2020-12-11T09:34:32+00:00","dateModified":"2026-04-10T14:35:43+00:00","description":"Petit, mais robuste, maniable et stable roll conteneur. Tablettes r\u00e9glables et jeux de 4 roues disponibles. Convient aux camionnettes et aux ascenseurs, supporte jusqu'\u00e0 600 kg.","breadcrumb":{"@id":"https:\/\/www.italianacontenitori.com\/fr\/produit\/roll-60-x-80-cm-fr\/#breadcrumb"},"inLanguage":"fr-FR","potentialAction":[{"@type":"ReadAction","target":["https:\/\/www.italianacontenitori.com\/fr\/produit\/roll-60-x-80-cm-fr\/"]}]},{"@type":"ImageObject","inLanguage":"fr-FR","@id":"https:\/\/www.italianacontenitori.com\/fr\/produit\/roll-60-x-80-cm-fr\/#primaryimage","url":"https:\/\/www.italianacontenitori.com\/wp-content\/uploads\/2020\/12\/ROLG0030H4R0a.png","contentUrl":"https:\/\/www.italianacontenitori.com\/wp-content\/uploads\/2020\/12\/ROLG0030H4R0a.png","width":1024,"height":1024,"caption":"Petit roll conteneur. Dimensions compactes pour les petits espaces, les ascenseurs, les camionnettes. Peut contenir jusqu'\u00e0 600 kg. Tablettes et accessoires disponibles."},{"@type":"BreadcrumbList","@id":"https:\/\/www.italianacontenitori.com\/fr\/produit\/roll-60-x-80-cm-fr\/#breadcrumb","itemListElement":[{"@type":"ListItem","position":1,"name":"Home","item":"https:\/\/www.italianacontenitori.com\/fr\/conteneurs-a-mailles-metalliques\/"},{"@type":"ListItem","position":2,"name":"Roll conteneur 60 x 80 cm &#8211; Petit"}]},{"@type":"WebSite","@id":"https:\/\/www.italianacontenitori.com\/fr\/#website","url":"https:\/\/www.italianacontenitori.com\/fr\/","name":"italianacontenitori.com","description":"Produzione di contenitori industriali e roll container","publisher":{"@id":"https:\/\/www.italianacontenitori.com\/fr\/#organization"},"potentialAction":[{"@type":"SearchAction","target":{"@type":"EntryPoint","urlTemplate":"https:\/\/www.italianacontenitori.com\/fr\/?s={search_term_string}"},"query-input":{"@type":"PropertyValueSpecification","valueRequired":true,"valueName":"search_term_string"}}],"inLanguage":"fr-FR"},{"@type":"Organization","@id":"https:\/\/www.italianacontenitori.com\/fr\/#organization","name":"Italiana Contenitori s.r.l.","alternateName":"IC","url":"https:\/\/www.italianacontenitori.com\/fr\/","logo":{"@type":"ImageObject","inLanguage":"fr-FR","@id":"https:\/\/www.italianacontenitori.com\/fr\/#\/schema\/logo\/image\/","url":"https:\/\/www.italianacontenitori.com\/wp-content\/uploads\/2020\/11\/cropped-Logo-Italiana-Contenitori_favicon.jpg","contentUrl":"https:\/\/www.italianacontenitori.com\/wp-content\/uploads\/2020\/11\/cropped-Logo-Italiana-Contenitori_favicon.jpg","width":512,"height":512,"caption":"Italiana Contenitori s.r.l."},"image":{"@id":"https:\/\/www.italianacontenitori.com\/fr\/#\/schema\/logo\/image\/"}}]}},"_links":{"self":[{"href":"https:\/\/www.italianacontenitori.com\/fr\/wp-json\/wp\/v2\/product\/241422","targetHints":{"allow":["GET"]}}],"collection":[{"href":"https:\/\/www.italianacontenitori.com\/fr\/wp-json\/wp\/v2\/product"}],"about":[{"href":"https:\/\/www.italianacontenitori.com\/fr\/wp-json\/wp\/v2\/types\/product"}],"replies":[{"embeddable":true,"href":"https:\/\/www.italianacontenitori.com\/fr\/wp-json\/wp\/v2\/comments?post=241422"}],"wp:featuredmedia":[{"embeddable":true,"href":"https:\/\/www.italianacontenitori.com\/fr\/wp-json\/wp\/v2\/media\/240653"}],"wp:attachment":[{"href":"https:\/\/www.italianacontenitori.com\/fr\/wp-json\/wp\/v2\/media?parent=241422"}],"wp:term":[{"taxonomy":"product_brand","embeddable":true,"href":"https:\/\/www.italianacontenitori.com\/fr\/wp-json\/wp\/v2\/product_brand?post=241422"},{"taxonomy":"product_cat","embeddable":true,"href":"https:\/\/www.italianacontenitori.com\/fr\/wp-json\/wp\/v2\/product_cat?post=241422"},{"taxonomy":"product_tag","embeddable":true,"href":"https:\/\/www.italianacontenitori.com\/fr\/wp-json\/wp\/v2\/product_tag?post=241422"}],"curies":[{"name":"wp","href":"https:\/\/api.w.org\/{rel}","templated":true}]}}