{"id":241474,"date":"2020-12-11T09:13:02","date_gmt":"2020-12-11T09:13:02","guid":{"rendered":"https:\/\/www.italianacontenitori.com\/product\/roll-60-x-74-cm\/"},"modified":"2026-04-10T14:35:45","modified_gmt":"2026-04-10T14:35:45","slug":"roll-60-x-74-cm-fr","status":"publish","type":"product","link":"https:\/\/www.italianacontenitori.com\/fr\/prodotto\/roll-60-x-74-cm-fr\/","title":{"rendered":"Roll conteneur 60 x 74 cm &#8211; Compact"},"content":{"rendered":"<p>Le <strong>conteneur roll compact de 60 x 74 cm<\/strong> est une solution parfaite pour ceux qui recherchent un <strong>conteneur roll industriel avec de petites roues<\/strong>, facile \u00e0 man\u0153uvrer dans les espaces restreints tels que les ascenseurs, les camionnettes et les couloirs d&#8217;h\u00f4pitaux. Avec des dimensions ext\u00e9rieures de <strong>600 x 740 mm<\/strong>, ce roll conteneur est con\u00e7u pour le transport rapide et s\u00fbr de charges l\u00e9g\u00e8res, avec une capacit\u00e9 de charge allant jusqu&#8217;\u00e0 <strong>250 kg.<\/strong> <\/p>\n<p>Id\u00e9al pour les <strong>blanchisseries industrielles<\/strong> et les <strong>transports hospitaliers<\/strong>, le roll conteneur peut \u00eatre configur\u00e9 avec <strong>2 ou 3 c\u00f4t\u00e9s<\/strong>, avec la possibilit\u00e9 d&#8217;ajouter un rabat pour faciliter le chargement et le d\u00e9chargement des marchandises dans la <strong>version \u00e0 4 c\u00f4t\u00e9s.<\/strong> Il est \u00e9galement disponible en diff\u00e9rentes hauteurs jusqu&#8217;\u00e0 <strong>1800 mm<\/strong>, ce qui offre une grande souplesse d&#8217;utilisation en fonction des besoins op\u00e9rationnels.<\/p>\n<h2>Un roll conteneur compact de 60 x 74 cm en un coup d&#8217;\u0153il :<\/h2>\n<ul>\n<li><strong>Dimensions ext\u00e9rieures<\/strong>: 600 x 740 mm, \u00e9troit, petit et maniable<\/li>\n<li><strong>Capacit\u00e9 de charge<\/strong>: jusqu&#8217;\u00e0 250 kg<\/li>\n<li><strong>Hauteurs disponibles<\/strong>: 1520 mm, 1650 mm, 1800 mm<\/li>\n<\/ul>\n<p>Les roues, disponibles en <strong>nylon<\/strong>, <strong>polyur\u00e9thane<\/strong> ou <strong>caoutchouc silencieux<\/strong>, d&#8217;un diam\u00e8tre de <strong>100 mm<\/strong> ou <strong>125 mm<\/strong>, assurent une parfaite maniabilit\u00e9, m\u00eame dans les environnements \u00e0 fort trafic. Pour un meilleur contr\u00f4le, il est possible d&#8217;opter pour des <strong>roulettes avec frein<\/strong>, id\u00e9ales pour assurer la stabilit\u00e9 lors des manipulations. <\/p>\n<p>Sa structure, \u00e0 la fois l\u00e9g\u00e8re et robuste, se compose d&#8217;une <strong>maille m\u00e9tallique<\/strong> qui varie en fonction de la hauteur du rouleau et d&#8217;une base dense qui emp\u00eache les marchandises de se r\u00e9pandre. Fini avec un <strong>rev\u00eatement en zinc blanc \u00e9lectrolytique<\/strong>, le roll conteneur est r\u00e9sistant \u00e0 la corrosion et pr\u00eat pour une utilisation intensive dans les environnements sanitaires et industriels. <\/p>\n<p>Parfait comme <strong>chariot \u00e0 colis<\/strong> pour la manutention interne et compatible avec les petits transports, ce <strong>petit conteneur roll<\/strong> allie <strong>polyvalence<\/strong> et <strong>maniabilit\u00e9<\/strong> pour les op\u00e9rations de stockage et de transport \u00e0 petite \u00e9chelle et dans les environnements aux passages \u00e9troits.<\/p>\n","protected":false},"excerpt":{"rendered":"<p>Roll conteneur id\u00e9al pour les blanchisseries industrielles et hospitali\u00e8res, sa petite taille facilite l\u2019acc\u00e8s aux ascenseurs et le transport en camionnettes. Disponible en diff\u00e9rentes hauteurs et configurations pour mieux g\u00e9rer le stockage et la manutention des marchandises.<\/p>\n","protected":false},"featured_media":240322,"comment_status":"open","ping_status":"closed","template":"","meta":{"_acf_changed":false,"_et_pb_use_builder":"","_et_pb_old_content":"","_et_gb_content_width":""},"product_brand":[],"product_cat":[826],"product_tag":[2238],"class_list":{"0":"post-241474","1":"product","2":"type-product","3":"status-publish","4":"has-post-thumbnail","6":"product_cat-roll-conteneur","7":"product_tag-roll-conteneur-dimensions-compactes","8":"pa_numero-di-sponde-2-fr","9":"pa_numero-di-sponde-3-fr","10":"pa_numero-di-sponde-3-mis-en-place-pour-4","11":"pa_numero-di-sponde-4-avec-rabat","13":"first","14":"instock","15":"shipping-taxable","16":"purchasable","17":"product-type-variable","18":"has-default-attributes"},"acf":[],"yoast_head":"<!-- This site is optimized with the Yoast SEO plugin v27.3 - https:\/\/yoast.com\/product\/yoast-seo-wordpress\/ -->\n<title>Roll Conteneur Compact 60 x 74 cm | Italiana Containers<\/title>\n<meta name=\"description\" content=\"Roll conteneur compact de 60x74 cm, id\u00e9al pour les blanchisseries et les h\u00f4pitaux, avec une capacit\u00e9 de charge allant jusqu&#039;\u00e0 250 kg et diff\u00e9rentes hauteurs disponibles. \u00c9troit, petit et maniable.\" \/>\n<meta name=\"robots\" content=\"index, follow, max-snippet:-1, max-image-preview:large, max-video-preview:-1\" \/>\n<link rel=\"canonical\" href=\"https:\/\/www.italianacontenitori.com\/fr\/prodotto\/roll-60-x-74-cm-fr\/\" \/>\n<meta property=\"og:locale\" content=\"fr_FR\" \/>\n<meta property=\"og:type\" content=\"article\" \/>\n<meta property=\"og:title\" content=\"Roll Conteneur Compact 60 x 74 cm | Italiana Containers\" \/>\n<meta property=\"og:description\" content=\"Roll conteneur compact de 60x74 cm, id\u00e9al pour les blanchisseries et les h\u00f4pitaux, avec une capacit\u00e9 de charge allant jusqu&#039;\u00e0 250 kg et diff\u00e9rentes hauteurs disponibles. \u00c9troit, petit et maniable.\" \/>\n<meta property=\"og:url\" content=\"https:\/\/www.italianacontenitori.com\/fr\/prodotto\/roll-60-x-74-cm-fr\/\" \/>\n<meta property=\"og:site_name\" content=\"italianacontenitori.com\" \/>\n<meta property=\"article:modified_time\" content=\"2026-04-10T14:35:45+00:00\" \/>\n<meta property=\"og:image\" content=\"https:\/\/www.italianacontenitori.com\/wp-content\/uploads\/2020\/12\/ROLG0020E2R0.png\" \/>\n\t<meta property=\"og:image:width\" content=\"1024\" \/>\n\t<meta property=\"og:image:height\" content=\"1024\" \/>\n\t<meta property=\"og:image:type\" content=\"image\/png\" \/>\n<meta name=\"twitter:card\" content=\"summary_large_image\" \/>\n<meta name=\"twitter:label1\" content=\"Dur\u00e9e de lecture estim\u00e9e\" \/>\n\t<meta name=\"twitter:data1\" content=\"2 minutes\" \/>\n<script type=\"application\/ld+json\" class=\"yoast-schema-graph\">{\"@context\":\"https:\\\/\\\/schema.org\",\"@graph\":[{\"@type\":\"WebPage\",\"@id\":\"https:\\\/\\\/www.italianacontenitori.com\\\/fr\\\/prodotto\\\/roll-60-x-74-cm-fr\\\/\",\"url\":\"https:\\\/\\\/www.italianacontenitori.com\\\/fr\\\/prodotto\\\/roll-60-x-74-cm-fr\\\/\",\"name\":\"Roll Conteneur Compact 60 x 74 cm | Italiana Containers\",\"isPartOf\":{\"@id\":\"https:\\\/\\\/www.italianacontenitori.com\\\/fr\\\/#website\"},\"primaryImageOfPage\":{\"@id\":\"https:\\\/\\\/www.italianacontenitori.com\\\/fr\\\/prodotto\\\/roll-60-x-74-cm-fr\\\/#primaryimage\"},\"image\":{\"@id\":\"https:\\\/\\\/www.italianacontenitori.com\\\/fr\\\/prodotto\\\/roll-60-x-74-cm-fr\\\/#primaryimage\"},\"thumbnailUrl\":\"https:\\\/\\\/www.italianacontenitori.com\\\/wp-content\\\/uploads\\\/2020\\\/12\\\/ROLG0020E2R0.png\",\"datePublished\":\"2020-12-11T09:13:02+00:00\",\"dateModified\":\"2026-04-10T14:35:45+00:00\",\"description\":\"Roll conteneur compact de 60x74 cm, id\u00e9al pour les blanchisseries et les h\u00f4pitaux, avec une capacit\u00e9 de charge allant jusqu'\u00e0 250 kg et diff\u00e9rentes hauteurs disponibles. \u00c9troit, petit et maniable.\",\"breadcrumb\":{\"@id\":\"https:\\\/\\\/www.italianacontenitori.com\\\/fr\\\/prodotto\\\/roll-60-x-74-cm-fr\\\/#breadcrumb\"},\"inLanguage\":\"fr-FR\",\"potentialAction\":[{\"@type\":\"ReadAction\",\"target\":[\"https:\\\/\\\/www.italianacontenitori.com\\\/fr\\\/prodotto\\\/roll-60-x-74-cm-fr\\\/\"]}]},{\"@type\":\"ImageObject\",\"inLanguage\":\"fr-FR\",\"@id\":\"https:\\\/\\\/www.italianacontenitori.com\\\/fr\\\/prodotto\\\/roll-60-x-74-cm-fr\\\/#primaryimage\",\"url\":\"https:\\\/\\\/www.italianacontenitori.com\\\/wp-content\\\/uploads\\\/2020\\\/12\\\/ROLG0020E2R0.png\",\"contentUrl\":\"https:\\\/\\\/www.italianacontenitori.com\\\/wp-content\\\/uploads\\\/2020\\\/12\\\/ROLG0020E2R0.png\",\"width\":1024,\"height\":1024,\"caption\":\"Conteneur roll compact avec une base de 60x74 cm. Petit, \u00e9troit et pratique, id\u00e9al pour une utilisation \u00e0 l'int\u00e9rieur. S\u00e9rie Roll-G\"},{\"@type\":\"BreadcrumbList\",\"@id\":\"https:\\\/\\\/www.italianacontenitori.com\\\/fr\\\/prodotto\\\/roll-60-x-74-cm-fr\\\/#breadcrumb\",\"itemListElement\":[{\"@type\":\"ListItem\",\"position\":1,\"name\":\"Home\",\"item\":\"https:\\\/\\\/www.italianacontenitori.com\\\/fr\\\/conteneurs-a-mailles-metalliques\\\/\"},{\"@type\":\"ListItem\",\"position\":2,\"name\":\"Roll conteneur 60 x 74 cm &#8211; Compact\"}]},{\"@type\":\"WebSite\",\"@id\":\"https:\\\/\\\/www.italianacontenitori.com\\\/fr\\\/#website\",\"url\":\"https:\\\/\\\/www.italianacontenitori.com\\\/fr\\\/\",\"name\":\"italianacontenitori.com\",\"description\":\"Produzione di contenitori industriali e roll container\",\"publisher\":{\"@id\":\"https:\\\/\\\/www.italianacontenitori.com\\\/fr\\\/#organization\"},\"potentialAction\":[{\"@type\":\"SearchAction\",\"target\":{\"@type\":\"EntryPoint\",\"urlTemplate\":\"https:\\\/\\\/www.italianacontenitori.com\\\/fr\\\/?s={search_term_string}\"},\"query-input\":{\"@type\":\"PropertyValueSpecification\",\"valueRequired\":true,\"valueName\":\"search_term_string\"}}],\"inLanguage\":\"fr-FR\"},{\"@type\":\"Organization\",\"@id\":\"https:\\\/\\\/www.italianacontenitori.com\\\/fr\\\/#organization\",\"name\":\"Italiana Contenitori s.r.l.\",\"alternateName\":\"IC\",\"url\":\"https:\\\/\\\/www.italianacontenitori.com\\\/fr\\\/\",\"logo\":{\"@type\":\"ImageObject\",\"inLanguage\":\"fr-FR\",\"@id\":\"https:\\\/\\\/www.italianacontenitori.com\\\/fr\\\/#\\\/schema\\\/logo\\\/image\\\/\",\"url\":\"https:\\\/\\\/www.italianacontenitori.com\\\/wp-content\\\/uploads\\\/2020\\\/11\\\/cropped-Logo-Italiana-Contenitori_favicon.jpg\",\"contentUrl\":\"https:\\\/\\\/www.italianacontenitori.com\\\/wp-content\\\/uploads\\\/2020\\\/11\\\/cropped-Logo-Italiana-Contenitori_favicon.jpg\",\"width\":512,\"height\":512,\"caption\":\"Italiana Contenitori s.r.l.\"},\"image\":{\"@id\":\"https:\\\/\\\/www.italianacontenitori.com\\\/fr\\\/#\\\/schema\\\/logo\\\/image\\\/\"}}]}<\/script>\n<!-- \/ Yoast SEO plugin. -->","yoast_head_json":{"title":"Roll Conteneur Compact 60 x 74 cm | Italiana Containers","description":"Roll conteneur compact de 60x74 cm, id\u00e9al pour les blanchisseries et les h\u00f4pitaux, avec une capacit\u00e9 de charge allant jusqu'\u00e0 250 kg et diff\u00e9rentes hauteurs disponibles. \u00c9troit, petit et maniable.","robots":{"index":"index","follow":"follow","max-snippet":"max-snippet:-1","max-image-preview":"max-image-preview:large","max-video-preview":"max-video-preview:-1"},"canonical":"https:\/\/www.italianacontenitori.com\/fr\/prodotto\/roll-60-x-74-cm-fr\/","og_locale":"fr_FR","og_type":"article","og_title":"Roll Conteneur Compact 60 x 74 cm | Italiana Containers","og_description":"Roll conteneur compact de 60x74 cm, id\u00e9al pour les blanchisseries et les h\u00f4pitaux, avec une capacit\u00e9 de charge allant jusqu'\u00e0 250 kg et diff\u00e9rentes hauteurs disponibles. \u00c9troit, petit et maniable.","og_url":"https:\/\/www.italianacontenitori.com\/fr\/prodotto\/roll-60-x-74-cm-fr\/","og_site_name":"italianacontenitori.com","article_modified_time":"2026-04-10T14:35:45+00:00","og_image":[{"width":1024,"height":1024,"url":"https:\/\/www.italianacontenitori.com\/wp-content\/uploads\/2020\/12\/ROLG0020E2R0.png","type":"image\/png"}],"twitter_card":"summary_large_image","twitter_misc":{"Dur\u00e9e de lecture estim\u00e9e":"2 minutes"},"schema":{"@context":"https:\/\/schema.org","@graph":[{"@type":"WebPage","@id":"https:\/\/www.italianacontenitori.com\/fr\/prodotto\/roll-60-x-74-cm-fr\/","url":"https:\/\/www.italianacontenitori.com\/fr\/prodotto\/roll-60-x-74-cm-fr\/","name":"Roll Conteneur Compact 60 x 74 cm | Italiana Containers","isPartOf":{"@id":"https:\/\/www.italianacontenitori.com\/fr\/#website"},"primaryImageOfPage":{"@id":"https:\/\/www.italianacontenitori.com\/fr\/prodotto\/roll-60-x-74-cm-fr\/#primaryimage"},"image":{"@id":"https:\/\/www.italianacontenitori.com\/fr\/prodotto\/roll-60-x-74-cm-fr\/#primaryimage"},"thumbnailUrl":"https:\/\/www.italianacontenitori.com\/wp-content\/uploads\/2020\/12\/ROLG0020E2R0.png","datePublished":"2020-12-11T09:13:02+00:00","dateModified":"2026-04-10T14:35:45+00:00","description":"Roll conteneur compact de 60x74 cm, id\u00e9al pour les blanchisseries et les h\u00f4pitaux, avec une capacit\u00e9 de charge allant jusqu'\u00e0 250 kg et diff\u00e9rentes hauteurs disponibles. \u00c9troit, petit et maniable.","breadcrumb":{"@id":"https:\/\/www.italianacontenitori.com\/fr\/prodotto\/roll-60-x-74-cm-fr\/#breadcrumb"},"inLanguage":"fr-FR","potentialAction":[{"@type":"ReadAction","target":["https:\/\/www.italianacontenitori.com\/fr\/prodotto\/roll-60-x-74-cm-fr\/"]}]},{"@type":"ImageObject","inLanguage":"fr-FR","@id":"https:\/\/www.italianacontenitori.com\/fr\/prodotto\/roll-60-x-74-cm-fr\/#primaryimage","url":"https:\/\/www.italianacontenitori.com\/wp-content\/uploads\/2020\/12\/ROLG0020E2R0.png","contentUrl":"https:\/\/www.italianacontenitori.com\/wp-content\/uploads\/2020\/12\/ROLG0020E2R0.png","width":1024,"height":1024,"caption":"Conteneur roll compact avec une base de 60x74 cm. Petit, \u00e9troit et pratique, id\u00e9al pour une utilisation \u00e0 l'int\u00e9rieur. S\u00e9rie Roll-G"},{"@type":"BreadcrumbList","@id":"https:\/\/www.italianacontenitori.com\/fr\/prodotto\/roll-60-x-74-cm-fr\/#breadcrumb","itemListElement":[{"@type":"ListItem","position":1,"name":"Home","item":"https:\/\/www.italianacontenitori.com\/fr\/conteneurs-a-mailles-metalliques\/"},{"@type":"ListItem","position":2,"name":"Roll conteneur 60 x 74 cm &#8211; Compact"}]},{"@type":"WebSite","@id":"https:\/\/www.italianacontenitori.com\/fr\/#website","url":"https:\/\/www.italianacontenitori.com\/fr\/","name":"italianacontenitori.com","description":"Produzione di contenitori industriali e roll container","publisher":{"@id":"https:\/\/www.italianacontenitori.com\/fr\/#organization"},"potentialAction":[{"@type":"SearchAction","target":{"@type":"EntryPoint","urlTemplate":"https:\/\/www.italianacontenitori.com\/fr\/?s={search_term_string}"},"query-input":{"@type":"PropertyValueSpecification","valueRequired":true,"valueName":"search_term_string"}}],"inLanguage":"fr-FR"},{"@type":"Organization","@id":"https:\/\/www.italianacontenitori.com\/fr\/#organization","name":"Italiana Contenitori s.r.l.","alternateName":"IC","url":"https:\/\/www.italianacontenitori.com\/fr\/","logo":{"@type":"ImageObject","inLanguage":"fr-FR","@id":"https:\/\/www.italianacontenitori.com\/fr\/#\/schema\/logo\/image\/","url":"https:\/\/www.italianacontenitori.com\/wp-content\/uploads\/2020\/11\/cropped-Logo-Italiana-Contenitori_favicon.jpg","contentUrl":"https:\/\/www.italianacontenitori.com\/wp-content\/uploads\/2020\/11\/cropped-Logo-Italiana-Contenitori_favicon.jpg","width":512,"height":512,"caption":"Italiana Contenitori s.r.l."},"image":{"@id":"https:\/\/www.italianacontenitori.com\/fr\/#\/schema\/logo\/image\/"}}]}},"_links":{"self":[{"href":"https:\/\/www.italianacontenitori.com\/fr\/wp-json\/wp\/v2\/product\/241474","targetHints":{"allow":["GET"]}}],"collection":[{"href":"https:\/\/www.italianacontenitori.com\/fr\/wp-json\/wp\/v2\/product"}],"about":[{"href":"https:\/\/www.italianacontenitori.com\/fr\/wp-json\/wp\/v2\/types\/product"}],"replies":[{"embeddable":true,"href":"https:\/\/www.italianacontenitori.com\/fr\/wp-json\/wp\/v2\/comments?post=241474"}],"wp:featuredmedia":[{"embeddable":true,"href":"https:\/\/www.italianacontenitori.com\/fr\/wp-json\/wp\/v2\/media\/240322"}],"wp:attachment":[{"href":"https:\/\/www.italianacontenitori.com\/fr\/wp-json\/wp\/v2\/media?parent=241474"}],"wp:term":[{"taxonomy":"product_brand","embeddable":true,"href":"https:\/\/www.italianacontenitori.com\/fr\/wp-json\/wp\/v2\/product_brand?post=241474"},{"taxonomy":"product_cat","embeddable":true,"href":"https:\/\/www.italianacontenitori.com\/fr\/wp-json\/wp\/v2\/product_cat?post=241474"},{"taxonomy":"product_tag","embeddable":true,"href":"https:\/\/www.italianacontenitori.com\/fr\/wp-json\/wp\/v2\/product_tag?post=241474"}],"curies":[{"name":"wp","href":"https:\/\/api.w.org\/{rel}","templated":true}]}}