{"id":241529,"date":"2020-12-10T10:07:55","date_gmt":"2020-12-10T10:07:55","guid":{"rendered":"https:\/\/www.italianacontenitori.com\/product\/roll-120-x-80-cm-base-standard-renforcee\/"},"modified":"2026-04-10T14:35:36","modified_gmt":"2026-04-10T14:35:36","slug":"roll-120-x-80-cm-fr","status":"publish","type":"product","link":"https:\/\/www.italianacontenitori.com\/fr\/produit\/roll-120-x-80-cm-fr\/","title":{"rendered":"Roll conteneur MAXI 120 x 80 cm"},"content":{"rendered":"<p>Le <strong>roll conteneur MAXI 120 x 80 cm<\/strong> est une solution parfaite pour la <strong>logistique<\/strong>, l&#8217;<strong>entreposage<\/strong> et le <strong>transport de marchandises<\/strong>. Avec des dimensions ext\u00e9rieures de <strong>1200 x 800 mm<\/strong>, il correspond exactement aux dimensions d&#8217;une palette standard et permet d&#8217;optimiser le chargement des camions dans les entrep\u00f4ts. La capacit\u00e9 interne de <strong>1140 x 740 mm<\/strong> (x hauteur s\u00e9lectionn\u00e9e) offre une grande capacit\u00e9 de stockage, id\u00e9ale pour la manutention de marchandises volumineuses.  <\/p>\n<p>Disponible en diff\u00e9rentes hauteurs jusqu&#8217;\u00e0 <strong>1800 mm<\/strong>, ce <strong>chariot en fer galvanis\u00e9<\/strong> peut supporter des charges allant jusqu&#8217;\u00e0 <strong>600 kg.<\/strong> Sa construction robuste en <strong>treillis m\u00e9tallique<\/strong> assure un transport s\u00fbr et stable des marchandises. Les <strong>c\u00f4t\u00e9s<\/strong> configurables avec un rabat facilitent le chargement et le d\u00e9chargement.  <\/p>\n<h2>Le rouleau Maxi avec base standard en un coup d&#8217;\u0153il :<\/h2>\n<ul>\n<li><strong>Dimensions ext\u00e9rieures<\/strong>: 1200 x 800 mm, EUR standard<\/li>\n<li><strong>Capacit\u00e9 de charge<\/strong>: jusqu&#8217;\u00e0 600 kg<\/li>\n<li><strong>Hauteurs disponibles<\/strong>: 1520 mm, 1650 mm, 1800 mm<\/li>\n<\/ul>\n<p>Les roues, disponibles en <strong>nylon<\/strong>, <strong>polyur\u00e9thane<\/strong> ou <strong>caoutchouc silencieux<\/strong>, d&#8217;un diam\u00e8tre de <strong>100 mm<\/strong> ou <strong>125 mm<\/strong>, garantissent une parfaite maniabilit\u00e9. Pour plus de s\u00e9curit\u00e9, vous pouvez choisir des roues avec <strong>freins<\/strong>.<strong> Ce<\/strong> <strong>conteneur roulant pour entrep\u00f4t<\/strong> peut \u00eatre \u00e9quip\u00e9 de<strong> jusqu&#8217;\u00e0 trois \u00e9tag\u00e8res, de sorte que le volume total de ce chariot en treillis m\u00e9tallique<\/strong> extr\u00eamement polyvalent peut \u00eatre utilis\u00e9 pour r\u00e9pondre \u00e0 diverses exigences en mati\u00e8re de stockage et de manutention.  <\/p>\n<p>Con\u00e7u pour le <strong>transport<\/strong> et la <strong>manutention interne<\/strong> dans des secteurs tels que la <strong>vente au d\u00e9tail<\/strong> et la <strong>gestion logistique<\/strong>, ce <strong>roll conteneur \u00e0 roulettes MAXI<\/strong> est parfait pour ceux qui recherchent une solution robuste et fiable. La <strong>galvanisation \u00e9lectrolytique blanche<\/strong> prot\u00e8ge le chariot de la corrosion, ce qui le rend id\u00e9al pour une utilisation intensive dans des environnements industriels. <\/p>\n","protected":false},"excerpt":{"rendered":"<p>Rollcontainer di grande dimensione per lo stoccaggio e la movimentazione. Il peut accueillir jusqu\u2019\u00e0 trois \u00e9tag\u00e8res horizontales. Disponible en diff\u00e9rentes hauteurs et configurations pour mieux g\u00e9rer le stockage et la manutention des marchandises.<\/p>\n","protected":false},"featured_media":240251,"comment_status":"open","ping_status":"closed","template":"","meta":{"_acf_changed":false,"_et_pb_use_builder":"","_et_pb_old_content":"","_et_gb_content_width":""},"product_brand":[],"product_cat":[2064,826],"product_tag":[2117],"class_list":{"0":"post-241529","1":"product","2":"type-product","3":"status-publish","4":"has-post-thumbnail","6":"product_cat-roll-container-de-securite","7":"product_cat-roll-conteneur","8":"product_tag-roll-conteneur-dimensions-maxi","10":"first","11":"instock","12":"shipping-taxable","13":"purchasable","14":"product-type-variable","15":"has-default-attributes"},"acf":[],"yoast_head":"<!-- This site is optimized with the Yoast SEO plugin v27.3 - https:\/\/yoast.com\/product\/yoast-seo-wordpress\/ -->\n<title>Roll Conteneur MAXI | Italiana Contenitori depuis 1981<\/title>\n<meta name=\"description\" content=\"Roll conteneur MAXI 120x80 cm, base standard, jusqu&#039;\u00e0 600 kg de charge, id\u00e9al pour la logistique et les entrep\u00f4ts. Kit de roues pour usage intensif.\" \/>\n<meta name=\"robots\" content=\"index, follow, max-snippet:-1, max-image-preview:large, max-video-preview:-1\" \/>\n<link rel=\"canonical\" href=\"https:\/\/www.italianacontenitori.com\/fr\/produit\/roll-120-x-80-cm-fr\/\" \/>\n<meta property=\"og:locale\" content=\"fr_FR\" \/>\n<meta property=\"og:type\" content=\"article\" \/>\n<meta property=\"og:title\" content=\"Roll Conteneur MAXI | Italiana Contenitori depuis 1981\" \/>\n<meta property=\"og:description\" content=\"Roll conteneur MAXI 120x80 cm, base standard, jusqu&#039;\u00e0 600 kg de charge, id\u00e9al pour la logistique et les entrep\u00f4ts. Kit de roues pour usage intensif.\" \/>\n<meta property=\"og:url\" content=\"https:\/\/www.italianacontenitori.com\/fr\/produit\/roll-120-x-80-cm-fr\/\" \/>\n<meta property=\"og:site_name\" content=\"italianacontenitori.com\" \/>\n<meta property=\"article:modified_time\" content=\"2026-04-10T14:35:36+00:00\" \/>\n<meta property=\"og:image\" content=\"https:\/\/www.italianacontenitori.com\/wp-content\/uploads\/2020\/12\/ROLR0170H4R0-1.png\" \/>\n\t<meta property=\"og:image:width\" content=\"1024\" \/>\n\t<meta property=\"og:image:height\" content=\"1024\" \/>\n\t<meta property=\"og:image:type\" content=\"image\/png\" \/>\n<meta name=\"twitter:card\" content=\"summary_large_image\" \/>\n<meta name=\"twitter:label1\" content=\"Dur\u00e9e de lecture estim\u00e9e\" \/>\n\t<meta name=\"twitter:data1\" content=\"1 minute\" \/>\n<script type=\"application\/ld+json\" class=\"yoast-schema-graph\">{\"@context\":\"https:\\\/\\\/schema.org\",\"@graph\":[{\"@type\":\"WebPage\",\"@id\":\"https:\\\/\\\/www.italianacontenitori.com\\\/fr\\\/produit\\\/roll-120-x-80-cm-fr\\\/\",\"url\":\"https:\\\/\\\/www.italianacontenitori.com\\\/fr\\\/produit\\\/roll-120-x-80-cm-fr\\\/\",\"name\":\"Roll Conteneur MAXI | Italiana Contenitori depuis 1981\",\"isPartOf\":{\"@id\":\"https:\\\/\\\/www.italianacontenitori.com\\\/fr\\\/#website\"},\"primaryImageOfPage\":{\"@id\":\"https:\\\/\\\/www.italianacontenitori.com\\\/fr\\\/produit\\\/roll-120-x-80-cm-fr\\\/#primaryimage\"},\"image\":{\"@id\":\"https:\\\/\\\/www.italianacontenitori.com\\\/fr\\\/produit\\\/roll-120-x-80-cm-fr\\\/#primaryimage\"},\"thumbnailUrl\":\"https:\\\/\\\/www.italianacontenitori.com\\\/wp-content\\\/uploads\\\/2020\\\/12\\\/ROLR0170H4R0-1.png\",\"datePublished\":\"2020-12-10T10:07:55+00:00\",\"dateModified\":\"2026-04-10T14:35:36+00:00\",\"description\":\"Roll conteneur MAXI 120x80 cm, base standard, jusqu'\u00e0 600 kg de charge, id\u00e9al pour la logistique et les entrep\u00f4ts. Kit de roues pour usage intensif.\",\"breadcrumb\":{\"@id\":\"https:\\\/\\\/www.italianacontenitori.com\\\/fr\\\/produit\\\/roll-120-x-80-cm-fr\\\/#breadcrumb\"},\"inLanguage\":\"fr-FR\",\"potentialAction\":[{\"@type\":\"ReadAction\",\"target\":[\"https:\\\/\\\/www.italianacontenitori.com\\\/fr\\\/produit\\\/roll-120-x-80-cm-fr\\\/\"]}]},{\"@type\":\"ImageObject\",\"inLanguage\":\"fr-FR\",\"@id\":\"https:\\\/\\\/www.italianacontenitori.com\\\/fr\\\/produit\\\/roll-120-x-80-cm-fr\\\/#primaryimage\",\"url\":\"https:\\\/\\\/www.italianacontenitori.com\\\/wp-content\\\/uploads\\\/2020\\\/12\\\/ROLR0170H4R0-1.png\",\"contentUrl\":\"https:\\\/\\\/www.italianacontenitori.com\\\/wp-content\\\/uploads\\\/2020\\\/12\\\/ROLR0170H4R0-1.png\",\"width\":1024,\"height\":1024,\"caption\":\"Conteneur roll MAXI avec base standard de 120 x 80 cm. Capacit\u00e9 de charge maximale : 600 kg. Diff\u00e9rentes hauteurs disponibles. Jusqu'\u00e0 3 \u00e9tag\u00e8res et accessoires\"},{\"@type\":\"BreadcrumbList\",\"@id\":\"https:\\\/\\\/www.italianacontenitori.com\\\/fr\\\/produit\\\/roll-120-x-80-cm-fr\\\/#breadcrumb\",\"itemListElement\":[{\"@type\":\"ListItem\",\"position\":1,\"name\":\"Home\",\"item\":\"https:\\\/\\\/www.italianacontenitori.com\\\/fr\\\/conteneurs-a-mailles-metalliques\\\/\"},{\"@type\":\"ListItem\",\"position\":2,\"name\":\"Roll conteneur MAXI 120 x 80 cm\"}]},{\"@type\":\"WebSite\",\"@id\":\"https:\\\/\\\/www.italianacontenitori.com\\\/fr\\\/#website\",\"url\":\"https:\\\/\\\/www.italianacontenitori.com\\\/fr\\\/\",\"name\":\"italianacontenitori.com\",\"description\":\"Produzione di contenitori industriali e roll container\",\"publisher\":{\"@id\":\"https:\\\/\\\/www.italianacontenitori.com\\\/fr\\\/#organization\"},\"potentialAction\":[{\"@type\":\"SearchAction\",\"target\":{\"@type\":\"EntryPoint\",\"urlTemplate\":\"https:\\\/\\\/www.italianacontenitori.com\\\/fr\\\/?s={search_term_string}\"},\"query-input\":{\"@type\":\"PropertyValueSpecification\",\"valueRequired\":true,\"valueName\":\"search_term_string\"}}],\"inLanguage\":\"fr-FR\"},{\"@type\":\"Organization\",\"@id\":\"https:\\\/\\\/www.italianacontenitori.com\\\/fr\\\/#organization\",\"name\":\"Italiana Contenitori s.r.l.\",\"alternateName\":\"IC\",\"url\":\"https:\\\/\\\/www.italianacontenitori.com\\\/fr\\\/\",\"logo\":{\"@type\":\"ImageObject\",\"inLanguage\":\"fr-FR\",\"@id\":\"https:\\\/\\\/www.italianacontenitori.com\\\/fr\\\/#\\\/schema\\\/logo\\\/image\\\/\",\"url\":\"https:\\\/\\\/www.italianacontenitori.com\\\/wp-content\\\/uploads\\\/2020\\\/11\\\/cropped-Logo-Italiana-Contenitori_favicon.jpg\",\"contentUrl\":\"https:\\\/\\\/www.italianacontenitori.com\\\/wp-content\\\/uploads\\\/2020\\\/11\\\/cropped-Logo-Italiana-Contenitori_favicon.jpg\",\"width\":512,\"height\":512,\"caption\":\"Italiana Contenitori s.r.l.\"},\"image\":{\"@id\":\"https:\\\/\\\/www.italianacontenitori.com\\\/fr\\\/#\\\/schema\\\/logo\\\/image\\\/\"}}]}<\/script>\n<!-- \/ Yoast SEO plugin. -->","yoast_head_json":{"title":"Roll Conteneur MAXI | Italiana Contenitori depuis 1981","description":"Roll conteneur MAXI 120x80 cm, base standard, jusqu'\u00e0 600 kg de charge, id\u00e9al pour la logistique et les entrep\u00f4ts. Kit de roues pour usage intensif.","robots":{"index":"index","follow":"follow","max-snippet":"max-snippet:-1","max-image-preview":"max-image-preview:large","max-video-preview":"max-video-preview:-1"},"canonical":"https:\/\/www.italianacontenitori.com\/fr\/produit\/roll-120-x-80-cm-fr\/","og_locale":"fr_FR","og_type":"article","og_title":"Roll Conteneur MAXI | Italiana Contenitori depuis 1981","og_description":"Roll conteneur MAXI 120x80 cm, base standard, jusqu'\u00e0 600 kg de charge, id\u00e9al pour la logistique et les entrep\u00f4ts. Kit de roues pour usage intensif.","og_url":"https:\/\/www.italianacontenitori.com\/fr\/produit\/roll-120-x-80-cm-fr\/","og_site_name":"italianacontenitori.com","article_modified_time":"2026-04-10T14:35:36+00:00","og_image":[{"width":1024,"height":1024,"url":"https:\/\/www.italianacontenitori.com\/wp-content\/uploads\/2020\/12\/ROLR0170H4R0-1.png","type":"image\/png"}],"twitter_card":"summary_large_image","twitter_misc":{"Dur\u00e9e de lecture estim\u00e9e":"1 minute"},"schema":{"@context":"https:\/\/schema.org","@graph":[{"@type":"WebPage","@id":"https:\/\/www.italianacontenitori.com\/fr\/produit\/roll-120-x-80-cm-fr\/","url":"https:\/\/www.italianacontenitori.com\/fr\/produit\/roll-120-x-80-cm-fr\/","name":"Roll Conteneur MAXI | Italiana Contenitori depuis 1981","isPartOf":{"@id":"https:\/\/www.italianacontenitori.com\/fr\/#website"},"primaryImageOfPage":{"@id":"https:\/\/www.italianacontenitori.com\/fr\/produit\/roll-120-x-80-cm-fr\/#primaryimage"},"image":{"@id":"https:\/\/www.italianacontenitori.com\/fr\/produit\/roll-120-x-80-cm-fr\/#primaryimage"},"thumbnailUrl":"https:\/\/www.italianacontenitori.com\/wp-content\/uploads\/2020\/12\/ROLR0170H4R0-1.png","datePublished":"2020-12-10T10:07:55+00:00","dateModified":"2026-04-10T14:35:36+00:00","description":"Roll conteneur MAXI 120x80 cm, base standard, jusqu'\u00e0 600 kg de charge, id\u00e9al pour la logistique et les entrep\u00f4ts. Kit de roues pour usage intensif.","breadcrumb":{"@id":"https:\/\/www.italianacontenitori.com\/fr\/produit\/roll-120-x-80-cm-fr\/#breadcrumb"},"inLanguage":"fr-FR","potentialAction":[{"@type":"ReadAction","target":["https:\/\/www.italianacontenitori.com\/fr\/produit\/roll-120-x-80-cm-fr\/"]}]},{"@type":"ImageObject","inLanguage":"fr-FR","@id":"https:\/\/www.italianacontenitori.com\/fr\/produit\/roll-120-x-80-cm-fr\/#primaryimage","url":"https:\/\/www.italianacontenitori.com\/wp-content\/uploads\/2020\/12\/ROLR0170H4R0-1.png","contentUrl":"https:\/\/www.italianacontenitori.com\/wp-content\/uploads\/2020\/12\/ROLR0170H4R0-1.png","width":1024,"height":1024,"caption":"Conteneur roll MAXI avec base standard de 120 x 80 cm. Capacit\u00e9 de charge maximale : 600 kg. Diff\u00e9rentes hauteurs disponibles. Jusqu'\u00e0 3 \u00e9tag\u00e8res et accessoires"},{"@type":"BreadcrumbList","@id":"https:\/\/www.italianacontenitori.com\/fr\/produit\/roll-120-x-80-cm-fr\/#breadcrumb","itemListElement":[{"@type":"ListItem","position":1,"name":"Home","item":"https:\/\/www.italianacontenitori.com\/fr\/conteneurs-a-mailles-metalliques\/"},{"@type":"ListItem","position":2,"name":"Roll conteneur MAXI 120 x 80 cm"}]},{"@type":"WebSite","@id":"https:\/\/www.italianacontenitori.com\/fr\/#website","url":"https:\/\/www.italianacontenitori.com\/fr\/","name":"italianacontenitori.com","description":"Produzione di contenitori industriali e roll container","publisher":{"@id":"https:\/\/www.italianacontenitori.com\/fr\/#organization"},"potentialAction":[{"@type":"SearchAction","target":{"@type":"EntryPoint","urlTemplate":"https:\/\/www.italianacontenitori.com\/fr\/?s={search_term_string}"},"query-input":{"@type":"PropertyValueSpecification","valueRequired":true,"valueName":"search_term_string"}}],"inLanguage":"fr-FR"},{"@type":"Organization","@id":"https:\/\/www.italianacontenitori.com\/fr\/#organization","name":"Italiana Contenitori s.r.l.","alternateName":"IC","url":"https:\/\/www.italianacontenitori.com\/fr\/","logo":{"@type":"ImageObject","inLanguage":"fr-FR","@id":"https:\/\/www.italianacontenitori.com\/fr\/#\/schema\/logo\/image\/","url":"https:\/\/www.italianacontenitori.com\/wp-content\/uploads\/2020\/11\/cropped-Logo-Italiana-Contenitori_favicon.jpg","contentUrl":"https:\/\/www.italianacontenitori.com\/wp-content\/uploads\/2020\/11\/cropped-Logo-Italiana-Contenitori_favicon.jpg","width":512,"height":512,"caption":"Italiana Contenitori s.r.l."},"image":{"@id":"https:\/\/www.italianacontenitori.com\/fr\/#\/schema\/logo\/image\/"}}]}},"_links":{"self":[{"href":"https:\/\/www.italianacontenitori.com\/fr\/wp-json\/wp\/v2\/product\/241529","targetHints":{"allow":["GET"]}}],"collection":[{"href":"https:\/\/www.italianacontenitori.com\/fr\/wp-json\/wp\/v2\/product"}],"about":[{"href":"https:\/\/www.italianacontenitori.com\/fr\/wp-json\/wp\/v2\/types\/product"}],"replies":[{"embeddable":true,"href":"https:\/\/www.italianacontenitori.com\/fr\/wp-json\/wp\/v2\/comments?post=241529"}],"wp:featuredmedia":[{"embeddable":true,"href":"https:\/\/www.italianacontenitori.com\/fr\/wp-json\/wp\/v2\/media\/240251"}],"wp:attachment":[{"href":"https:\/\/www.italianacontenitori.com\/fr\/wp-json\/wp\/v2\/media?parent=241529"}],"wp:term":[{"taxonomy":"product_brand","embeddable":true,"href":"https:\/\/www.italianacontenitori.com\/fr\/wp-json\/wp\/v2\/product_brand?post=241529"},{"taxonomy":"product_cat","embeddable":true,"href":"https:\/\/www.italianacontenitori.com\/fr\/wp-json\/wp\/v2\/product_cat?post=241529"},{"taxonomy":"product_tag","embeddable":true,"href":"https:\/\/www.italianacontenitori.com\/fr\/wp-json\/wp\/v2\/product_tag?post=241529"}],"curies":[{"name":"wp","href":"https:\/\/api.w.org\/{rel}","templated":true}]}}