{"id":241574,"date":"2020-12-10T09:44:15","date_gmt":"2021-03-03T09:41:59","guid":{"rendered":"https:\/\/www.italianacontenitori.com\/product\/pet-103-x-121-cm\/"},"modified":"2025-08-25T08:36:41","modified_gmt":"2025-08-25T08:36:41","slug":"conteneur-103-x-121-cm-pet","status":"publish","type":"product","link":"https:\/\/www.italianacontenitori.com\/fr\/prodotto\/conteneur-103-x-121-cm-pet\/","title":{"rendered":"Conteneur industriel pour pr\u00e9formes PET &#8211; 103 x 121 cm"},"content":{"rendered":"<p>Un conteneur industriel pour pr\u00e9formes PET en treillis m\u00e9tallique de 103 x 121 cm est la solution id\u00e9ale pour le stockage et la manipulation des pr\u00e9formes dans la production de bouteilles en plastique. Les pr\u00e9formes en PET sont de petits tubes en plastique transparent, semblables \u00e0 des \u00e9prouvettes, qui sont souffl\u00e9s et moul\u00e9s pour cr\u00e9er des bouteilles. L\u00e9g\u00e8res mais encombrantes, elles n\u00e9cessitent des cages empilables et optimis\u00e9es en termes de charge, qui garantissent une <strong>protection maximale pendant le transport et le stockage<\/strong>, sans d\u00e9formation ni endommagement. Pour une protection encore plus grande, <strong>les parois peuvent \u00eatre dot\u00e9es d&#8217;un rev\u00eatement en plastique<\/strong> qui emp\u00eache les pr\u00e9formes de tomber accidentellement, m\u00eame en cas de chocs ou de vibrations pendant le transport.   <\/p>\n<p>Ce panier m\u00e9tallique a \u00e9t\u00e9 con\u00e7u pour r\u00e9pondre aux besoins sp\u00e9cifiques de l&#8217;industrie de l&#8217;emballage, et sa structure en maille garantit.. :<\/p>\n<ul>\n<li>robustesse et stabilit\u00e9 m\u00eame \u00e0 pleine charge<\/li>\n<li>r\u00e9sistance \u00e0 la compression<\/li>\n<li>un empilage et une manutention ais\u00e9s avec des chariots \u00e9l\u00e9vateurs \u00e0 fourche.<\/li>\n<\/ul>\n<p>Gr\u00e2ce \u00e0 sa compatibilit\u00e9 avec les dimensions standard de l&#8217;industrie, ce conteneur industriel pour pr\u00e9formes en PET facilite les op\u00e9rations logistiques, optimise l&#8217;espace d&#8217;entreposage et prot\u00e8ge les pr\u00e9formes contre les chocs et les d\u00e9formations. Il est id\u00e9al pour les entreprises qui recherchent l&#8217;efficacit\u00e9, la s\u00e9curit\u00e9 et l&#8217;ordre dans la manipulation des pr\u00e9formes en PET. <\/p>\n","protected":false},"excerpt":{"rendered":"<p>Conteneur pliable et gerbable , sp\u00e9cifique pour les pr\u00e9form\u00e9s en PET. Les c\u00f4t\u00e9s peuvent \u00eatre munies d\u2019un rev\u00eatement plastique pour emp\u00eacher les pr\u00e9form\u00e9s de sortir.<\/p>\n","protected":false},"featured_media":240347,"comment_status":"open","ping_status":"closed","template":"","meta":{"_acf_changed":false,"_et_pb_use_builder":"","_et_pb_old_content":"","_et_gb_content_width":""},"product_brand":[],"product_cat":[1913,1937],"product_tag":[2043],"class_list":{"0":"post-241574","1":"product","2":"type-product","3":"status-publish","4":"has-post-thumbnail","6":"product_cat-conteneur","7":"product_cat-preformes-pet","8":"product_tag-containers-fr","10":"first","11":"instock","12":"shipping-taxable","13":"purchasable","14":"product-type-variable"},"acf":[],"yoast_head":"<!-- This site is optimized with the Yoast SEO plugin v27.3 - https:\/\/yoast.com\/product\/yoast-seo-wordpress\/ -->\n<title>Conteneur industriel pour pr\u00e9formes en PET - Italiana Contenitori<\/title>\n<meta name=\"description\" content=\"Conteneur industriel optimis\u00e9 pour le stockage et la manutention de pr\u00e9formes PET. Dimensions optimis\u00e9es pour le chargement. Pliable et durable.\" \/>\n<meta name=\"robots\" content=\"index, follow, max-snippet:-1, max-image-preview:large, max-video-preview:-1\" \/>\n<link rel=\"canonical\" href=\"https:\/\/www.italianacontenitori.com\/fr\/prodotto\/conteneur-103-x-121-cm-pet\/\" \/>\n<meta property=\"og:locale\" content=\"fr_FR\" \/>\n<meta property=\"og:type\" content=\"article\" \/>\n<meta property=\"og:title\" content=\"Conteneur industriel pour pr\u00e9formes en PET - Italiana Contenitori\" \/>\n<meta property=\"og:description\" content=\"Conteneur industriel optimis\u00e9 pour le stockage et la manutention de pr\u00e9formes PET. Dimensions optimis\u00e9es pour le chargement. Pliable et durable.\" \/>\n<meta property=\"og:url\" content=\"https:\/\/www.italianacontenitori.com\/fr\/prodotto\/conteneur-103-x-121-cm-pet\/\" \/>\n<meta property=\"og:site_name\" content=\"italianacontenitori.com\" \/>\n<meta property=\"article:modified_time\" content=\"2025-08-25T08:36:41+00:00\" \/>\n<meta property=\"og:image\" content=\"https:\/\/www.italianacontenitori.com\/wp-content\/uploads\/2020\/12\/CONT1150.png\" \/>\n\t<meta property=\"og:image:width\" content=\"1024\" \/>\n\t<meta property=\"og:image:height\" content=\"1024\" \/>\n\t<meta property=\"og:image:type\" content=\"image\/png\" \/>\n<meta name=\"twitter:card\" content=\"summary_large_image\" \/>\n<meta name=\"twitter:label1\" content=\"Dur\u00e9e de lecture estim\u00e9e\" \/>\n\t<meta name=\"twitter:data1\" content=\"1 minute\" \/>\n<script type=\"application\/ld+json\" class=\"yoast-schema-graph\">{\"@context\":\"https:\\\/\\\/schema.org\",\"@graph\":[{\"@type\":\"WebPage\",\"@id\":\"https:\\\/\\\/www.italianacontenitori.com\\\/fr\\\/prodotto\\\/conteneur-103-x-121-cm-pet\\\/\",\"url\":\"https:\\\/\\\/www.italianacontenitori.com\\\/fr\\\/prodotto\\\/conteneur-103-x-121-cm-pet\\\/\",\"name\":\"Conteneur industriel pour pr\u00e9formes en PET - Italiana Contenitori\",\"isPartOf\":{\"@id\":\"https:\\\/\\\/www.italianacontenitori.com\\\/fr\\\/#website\"},\"primaryImageOfPage\":{\"@id\":\"https:\\\/\\\/www.italianacontenitori.com\\\/fr\\\/prodotto\\\/conteneur-103-x-121-cm-pet\\\/#primaryimage\"},\"image\":{\"@id\":\"https:\\\/\\\/www.italianacontenitori.com\\\/fr\\\/prodotto\\\/conteneur-103-x-121-cm-pet\\\/#primaryimage\"},\"thumbnailUrl\":\"https:\\\/\\\/www.italianacontenitori.com\\\/wp-content\\\/uploads\\\/2020\\\/12\\\/CONT1150.png\",\"datePublished\":\"2021-03-03T09:41:59+00:00\",\"dateModified\":\"2025-08-25T08:36:41+00:00\",\"description\":\"Conteneur industriel optimis\u00e9 pour le stockage et la manutention de pr\u00e9formes PET. Dimensions optimis\u00e9es pour le chargement. Pliable et durable.\",\"breadcrumb\":{\"@id\":\"https:\\\/\\\/www.italianacontenitori.com\\\/fr\\\/prodotto\\\/conteneur-103-x-121-cm-pet\\\/#breadcrumb\"},\"inLanguage\":\"fr-FR\",\"potentialAction\":[{\"@type\":\"ReadAction\",\"target\":[\"https:\\\/\\\/www.italianacontenitori.com\\\/fr\\\/prodotto\\\/conteneur-103-x-121-cm-pet\\\/\"]}]},{\"@type\":\"ImageObject\",\"inLanguage\":\"fr-FR\",\"@id\":\"https:\\\/\\\/www.italianacontenitori.com\\\/fr\\\/prodotto\\\/conteneur-103-x-121-cm-pet\\\/#primaryimage\",\"url\":\"https:\\\/\\\/www.italianacontenitori.com\\\/wp-content\\\/uploads\\\/2020\\\/12\\\/CONT1150.png\",\"contentUrl\":\"https:\\\/\\\/www.italianacontenitori.com\\\/wp-content\\\/uploads\\\/2020\\\/12\\\/CONT1150.png\",\"width\":1024,\"height\":1024},{\"@type\":\"BreadcrumbList\",\"@id\":\"https:\\\/\\\/www.italianacontenitori.com\\\/fr\\\/prodotto\\\/conteneur-103-x-121-cm-pet\\\/#breadcrumb\",\"itemListElement\":[{\"@type\":\"ListItem\",\"position\":1,\"name\":\"Home\",\"item\":\"https:\\\/\\\/www.italianacontenitori.com\\\/fr\\\/conteneurs-a-mailles-metalliques\\\/\"},{\"@type\":\"ListItem\",\"position\":2,\"name\":\"Conteneur industriel pour pr\u00e9formes PET &#8211; 103 x 121 cm\"}]},{\"@type\":\"WebSite\",\"@id\":\"https:\\\/\\\/www.italianacontenitori.com\\\/fr\\\/#website\",\"url\":\"https:\\\/\\\/www.italianacontenitori.com\\\/fr\\\/\",\"name\":\"italianacontenitori.com\",\"description\":\"Produzione di contenitori industriali e roll container\",\"publisher\":{\"@id\":\"https:\\\/\\\/www.italianacontenitori.com\\\/fr\\\/#organization\"},\"potentialAction\":[{\"@type\":\"SearchAction\",\"target\":{\"@type\":\"EntryPoint\",\"urlTemplate\":\"https:\\\/\\\/www.italianacontenitori.com\\\/fr\\\/?s={search_term_string}\"},\"query-input\":{\"@type\":\"PropertyValueSpecification\",\"valueRequired\":true,\"valueName\":\"search_term_string\"}}],\"inLanguage\":\"fr-FR\"},{\"@type\":\"Organization\",\"@id\":\"https:\\\/\\\/www.italianacontenitori.com\\\/fr\\\/#organization\",\"name\":\"Italiana Contenitori s.r.l.\",\"alternateName\":\"IC\",\"url\":\"https:\\\/\\\/www.italianacontenitori.com\\\/fr\\\/\",\"logo\":{\"@type\":\"ImageObject\",\"inLanguage\":\"fr-FR\",\"@id\":\"https:\\\/\\\/www.italianacontenitori.com\\\/fr\\\/#\\\/schema\\\/logo\\\/image\\\/\",\"url\":\"https:\\\/\\\/www.italianacontenitori.com\\\/wp-content\\\/uploads\\\/2020\\\/11\\\/cropped-Logo-Italiana-Contenitori_favicon.jpg\",\"contentUrl\":\"https:\\\/\\\/www.italianacontenitori.com\\\/wp-content\\\/uploads\\\/2020\\\/11\\\/cropped-Logo-Italiana-Contenitori_favicon.jpg\",\"width\":512,\"height\":512,\"caption\":\"Italiana Contenitori s.r.l.\"},\"image\":{\"@id\":\"https:\\\/\\\/www.italianacontenitori.com\\\/fr\\\/#\\\/schema\\\/logo\\\/image\\\/\"}}]}<\/script>\n<!-- \/ Yoast SEO plugin. -->","yoast_head_json":{"title":"Conteneur industriel pour pr\u00e9formes en PET - Italiana Contenitori","description":"Conteneur industriel optimis\u00e9 pour le stockage et la manutention de pr\u00e9formes PET. Dimensions optimis\u00e9es pour le chargement. Pliable et durable.","robots":{"index":"index","follow":"follow","max-snippet":"max-snippet:-1","max-image-preview":"max-image-preview:large","max-video-preview":"max-video-preview:-1"},"canonical":"https:\/\/www.italianacontenitori.com\/fr\/prodotto\/conteneur-103-x-121-cm-pet\/","og_locale":"fr_FR","og_type":"article","og_title":"Conteneur industriel pour pr\u00e9formes en PET - Italiana Contenitori","og_description":"Conteneur industriel optimis\u00e9 pour le stockage et la manutention de pr\u00e9formes PET. Dimensions optimis\u00e9es pour le chargement. Pliable et durable.","og_url":"https:\/\/www.italianacontenitori.com\/fr\/prodotto\/conteneur-103-x-121-cm-pet\/","og_site_name":"italianacontenitori.com","article_modified_time":"2025-08-25T08:36:41+00:00","og_image":[{"width":1024,"height":1024,"url":"https:\/\/www.italianacontenitori.com\/wp-content\/uploads\/2020\/12\/CONT1150.png","type":"image\/png"}],"twitter_card":"summary_large_image","twitter_misc":{"Dur\u00e9e de lecture estim\u00e9e":"1 minute"},"schema":{"@context":"https:\/\/schema.org","@graph":[{"@type":"WebPage","@id":"https:\/\/www.italianacontenitori.com\/fr\/prodotto\/conteneur-103-x-121-cm-pet\/","url":"https:\/\/www.italianacontenitori.com\/fr\/prodotto\/conteneur-103-x-121-cm-pet\/","name":"Conteneur industriel pour pr\u00e9formes en PET - Italiana Contenitori","isPartOf":{"@id":"https:\/\/www.italianacontenitori.com\/fr\/#website"},"primaryImageOfPage":{"@id":"https:\/\/www.italianacontenitori.com\/fr\/prodotto\/conteneur-103-x-121-cm-pet\/#primaryimage"},"image":{"@id":"https:\/\/www.italianacontenitori.com\/fr\/prodotto\/conteneur-103-x-121-cm-pet\/#primaryimage"},"thumbnailUrl":"https:\/\/www.italianacontenitori.com\/wp-content\/uploads\/2020\/12\/CONT1150.png","datePublished":"2021-03-03T09:41:59+00:00","dateModified":"2025-08-25T08:36:41+00:00","description":"Conteneur industriel optimis\u00e9 pour le stockage et la manutention de pr\u00e9formes PET. Dimensions optimis\u00e9es pour le chargement. Pliable et durable.","breadcrumb":{"@id":"https:\/\/www.italianacontenitori.com\/fr\/prodotto\/conteneur-103-x-121-cm-pet\/#breadcrumb"},"inLanguage":"fr-FR","potentialAction":[{"@type":"ReadAction","target":["https:\/\/www.italianacontenitori.com\/fr\/prodotto\/conteneur-103-x-121-cm-pet\/"]}]},{"@type":"ImageObject","inLanguage":"fr-FR","@id":"https:\/\/www.italianacontenitori.com\/fr\/prodotto\/conteneur-103-x-121-cm-pet\/#primaryimage","url":"https:\/\/www.italianacontenitori.com\/wp-content\/uploads\/2020\/12\/CONT1150.png","contentUrl":"https:\/\/www.italianacontenitori.com\/wp-content\/uploads\/2020\/12\/CONT1150.png","width":1024,"height":1024},{"@type":"BreadcrumbList","@id":"https:\/\/www.italianacontenitori.com\/fr\/prodotto\/conteneur-103-x-121-cm-pet\/#breadcrumb","itemListElement":[{"@type":"ListItem","position":1,"name":"Home","item":"https:\/\/www.italianacontenitori.com\/fr\/conteneurs-a-mailles-metalliques\/"},{"@type":"ListItem","position":2,"name":"Conteneur industriel pour pr\u00e9formes PET &#8211; 103 x 121 cm"}]},{"@type":"WebSite","@id":"https:\/\/www.italianacontenitori.com\/fr\/#website","url":"https:\/\/www.italianacontenitori.com\/fr\/","name":"italianacontenitori.com","description":"Produzione di contenitori industriali e roll container","publisher":{"@id":"https:\/\/www.italianacontenitori.com\/fr\/#organization"},"potentialAction":[{"@type":"SearchAction","target":{"@type":"EntryPoint","urlTemplate":"https:\/\/www.italianacontenitori.com\/fr\/?s={search_term_string}"},"query-input":{"@type":"PropertyValueSpecification","valueRequired":true,"valueName":"search_term_string"}}],"inLanguage":"fr-FR"},{"@type":"Organization","@id":"https:\/\/www.italianacontenitori.com\/fr\/#organization","name":"Italiana Contenitori s.r.l.","alternateName":"IC","url":"https:\/\/www.italianacontenitori.com\/fr\/","logo":{"@type":"ImageObject","inLanguage":"fr-FR","@id":"https:\/\/www.italianacontenitori.com\/fr\/#\/schema\/logo\/image\/","url":"https:\/\/www.italianacontenitori.com\/wp-content\/uploads\/2020\/11\/cropped-Logo-Italiana-Contenitori_favicon.jpg","contentUrl":"https:\/\/www.italianacontenitori.com\/wp-content\/uploads\/2020\/11\/cropped-Logo-Italiana-Contenitori_favicon.jpg","width":512,"height":512,"caption":"Italiana Contenitori s.r.l."},"image":{"@id":"https:\/\/www.italianacontenitori.com\/fr\/#\/schema\/logo\/image\/"}}]}},"_links":{"self":[{"href":"https:\/\/www.italianacontenitori.com\/fr\/wp-json\/wp\/v2\/product\/241574","targetHints":{"allow":["GET"]}}],"collection":[{"href":"https:\/\/www.italianacontenitori.com\/fr\/wp-json\/wp\/v2\/product"}],"about":[{"href":"https:\/\/www.italianacontenitori.com\/fr\/wp-json\/wp\/v2\/types\/product"}],"replies":[{"embeddable":true,"href":"https:\/\/www.italianacontenitori.com\/fr\/wp-json\/wp\/v2\/comments?post=241574"}],"wp:featuredmedia":[{"embeddable":true,"href":"https:\/\/www.italianacontenitori.com\/fr\/wp-json\/wp\/v2\/media\/240347"}],"wp:attachment":[{"href":"https:\/\/www.italianacontenitori.com\/fr\/wp-json\/wp\/v2\/media?parent=241574"}],"wp:term":[{"taxonomy":"product_brand","embeddable":true,"href":"https:\/\/www.italianacontenitori.com\/fr\/wp-json\/wp\/v2\/product_brand?post=241574"},{"taxonomy":"product_cat","embeddable":true,"href":"https:\/\/www.italianacontenitori.com\/fr\/wp-json\/wp\/v2\/product_cat?post=241574"},{"taxonomy":"product_tag","embeddable":true,"href":"https:\/\/www.italianacontenitori.com\/fr\/wp-json\/wp\/v2\/product_tag?post=241574"}],"curies":[{"name":"wp","href":"https:\/\/api.w.org\/{rel}","templated":true}]}}