{"id":241589,"date":"2020-12-09T14:50:35","date_gmt":"2020-12-09T14:50:35","guid":{"rendered":"https:\/\/www.italianacontenitori.com\/product\/leggero-102-x-120-cm-h-140m\/"},"modified":"2026-04-10T14:35:35","modified_gmt":"2026-04-10T14:35:35","slug":"leggero-102-x-120-cm-h-140m","status":"publish","type":"product","link":"https:\/\/www.italianacontenitori.com\/fr\/prodotto\/leggero-102-x-120-cm-h-140m\/","title":{"rendered":"LIGHT 102 x 120 x 140h"},"content":{"rendered":"<p>Ce conteneur grillag\u00e9 de la s\u00e9rie Lightweight est con\u00e7u pour offrir une capacit\u00e9 interne maximale et une facilit\u00e9 de manutention, gr\u00e2ce \u00e0 une construction robuste mais plus l\u00e9g\u00e8re que la norme. Avec ses dimensions de 102 x 120 x 140h cm, il offre un <strong>volume interne de plus de 1,4 m3<\/strong>, id\u00e9al pour le stockage et le transport de mat\u00e9riaux l\u00e9gers mais volumineux. Le choix parfait pour ceux qui recherchent un \u00e9quilibre entre grand volume de chargement et maniabilit\u00e9, gr\u00e2ce \u00e0 son <strong>poids de seulement 54 kg<\/strong>, il offre une excellente solution pour le <strong>stockage et le transport de mat\u00e9riaux encombrants<\/strong> sans alourdir les op\u00e9rations logistiques. Fabriqu\u00e9 en <strong>treillis \u00e9lectrosoud\u00e9 avec une maille de 65 x 115 mm<\/strong>, il est r\u00e9sistant et facile \u00e0 d\u00e9placer, m\u00eame dans les environnements o\u00f9 les manipulations manuelles ou l\u00e9g\u00e8res sont fr\u00e9quentes.   <\/p>\n<p>Gr\u00e2ce \u00e0 l&#8217;<strong>ouverture sur les deux grands c\u00f4t\u00e9s,<\/strong> le contenu est toujours facilement accessible, m\u00eame lorsque le conteneur est empil\u00e9. Le chargement et le d\u00e9chargement sont rapides et s\u00fbrs. <\/p>\n<h2>Caract\u00e9ristiques principales du panier m\u00e9tallique LEGG102120<\/h2>\n<ul>\n<li><strong>L\u00e9ger et robuste<\/strong>, id\u00e9al pour ceux qui ont besoin de traiter rapidement de grands volumes.<\/li>\n<li><strong>Ouverture sur les deux c\u00f4t\u00e9s longs<\/strong> pour un acc\u00e8s pratique au contenu depuis plusieurs directions<\/li>\n<li><strong>Empilable et pliable<\/strong>, pour optimiser l&#8217;espace de stockage ou lors du transport de retour<\/li>\n<li><strong>Base renforc\u00e9e<\/strong>, compatible avec les transpalettes et les chariots \u00e9l\u00e9vateurs.<\/li>\n<\/ul>\n<p>Parfait pour les entreprises \u00e0 la recherche d&#8217;un panier industriel l\u00e9ger, spacieux et fonctionnel pour le stockage et la manutention de produits volumineux. Ce panier m\u00e9tallique polyvalent et fonctionnel convient \u00e0 un large \u00e9ventail d&#8217;industries, de la logistique au recyclage en passant par l&#8217;agroalimentaire et la fabrication. <\/p>\n","protected":false},"excerpt":{"rendered":"<p>Conteneur l\u00e9ger avec un grand volume de chargement. Pliable et gerbable avec ouverture des deux c\u00f4t\u00e9s longs. Lot minimum 100 pi\u00e8ces.<\/p>\n","protected":false},"featured_media":240358,"comment_status":"open","ping_status":"closed","template":"","meta":{"_acf_changed":false,"_et_pb_use_builder":"off","_et_pb_old_content":"Conteneur l\u00e9ger avec un grand volume de chargement. Pliable et gerbable avec ouverture des deux c\u00f4t\u00e9s longs. Lot minimum 100 pi\u00e8ces.","_et_gb_content_width":""},"product_brand":[],"product_cat":[1925],"product_tag":[2043],"class_list":{"0":"post-241589","1":"product","2":"type-product","3":"status-publish","4":"has-post-thumbnail","6":"product_cat-leger-leggero","7":"product_tag-containers-fr","9":"first","10":"instock","11":"shipping-taxable","12":"purchasable","13":"product-type-simple"},"acf":[],"yoast_head":"<!-- This site is optimized with the Yoast SEO plugin v27.3 - https:\/\/yoast.com\/product\/yoast-seo-wordpress\/ -->\n<title>Conteneur l\u00e9ger pour marchandises encombrantes - Italiana Contenitori<\/title>\n<meta name=\"description\" content=\"Cage industrielle l\u00e9g\u00e8re (41kg) en fer galvanis\u00e9 offrant une capacit\u00e9 de charge de plus de 800 litres, double porte, empilable, base renforc\u00e9e pour chariot \u00e9l\u00e9vateur.\" \/>\n<meta name=\"robots\" content=\"index, follow, max-snippet:-1, max-image-preview:large, max-video-preview:-1\" \/>\n<link rel=\"canonical\" href=\"https:\/\/www.italianacontenitori.com\/fr\/prodotto\/leggero-102-x-120-cm-h-140m\/\" \/>\n<meta property=\"og:locale\" content=\"fr_FR\" \/>\n<meta property=\"og:type\" content=\"article\" \/>\n<meta property=\"og:title\" content=\"Conteneur l\u00e9ger pour marchandises encombrantes - Italiana Contenitori\" \/>\n<meta property=\"og:description\" content=\"Cage industrielle l\u00e9g\u00e8re (41kg) en fer galvanis\u00e9 offrant une capacit\u00e9 de charge de plus de 800 litres, double porte, empilable, base renforc\u00e9e pour chariot \u00e9l\u00e9vateur.\" \/>\n<meta property=\"og:url\" content=\"https:\/\/www.italianacontenitori.com\/fr\/prodotto\/leggero-102-x-120-cm-h-140m\/\" \/>\n<meta property=\"og:site_name\" content=\"italianacontenitori.com\" \/>\n<meta property=\"article:modified_time\" content=\"2026-04-10T14:35:35+00:00\" \/>\n<meta property=\"og:image\" content=\"https:\/\/www.italianacontenitori.com\/wp-content\/uploads\/2020\/12\/LEGG102120.png\" \/>\n\t<meta property=\"og:image:width\" content=\"1024\" \/>\n\t<meta property=\"og:image:height\" content=\"1024\" \/>\n\t<meta property=\"og:image:type\" content=\"image\/png\" \/>\n<meta name=\"twitter:card\" content=\"summary_large_image\" \/>\n<meta name=\"twitter:label1\" content=\"Dur\u00e9e de lecture estim\u00e9e\" \/>\n\t<meta name=\"twitter:data1\" content=\"1 minute\" \/>\n<script type=\"application\/ld+json\" class=\"yoast-schema-graph\">{\"@context\":\"https:\\\/\\\/schema.org\",\"@graph\":[{\"@type\":\"WebPage\",\"@id\":\"https:\\\/\\\/www.italianacontenitori.com\\\/fr\\\/prodotto\\\/leggero-102-x-120-cm-h-140m\\\/\",\"url\":\"https:\\\/\\\/www.italianacontenitori.com\\\/fr\\\/prodotto\\\/leggero-102-x-120-cm-h-140m\\\/\",\"name\":\"Conteneur l\u00e9ger pour marchandises encombrantes - Italiana Contenitori\",\"isPartOf\":{\"@id\":\"https:\\\/\\\/www.italianacontenitori.com\\\/fr\\\/#website\"},\"primaryImageOfPage\":{\"@id\":\"https:\\\/\\\/www.italianacontenitori.com\\\/fr\\\/prodotto\\\/leggero-102-x-120-cm-h-140m\\\/#primaryimage\"},\"image\":{\"@id\":\"https:\\\/\\\/www.italianacontenitori.com\\\/fr\\\/prodotto\\\/leggero-102-x-120-cm-h-140m\\\/#primaryimage\"},\"thumbnailUrl\":\"https:\\\/\\\/www.italianacontenitori.com\\\/wp-content\\\/uploads\\\/2020\\\/12\\\/LEGG102120.png\",\"datePublished\":\"2020-12-09T14:50:35+00:00\",\"dateModified\":\"2026-04-10T14:35:35+00:00\",\"description\":\"Cage industrielle l\u00e9g\u00e8re (41kg) en fer galvanis\u00e9 offrant une capacit\u00e9 de charge de plus de 800 litres, double porte, empilable, base renforc\u00e9e pour chariot \u00e9l\u00e9vateur.\",\"breadcrumb\":{\"@id\":\"https:\\\/\\\/www.italianacontenitori.com\\\/fr\\\/prodotto\\\/leggero-102-x-120-cm-h-140m\\\/#breadcrumb\"},\"inLanguage\":\"fr-FR\",\"potentialAction\":[{\"@type\":\"ReadAction\",\"target\":[\"https:\\\/\\\/www.italianacontenitori.com\\\/fr\\\/prodotto\\\/leggero-102-x-120-cm-h-140m\\\/\"]}]},{\"@type\":\"ImageObject\",\"inLanguage\":\"fr-FR\",\"@id\":\"https:\\\/\\\/www.italianacontenitori.com\\\/fr\\\/prodotto\\\/leggero-102-x-120-cm-h-140m\\\/#primaryimage\",\"url\":\"https:\\\/\\\/www.italianacontenitori.com\\\/wp-content\\\/uploads\\\/2020\\\/12\\\/LEGG102120.png\",\"contentUrl\":\"https:\\\/\\\/www.italianacontenitori.com\\\/wp-content\\\/uploads\\\/2020\\\/12\\\/LEGG102120.png\",\"width\":1024,\"height\":1024},{\"@type\":\"BreadcrumbList\",\"@id\":\"https:\\\/\\\/www.italianacontenitori.com\\\/fr\\\/prodotto\\\/leggero-102-x-120-cm-h-140m\\\/#breadcrumb\",\"itemListElement\":[{\"@type\":\"ListItem\",\"position\":1,\"name\":\"Home\",\"item\":\"https:\\\/\\\/www.italianacontenitori.com\\\/fr\\\/conteneurs-a-mailles-metalliques\\\/\"},{\"@type\":\"ListItem\",\"position\":2,\"name\":\"LIGHT 102 x 120 x 140h\"}]},{\"@type\":\"WebSite\",\"@id\":\"https:\\\/\\\/www.italianacontenitori.com\\\/fr\\\/#website\",\"url\":\"https:\\\/\\\/www.italianacontenitori.com\\\/fr\\\/\",\"name\":\"italianacontenitori.com\",\"description\":\"Produzione di contenitori industriali e roll container\",\"publisher\":{\"@id\":\"https:\\\/\\\/www.italianacontenitori.com\\\/fr\\\/#organization\"},\"potentialAction\":[{\"@type\":\"SearchAction\",\"target\":{\"@type\":\"EntryPoint\",\"urlTemplate\":\"https:\\\/\\\/www.italianacontenitori.com\\\/fr\\\/?s={search_term_string}\"},\"query-input\":{\"@type\":\"PropertyValueSpecification\",\"valueRequired\":true,\"valueName\":\"search_term_string\"}}],\"inLanguage\":\"fr-FR\"},{\"@type\":\"Organization\",\"@id\":\"https:\\\/\\\/www.italianacontenitori.com\\\/fr\\\/#organization\",\"name\":\"Italiana Contenitori s.r.l.\",\"alternateName\":\"IC\",\"url\":\"https:\\\/\\\/www.italianacontenitori.com\\\/fr\\\/\",\"logo\":{\"@type\":\"ImageObject\",\"inLanguage\":\"fr-FR\",\"@id\":\"https:\\\/\\\/www.italianacontenitori.com\\\/fr\\\/#\\\/schema\\\/logo\\\/image\\\/\",\"url\":\"https:\\\/\\\/www.italianacontenitori.com\\\/wp-content\\\/uploads\\\/2020\\\/11\\\/cropped-Logo-Italiana-Contenitori_favicon.jpg\",\"contentUrl\":\"https:\\\/\\\/www.italianacontenitori.com\\\/wp-content\\\/uploads\\\/2020\\\/11\\\/cropped-Logo-Italiana-Contenitori_favicon.jpg\",\"width\":512,\"height\":512,\"caption\":\"Italiana Contenitori s.r.l.\"},\"image\":{\"@id\":\"https:\\\/\\\/www.italianacontenitori.com\\\/fr\\\/#\\\/schema\\\/logo\\\/image\\\/\"}}]}<\/script>\n<!-- \/ Yoast SEO plugin. -->","yoast_head_json":{"title":"Conteneur l\u00e9ger pour marchandises encombrantes - Italiana Contenitori","description":"Cage industrielle l\u00e9g\u00e8re (41kg) en fer galvanis\u00e9 offrant une capacit\u00e9 de charge de plus de 800 litres, double porte, empilable, base renforc\u00e9e pour chariot \u00e9l\u00e9vateur.","robots":{"index":"index","follow":"follow","max-snippet":"max-snippet:-1","max-image-preview":"max-image-preview:large","max-video-preview":"max-video-preview:-1"},"canonical":"https:\/\/www.italianacontenitori.com\/fr\/prodotto\/leggero-102-x-120-cm-h-140m\/","og_locale":"fr_FR","og_type":"article","og_title":"Conteneur l\u00e9ger pour marchandises encombrantes - Italiana Contenitori","og_description":"Cage industrielle l\u00e9g\u00e8re (41kg) en fer galvanis\u00e9 offrant une capacit\u00e9 de charge de plus de 800 litres, double porte, empilable, base renforc\u00e9e pour chariot \u00e9l\u00e9vateur.","og_url":"https:\/\/www.italianacontenitori.com\/fr\/prodotto\/leggero-102-x-120-cm-h-140m\/","og_site_name":"italianacontenitori.com","article_modified_time":"2026-04-10T14:35:35+00:00","og_image":[{"width":1024,"height":1024,"url":"https:\/\/www.italianacontenitori.com\/wp-content\/uploads\/2020\/12\/LEGG102120.png","type":"image\/png"}],"twitter_card":"summary_large_image","twitter_misc":{"Dur\u00e9e de lecture estim\u00e9e":"1 minute"},"schema":{"@context":"https:\/\/schema.org","@graph":[{"@type":"WebPage","@id":"https:\/\/www.italianacontenitori.com\/fr\/prodotto\/leggero-102-x-120-cm-h-140m\/","url":"https:\/\/www.italianacontenitori.com\/fr\/prodotto\/leggero-102-x-120-cm-h-140m\/","name":"Conteneur l\u00e9ger pour marchandises encombrantes - Italiana Contenitori","isPartOf":{"@id":"https:\/\/www.italianacontenitori.com\/fr\/#website"},"primaryImageOfPage":{"@id":"https:\/\/www.italianacontenitori.com\/fr\/prodotto\/leggero-102-x-120-cm-h-140m\/#primaryimage"},"image":{"@id":"https:\/\/www.italianacontenitori.com\/fr\/prodotto\/leggero-102-x-120-cm-h-140m\/#primaryimage"},"thumbnailUrl":"https:\/\/www.italianacontenitori.com\/wp-content\/uploads\/2020\/12\/LEGG102120.png","datePublished":"2020-12-09T14:50:35+00:00","dateModified":"2026-04-10T14:35:35+00:00","description":"Cage industrielle l\u00e9g\u00e8re (41kg) en fer galvanis\u00e9 offrant une capacit\u00e9 de charge de plus de 800 litres, double porte, empilable, base renforc\u00e9e pour chariot \u00e9l\u00e9vateur.","breadcrumb":{"@id":"https:\/\/www.italianacontenitori.com\/fr\/prodotto\/leggero-102-x-120-cm-h-140m\/#breadcrumb"},"inLanguage":"fr-FR","potentialAction":[{"@type":"ReadAction","target":["https:\/\/www.italianacontenitori.com\/fr\/prodotto\/leggero-102-x-120-cm-h-140m\/"]}]},{"@type":"ImageObject","inLanguage":"fr-FR","@id":"https:\/\/www.italianacontenitori.com\/fr\/prodotto\/leggero-102-x-120-cm-h-140m\/#primaryimage","url":"https:\/\/www.italianacontenitori.com\/wp-content\/uploads\/2020\/12\/LEGG102120.png","contentUrl":"https:\/\/www.italianacontenitori.com\/wp-content\/uploads\/2020\/12\/LEGG102120.png","width":1024,"height":1024},{"@type":"BreadcrumbList","@id":"https:\/\/www.italianacontenitori.com\/fr\/prodotto\/leggero-102-x-120-cm-h-140m\/#breadcrumb","itemListElement":[{"@type":"ListItem","position":1,"name":"Home","item":"https:\/\/www.italianacontenitori.com\/fr\/conteneurs-a-mailles-metalliques\/"},{"@type":"ListItem","position":2,"name":"LIGHT 102 x 120 x 140h"}]},{"@type":"WebSite","@id":"https:\/\/www.italianacontenitori.com\/fr\/#website","url":"https:\/\/www.italianacontenitori.com\/fr\/","name":"italianacontenitori.com","description":"Produzione di contenitori industriali e roll container","publisher":{"@id":"https:\/\/www.italianacontenitori.com\/fr\/#organization"},"potentialAction":[{"@type":"SearchAction","target":{"@type":"EntryPoint","urlTemplate":"https:\/\/www.italianacontenitori.com\/fr\/?s={search_term_string}"},"query-input":{"@type":"PropertyValueSpecification","valueRequired":true,"valueName":"search_term_string"}}],"inLanguage":"fr-FR"},{"@type":"Organization","@id":"https:\/\/www.italianacontenitori.com\/fr\/#organization","name":"Italiana Contenitori s.r.l.","alternateName":"IC","url":"https:\/\/www.italianacontenitori.com\/fr\/","logo":{"@type":"ImageObject","inLanguage":"fr-FR","@id":"https:\/\/www.italianacontenitori.com\/fr\/#\/schema\/logo\/image\/","url":"https:\/\/www.italianacontenitori.com\/wp-content\/uploads\/2020\/11\/cropped-Logo-Italiana-Contenitori_favicon.jpg","contentUrl":"https:\/\/www.italianacontenitori.com\/wp-content\/uploads\/2020\/11\/cropped-Logo-Italiana-Contenitori_favicon.jpg","width":512,"height":512,"caption":"Italiana Contenitori s.r.l."},"image":{"@id":"https:\/\/www.italianacontenitori.com\/fr\/#\/schema\/logo\/image\/"}}]}},"_links":{"self":[{"href":"https:\/\/www.italianacontenitori.com\/fr\/wp-json\/wp\/v2\/product\/241589","targetHints":{"allow":["GET"]}}],"collection":[{"href":"https:\/\/www.italianacontenitori.com\/fr\/wp-json\/wp\/v2\/product"}],"about":[{"href":"https:\/\/www.italianacontenitori.com\/fr\/wp-json\/wp\/v2\/types\/product"}],"replies":[{"embeddable":true,"href":"https:\/\/www.italianacontenitori.com\/fr\/wp-json\/wp\/v2\/comments?post=241589"}],"wp:featuredmedia":[{"embeddable":true,"href":"https:\/\/www.italianacontenitori.com\/fr\/wp-json\/wp\/v2\/media\/240358"}],"wp:attachment":[{"href":"https:\/\/www.italianacontenitori.com\/fr\/wp-json\/wp\/v2\/media?parent=241589"}],"wp:term":[{"taxonomy":"product_brand","embeddable":true,"href":"https:\/\/www.italianacontenitori.com\/fr\/wp-json\/wp\/v2\/product_brand?post=241589"},{"taxonomy":"product_cat","embeddable":true,"href":"https:\/\/www.italianacontenitori.com\/fr\/wp-json\/wp\/v2\/product_cat?post=241589"},{"taxonomy":"product_tag","embeddable":true,"href":"https:\/\/www.italianacontenitori.com\/fr\/wp-json\/wp\/v2\/product_tag?post=241589"}],"curies":[{"name":"wp","href":"https:\/\/api.w.org\/{rel}","templated":true}]}}