{"id":241594,"date":"2020-12-09T14:45:56","date_gmt":"2020-12-09T14:45:56","guid":{"rendered":"https:\/\/www.italianacontenitori.com\/product\/leggero-100-x-120-cm\/"},"modified":"2026-04-10T14:35:31","modified_gmt":"2026-04-10T14:35:31","slug":"leggero-100-x-120-cm","status":"publish","type":"product","link":"https:\/\/www.italianacontenitori.com\/fr\/produit\/leggero-100-x-120-cm\/","title":{"rendered":"LEGGERO 100 x 120 cm"},"content":{"rendered":"<p>Ce conteneur grillag\u00e9 de la <strong>s\u00e9rie Lightweight<\/strong> offre un \u00e9quilibre parfait entre un <strong>volume de chargement g\u00e9n\u00e9reux<\/strong> et des <strong>dimensions compactes<\/strong>, ce qui le rend particuli\u00e8rement adapt\u00e9 aux entrep\u00f4ts ou aux environnements d&#8217;exploitation o\u00f9 l&#8217;espace est plus limit\u00e9. Avec un <strong>volume utile de 0,97 m\u00e8tre cube<\/strong> et un poids de seulement <strong>37 kg<\/strong>, il permet de manipuler des mat\u00e9riaux volumineux facilement, rapidement et en toute s\u00e9curit\u00e9, sans fatiguer les op\u00e9rateurs ni surcharger les v\u00e9hicules. <\/p>\n<p>Fabriqu\u00e9 en <strong>treillis \u00e9lectrosoud\u00e9 avec une maille de 65 x 115 mm<\/strong>, il assure robustesse et stabilit\u00e9 tout en conservant une structure l\u00e9g\u00e8re. C&#8217;est une solution id\u00e9ale pour ceux qui travaillent avec des <strong>marchandises l\u00e9g\u00e8res mais volumineuses<\/strong>, telles que les plastiques, les composants industriels ou les produits en vrac. Gr\u00e2ce \u00e0 l&#8217;<strong>ouverture sur les deux c\u00f4t\u00e9s longs<\/strong>, le contenu est toujours accessible, m\u00eame en cas de stockage empil\u00e9. Cette caract\u00e9ristique acc\u00e9l\u00e8re les op\u00e9rations de chargement et de d\u00e9chargement, r\u00e9duisant ainsi les temps d&#8217;arr\u00eat et am\u00e9liorant l&#8217;efficacit\u00e9.   <\/p>\n<h3>Caract\u00e9ristiques principales du panier m\u00e9tallique LEGG100120<\/h3>\n<ul>\n<li><strong>Compact mais spacieux<\/strong>, avec un volume utile de pr\u00e8s de 1 000 litres<\/li>\n<li><strong>Poids plume de 37 kg<\/strong> pour une manipulation ais\u00e9e m\u00eame dans des environnements dynamiques<\/li>\n<li><strong>Capacit\u00e9 de charge de<\/strong> 400 kg<\/li>\n<li><strong>Ouverture sur les deux longs c\u00f4t\u00e9s<\/strong> pour un acc\u00e8s facile depuis plusieurs directions<\/li>\n<li><strong>Pliable et empilable<\/strong>, pour r\u00e9duire l&#8217;encombrement lors du transport de retour et optimiser l&#8217;espace de stockage.<\/li>\n<li><strong>Compatible avec les transpalettes et les chariots \u00e9l\u00e9vateurs<\/strong>, gr\u00e2ce \u00e0 une base renforc\u00e9e<\/li>\n<\/ul>\n<p>Parfait pour ceux qui recherchent un <strong>panier industriel<\/strong> durable mais l\u00e9ger, adapt\u00e9 \u00e0 une vari\u00e9t\u00e9 de secteurs : <strong>logistique, collecte des d\u00e9chets, industrie l\u00e9g\u00e8re, fabrication et transformation alimentaire.<\/strong><\/p>\n","protected":false},"excerpt":{"rendered":"<p>Conteneur pliable et gerbable, id\u00e9al pour les marchandises l\u00e9g\u00e8res, mais encombrantes (plastique, caoutchouc\u2026). Lot minimum 50 pi\u00e8ces.<\/p>\n","protected":false},"featured_media":240368,"comment_status":"open","ping_status":"closed","template":"","meta":{"_acf_changed":false,"_et_pb_use_builder":"","_et_pb_old_content":"","_et_gb_content_width":""},"product_brand":[],"product_cat":[1917,1925],"product_tag":[2043],"class_list":{"0":"post-241594","1":"product","2":"type-product","3":"status-publish","4":"has-post-thumbnail","6":"product_cat-conteneurs-industriels","7":"product_cat-leger-leggero","8":"product_tag-containers-fr","10":"first","11":"instock","12":"shipping-taxable","13":"purchasable","14":"product-type-simple"},"acf":[],"yoast_head":"<!-- This site is optimized with the Yoast SEO plugin v27.4 - https:\/\/yoast.com\/product\/yoast-seo-wordpress\/ -->\n<title>LEGGERO 100 x 120 cm - italianacontenitori.com<\/title>\n<meta name=\"robots\" content=\"index, follow, max-snippet:-1, max-image-preview:large, max-video-preview:-1\" \/>\n<link rel=\"canonical\" href=\"https:\/\/www.italianacontenitori.com\/fr\/produit\/leggero-100-x-120-cm\/\" \/>\n<meta property=\"og:locale\" content=\"fr_FR\" \/>\n<meta property=\"og:type\" content=\"article\" \/>\n<meta property=\"og:title\" content=\"LEGGERO 100 x 120 cm - italianacontenitori.com\" \/>\n<meta property=\"og:description\" content=\"Conteneur pliable et gerbable, id\u00e9al pour les marchandises l\u00e9g\u00e8res, mais encombrantes (plastique, caoutchouc\u2026). Lot minimum 50 pi\u00e8ces.\" \/>\n<meta property=\"og:url\" content=\"https:\/\/www.italianacontenitori.com\/fr\/produit\/leggero-100-x-120-cm\/\" \/>\n<meta property=\"og:site_name\" content=\"italianacontenitori.com\" \/>\n<meta property=\"article:modified_time\" content=\"2026-04-10T14:35:31+00:00\" \/>\n<meta property=\"og:image\" content=\"https:\/\/www.italianacontenitori.com\/wp-content\/uploads\/2020\/12\/LEGG100120.png\" \/>\n\t<meta property=\"og:image:width\" content=\"1024\" \/>\n\t<meta property=\"og:image:height\" content=\"1024\" \/>\n\t<meta property=\"og:image:type\" content=\"image\/png\" \/>\n<meta name=\"twitter:card\" content=\"summary_large_image\" \/>\n<meta name=\"twitter:label1\" content=\"Dur\u00e9e de lecture estim\u00e9e\" \/>\n\t<meta name=\"twitter:data1\" content=\"2 minutes\" \/>\n<script type=\"application\/ld+json\" class=\"yoast-schema-graph\">{\"@context\":\"https:\\\/\\\/schema.org\",\"@graph\":[{\"@type\":\"WebPage\",\"@id\":\"https:\\\/\\\/www.italianacontenitori.com\\\/fr\\\/produit\\\/leggero-100-x-120-cm\\\/\",\"url\":\"https:\\\/\\\/www.italianacontenitori.com\\\/fr\\\/produit\\\/leggero-100-x-120-cm\\\/\",\"name\":\"LEGGERO 100 x 120 cm - italianacontenitori.com\",\"isPartOf\":{\"@id\":\"https:\\\/\\\/www.italianacontenitori.com\\\/fr\\\/#website\"},\"primaryImageOfPage\":{\"@id\":\"https:\\\/\\\/www.italianacontenitori.com\\\/fr\\\/produit\\\/leggero-100-x-120-cm\\\/#primaryimage\"},\"image\":{\"@id\":\"https:\\\/\\\/www.italianacontenitori.com\\\/fr\\\/produit\\\/leggero-100-x-120-cm\\\/#primaryimage\"},\"thumbnailUrl\":\"https:\\\/\\\/www.italianacontenitori.com\\\/wp-content\\\/uploads\\\/2020\\\/12\\\/LEGG100120.png\",\"datePublished\":\"2020-12-09T14:45:56+00:00\",\"dateModified\":\"2026-04-10T14:35:31+00:00\",\"breadcrumb\":{\"@id\":\"https:\\\/\\\/www.italianacontenitori.com\\\/fr\\\/produit\\\/leggero-100-x-120-cm\\\/#breadcrumb\"},\"inLanguage\":\"fr-FR\",\"potentialAction\":[{\"@type\":\"ReadAction\",\"target\":[\"https:\\\/\\\/www.italianacontenitori.com\\\/fr\\\/produit\\\/leggero-100-x-120-cm\\\/\"]}]},{\"@type\":\"ImageObject\",\"inLanguage\":\"fr-FR\",\"@id\":\"https:\\\/\\\/www.italianacontenitori.com\\\/fr\\\/produit\\\/leggero-100-x-120-cm\\\/#primaryimage\",\"url\":\"https:\\\/\\\/www.italianacontenitori.com\\\/wp-content\\\/uploads\\\/2020\\\/12\\\/LEGG100120.png\",\"contentUrl\":\"https:\\\/\\\/www.italianacontenitori.com\\\/wp-content\\\/uploads\\\/2020\\\/12\\\/LEGG100120.png\",\"width\":1024,\"height\":1024},{\"@type\":\"BreadcrumbList\",\"@id\":\"https:\\\/\\\/www.italianacontenitori.com\\\/fr\\\/produit\\\/leggero-100-x-120-cm\\\/#breadcrumb\",\"itemListElement\":[{\"@type\":\"ListItem\",\"position\":1,\"name\":\"Home\",\"item\":\"https:\\\/\\\/www.italianacontenitori.com\\\/fr\\\/conteneurs-a-mailles-metalliques\\\/\"},{\"@type\":\"ListItem\",\"position\":2,\"name\":\"Catalogue\",\"item\":\"https:\\\/\\\/www.italianacontenitori.com\\\/fr\\\/catalogue-fr\\\/\"},{\"@type\":\"ListItem\",\"position\":3,\"name\":\"LEGGERO 100 x 120 cm\"}]},{\"@type\":\"WebSite\",\"@id\":\"https:\\\/\\\/www.italianacontenitori.com\\\/fr\\\/#website\",\"url\":\"https:\\\/\\\/www.italianacontenitori.com\\\/fr\\\/\",\"name\":\"italianacontenitori.com\",\"description\":\"Produzione di contenitori industriali e roll container\",\"publisher\":{\"@id\":\"https:\\\/\\\/www.italianacontenitori.com\\\/fr\\\/#organization\"},\"potentialAction\":[{\"@type\":\"SearchAction\",\"target\":{\"@type\":\"EntryPoint\",\"urlTemplate\":\"https:\\\/\\\/www.italianacontenitori.com\\\/fr\\\/?s={search_term_string}\"},\"query-input\":{\"@type\":\"PropertyValueSpecification\",\"valueRequired\":true,\"valueName\":\"search_term_string\"}}],\"inLanguage\":\"fr-FR\"},{\"@type\":\"Organization\",\"@id\":\"https:\\\/\\\/www.italianacontenitori.com\\\/fr\\\/#organization\",\"name\":\"Italiana Contenitori s.r.l.\",\"alternateName\":\"IC\",\"url\":\"https:\\\/\\\/www.italianacontenitori.com\\\/fr\\\/\",\"logo\":{\"@type\":\"ImageObject\",\"inLanguage\":\"fr-FR\",\"@id\":\"https:\\\/\\\/www.italianacontenitori.com\\\/fr\\\/#\\\/schema\\\/logo\\\/image\\\/\",\"url\":\"https:\\\/\\\/www.italianacontenitori.com\\\/wp-content\\\/uploads\\\/2020\\\/11\\\/cropped-Logo-Italiana-Contenitori_favicon.jpg\",\"contentUrl\":\"https:\\\/\\\/www.italianacontenitori.com\\\/wp-content\\\/uploads\\\/2020\\\/11\\\/cropped-Logo-Italiana-Contenitori_favicon.jpg\",\"width\":512,\"height\":512,\"caption\":\"Italiana Contenitori s.r.l.\"},\"image\":{\"@id\":\"https:\\\/\\\/www.italianacontenitori.com\\\/fr\\\/#\\\/schema\\\/logo\\\/image\\\/\"}}]}<\/script>\n<!-- \/ Yoast SEO plugin. -->","yoast_head_json":{"title":"LEGGERO 100 x 120 cm - italianacontenitori.com","robots":{"index":"index","follow":"follow","max-snippet":"max-snippet:-1","max-image-preview":"max-image-preview:large","max-video-preview":"max-video-preview:-1"},"canonical":"https:\/\/www.italianacontenitori.com\/fr\/produit\/leggero-100-x-120-cm\/","og_locale":"fr_FR","og_type":"article","og_title":"LEGGERO 100 x 120 cm - italianacontenitori.com","og_description":"Conteneur pliable et gerbable, id\u00e9al pour les marchandises l\u00e9g\u00e8res, mais encombrantes (plastique, caoutchouc\u2026). Lot minimum 50 pi\u00e8ces.","og_url":"https:\/\/www.italianacontenitori.com\/fr\/produit\/leggero-100-x-120-cm\/","og_site_name":"italianacontenitori.com","article_modified_time":"2026-04-10T14:35:31+00:00","og_image":[{"width":1024,"height":1024,"url":"https:\/\/www.italianacontenitori.com\/wp-content\/uploads\/2020\/12\/LEGG100120.png","type":"image\/png"}],"twitter_card":"summary_large_image","twitter_misc":{"Dur\u00e9e de lecture estim\u00e9e":"2 minutes"},"schema":{"@context":"https:\/\/schema.org","@graph":[{"@type":"WebPage","@id":"https:\/\/www.italianacontenitori.com\/fr\/produit\/leggero-100-x-120-cm\/","url":"https:\/\/www.italianacontenitori.com\/fr\/produit\/leggero-100-x-120-cm\/","name":"LEGGERO 100 x 120 cm - italianacontenitori.com","isPartOf":{"@id":"https:\/\/www.italianacontenitori.com\/fr\/#website"},"primaryImageOfPage":{"@id":"https:\/\/www.italianacontenitori.com\/fr\/produit\/leggero-100-x-120-cm\/#primaryimage"},"image":{"@id":"https:\/\/www.italianacontenitori.com\/fr\/produit\/leggero-100-x-120-cm\/#primaryimage"},"thumbnailUrl":"https:\/\/www.italianacontenitori.com\/wp-content\/uploads\/2020\/12\/LEGG100120.png","datePublished":"2020-12-09T14:45:56+00:00","dateModified":"2026-04-10T14:35:31+00:00","breadcrumb":{"@id":"https:\/\/www.italianacontenitori.com\/fr\/produit\/leggero-100-x-120-cm\/#breadcrumb"},"inLanguage":"fr-FR","potentialAction":[{"@type":"ReadAction","target":["https:\/\/www.italianacontenitori.com\/fr\/produit\/leggero-100-x-120-cm\/"]}]},{"@type":"ImageObject","inLanguage":"fr-FR","@id":"https:\/\/www.italianacontenitori.com\/fr\/produit\/leggero-100-x-120-cm\/#primaryimage","url":"https:\/\/www.italianacontenitori.com\/wp-content\/uploads\/2020\/12\/LEGG100120.png","contentUrl":"https:\/\/www.italianacontenitori.com\/wp-content\/uploads\/2020\/12\/LEGG100120.png","width":1024,"height":1024},{"@type":"BreadcrumbList","@id":"https:\/\/www.italianacontenitori.com\/fr\/produit\/leggero-100-x-120-cm\/#breadcrumb","itemListElement":[{"@type":"ListItem","position":1,"name":"Home","item":"https:\/\/www.italianacontenitori.com\/fr\/conteneurs-a-mailles-metalliques\/"},{"@type":"ListItem","position":2,"name":"Catalogue","item":"https:\/\/www.italianacontenitori.com\/fr\/catalogue-fr\/"},{"@type":"ListItem","position":3,"name":"LEGGERO 100 x 120 cm"}]},{"@type":"WebSite","@id":"https:\/\/www.italianacontenitori.com\/fr\/#website","url":"https:\/\/www.italianacontenitori.com\/fr\/","name":"italianacontenitori.com","description":"Produzione di contenitori industriali e roll container","publisher":{"@id":"https:\/\/www.italianacontenitori.com\/fr\/#organization"},"potentialAction":[{"@type":"SearchAction","target":{"@type":"EntryPoint","urlTemplate":"https:\/\/www.italianacontenitori.com\/fr\/?s={search_term_string}"},"query-input":{"@type":"PropertyValueSpecification","valueRequired":true,"valueName":"search_term_string"}}],"inLanguage":"fr-FR"},{"@type":"Organization","@id":"https:\/\/www.italianacontenitori.com\/fr\/#organization","name":"Italiana Contenitori s.r.l.","alternateName":"IC","url":"https:\/\/www.italianacontenitori.com\/fr\/","logo":{"@type":"ImageObject","inLanguage":"fr-FR","@id":"https:\/\/www.italianacontenitori.com\/fr\/#\/schema\/logo\/image\/","url":"https:\/\/www.italianacontenitori.com\/wp-content\/uploads\/2020\/11\/cropped-Logo-Italiana-Contenitori_favicon.jpg","contentUrl":"https:\/\/www.italianacontenitori.com\/wp-content\/uploads\/2020\/11\/cropped-Logo-Italiana-Contenitori_favicon.jpg","width":512,"height":512,"caption":"Italiana Contenitori s.r.l."},"image":{"@id":"https:\/\/www.italianacontenitori.com\/fr\/#\/schema\/logo\/image\/"}}]}},"_links":{"self":[{"href":"https:\/\/www.italianacontenitori.com\/fr\/wp-json\/wp\/v2\/product\/241594","targetHints":{"allow":["GET"]}}],"collection":[{"href":"https:\/\/www.italianacontenitori.com\/fr\/wp-json\/wp\/v2\/product"}],"about":[{"href":"https:\/\/www.italianacontenitori.com\/fr\/wp-json\/wp\/v2\/types\/product"}],"replies":[{"embeddable":true,"href":"https:\/\/www.italianacontenitori.com\/fr\/wp-json\/wp\/v2\/comments?post=241594"}],"wp:featuredmedia":[{"embeddable":true,"href":"https:\/\/www.italianacontenitori.com\/fr\/wp-json\/wp\/v2\/media\/240368"}],"wp:attachment":[{"href":"https:\/\/www.italianacontenitori.com\/fr\/wp-json\/wp\/v2\/media?parent=241594"}],"wp:term":[{"taxonomy":"product_brand","embeddable":true,"href":"https:\/\/www.italianacontenitori.com\/fr\/wp-json\/wp\/v2\/product_brand?post=241594"},{"taxonomy":"product_cat","embeddable":true,"href":"https:\/\/www.italianacontenitori.com\/fr\/wp-json\/wp\/v2\/product_cat?post=241594"},{"taxonomy":"product_tag","embeddable":true,"href":"https:\/\/www.italianacontenitori.com\/fr\/wp-json\/wp\/v2\/product_tag?post=241594"}],"curies":[{"name":"wp","href":"https:\/\/api.w.org\/{rel}","templated":true}]}}