{"id":241602,"date":"2020-12-09T14:37:36","date_gmt":"2020-12-09T14:37:36","guid":{"rendered":"https:\/\/www.italianacontenitori.com\/product\/leggero-80-x-120-cm\/"},"modified":"2026-04-10T14:35:25","modified_gmt":"2026-04-10T14:35:25","slug":"leggero-80-x-120-cm","status":"publish","type":"product","link":"https:\/\/www.italianacontenitori.com\/fr\/prodotto\/leggero-80-x-120-cm\/","title":{"rendered":"LEGGERO 80 x 120 cm"},"content":{"rendered":"<p>Ce conteneur grillag\u00e9 de la <strong>s\u00e9rie Lightweight<\/strong> est la solution id\u00e9ale pour ceux qui recherchent un conteneur aux <strong>dimensions compactes<\/strong> mais \u00e0 la <strong>capacit\u00e9 surprenante<\/strong>. Avec un <strong>volume utile de 0,78 m3<\/strong> et un poids de seulement <strong>37 kg<\/strong>, il est parfait pour le stockage et le transport de mat\u00e9riaux l\u00e9gers mais encombrants, optimisant l&#8217;espace sans sacrifier la robustesse. La structure en <strong>treillis \u00e9lectrosoud\u00e9 avec des mailles de 65 x 115 mm <\/strong>assure la solidit\u00e9, tandis que la <strong>conception l\u00e9g\u00e8re<\/strong> permet une manipulation rapide et s\u00fbre. La base renforc\u00e9e rend le conteneur compatible avec les transpalettes et les chariots \u00e9l\u00e9vateurs, ce qui permet de le d\u00e9placer facilement, m\u00eame dans les environnements \u00e0 forte circulation.   <\/p>\n<p>Gr\u00e2ce \u00e0 l&#8217;<strong>ouverture sur les deux c\u00f4t\u00e9s longs<\/strong>, l&#8217;acc\u00e8s au contenu est facile, m\u00eame lorsque le conteneur est empil\u00e9. Parfait pour un chargement et un d\u00e9chargement rapides et efficaces. <\/p>\n<h3>Caract\u00e9ristiques principales du panier m\u00e9tallique LEGG80120<\/h3>\n<ul>\n<li><strong>Capacit\u00e9 de 784 litres<\/strong>, id\u00e9ale pour les mat\u00e9riaux volumineux<\/li>\n<li><strong>Ch\u00e2ssis l\u00e9ger de 37 kg<\/strong> pour une manipulation rapide et s\u00fbre<\/li>\n<li><strong>Capacit\u00e9 de charge de<\/strong> 400 kg<\/li>\n<li><strong>Ouverture sur les deux c\u00f4t\u00e9s<\/strong> pour un acc\u00e8s rapide et facile<\/li>\n<li><strong>Pliable et empilable<\/strong>, pour optimiser l&#8217;espace de stockage et le transport de retour<\/li>\n<li><strong>Compatible avec les transpalettes et les chariots \u00e9l\u00e9vateurs<\/strong>, gr\u00e2ce \u00e0 une base renforc\u00e9e<\/li>\n<\/ul>\n<p>Ce <strong>conteneur industriel<\/strong> l\u00e9ger et durable est parfait pour la <strong>logistique<\/strong>, la <strong>fabrication<\/strong>, l&#8217;<strong>industrie alimentaire<\/strong> et d&#8217;autres applications industrielles n\u00e9cessitant une <strong>grande capacit\u00e9 de stockage dans des espaces r\u00e9duits<\/strong>.<\/p>\n","protected":false},"excerpt":{"rendered":"<p>Conteneur pliable et gerbable, id\u00e9al pour les marchandises l\u00e9g\u00e8res, mais encombrantes (plastique, caoutchouc\u2026). Lot minimum 50 pi\u00e8ces.<\/p>\n","protected":false},"featured_media":240363,"comment_status":"open","ping_status":"closed","template":"","meta":{"_acf_changed":false,"_et_pb_use_builder":"","_et_pb_old_content":"","_et_gb_content_width":""},"product_brand":[],"product_cat":[1925],"product_tag":[2043],"class_list":{"0":"post-241602","1":"product","2":"type-product","3":"status-publish","4":"has-post-thumbnail","6":"product_cat-leger-leggero","7":"product_tag-containers-fr","9":"first","10":"instock","11":"shipping-taxable","12":"purchasable","13":"product-type-simple"},"acf":[],"yoast_head":"<!-- This site is optimized with the Yoast SEO plugin v27.3 - https:\/\/yoast.com\/product\/yoast-seo-wordpress\/ -->\n<title>Conteneur l\u00e9ger 80x120 cm | Conteneur empilable<\/title>\n<meta name=\"description\" content=\"Conteneur l\u00e9ger de 80x120 cm d&#039;une capacit\u00e9 de 784 litres, charge de 400 kg. Construction robuste (37 kg), ouverture sur les c\u00f4t\u00e9s et manipulation ais\u00e9e.\" \/>\n<meta name=\"robots\" content=\"index, follow, max-snippet:-1, max-image-preview:large, max-video-preview:-1\" \/>\n<link rel=\"canonical\" href=\"https:\/\/www.italianacontenitori.com\/fr\/prodotto\/leggero-80-x-120-cm\/\" \/>\n<meta property=\"og:locale\" content=\"fr_FR\" \/>\n<meta property=\"og:type\" content=\"article\" \/>\n<meta property=\"og:title\" content=\"Conteneur l\u00e9ger 80x120 cm | Conteneur empilable\" \/>\n<meta property=\"og:description\" content=\"Conteneur l\u00e9ger de 80x120 cm d&#039;une capacit\u00e9 de 784 litres, charge de 400 kg. Construction robuste (37 kg), ouverture sur les c\u00f4t\u00e9s et manipulation ais\u00e9e.\" \/>\n<meta property=\"og:url\" content=\"https:\/\/www.italianacontenitori.com\/fr\/prodotto\/leggero-80-x-120-cm\/\" \/>\n<meta property=\"og:site_name\" content=\"italianacontenitori.com\" \/>\n<meta property=\"article:modified_time\" content=\"2026-04-10T14:35:25+00:00\" \/>\n<meta property=\"og:image\" content=\"https:\/\/www.italianacontenitori.com\/wp-content\/uploads\/2020\/12\/LEGG080120.png\" \/>\n\t<meta property=\"og:image:width\" content=\"1024\" \/>\n\t<meta property=\"og:image:height\" content=\"1024\" \/>\n\t<meta property=\"og:image:type\" content=\"image\/png\" \/>\n<meta name=\"twitter:card\" content=\"summary_large_image\" \/>\n<meta name=\"twitter:label1\" content=\"Dur\u00e9e de lecture estim\u00e9e\" \/>\n\t<meta name=\"twitter:data1\" content=\"1 minute\" \/>\n<script type=\"application\/ld+json\" class=\"yoast-schema-graph\">{\"@context\":\"https:\\\/\\\/schema.org\",\"@graph\":[{\"@type\":\"WebPage\",\"@id\":\"https:\\\/\\\/www.italianacontenitori.com\\\/fr\\\/prodotto\\\/leggero-80-x-120-cm\\\/\",\"url\":\"https:\\\/\\\/www.italianacontenitori.com\\\/fr\\\/prodotto\\\/leggero-80-x-120-cm\\\/\",\"name\":\"Conteneur l\u00e9ger 80x120 cm | Conteneur empilable\",\"isPartOf\":{\"@id\":\"https:\\\/\\\/www.italianacontenitori.com\\\/fr\\\/#website\"},\"primaryImageOfPage\":{\"@id\":\"https:\\\/\\\/www.italianacontenitori.com\\\/fr\\\/prodotto\\\/leggero-80-x-120-cm\\\/#primaryimage\"},\"image\":{\"@id\":\"https:\\\/\\\/www.italianacontenitori.com\\\/fr\\\/prodotto\\\/leggero-80-x-120-cm\\\/#primaryimage\"},\"thumbnailUrl\":\"https:\\\/\\\/www.italianacontenitori.com\\\/wp-content\\\/uploads\\\/2020\\\/12\\\/LEGG080120.png\",\"datePublished\":\"2020-12-09T14:37:36+00:00\",\"dateModified\":\"2026-04-10T14:35:25+00:00\",\"description\":\"Conteneur l\u00e9ger de 80x120 cm d'une capacit\u00e9 de 784 litres, charge de 400 kg. Construction robuste (37 kg), ouverture sur les c\u00f4t\u00e9s et manipulation ais\u00e9e.\",\"breadcrumb\":{\"@id\":\"https:\\\/\\\/www.italianacontenitori.com\\\/fr\\\/prodotto\\\/leggero-80-x-120-cm\\\/#breadcrumb\"},\"inLanguage\":\"fr-FR\",\"potentialAction\":[{\"@type\":\"ReadAction\",\"target\":[\"https:\\\/\\\/www.italianacontenitori.com\\\/fr\\\/prodotto\\\/leggero-80-x-120-cm\\\/\"]}]},{\"@type\":\"ImageObject\",\"inLanguage\":\"fr-FR\",\"@id\":\"https:\\\/\\\/www.italianacontenitori.com\\\/fr\\\/prodotto\\\/leggero-80-x-120-cm\\\/#primaryimage\",\"url\":\"https:\\\/\\\/www.italianacontenitori.com\\\/wp-content\\\/uploads\\\/2020\\\/12\\\/LEGG080120.png\",\"contentUrl\":\"https:\\\/\\\/www.italianacontenitori.com\\\/wp-content\\\/uploads\\\/2020\\\/12\\\/LEGG080120.png\",\"width\":1024,\"height\":1024},{\"@type\":\"BreadcrumbList\",\"@id\":\"https:\\\/\\\/www.italianacontenitori.com\\\/fr\\\/prodotto\\\/leggero-80-x-120-cm\\\/#breadcrumb\",\"itemListElement\":[{\"@type\":\"ListItem\",\"position\":1,\"name\":\"Home\",\"item\":\"https:\\\/\\\/www.italianacontenitori.com\\\/fr\\\/conteneurs-a-mailles-metalliques\\\/\"},{\"@type\":\"ListItem\",\"position\":2,\"name\":\"LEGGERO 80 x 120 cm\"}]},{\"@type\":\"WebSite\",\"@id\":\"https:\\\/\\\/www.italianacontenitori.com\\\/fr\\\/#website\",\"url\":\"https:\\\/\\\/www.italianacontenitori.com\\\/fr\\\/\",\"name\":\"italianacontenitori.com\",\"description\":\"Produzione di contenitori industriali e roll container\",\"publisher\":{\"@id\":\"https:\\\/\\\/www.italianacontenitori.com\\\/fr\\\/#organization\"},\"potentialAction\":[{\"@type\":\"SearchAction\",\"target\":{\"@type\":\"EntryPoint\",\"urlTemplate\":\"https:\\\/\\\/www.italianacontenitori.com\\\/fr\\\/?s={search_term_string}\"},\"query-input\":{\"@type\":\"PropertyValueSpecification\",\"valueRequired\":true,\"valueName\":\"search_term_string\"}}],\"inLanguage\":\"fr-FR\"},{\"@type\":\"Organization\",\"@id\":\"https:\\\/\\\/www.italianacontenitori.com\\\/fr\\\/#organization\",\"name\":\"Italiana Contenitori s.r.l.\",\"alternateName\":\"IC\",\"url\":\"https:\\\/\\\/www.italianacontenitori.com\\\/fr\\\/\",\"logo\":{\"@type\":\"ImageObject\",\"inLanguage\":\"fr-FR\",\"@id\":\"https:\\\/\\\/www.italianacontenitori.com\\\/fr\\\/#\\\/schema\\\/logo\\\/image\\\/\",\"url\":\"https:\\\/\\\/www.italianacontenitori.com\\\/wp-content\\\/uploads\\\/2020\\\/11\\\/cropped-Logo-Italiana-Contenitori_favicon.jpg\",\"contentUrl\":\"https:\\\/\\\/www.italianacontenitori.com\\\/wp-content\\\/uploads\\\/2020\\\/11\\\/cropped-Logo-Italiana-Contenitori_favicon.jpg\",\"width\":512,\"height\":512,\"caption\":\"Italiana Contenitori s.r.l.\"},\"image\":{\"@id\":\"https:\\\/\\\/www.italianacontenitori.com\\\/fr\\\/#\\\/schema\\\/logo\\\/image\\\/\"}}]}<\/script>\n<!-- \/ Yoast SEO plugin. -->","yoast_head_json":{"title":"Conteneur l\u00e9ger 80x120 cm | Conteneur empilable","description":"Conteneur l\u00e9ger de 80x120 cm d'une capacit\u00e9 de 784 litres, charge de 400 kg. Construction robuste (37 kg), ouverture sur les c\u00f4t\u00e9s et manipulation ais\u00e9e.","robots":{"index":"index","follow":"follow","max-snippet":"max-snippet:-1","max-image-preview":"max-image-preview:large","max-video-preview":"max-video-preview:-1"},"canonical":"https:\/\/www.italianacontenitori.com\/fr\/prodotto\/leggero-80-x-120-cm\/","og_locale":"fr_FR","og_type":"article","og_title":"Conteneur l\u00e9ger 80x120 cm | Conteneur empilable","og_description":"Conteneur l\u00e9ger de 80x120 cm d'une capacit\u00e9 de 784 litres, charge de 400 kg. Construction robuste (37 kg), ouverture sur les c\u00f4t\u00e9s et manipulation ais\u00e9e.","og_url":"https:\/\/www.italianacontenitori.com\/fr\/prodotto\/leggero-80-x-120-cm\/","og_site_name":"italianacontenitori.com","article_modified_time":"2026-04-10T14:35:25+00:00","og_image":[{"width":1024,"height":1024,"url":"https:\/\/www.italianacontenitori.com\/wp-content\/uploads\/2020\/12\/LEGG080120.png","type":"image\/png"}],"twitter_card":"summary_large_image","twitter_misc":{"Dur\u00e9e de lecture estim\u00e9e":"1 minute"},"schema":{"@context":"https:\/\/schema.org","@graph":[{"@type":"WebPage","@id":"https:\/\/www.italianacontenitori.com\/fr\/prodotto\/leggero-80-x-120-cm\/","url":"https:\/\/www.italianacontenitori.com\/fr\/prodotto\/leggero-80-x-120-cm\/","name":"Conteneur l\u00e9ger 80x120 cm | Conteneur empilable","isPartOf":{"@id":"https:\/\/www.italianacontenitori.com\/fr\/#website"},"primaryImageOfPage":{"@id":"https:\/\/www.italianacontenitori.com\/fr\/prodotto\/leggero-80-x-120-cm\/#primaryimage"},"image":{"@id":"https:\/\/www.italianacontenitori.com\/fr\/prodotto\/leggero-80-x-120-cm\/#primaryimage"},"thumbnailUrl":"https:\/\/www.italianacontenitori.com\/wp-content\/uploads\/2020\/12\/LEGG080120.png","datePublished":"2020-12-09T14:37:36+00:00","dateModified":"2026-04-10T14:35:25+00:00","description":"Conteneur l\u00e9ger de 80x120 cm d'une capacit\u00e9 de 784 litres, charge de 400 kg. Construction robuste (37 kg), ouverture sur les c\u00f4t\u00e9s et manipulation ais\u00e9e.","breadcrumb":{"@id":"https:\/\/www.italianacontenitori.com\/fr\/prodotto\/leggero-80-x-120-cm\/#breadcrumb"},"inLanguage":"fr-FR","potentialAction":[{"@type":"ReadAction","target":["https:\/\/www.italianacontenitori.com\/fr\/prodotto\/leggero-80-x-120-cm\/"]}]},{"@type":"ImageObject","inLanguage":"fr-FR","@id":"https:\/\/www.italianacontenitori.com\/fr\/prodotto\/leggero-80-x-120-cm\/#primaryimage","url":"https:\/\/www.italianacontenitori.com\/wp-content\/uploads\/2020\/12\/LEGG080120.png","contentUrl":"https:\/\/www.italianacontenitori.com\/wp-content\/uploads\/2020\/12\/LEGG080120.png","width":1024,"height":1024},{"@type":"BreadcrumbList","@id":"https:\/\/www.italianacontenitori.com\/fr\/prodotto\/leggero-80-x-120-cm\/#breadcrumb","itemListElement":[{"@type":"ListItem","position":1,"name":"Home","item":"https:\/\/www.italianacontenitori.com\/fr\/conteneurs-a-mailles-metalliques\/"},{"@type":"ListItem","position":2,"name":"LEGGERO 80 x 120 cm"}]},{"@type":"WebSite","@id":"https:\/\/www.italianacontenitori.com\/fr\/#website","url":"https:\/\/www.italianacontenitori.com\/fr\/","name":"italianacontenitori.com","description":"Produzione di contenitori industriali e roll container","publisher":{"@id":"https:\/\/www.italianacontenitori.com\/fr\/#organization"},"potentialAction":[{"@type":"SearchAction","target":{"@type":"EntryPoint","urlTemplate":"https:\/\/www.italianacontenitori.com\/fr\/?s={search_term_string}"},"query-input":{"@type":"PropertyValueSpecification","valueRequired":true,"valueName":"search_term_string"}}],"inLanguage":"fr-FR"},{"@type":"Organization","@id":"https:\/\/www.italianacontenitori.com\/fr\/#organization","name":"Italiana Contenitori s.r.l.","alternateName":"IC","url":"https:\/\/www.italianacontenitori.com\/fr\/","logo":{"@type":"ImageObject","inLanguage":"fr-FR","@id":"https:\/\/www.italianacontenitori.com\/fr\/#\/schema\/logo\/image\/","url":"https:\/\/www.italianacontenitori.com\/wp-content\/uploads\/2020\/11\/cropped-Logo-Italiana-Contenitori_favicon.jpg","contentUrl":"https:\/\/www.italianacontenitori.com\/wp-content\/uploads\/2020\/11\/cropped-Logo-Italiana-Contenitori_favicon.jpg","width":512,"height":512,"caption":"Italiana Contenitori s.r.l."},"image":{"@id":"https:\/\/www.italianacontenitori.com\/fr\/#\/schema\/logo\/image\/"}}]}},"_links":{"self":[{"href":"https:\/\/www.italianacontenitori.com\/fr\/wp-json\/wp\/v2\/product\/241602","targetHints":{"allow":["GET"]}}],"collection":[{"href":"https:\/\/www.italianacontenitori.com\/fr\/wp-json\/wp\/v2\/product"}],"about":[{"href":"https:\/\/www.italianacontenitori.com\/fr\/wp-json\/wp\/v2\/types\/product"}],"replies":[{"embeddable":true,"href":"https:\/\/www.italianacontenitori.com\/fr\/wp-json\/wp\/v2\/comments?post=241602"}],"wp:featuredmedia":[{"embeddable":true,"href":"https:\/\/www.italianacontenitori.com\/fr\/wp-json\/wp\/v2\/media\/240363"}],"wp:attachment":[{"href":"https:\/\/www.italianacontenitori.com\/fr\/wp-json\/wp\/v2\/media?parent=241602"}],"wp:term":[{"taxonomy":"product_brand","embeddable":true,"href":"https:\/\/www.italianacontenitori.com\/fr\/wp-json\/wp\/v2\/product_brand?post=241602"},{"taxonomy":"product_cat","embeddable":true,"href":"https:\/\/www.italianacontenitori.com\/fr\/wp-json\/wp\/v2\/product_cat?post=241602"},{"taxonomy":"product_tag","embeddable":true,"href":"https:\/\/www.italianacontenitori.com\/fr\/wp-json\/wp\/v2\/product_tag?post=241602"}],"curies":[{"name":"wp","href":"https:\/\/api.w.org\/{rel}","templated":true}]}}