{"id":241617,"date":"2020-12-07T17:49:40","date_gmt":"2020-12-07T17:49:40","guid":{"rendered":"https:\/\/www.italianacontenitori.com\/product\/pallet-100-x-120-cm\/"},"modified":"2026-04-10T14:38:57","modified_gmt":"2026-04-10T14:38:57","slug":"pallet-100-x-120-cm","status":"publish","type":"product","link":"https:\/\/www.italianacontenitori.com\/fr\/prodotto\/pallet-100-x-120-cm\/","title":{"rendered":"PALLET 100 x 120 cm"},"content":{"rendered":"<p>La <strong data-start=\"145\" data-end=\"168\">paroi de palette<\/strong>, \u00e9galement appel\u00e9e <strong data-start=\"186\" data-end=\"205\">entourage de palette<\/strong> ou <strong data-start=\"208\" data-end=\"222\">caisse-palette<\/strong>, est un accessoire indispensable pour <strong>transformer une simple palette en un conteneur s\u00fbr et pratique<\/strong> pour la manutention et le stockage de marchandises. Fabriqu\u00e9 en treillis m\u00e9tallique galvanis\u00e9, il offre une <strong>protection optimale et une excellente visibilit\u00e9 du contenu<\/strong>. Pouvant s&#8217;empiler jusqu&#8217;\u00e0 3 unit\u00e9s, il est id\u00e9al pour optimiser l&#8217;espace dans l&#8217;entrep\u00f4t et pendant le transport. Le mur de palettes est \u00e9quip\u00e9 d&#8217;une porte pour faciliter l&#8217;acc\u00e8s aux marchandises et peut \u00eatre facilement <strong>d\u00e9mont\u00e9 et repli\u00e9<\/strong> lorsqu&#8217;il n&#8217;est pas utilis\u00e9, ce qui r\u00e9duit l&#8217;encombrement.   <\/p>\n<p class=\"\" data-start=\"531\" data-end=\"932\">L&#8217;<strong>installation est rapide et s\u00fbre<\/strong>; <strong>elle se fixe \u00e0 la palette en quelques instants, sans n\u00e9cessiter d&#8217;outils.<\/strong> Disponible en deux hauteurs (87 cm et 102 cm), la caisse-palette est la solution id\u00e9ale pour optimiser la gestion de l&#8217;espace et am\u00e9liorer l&#8217;efficacit\u00e9 du transport et du stockage des marchandises.<\/p>\n<h3>Caract\u00e9ristiques du contour de la palette (paroi de la palette) pour la gestion logistique<\/h3>\n<ul>\n<li><strong>Empilable<\/strong>: jusqu&#8217;\u00e0 3 unit\u00e9s, ce qui permet d&#8217;optimiser l&#8217;espace disponible.<\/li>\n<li><strong>Capacit\u00e9 de<\/strong> charge : 800 kg, pour les charges lourdes.<\/li>\n<li><strong>Mat\u00e9riau<\/strong>: grillage galvanis\u00e9 pour une plus grande r\u00e9sistance.<\/li>\n<li><strong>Rangement facile<\/strong>: d\u00e9tachable et pliable lorsqu&#8217;il n&#8217;est pas utilis\u00e9.<\/li>\n<li><strong>Acc\u00e8s rapide<\/strong>: porte int\u00e9gr\u00e9e pour une manipulation rapide des marchandises.<\/li>\n<\/ul>\n<p>La <strong>ceinture de <\/strong>palettes <strong>, <\/strong>\u00e9galement connue sous le nom de mur de palettes, est la solution id\u00e9ale pour l&#8217;<strong>entreposage<\/strong>, le <strong>transport<\/strong> et la <strong>manutention interne <\/strong>, car elle offre une manipulation plus s\u00fbre, plus pratique et plus efficace des charges palettis\u00e9es.<\/p>\n","protected":false},"excerpt":{"rendered":"<p>Le rebord de <strong data-start=\"86\" data-end=\"109\">palette<\/strong> transforme une palette EPAL 100&#215;120 en un conteneur solide et empilable, prot\u00e9geant les marchandises qui restent accessibles gr\u00e2ce \u00e0 la porte lat\u00e9rale. Disponible en deux hauteurs, 87 et 102 cm, le rebord <strong data-start=\"312\" data-end=\"335\">de palette<\/strong> (\u00e9galement appel\u00e9 <strong data-start=\"349\" data-end=\"363\">caisse-palette<\/strong>) est pliable et peut \u00eatre solidement fix\u00e9 \u00e0 la plate-forme en quelques instants. <\/p>\n","protected":false},"featured_media":240383,"comment_status":"open","ping_status":"closed","template":"","meta":{"_acf_changed":false,"_et_pb_use_builder":"","_et_pb_old_content":"","_et_gb_content_width":""},"product_brand":[],"product_cat":[1933],"product_tag":[2043],"class_list":{"0":"post-241617","1":"product","2":"type-product","3":"status-publish","4":"has-post-thumbnail","6":"product_cat-caisse-grillagee-palette","7":"product_tag-containers-fr","9":"first","10":"instock","11":"shipping-taxable","12":"purchasable","13":"product-type-variable"},"acf":[],"yoast_head":"<!-- This site is optimized with the Yoast SEO plugin v27.3 - https:\/\/yoast.com\/product\/yoast-seo-wordpress\/ -->\n<title>Contour de palette 100x120 cm - Italiana Contenitori<\/title>\n<meta name=\"description\" content=\"Palette pliante robuste et durable. Capacit\u00e9 de charge de 800 kg, possibilit\u00e9 d&#039;empiler trois conteneurs sur un seul. Choix de hauteurs entre 87 cm et 102 cm. Avec porte.\" \/>\n<meta name=\"robots\" content=\"index, follow, max-snippet:-1, max-image-preview:large, max-video-preview:-1\" \/>\n<link rel=\"canonical\" href=\"https:\/\/www.italianacontenitori.com\/fr\/prodotto\/pallet-100-x-120-cm\/\" \/>\n<meta property=\"og:locale\" content=\"fr_FR\" \/>\n<meta property=\"og:type\" content=\"article\" \/>\n<meta property=\"og:title\" content=\"Contour de palette 100x120 cm - Italiana Contenitori\" \/>\n<meta property=\"og:description\" content=\"Palette pliante robuste et durable. Capacit\u00e9 de charge de 800 kg, possibilit\u00e9 d&#039;empiler trois conteneurs sur un seul. Choix de hauteurs entre 87 cm et 102 cm. Avec porte.\" \/>\n<meta property=\"og:url\" content=\"https:\/\/www.italianacontenitori.com\/fr\/prodotto\/pallet-100-x-120-cm\/\" \/>\n<meta property=\"og:site_name\" content=\"italianacontenitori.com\" \/>\n<meta property=\"article:modified_time\" content=\"2026-04-10T14:38:57+00:00\" \/>\n<meta property=\"og:image\" content=\"https:\/\/www.italianacontenitori.com\/wp-content\/uploads\/2020\/12\/PALL100085.png\" \/>\n\t<meta property=\"og:image:width\" content=\"1024\" \/>\n\t<meta property=\"og:image:height\" content=\"1024\" \/>\n\t<meta property=\"og:image:type\" content=\"image\/png\" \/>\n<meta name=\"twitter:card\" content=\"summary_large_image\" \/>\n<meta name=\"twitter:label1\" content=\"Dur\u00e9e de lecture estim\u00e9e\" \/>\n\t<meta name=\"twitter:data1\" content=\"1 minute\" \/>\n<script type=\"application\/ld+json\" class=\"yoast-schema-graph\">{\"@context\":\"https:\\\/\\\/schema.org\",\"@graph\":[{\"@type\":\"WebPage\",\"@id\":\"https:\\\/\\\/www.italianacontenitori.com\\\/fr\\\/prodotto\\\/pallet-100-x-120-cm\\\/\",\"url\":\"https:\\\/\\\/www.italianacontenitori.com\\\/fr\\\/prodotto\\\/pallet-100-x-120-cm\\\/\",\"name\":\"Contour de palette 100x120 cm - Italiana Contenitori\",\"isPartOf\":{\"@id\":\"https:\\\/\\\/www.italianacontenitori.com\\\/fr\\\/#website\"},\"primaryImageOfPage\":{\"@id\":\"https:\\\/\\\/www.italianacontenitori.com\\\/fr\\\/prodotto\\\/pallet-100-x-120-cm\\\/#primaryimage\"},\"image\":{\"@id\":\"https:\\\/\\\/www.italianacontenitori.com\\\/fr\\\/prodotto\\\/pallet-100-x-120-cm\\\/#primaryimage\"},\"thumbnailUrl\":\"https:\\\/\\\/www.italianacontenitori.com\\\/wp-content\\\/uploads\\\/2020\\\/12\\\/PALL100085.png\",\"datePublished\":\"2020-12-07T17:49:40+00:00\",\"dateModified\":\"2026-04-10T14:38:57+00:00\",\"description\":\"Palette pliante robuste et durable. Capacit\u00e9 de charge de 800 kg, possibilit\u00e9 d'empiler trois conteneurs sur un seul. Choix de hauteurs entre 87 cm et 102 cm. Avec porte.\",\"breadcrumb\":{\"@id\":\"https:\\\/\\\/www.italianacontenitori.com\\\/fr\\\/prodotto\\\/pallet-100-x-120-cm\\\/#breadcrumb\"},\"inLanguage\":\"fr-FR\",\"potentialAction\":[{\"@type\":\"ReadAction\",\"target\":[\"https:\\\/\\\/www.italianacontenitori.com\\\/fr\\\/prodotto\\\/pallet-100-x-120-cm\\\/\"]}]},{\"@type\":\"ImageObject\",\"inLanguage\":\"fr-FR\",\"@id\":\"https:\\\/\\\/www.italianacontenitori.com\\\/fr\\\/prodotto\\\/pallet-100-x-120-cm\\\/#primaryimage\",\"url\":\"https:\\\/\\\/www.italianacontenitori.com\\\/wp-content\\\/uploads\\\/2020\\\/12\\\/PALL100085.png\",\"contentUrl\":\"https:\\\/\\\/www.italianacontenitori.com\\\/wp-content\\\/uploads\\\/2020\\\/12\\\/PALL100085.png\",\"width\":1024,\"height\":1024},{\"@type\":\"BreadcrumbList\",\"@id\":\"https:\\\/\\\/www.italianacontenitori.com\\\/fr\\\/prodotto\\\/pallet-100-x-120-cm\\\/#breadcrumb\",\"itemListElement\":[{\"@type\":\"ListItem\",\"position\":1,\"name\":\"Home\",\"item\":\"https:\\\/\\\/www.italianacontenitori.com\\\/fr\\\/conteneurs-a-mailles-metalliques\\\/\"},{\"@type\":\"ListItem\",\"position\":2,\"name\":\"PALLET 100 x 120 cm\"}]},{\"@type\":\"WebSite\",\"@id\":\"https:\\\/\\\/www.italianacontenitori.com\\\/fr\\\/#website\",\"url\":\"https:\\\/\\\/www.italianacontenitori.com\\\/fr\\\/\",\"name\":\"italianacontenitori.com\",\"description\":\"Produzione di contenitori industriali e roll container\",\"publisher\":{\"@id\":\"https:\\\/\\\/www.italianacontenitori.com\\\/fr\\\/#organization\"},\"potentialAction\":[{\"@type\":\"SearchAction\",\"target\":{\"@type\":\"EntryPoint\",\"urlTemplate\":\"https:\\\/\\\/www.italianacontenitori.com\\\/fr\\\/?s={search_term_string}\"},\"query-input\":{\"@type\":\"PropertyValueSpecification\",\"valueRequired\":true,\"valueName\":\"search_term_string\"}}],\"inLanguage\":\"fr-FR\"},{\"@type\":\"Organization\",\"@id\":\"https:\\\/\\\/www.italianacontenitori.com\\\/fr\\\/#organization\",\"name\":\"Italiana Contenitori s.r.l.\",\"alternateName\":\"IC\",\"url\":\"https:\\\/\\\/www.italianacontenitori.com\\\/fr\\\/\",\"logo\":{\"@type\":\"ImageObject\",\"inLanguage\":\"fr-FR\",\"@id\":\"https:\\\/\\\/www.italianacontenitori.com\\\/fr\\\/#\\\/schema\\\/logo\\\/image\\\/\",\"url\":\"https:\\\/\\\/www.italianacontenitori.com\\\/wp-content\\\/uploads\\\/2020\\\/11\\\/cropped-Logo-Italiana-Contenitori_favicon.jpg\",\"contentUrl\":\"https:\\\/\\\/www.italianacontenitori.com\\\/wp-content\\\/uploads\\\/2020\\\/11\\\/cropped-Logo-Italiana-Contenitori_favicon.jpg\",\"width\":512,\"height\":512,\"caption\":\"Italiana Contenitori s.r.l.\"},\"image\":{\"@id\":\"https:\\\/\\\/www.italianacontenitori.com\\\/fr\\\/#\\\/schema\\\/logo\\\/image\\\/\"}}]}<\/script>\n<!-- \/ Yoast SEO plugin. -->","yoast_head_json":{"title":"Contour de palette 100x120 cm - Italiana Contenitori","description":"Palette pliante robuste et durable. Capacit\u00e9 de charge de 800 kg, possibilit\u00e9 d'empiler trois conteneurs sur un seul. Choix de hauteurs entre 87 cm et 102 cm. Avec porte.","robots":{"index":"index","follow":"follow","max-snippet":"max-snippet:-1","max-image-preview":"max-image-preview:large","max-video-preview":"max-video-preview:-1"},"canonical":"https:\/\/www.italianacontenitori.com\/fr\/prodotto\/pallet-100-x-120-cm\/","og_locale":"fr_FR","og_type":"article","og_title":"Contour de palette 100x120 cm - Italiana Contenitori","og_description":"Palette pliante robuste et durable. Capacit\u00e9 de charge de 800 kg, possibilit\u00e9 d'empiler trois conteneurs sur un seul. Choix de hauteurs entre 87 cm et 102 cm. Avec porte.","og_url":"https:\/\/www.italianacontenitori.com\/fr\/prodotto\/pallet-100-x-120-cm\/","og_site_name":"italianacontenitori.com","article_modified_time":"2026-04-10T14:38:57+00:00","og_image":[{"width":1024,"height":1024,"url":"https:\/\/www.italianacontenitori.com\/wp-content\/uploads\/2020\/12\/PALL100085.png","type":"image\/png"}],"twitter_card":"summary_large_image","twitter_misc":{"Dur\u00e9e de lecture estim\u00e9e":"1 minute"},"schema":{"@context":"https:\/\/schema.org","@graph":[{"@type":"WebPage","@id":"https:\/\/www.italianacontenitori.com\/fr\/prodotto\/pallet-100-x-120-cm\/","url":"https:\/\/www.italianacontenitori.com\/fr\/prodotto\/pallet-100-x-120-cm\/","name":"Contour de palette 100x120 cm - Italiana Contenitori","isPartOf":{"@id":"https:\/\/www.italianacontenitori.com\/fr\/#website"},"primaryImageOfPage":{"@id":"https:\/\/www.italianacontenitori.com\/fr\/prodotto\/pallet-100-x-120-cm\/#primaryimage"},"image":{"@id":"https:\/\/www.italianacontenitori.com\/fr\/prodotto\/pallet-100-x-120-cm\/#primaryimage"},"thumbnailUrl":"https:\/\/www.italianacontenitori.com\/wp-content\/uploads\/2020\/12\/PALL100085.png","datePublished":"2020-12-07T17:49:40+00:00","dateModified":"2026-04-10T14:38:57+00:00","description":"Palette pliante robuste et durable. Capacit\u00e9 de charge de 800 kg, possibilit\u00e9 d'empiler trois conteneurs sur un seul. Choix de hauteurs entre 87 cm et 102 cm. Avec porte.","breadcrumb":{"@id":"https:\/\/www.italianacontenitori.com\/fr\/prodotto\/pallet-100-x-120-cm\/#breadcrumb"},"inLanguage":"fr-FR","potentialAction":[{"@type":"ReadAction","target":["https:\/\/www.italianacontenitori.com\/fr\/prodotto\/pallet-100-x-120-cm\/"]}]},{"@type":"ImageObject","inLanguage":"fr-FR","@id":"https:\/\/www.italianacontenitori.com\/fr\/prodotto\/pallet-100-x-120-cm\/#primaryimage","url":"https:\/\/www.italianacontenitori.com\/wp-content\/uploads\/2020\/12\/PALL100085.png","contentUrl":"https:\/\/www.italianacontenitori.com\/wp-content\/uploads\/2020\/12\/PALL100085.png","width":1024,"height":1024},{"@type":"BreadcrumbList","@id":"https:\/\/www.italianacontenitori.com\/fr\/prodotto\/pallet-100-x-120-cm\/#breadcrumb","itemListElement":[{"@type":"ListItem","position":1,"name":"Home","item":"https:\/\/www.italianacontenitori.com\/fr\/conteneurs-a-mailles-metalliques\/"},{"@type":"ListItem","position":2,"name":"PALLET 100 x 120 cm"}]},{"@type":"WebSite","@id":"https:\/\/www.italianacontenitori.com\/fr\/#website","url":"https:\/\/www.italianacontenitori.com\/fr\/","name":"italianacontenitori.com","description":"Produzione di contenitori industriali e roll container","publisher":{"@id":"https:\/\/www.italianacontenitori.com\/fr\/#organization"},"potentialAction":[{"@type":"SearchAction","target":{"@type":"EntryPoint","urlTemplate":"https:\/\/www.italianacontenitori.com\/fr\/?s={search_term_string}"},"query-input":{"@type":"PropertyValueSpecification","valueRequired":true,"valueName":"search_term_string"}}],"inLanguage":"fr-FR"},{"@type":"Organization","@id":"https:\/\/www.italianacontenitori.com\/fr\/#organization","name":"Italiana Contenitori s.r.l.","alternateName":"IC","url":"https:\/\/www.italianacontenitori.com\/fr\/","logo":{"@type":"ImageObject","inLanguage":"fr-FR","@id":"https:\/\/www.italianacontenitori.com\/fr\/#\/schema\/logo\/image\/","url":"https:\/\/www.italianacontenitori.com\/wp-content\/uploads\/2020\/11\/cropped-Logo-Italiana-Contenitori_favicon.jpg","contentUrl":"https:\/\/www.italianacontenitori.com\/wp-content\/uploads\/2020\/11\/cropped-Logo-Italiana-Contenitori_favicon.jpg","width":512,"height":512,"caption":"Italiana Contenitori s.r.l."},"image":{"@id":"https:\/\/www.italianacontenitori.com\/fr\/#\/schema\/logo\/image\/"}}]}},"_links":{"self":[{"href":"https:\/\/www.italianacontenitori.com\/fr\/wp-json\/wp\/v2\/product\/241617","targetHints":{"allow":["GET"]}}],"collection":[{"href":"https:\/\/www.italianacontenitori.com\/fr\/wp-json\/wp\/v2\/product"}],"about":[{"href":"https:\/\/www.italianacontenitori.com\/fr\/wp-json\/wp\/v2\/types\/product"}],"replies":[{"embeddable":true,"href":"https:\/\/www.italianacontenitori.com\/fr\/wp-json\/wp\/v2\/comments?post=241617"}],"wp:featuredmedia":[{"embeddable":true,"href":"https:\/\/www.italianacontenitori.com\/fr\/wp-json\/wp\/v2\/media\/240383"}],"wp:attachment":[{"href":"https:\/\/www.italianacontenitori.com\/fr\/wp-json\/wp\/v2\/media?parent=241617"}],"wp:term":[{"taxonomy":"product_brand","embeddable":true,"href":"https:\/\/www.italianacontenitori.com\/fr\/wp-json\/wp\/v2\/product_brand?post=241617"},{"taxonomy":"product_cat","embeddable":true,"href":"https:\/\/www.italianacontenitori.com\/fr\/wp-json\/wp\/v2\/product_cat?post=241617"},{"taxonomy":"product_tag","embeddable":true,"href":"https:\/\/www.italianacontenitori.com\/fr\/wp-json\/wp\/v2\/product_tag?post=241617"}],"curies":[{"name":"wp","href":"https:\/\/api.w.org\/{rel}","templated":true}]}}