{"id":241664,"date":"2020-12-07T16:31:05","date_gmt":"2020-12-07T16:31:05","guid":{"rendered":"https:\/\/www.italianacontenitori.com\/product\/market-120-x-200-cm\/"},"modified":"2026-04-10T14:38:42","modified_gmt":"2026-04-10T14:38:42","slug":"market-120-x-200-cm","status":"publish","type":"product","link":"https:\/\/www.italianacontenitori.com\/fr\/produit\/market-120-x-200-cm\/","title":{"rendered":"Conteneur industriel pour marchandises encombrantes &#8211; March\u00e9 120 x 200 cm"},"content":{"rendered":"<p>Le Market 120&#215;200 est <strong>le plus grand des conteneurs industriels<\/strong> de la famille MARKET. Il est pliable et empilable et convient \u00e0 la <strong>manutention et au stockage de marchandises volumineuses.<\/strong> Cette corbeille m\u00e9tallique d&#8217;un volume de chargement de pas moins de 2,2 m\u00e8tres cubes est <strong>fabriqu\u00e9e en Italie \u00e0 partir de mat\u00e9riaux de haute qualit\u00e9<\/strong> et est con\u00e7ue pour r\u00e9sister aux intemp\u00e9ries, \u00e0 la poussi\u00e8re, \u00e0 la salet\u00e9 et \u00e0 la salinit\u00e9 gr\u00e2ce \u00e0 son processus de <strong>galvanisation<\/strong>. Sa robustesse est renforc\u00e9e par la <strong>structure autoportante en treillis m\u00e9tallique<\/strong>, qui garantit non seulement la durabilit\u00e9 mais aussi la visibilit\u00e9 imm\u00e9diate du contenu, un aspect crucial pour l&#8217;optimisation de l&#8217;entrep\u00f4t. Le conteneur dispose d&#8217;une <strong>porte d&#8217;inspection sur le c\u00f4t\u00e9 long<\/strong> pour faciliter les op\u00e9rations de picking.  <\/p>\n<h2>Grande corbeille industrielle pour les marchandises encombrantes et les d\u00e9chets : l\u00e9g\u00e8re, empilable, pliable et d&#8217;une capacit\u00e9 de charge de 600 kg.<\/h2>\n<p>La conception du Market 120 x 200 est soign\u00e9e dans les moindres d\u00e9tails, avec une capacit\u00e9 d&#8217;empilage qui permet d&#8217;<strong>empiler jusqu&#8217;\u00e0 deux paniers m\u00e9talliques enti\u00e8rement charg\u00e9s sur une base<\/strong>. Cette caract\u00e9ristique rend le conteneur polyvalent et id\u00e9al pour une large gamme d&#8217;applications industrielles. En raison de ses dimensions importantes, ce grand conteneur \u00e0 grille m\u00e9tallique est \u00e9quip\u00e9 de robustes barres anti-basculement qui, comme son nom l&#8217;indique, emp\u00eachent le conteneur de basculer lors des manipulations avec des chariots \u00e9l\u00e9vateurs \u00e9lectriques ou des transpalettes.  <\/p>\n<p>L&#8217;un des points forts d&#8217;Italiana Contenitori r\u00e9side dans ses possibilit\u00e9s de personnalisation : <strong>nous contr\u00f4lons l&#8217;ensemble du cycle de production et sommes donc en mesure d&#8217;offrir le plus haut niveau de personnalisation<\/strong>. Si les variantes standard ne r\u00e9pondent pas \u00e0 vos exigences sp\u00e9cifiques, veuillez contacter notre service client\u00e8le qui, en synergie avec le d\u00e9partement technique et de conception, sera en mesure de fournir une <strong>solution personnalis\u00e9e, durable et r\u00e9sistante<\/strong>. <\/p>\n<p>La polyvalence de ce <strong>grand panier industriel<\/strong> est l&#8217;une de ses caract\u00e9ristiques les plus innovantes. Lorsqu&#8217;elle n&#8217;est pas utilis\u00e9e, ou lors des retours \u00e0 vide, la nacelle peut \u00eatre <strong>facilement pli\u00e9e, ce qui r\u00e9duit l&#8217;encombrement<\/strong> et permet une optimisation in\u00e9gal\u00e9e de l&#8217;espace de stockage et de transport. Ses dimensions sont id\u00e9ales pour saturer vos transports.  <\/p>\n<p>Market 120&#215;200 est parfaitement adapt\u00e9 aux <strong>secteurs de la collecte des d\u00e9chets industriels et \u00e9cologiques, en<\/strong> offrant une solution fiable pour le stockage et la manutention des marchandises. Sa polyvalence le rend id\u00e9al pour tous les entrep\u00f4ts qui ont besoin d&#8217;une solution agile, mais extr\u00eamement spacieuse, adaptable et facile \u00e0 manipuler. Avec le Market 120 x 200, votre stock sera plus efficace, organis\u00e9 et pr\u00eat \u00e0 r\u00e9pondre \u00e0 toutes les exigences d&#8217;espace et de manutention.  <\/p>\n<p><strong>Lot minimum 100 pi\u00e8ces.<\/strong><\/p>\n","protected":false},"excerpt":{"rendered":"<p>Le plus grand des conteneurs de la famille MARKET, un mod\u00e8le pliable et gerbable. Gr\u00e2ce \u00e0 un volume de charge utile de 2,2 m3, il est particuli\u00e8rement adapt\u00e9 \u00e0 la manutention de marchandises volumineuses. Dot\u00e9 de barres robustes avec fonction anti-basculement. Lot minimum 100 pi\u00e8ces.<\/p>\n","protected":false},"featured_media":240031,"comment_status":"open","ping_status":"closed","template":"","meta":{"_acf_changed":false,"_et_pb_use_builder":"","_et_pb_old_content":"","_et_gb_content_width":""},"product_brand":[],"product_cat":[1941,1929],"product_tag":[2043],"class_list":{"0":"post-241664","1":"product","2":"type-product","3":"status-publish","4":"has-post-thumbnail","6":"product_cat-collecte-des-dechets-emballage-deee","7":"product_cat-market-fr","8":"product_tag-containers-fr","10":"first","11":"instock","12":"shipping-taxable","13":"purchasable","14":"product-type-simple"},"acf":[],"yoast_head":"<!-- This site is optimized with the Yoast SEO plugin v27.3 - https:\/\/yoast.com\/product\/yoast-seo-wordpress\/ -->\n<title>Conteneur pour objets encombrants et d\u00e9chets - March\u00e9 120 x 200 cm<\/title>\n<meta name=\"description\" content=\"Grand conteneur industriel en grillage galvanis\u00e9. Empilable, pliable, robuste et l\u00e9ger. Volume : 2,2 m3. Capacit\u00e9 de charge de 600 kg. Dimensions : 120x200 cm.\" \/>\n<meta name=\"robots\" content=\"index, follow, max-snippet:-1, max-image-preview:large, max-video-preview:-1\" \/>\n<link rel=\"canonical\" href=\"https:\/\/www.italianacontenitori.com\/fr\/produit\/market-120-x-200-cm\/\" \/>\n<meta property=\"og:locale\" content=\"fr_FR\" \/>\n<meta property=\"og:type\" content=\"article\" \/>\n<meta property=\"og:title\" content=\"Conteneur pour objets encombrants et d\u00e9chets - March\u00e9 120 x 200 cm\" \/>\n<meta property=\"og:description\" content=\"Grand conteneur industriel en grillage galvanis\u00e9. Empilable, pliable, robuste et l\u00e9ger. Volume : 2,2 m3. Capacit\u00e9 de charge de 600 kg. Dimensions : 120x200 cm.\" \/>\n<meta property=\"og:url\" content=\"https:\/\/www.italianacontenitori.com\/fr\/produit\/market-120-x-200-cm\/\" \/>\n<meta property=\"og:site_name\" content=\"italianacontenitori.com\" \/>\n<meta property=\"article:modified_time\" content=\"2026-04-10T14:38:42+00:00\" \/>\n<meta property=\"og:image\" content=\"https:\/\/www.italianacontenitori.com\/wp-content\/uploads\/2020\/12\/MARK120200.png\" \/>\n\t<meta property=\"og:image:width\" content=\"1024\" \/>\n\t<meta property=\"og:image:height\" content=\"1024\" \/>\n\t<meta property=\"og:image:type\" content=\"image\/png\" \/>\n<meta name=\"twitter:card\" content=\"summary_large_image\" \/>\n<meta name=\"twitter:label1\" content=\"Dur\u00e9e de lecture estim\u00e9e\" \/>\n\t<meta name=\"twitter:data1\" content=\"2 minutes\" \/>\n<script type=\"application\/ld+json\" class=\"yoast-schema-graph\">{\"@context\":\"https:\\\/\\\/schema.org\",\"@graph\":[{\"@type\":\"WebPage\",\"@id\":\"https:\\\/\\\/www.italianacontenitori.com\\\/fr\\\/produit\\\/market-120-x-200-cm\\\/\",\"url\":\"https:\\\/\\\/www.italianacontenitori.com\\\/fr\\\/produit\\\/market-120-x-200-cm\\\/\",\"name\":\"Conteneur pour objets encombrants et d\u00e9chets - March\u00e9 120 x 200 cm\",\"isPartOf\":{\"@id\":\"https:\\\/\\\/www.italianacontenitori.com\\\/fr\\\/#website\"},\"primaryImageOfPage\":{\"@id\":\"https:\\\/\\\/www.italianacontenitori.com\\\/fr\\\/produit\\\/market-120-x-200-cm\\\/#primaryimage\"},\"image\":{\"@id\":\"https:\\\/\\\/www.italianacontenitori.com\\\/fr\\\/produit\\\/market-120-x-200-cm\\\/#primaryimage\"},\"thumbnailUrl\":\"https:\\\/\\\/www.italianacontenitori.com\\\/wp-content\\\/uploads\\\/2020\\\/12\\\/MARK120200.png\",\"datePublished\":\"2020-12-07T16:31:05+00:00\",\"dateModified\":\"2026-04-10T14:38:42+00:00\",\"description\":\"Grand conteneur industriel en grillage galvanis\u00e9. Empilable, pliable, robuste et l\u00e9ger. Volume : 2,2 m3. Capacit\u00e9 de charge de 600 kg. Dimensions : 120x200 cm.\",\"breadcrumb\":{\"@id\":\"https:\\\/\\\/www.italianacontenitori.com\\\/fr\\\/produit\\\/market-120-x-200-cm\\\/#breadcrumb\"},\"inLanguage\":\"fr-FR\",\"potentialAction\":[{\"@type\":\"ReadAction\",\"target\":[\"https:\\\/\\\/www.italianacontenitori.com\\\/fr\\\/produit\\\/market-120-x-200-cm\\\/\"]}]},{\"@type\":\"ImageObject\",\"inLanguage\":\"fr-FR\",\"@id\":\"https:\\\/\\\/www.italianacontenitori.com\\\/fr\\\/produit\\\/market-120-x-200-cm\\\/#primaryimage\",\"url\":\"https:\\\/\\\/www.italianacontenitori.com\\\/wp-content\\\/uploads\\\/2020\\\/12\\\/MARK120200.png\",\"contentUrl\":\"https:\\\/\\\/www.italianacontenitori.com\\\/wp-content\\\/uploads\\\/2020\\\/12\\\/MARK120200.png\",\"width\":1024,\"height\":1024,\"caption\":\"Conteneur industriel en treillis m\u00e9tallique \u00e9lectrosoud\u00e9 - MARK120200\"},{\"@type\":\"BreadcrumbList\",\"@id\":\"https:\\\/\\\/www.italianacontenitori.com\\\/fr\\\/produit\\\/market-120-x-200-cm\\\/#breadcrumb\",\"itemListElement\":[{\"@type\":\"ListItem\",\"position\":1,\"name\":\"Home\",\"item\":\"https:\\\/\\\/www.italianacontenitori.com\\\/fr\\\/conteneurs-a-mailles-metalliques\\\/\"},{\"@type\":\"ListItem\",\"position\":2,\"name\":\"Conteneur industriel pour marchandises encombrantes &#8211; March\u00e9 120 x 200 cm\"}]},{\"@type\":\"WebSite\",\"@id\":\"https:\\\/\\\/www.italianacontenitori.com\\\/fr\\\/#website\",\"url\":\"https:\\\/\\\/www.italianacontenitori.com\\\/fr\\\/\",\"name\":\"italianacontenitori.com\",\"description\":\"Produzione di contenitori industriali e roll container\",\"publisher\":{\"@id\":\"https:\\\/\\\/www.italianacontenitori.com\\\/fr\\\/#organization\"},\"potentialAction\":[{\"@type\":\"SearchAction\",\"target\":{\"@type\":\"EntryPoint\",\"urlTemplate\":\"https:\\\/\\\/www.italianacontenitori.com\\\/fr\\\/?s={search_term_string}\"},\"query-input\":{\"@type\":\"PropertyValueSpecification\",\"valueRequired\":true,\"valueName\":\"search_term_string\"}}],\"inLanguage\":\"fr-FR\"},{\"@type\":\"Organization\",\"@id\":\"https:\\\/\\\/www.italianacontenitori.com\\\/fr\\\/#organization\",\"name\":\"Italiana Contenitori s.r.l.\",\"alternateName\":\"IC\",\"url\":\"https:\\\/\\\/www.italianacontenitori.com\\\/fr\\\/\",\"logo\":{\"@type\":\"ImageObject\",\"inLanguage\":\"fr-FR\",\"@id\":\"https:\\\/\\\/www.italianacontenitori.com\\\/fr\\\/#\\\/schema\\\/logo\\\/image\\\/\",\"url\":\"https:\\\/\\\/www.italianacontenitori.com\\\/wp-content\\\/uploads\\\/2020\\\/11\\\/cropped-Logo-Italiana-Contenitori_favicon.jpg\",\"contentUrl\":\"https:\\\/\\\/www.italianacontenitori.com\\\/wp-content\\\/uploads\\\/2020\\\/11\\\/cropped-Logo-Italiana-Contenitori_favicon.jpg\",\"width\":512,\"height\":512,\"caption\":\"Italiana Contenitori s.r.l.\"},\"image\":{\"@id\":\"https:\\\/\\\/www.italianacontenitori.com\\\/fr\\\/#\\\/schema\\\/logo\\\/image\\\/\"}}]}<\/script>\n<!-- \/ Yoast SEO plugin. -->","yoast_head_json":{"title":"Conteneur pour objets encombrants et d\u00e9chets - March\u00e9 120 x 200 cm","description":"Grand conteneur industriel en grillage galvanis\u00e9. Empilable, pliable, robuste et l\u00e9ger. Volume : 2,2 m3. Capacit\u00e9 de charge de 600 kg. Dimensions : 120x200 cm.","robots":{"index":"index","follow":"follow","max-snippet":"max-snippet:-1","max-image-preview":"max-image-preview:large","max-video-preview":"max-video-preview:-1"},"canonical":"https:\/\/www.italianacontenitori.com\/fr\/produit\/market-120-x-200-cm\/","og_locale":"fr_FR","og_type":"article","og_title":"Conteneur pour objets encombrants et d\u00e9chets - March\u00e9 120 x 200 cm","og_description":"Grand conteneur industriel en grillage galvanis\u00e9. Empilable, pliable, robuste et l\u00e9ger. Volume : 2,2 m3. Capacit\u00e9 de charge de 600 kg. Dimensions : 120x200 cm.","og_url":"https:\/\/www.italianacontenitori.com\/fr\/produit\/market-120-x-200-cm\/","og_site_name":"italianacontenitori.com","article_modified_time":"2026-04-10T14:38:42+00:00","og_image":[{"width":1024,"height":1024,"url":"https:\/\/www.italianacontenitori.com\/wp-content\/uploads\/2020\/12\/MARK120200.png","type":"image\/png"}],"twitter_card":"summary_large_image","twitter_misc":{"Dur\u00e9e de lecture estim\u00e9e":"2 minutes"},"schema":{"@context":"https:\/\/schema.org","@graph":[{"@type":"WebPage","@id":"https:\/\/www.italianacontenitori.com\/fr\/produit\/market-120-x-200-cm\/","url":"https:\/\/www.italianacontenitori.com\/fr\/produit\/market-120-x-200-cm\/","name":"Conteneur pour objets encombrants et d\u00e9chets - March\u00e9 120 x 200 cm","isPartOf":{"@id":"https:\/\/www.italianacontenitori.com\/fr\/#website"},"primaryImageOfPage":{"@id":"https:\/\/www.italianacontenitori.com\/fr\/produit\/market-120-x-200-cm\/#primaryimage"},"image":{"@id":"https:\/\/www.italianacontenitori.com\/fr\/produit\/market-120-x-200-cm\/#primaryimage"},"thumbnailUrl":"https:\/\/www.italianacontenitori.com\/wp-content\/uploads\/2020\/12\/MARK120200.png","datePublished":"2020-12-07T16:31:05+00:00","dateModified":"2026-04-10T14:38:42+00:00","description":"Grand conteneur industriel en grillage galvanis\u00e9. Empilable, pliable, robuste et l\u00e9ger. Volume : 2,2 m3. Capacit\u00e9 de charge de 600 kg. Dimensions : 120x200 cm.","breadcrumb":{"@id":"https:\/\/www.italianacontenitori.com\/fr\/produit\/market-120-x-200-cm\/#breadcrumb"},"inLanguage":"fr-FR","potentialAction":[{"@type":"ReadAction","target":["https:\/\/www.italianacontenitori.com\/fr\/produit\/market-120-x-200-cm\/"]}]},{"@type":"ImageObject","inLanguage":"fr-FR","@id":"https:\/\/www.italianacontenitori.com\/fr\/produit\/market-120-x-200-cm\/#primaryimage","url":"https:\/\/www.italianacontenitori.com\/wp-content\/uploads\/2020\/12\/MARK120200.png","contentUrl":"https:\/\/www.italianacontenitori.com\/wp-content\/uploads\/2020\/12\/MARK120200.png","width":1024,"height":1024,"caption":"Conteneur industriel en treillis m\u00e9tallique \u00e9lectrosoud\u00e9 - MARK120200"},{"@type":"BreadcrumbList","@id":"https:\/\/www.italianacontenitori.com\/fr\/produit\/market-120-x-200-cm\/#breadcrumb","itemListElement":[{"@type":"ListItem","position":1,"name":"Home","item":"https:\/\/www.italianacontenitori.com\/fr\/conteneurs-a-mailles-metalliques\/"},{"@type":"ListItem","position":2,"name":"Conteneur industriel pour marchandises encombrantes &#8211; March\u00e9 120 x 200 cm"}]},{"@type":"WebSite","@id":"https:\/\/www.italianacontenitori.com\/fr\/#website","url":"https:\/\/www.italianacontenitori.com\/fr\/","name":"italianacontenitori.com","description":"Produzione di contenitori industriali e roll container","publisher":{"@id":"https:\/\/www.italianacontenitori.com\/fr\/#organization"},"potentialAction":[{"@type":"SearchAction","target":{"@type":"EntryPoint","urlTemplate":"https:\/\/www.italianacontenitori.com\/fr\/?s={search_term_string}"},"query-input":{"@type":"PropertyValueSpecification","valueRequired":true,"valueName":"search_term_string"}}],"inLanguage":"fr-FR"},{"@type":"Organization","@id":"https:\/\/www.italianacontenitori.com\/fr\/#organization","name":"Italiana Contenitori s.r.l.","alternateName":"IC","url":"https:\/\/www.italianacontenitori.com\/fr\/","logo":{"@type":"ImageObject","inLanguage":"fr-FR","@id":"https:\/\/www.italianacontenitori.com\/fr\/#\/schema\/logo\/image\/","url":"https:\/\/www.italianacontenitori.com\/wp-content\/uploads\/2020\/11\/cropped-Logo-Italiana-Contenitori_favicon.jpg","contentUrl":"https:\/\/www.italianacontenitori.com\/wp-content\/uploads\/2020\/11\/cropped-Logo-Italiana-Contenitori_favicon.jpg","width":512,"height":512,"caption":"Italiana Contenitori s.r.l."},"image":{"@id":"https:\/\/www.italianacontenitori.com\/fr\/#\/schema\/logo\/image\/"}}]}},"_links":{"self":[{"href":"https:\/\/www.italianacontenitori.com\/fr\/wp-json\/wp\/v2\/product\/241664","targetHints":{"allow":["GET"]}}],"collection":[{"href":"https:\/\/www.italianacontenitori.com\/fr\/wp-json\/wp\/v2\/product"}],"about":[{"href":"https:\/\/www.italianacontenitori.com\/fr\/wp-json\/wp\/v2\/types\/product"}],"replies":[{"embeddable":true,"href":"https:\/\/www.italianacontenitori.com\/fr\/wp-json\/wp\/v2\/comments?post=241664"}],"wp:featuredmedia":[{"embeddable":true,"href":"https:\/\/www.italianacontenitori.com\/fr\/wp-json\/wp\/v2\/media\/240031"}],"wp:attachment":[{"href":"https:\/\/www.italianacontenitori.com\/fr\/wp-json\/wp\/v2\/media?parent=241664"}],"wp:term":[{"taxonomy":"product_brand","embeddable":true,"href":"https:\/\/www.italianacontenitori.com\/fr\/wp-json\/wp\/v2\/product_brand?post=241664"},{"taxonomy":"product_cat","embeddable":true,"href":"https:\/\/www.italianacontenitori.com\/fr\/wp-json\/wp\/v2\/product_cat?post=241664"},{"taxonomy":"product_tag","embeddable":true,"href":"https:\/\/www.italianacontenitori.com\/fr\/wp-json\/wp\/v2\/product_tag?post=241664"}],"curies":[{"name":"wp","href":"https:\/\/api.w.org\/{rel}","templated":true}]}}