{"id":241668,"date":"2020-12-07T16:20:01","date_gmt":"2020-12-07T16:20:01","guid":{"rendered":"https:\/\/www.italianacontenitori.com\/product\/market-120-x-165-cm\/"},"modified":"2026-04-10T14:38:43","modified_gmt":"2026-04-10T14:38:43","slug":"market-120-x-165-cm","status":"publish","type":"product","link":"https:\/\/www.italianacontenitori.com\/fr\/produit\/market-120-x-165-cm\/","title":{"rendered":"Conteneur industriel en m\u00e9tal &#8211; March\u00e9 120 x 165 cm"},"content":{"rendered":"<p>Le Market 120&#215;165 est l&#8217;un des plus grands conteneurs m\u00e9talliques industriels de la famille MARKET. Il est pliable et empilable et convient \u00e0 la <strong>manutention et au stockage de marchandises volumineuses<\/strong>. Ce conteneur grillag\u00e9 d&#8217;un volume de chargement de 1,7 m\u00e8tre cube, <strong>fabriqu\u00e9 en Italie \u00e0 partir de mat\u00e9riaux de haute qualit\u00e9<\/strong>, est con\u00e7u pour r\u00e9sister aux intemp\u00e9ries, \u00e0 la poussi\u00e8re, \u00e0 la salet\u00e9 et \u00e0 la salinit\u00e9 gr\u00e2ce \u00e0 son proc\u00e9d\u00e9 de <strong>galvanisation<\/strong>. Sa robustesse est renforc\u00e9e par la <strong>structure autoportante en treillis m\u00e9tallique<\/strong>, qui garantit non seulement la durabilit\u00e9 et la robustesse, mais aussi la visibilit\u00e9 imm\u00e9diate du contenu, ce qui est crucial pour l&#8217;optimisation de l&#8217;entrep\u00f4t. Le conteneur dispose d&#8217;une <strong>porte d&#8217;inspection sur le c\u00f4t\u00e9 long<\/strong> pour faciliter les op\u00e9rations de picking.  <\/p>\n<h2>Le conteneur industriel pour les marchandises encombrantes et les d\u00e9chets : l\u00e9ger, empilable, pliable et d&#8217;une capacit\u00e9 de charge de 600 kg.<\/h2>\n<ul>\n<li><strong>Grand conteneur grillag\u00e9<\/strong> au design soign\u00e9 pour un stockage et une manutention optimis\u00e9s des produits encombrants et des d\u00e9chets.<\/li>\n<li><strong>Empilable<\/strong> jusqu&#8217;\u00e0 <strong>trois unit\u00e9s enti\u00e8rement charg\u00e9es sur une base<\/strong>, id\u00e9al pour les applications industrielles et commerciales.<\/li>\n<li>\u00c9quip\u00e9 de <strong>barres anti-basculement<\/strong>, il assure la stabilit\u00e9 lors de la manutention avec des chariots \u00e9l\u00e9vateurs \u00e9lectriques ou des transpalettes.<\/li>\n<li><strong>Facile \u00e0 plier<\/strong> lorsqu&#8217;il n&#8217;est pas utilis\u00e9, il r\u00e9duit l&#8217;encombrement et optimise l&#8217;espace de stockage et de transport.<\/li>\n<li>Parfait pour la <strong>s\u00e9paration des d\u00e9chets<\/strong>, la manipulation s\u00fbre et pratique des <strong>marchandises encombrantes<\/strong> et des <strong>DEEE<\/strong>.<\/li>\n<li><strong>Capacit\u00e9 exceptionnelle de<\/strong> 1,7 m3 pour r\u00e9pondre aux besoins de stockage de grande capacit\u00e9 dans les entrep\u00f4ts et les environnements industriels.<\/li>\n<li>Une <strong>polyvalence<\/strong> qui le rend id\u00e9al pour diff\u00e9rents secteurs, du <strong>commercial<\/strong> \u00e0 l&#8217;<strong>industriel<\/strong>, en am\u00e9liorant l&#8217;efficacit\u00e9 et l&#8217;organisation de l&#8217;entrep\u00f4t.<\/li>\n<\/ul>\n<p><strong>Les grands conteneurs en treillis m\u00e9tallique sont \u00e9galement fabriqu\u00e9s sur mesure, demandez des informations \u00e0 la vol\u00e9e ici.  <\/strong><strong>Lot minimum 100 pi\u00e8ces. <\/strong><\/p>\n","protected":false},"excerpt":{"rendered":"<p>L\u2019un des plus grands conteneurs de la famille MARKET, un mod\u00e8le pliable et gerbable. Gr\u00e2ce \u00e0 un volume de charge utile de 1,7 m3, il est particuli\u00e8rement adapt\u00e9 \u00e0 la manutention de marchandises volumineuses. Dot\u00e9 de barres robustes avec fonction anti-basculement. Lot minimum 100 pi\u00e8ces.<\/p>\n","protected":false},"featured_media":240031,"comment_status":"open","ping_status":"closed","template":"","meta":{"_acf_changed":false,"_et_pb_use_builder":"","_et_pb_old_content":"","_et_gb_content_width":""},"product_brand":[],"product_cat":[1941,1929],"product_tag":[2043],"class_list":{"0":"post-241668","1":"product","2":"type-product","3":"status-publish","4":"has-post-thumbnail","6":"product_cat-collecte-des-dechets-emballage-deee","7":"product_cat-market-fr","8":"product_tag-containers-fr","10":"first","11":"instock","12":"shipping-taxable","13":"purchasable","14":"product-type-simple"},"acf":[],"yoast_head":"<!-- This site is optimized with the Yoast SEO plugin v27.3 - https:\/\/yoast.com\/product\/yoast-seo-wordpress\/ -->\n<title>Conteneur m\u00e9tallique pour marchandises encombrantes | March\u00e9 120x165cm<\/title>\n<meta name=\"description\" content=\"Conteneur m\u00e9tallique industriel en grillage galvanis\u00e9. Empilable 3 sur 1, pliable, robuste et l\u00e9ger. Volume : 1,7 m3. Capacit\u00e9 de charge de 600 kg.\" \/>\n<meta name=\"robots\" content=\"index, follow, max-snippet:-1, max-image-preview:large, max-video-preview:-1\" \/>\n<link rel=\"canonical\" href=\"https:\/\/www.italianacontenitori.com\/fr\/produit\/market-120-x-165-cm\/\" \/>\n<meta property=\"og:locale\" content=\"fr_FR\" \/>\n<meta property=\"og:type\" content=\"article\" \/>\n<meta property=\"og:title\" content=\"Conteneur m\u00e9tallique pour marchandises encombrantes | March\u00e9 120x165cm\" \/>\n<meta property=\"og:description\" content=\"Conteneur m\u00e9tallique industriel en grillage galvanis\u00e9. Empilable 3 sur 1, pliable, robuste et l\u00e9ger. Volume : 1,7 m3. Capacit\u00e9 de charge de 600 kg.\" \/>\n<meta property=\"og:url\" content=\"https:\/\/www.italianacontenitori.com\/fr\/produit\/market-120-x-165-cm\/\" \/>\n<meta property=\"og:site_name\" content=\"italianacontenitori.com\" \/>\n<meta property=\"article:modified_time\" content=\"2026-04-10T14:38:43+00:00\" \/>\n<meta property=\"og:image\" content=\"https:\/\/www.italianacontenitori.com\/wp-content\/uploads\/2020\/12\/MARK120200.png\" \/>\n\t<meta property=\"og:image:width\" content=\"1024\" \/>\n\t<meta property=\"og:image:height\" content=\"1024\" \/>\n\t<meta property=\"og:image:type\" content=\"image\/png\" \/>\n<meta name=\"twitter:card\" content=\"summary_large_image\" \/>\n<meta name=\"twitter:label1\" content=\"Dur\u00e9e de lecture estim\u00e9e\" \/>\n\t<meta name=\"twitter:data1\" content=\"2 minutes\" \/>\n<script type=\"application\/ld+json\" class=\"yoast-schema-graph\">{\"@context\":\"https:\\\/\\\/schema.org\",\"@graph\":[{\"@type\":\"WebPage\",\"@id\":\"https:\\\/\\\/www.italianacontenitori.com\\\/fr\\\/produit\\\/market-120-x-165-cm\\\/\",\"url\":\"https:\\\/\\\/www.italianacontenitori.com\\\/fr\\\/produit\\\/market-120-x-165-cm\\\/\",\"name\":\"Conteneur m\u00e9tallique pour marchandises encombrantes | March\u00e9 120x165cm\",\"isPartOf\":{\"@id\":\"https:\\\/\\\/www.italianacontenitori.com\\\/fr\\\/#website\"},\"primaryImageOfPage\":{\"@id\":\"https:\\\/\\\/www.italianacontenitori.com\\\/fr\\\/produit\\\/market-120-x-165-cm\\\/#primaryimage\"},\"image\":{\"@id\":\"https:\\\/\\\/www.italianacontenitori.com\\\/fr\\\/produit\\\/market-120-x-165-cm\\\/#primaryimage\"},\"thumbnailUrl\":\"https:\\\/\\\/www.italianacontenitori.com\\\/wp-content\\\/uploads\\\/2020\\\/12\\\/MARK120200.png\",\"datePublished\":\"2020-12-07T16:20:01+00:00\",\"dateModified\":\"2026-04-10T14:38:43+00:00\",\"description\":\"Conteneur m\u00e9tallique industriel en grillage galvanis\u00e9. Empilable 3 sur 1, pliable, robuste et l\u00e9ger. Volume : 1,7 m3. Capacit\u00e9 de charge de 600 kg.\",\"breadcrumb\":{\"@id\":\"https:\\\/\\\/www.italianacontenitori.com\\\/fr\\\/produit\\\/market-120-x-165-cm\\\/#breadcrumb\"},\"inLanguage\":\"fr-FR\",\"potentialAction\":[{\"@type\":\"ReadAction\",\"target\":[\"https:\\\/\\\/www.italianacontenitori.com\\\/fr\\\/produit\\\/market-120-x-165-cm\\\/\"]}]},{\"@type\":\"ImageObject\",\"inLanguage\":\"fr-FR\",\"@id\":\"https:\\\/\\\/www.italianacontenitori.com\\\/fr\\\/produit\\\/market-120-x-165-cm\\\/#primaryimage\",\"url\":\"https:\\\/\\\/www.italianacontenitori.com\\\/wp-content\\\/uploads\\\/2020\\\/12\\\/MARK120200.png\",\"contentUrl\":\"https:\\\/\\\/www.italianacontenitori.com\\\/wp-content\\\/uploads\\\/2020\\\/12\\\/MARK120200.png\",\"width\":1024,\"height\":1024,\"caption\":\"Conteneur industriel en treillis m\u00e9tallique \u00e9lectrosoud\u00e9 - MARK120200\"},{\"@type\":\"BreadcrumbList\",\"@id\":\"https:\\\/\\\/www.italianacontenitori.com\\\/fr\\\/produit\\\/market-120-x-165-cm\\\/#breadcrumb\",\"itemListElement\":[{\"@type\":\"ListItem\",\"position\":1,\"name\":\"Home\",\"item\":\"https:\\\/\\\/www.italianacontenitori.com\\\/fr\\\/conteneurs-a-mailles-metalliques\\\/\"},{\"@type\":\"ListItem\",\"position\":2,\"name\":\"Conteneur industriel en m\u00e9tal &#8211; March\u00e9 120 x 165 cm\"}]},{\"@type\":\"WebSite\",\"@id\":\"https:\\\/\\\/www.italianacontenitori.com\\\/fr\\\/#website\",\"url\":\"https:\\\/\\\/www.italianacontenitori.com\\\/fr\\\/\",\"name\":\"italianacontenitori.com\",\"description\":\"Produzione di contenitori industriali e roll container\",\"publisher\":{\"@id\":\"https:\\\/\\\/www.italianacontenitori.com\\\/fr\\\/#organization\"},\"potentialAction\":[{\"@type\":\"SearchAction\",\"target\":{\"@type\":\"EntryPoint\",\"urlTemplate\":\"https:\\\/\\\/www.italianacontenitori.com\\\/fr\\\/?s={search_term_string}\"},\"query-input\":{\"@type\":\"PropertyValueSpecification\",\"valueRequired\":true,\"valueName\":\"search_term_string\"}}],\"inLanguage\":\"fr-FR\"},{\"@type\":\"Organization\",\"@id\":\"https:\\\/\\\/www.italianacontenitori.com\\\/fr\\\/#organization\",\"name\":\"Italiana Contenitori s.r.l.\",\"alternateName\":\"IC\",\"url\":\"https:\\\/\\\/www.italianacontenitori.com\\\/fr\\\/\",\"logo\":{\"@type\":\"ImageObject\",\"inLanguage\":\"fr-FR\",\"@id\":\"https:\\\/\\\/www.italianacontenitori.com\\\/fr\\\/#\\\/schema\\\/logo\\\/image\\\/\",\"url\":\"https:\\\/\\\/www.italianacontenitori.com\\\/wp-content\\\/uploads\\\/2020\\\/11\\\/cropped-Logo-Italiana-Contenitori_favicon.jpg\",\"contentUrl\":\"https:\\\/\\\/www.italianacontenitori.com\\\/wp-content\\\/uploads\\\/2020\\\/11\\\/cropped-Logo-Italiana-Contenitori_favicon.jpg\",\"width\":512,\"height\":512,\"caption\":\"Italiana Contenitori s.r.l.\"},\"image\":{\"@id\":\"https:\\\/\\\/www.italianacontenitori.com\\\/fr\\\/#\\\/schema\\\/logo\\\/image\\\/\"}}]}<\/script>\n<!-- \/ Yoast SEO plugin. -->","yoast_head_json":{"title":"Conteneur m\u00e9tallique pour marchandises encombrantes | March\u00e9 120x165cm","description":"Conteneur m\u00e9tallique industriel en grillage galvanis\u00e9. Empilable 3 sur 1, pliable, robuste et l\u00e9ger. Volume : 1,7 m3. Capacit\u00e9 de charge de 600 kg.","robots":{"index":"index","follow":"follow","max-snippet":"max-snippet:-1","max-image-preview":"max-image-preview:large","max-video-preview":"max-video-preview:-1"},"canonical":"https:\/\/www.italianacontenitori.com\/fr\/produit\/market-120-x-165-cm\/","og_locale":"fr_FR","og_type":"article","og_title":"Conteneur m\u00e9tallique pour marchandises encombrantes | March\u00e9 120x165cm","og_description":"Conteneur m\u00e9tallique industriel en grillage galvanis\u00e9. Empilable 3 sur 1, pliable, robuste et l\u00e9ger. Volume : 1,7 m3. Capacit\u00e9 de charge de 600 kg.","og_url":"https:\/\/www.italianacontenitori.com\/fr\/produit\/market-120-x-165-cm\/","og_site_name":"italianacontenitori.com","article_modified_time":"2026-04-10T14:38:43+00:00","og_image":[{"width":1024,"height":1024,"url":"https:\/\/www.italianacontenitori.com\/wp-content\/uploads\/2020\/12\/MARK120200.png","type":"image\/png"}],"twitter_card":"summary_large_image","twitter_misc":{"Dur\u00e9e de lecture estim\u00e9e":"2 minutes"},"schema":{"@context":"https:\/\/schema.org","@graph":[{"@type":"WebPage","@id":"https:\/\/www.italianacontenitori.com\/fr\/produit\/market-120-x-165-cm\/","url":"https:\/\/www.italianacontenitori.com\/fr\/produit\/market-120-x-165-cm\/","name":"Conteneur m\u00e9tallique pour marchandises encombrantes | March\u00e9 120x165cm","isPartOf":{"@id":"https:\/\/www.italianacontenitori.com\/fr\/#website"},"primaryImageOfPage":{"@id":"https:\/\/www.italianacontenitori.com\/fr\/produit\/market-120-x-165-cm\/#primaryimage"},"image":{"@id":"https:\/\/www.italianacontenitori.com\/fr\/produit\/market-120-x-165-cm\/#primaryimage"},"thumbnailUrl":"https:\/\/www.italianacontenitori.com\/wp-content\/uploads\/2020\/12\/MARK120200.png","datePublished":"2020-12-07T16:20:01+00:00","dateModified":"2026-04-10T14:38:43+00:00","description":"Conteneur m\u00e9tallique industriel en grillage galvanis\u00e9. Empilable 3 sur 1, pliable, robuste et l\u00e9ger. Volume : 1,7 m3. Capacit\u00e9 de charge de 600 kg.","breadcrumb":{"@id":"https:\/\/www.italianacontenitori.com\/fr\/produit\/market-120-x-165-cm\/#breadcrumb"},"inLanguage":"fr-FR","potentialAction":[{"@type":"ReadAction","target":["https:\/\/www.italianacontenitori.com\/fr\/produit\/market-120-x-165-cm\/"]}]},{"@type":"ImageObject","inLanguage":"fr-FR","@id":"https:\/\/www.italianacontenitori.com\/fr\/produit\/market-120-x-165-cm\/#primaryimage","url":"https:\/\/www.italianacontenitori.com\/wp-content\/uploads\/2020\/12\/MARK120200.png","contentUrl":"https:\/\/www.italianacontenitori.com\/wp-content\/uploads\/2020\/12\/MARK120200.png","width":1024,"height":1024,"caption":"Conteneur industriel en treillis m\u00e9tallique \u00e9lectrosoud\u00e9 - MARK120200"},{"@type":"BreadcrumbList","@id":"https:\/\/www.italianacontenitori.com\/fr\/produit\/market-120-x-165-cm\/#breadcrumb","itemListElement":[{"@type":"ListItem","position":1,"name":"Home","item":"https:\/\/www.italianacontenitori.com\/fr\/conteneurs-a-mailles-metalliques\/"},{"@type":"ListItem","position":2,"name":"Conteneur industriel en m\u00e9tal &#8211; March\u00e9 120 x 165 cm"}]},{"@type":"WebSite","@id":"https:\/\/www.italianacontenitori.com\/fr\/#website","url":"https:\/\/www.italianacontenitori.com\/fr\/","name":"italianacontenitori.com","description":"Produzione di contenitori industriali e roll container","publisher":{"@id":"https:\/\/www.italianacontenitori.com\/fr\/#organization"},"potentialAction":[{"@type":"SearchAction","target":{"@type":"EntryPoint","urlTemplate":"https:\/\/www.italianacontenitori.com\/fr\/?s={search_term_string}"},"query-input":{"@type":"PropertyValueSpecification","valueRequired":true,"valueName":"search_term_string"}}],"inLanguage":"fr-FR"},{"@type":"Organization","@id":"https:\/\/www.italianacontenitori.com\/fr\/#organization","name":"Italiana Contenitori s.r.l.","alternateName":"IC","url":"https:\/\/www.italianacontenitori.com\/fr\/","logo":{"@type":"ImageObject","inLanguage":"fr-FR","@id":"https:\/\/www.italianacontenitori.com\/fr\/#\/schema\/logo\/image\/","url":"https:\/\/www.italianacontenitori.com\/wp-content\/uploads\/2020\/11\/cropped-Logo-Italiana-Contenitori_favicon.jpg","contentUrl":"https:\/\/www.italianacontenitori.com\/wp-content\/uploads\/2020\/11\/cropped-Logo-Italiana-Contenitori_favicon.jpg","width":512,"height":512,"caption":"Italiana Contenitori s.r.l."},"image":{"@id":"https:\/\/www.italianacontenitori.com\/fr\/#\/schema\/logo\/image\/"}}]}},"_links":{"self":[{"href":"https:\/\/www.italianacontenitori.com\/fr\/wp-json\/wp\/v2\/product\/241668","targetHints":{"allow":["GET"]}}],"collection":[{"href":"https:\/\/www.italianacontenitori.com\/fr\/wp-json\/wp\/v2\/product"}],"about":[{"href":"https:\/\/www.italianacontenitori.com\/fr\/wp-json\/wp\/v2\/types\/product"}],"replies":[{"embeddable":true,"href":"https:\/\/www.italianacontenitori.com\/fr\/wp-json\/wp\/v2\/comments?post=241668"}],"wp:featuredmedia":[{"embeddable":true,"href":"https:\/\/www.italianacontenitori.com\/fr\/wp-json\/wp\/v2\/media\/240031"}],"wp:attachment":[{"href":"https:\/\/www.italianacontenitori.com\/fr\/wp-json\/wp\/v2\/media?parent=241668"}],"wp:term":[{"taxonomy":"product_brand","embeddable":true,"href":"https:\/\/www.italianacontenitori.com\/fr\/wp-json\/wp\/v2\/product_brand?post=241668"},{"taxonomy":"product_cat","embeddable":true,"href":"https:\/\/www.italianacontenitori.com\/fr\/wp-json\/wp\/v2\/product_cat?post=241668"},{"taxonomy":"product_tag","embeddable":true,"href":"https:\/\/www.italianacontenitori.com\/fr\/wp-json\/wp\/v2\/product_tag?post=241668"}],"curies":[{"name":"wp","href":"https:\/\/api.w.org\/{rel}","templated":true}]}}