{"id":241672,"date":"2020-12-07T16:15:26","date_gmt":"2020-12-07T16:15:26","guid":{"rendered":"https:\/\/www.italianacontenitori.com\/product\/market-113-x-145-cm-elephant\/"},"modified":"2026-04-10T14:38:40","modified_gmt":"2026-04-10T14:38:40","slug":"market-113-x-145-cm-elephant","status":"publish","type":"product","link":"https:\/\/www.italianacontenitori.com\/fr\/produit\/market-113-x-145-cm-elephant\/","title":{"rendered":"Conteneur industriel en m\u00e9tal &#8211; \u00c9l\u00e9phant de march\u00e9 113 x 145 cm"},"content":{"rendered":"<p>Le Market Elephant est le conteneur industriel id\u00e9al pour ceux qui recherchent la robustesse, une grande capacit\u00e9 de charge, des dimensions g\u00e9n\u00e9reuses et la solidit\u00e9. Par rapport aux paniers en carton et en t\u00f4le, l&#8217;El\u00e9phant est un v\u00e9ritable gagnant : il a une capacit\u00e9 interne de 1,64 m\u00e8tre cube, il est empilable, il est pliable, il est en maille serr\u00e9e &#8211; 5&#215;5 cm &#8211; pour transporter m\u00eame de petits objets, et il a une <strong>capacit\u00e9 de charge de 1000 kg<\/strong>, un v\u00e9ritable record compte tenu de son poids plume. Cette corbeille industrielle en fer et en m\u00e9tal <strong>, fabriqu\u00e9e \u00e0 partir de mat\u00e9riaux de haute qualit\u00e9<\/strong>, est con\u00e7ue pour r\u00e9sister aux intemp\u00e9ries, \u00e0 la poussi\u00e8re, \u00e0 la salet\u00e9 et \u00e0 la salinit\u00e9 gr\u00e2ce au processus de <strong>galvanisation <\/strong>auquel elle est soumise. Sa robustesse est renforc\u00e9e par la <strong>structure autoportante en treillis m\u00e9tallique<\/strong>, qui garantit non seulement la durabilit\u00e9, mais aussi la visibilit\u00e9 imm\u00e9diate du contenu, un aspect crucial pour l&#8217;optimisation de l&#8217;entrep\u00f4t. Le conteneur est dot\u00e9 d&#8217;une porte d&#8217;inspection sur le c\u00f4t\u00e9 long pour faciliter les op\u00e9rations de picking.    <\/p>\n<h2>Le conteneur industriel pour les marchandises lourdes, volumineuses et petites. Elephant est l\u00e9ger, empilable, pliable et a une capacit\u00e9 de charge record. <\/h2>\n<p>Voici le texte sous forme de liste \u00e0 puces, en mettant l&#8217;accent sur la <strong>grande capacit\u00e9 de charge<\/strong>:<\/p>\n<ul>\n<li><strong>Grande capacit\u00e9 de chargement<\/strong>: jusqu&#8217;\u00e0 <strong>trois conteneurs enti\u00e8rement charg\u00e9s<\/strong> (1000 kg) peuvent \u00eatre empil\u00e9s sur une base, ce qui optimise l&#8217;espace et am\u00e9liore l&#8217;efficacit\u00e9 op\u00e9rationnelle.<\/li>\n<li><strong>Dimensions optimales<\/strong>: con\u00e7u selon les <strong>normes europ\u00e9ennes<\/strong>, il garantit la compatibilit\u00e9 et la facilit\u00e9 d&#8217;utilisation dans divers contextes industriels et commerciaux.<\/li>\n<li><strong>Pliage facile<\/strong>: lorsqu&#8217;il n&#8217;est pas utilis\u00e9, le <strong>conteneur peut \u00eatre facilement pli\u00e9<\/strong>, ce qui r\u00e9duit l&#8217;encombrement et optimise l&#8217;<strong>espace de stockage<\/strong> et de transport.<\/li>\n<li><strong>Polyvalence exceptionnelle<\/strong>: id\u00e9al pour une large gamme d&#8217;applications, telles que la <strong>gestion des d\u00e9chets<\/strong>, le <strong>stockage de marchandises lourdes<\/strong> et la <strong>manutention interne<\/strong>.<\/li>\n<li><strong>Domaines d&#8217;application<\/strong>: id\u00e9al pour l&#8217;industrie, la distribution et la logistique, afin d&#8217;am\u00e9liorer l&#8217;efficacit\u00e9 et l&#8217;organisation dans les entrep\u00f4ts et pendant le transport.<\/li>\n<\/ul>\n<p>Avec <strong>Market Elephant<\/strong>, vos op\u00e9rations seront plus efficaces et mieux organis\u00e9es, en garantissant une <strong>capacit\u00e9 de chargement \u00e9lev\u00e9e<\/strong> et en optimisant l&#8217;utilisation de l&#8217;espace disponible. En outre, gr\u00e2ce \u00e0 un contr\u00f4le total du cycle de production, nous pouvons vous proposer des <strong>solutions sur mesure<\/strong>, en adaptant le conteneur \u00e0 vos besoins sp\u00e9cifiques. <\/p>\n<p><strong>Lot minimum 50 pi\u00e8ces.<\/strong><\/p>\n","protected":false},"excerpt":{"rendered":"<article class=\"text-token-text-primary w-full\" dir=\"auto\" data-testid=\"conversation-turn-62\" data-scroll-anchor=\"false\">\n<div class=\"text-base my-auto mx-auto py-5 [--thread-content-margin:--spacing(4)] @[37rem]:[--thread-content-margin:--spacing(6)] @[70rem]:[--thread-content-margin:--spacing(12)] px-(--thread-content-margin)\">\n<div class=\"[--thread-content-max-width:32rem] @[34rem]:[--thread-content-max-width:40rem] @[64rem]:[--thread-content-max-width:48rem] mx-auto flex max-w-(--thread-content-max-width) flex-1 text-base gap-4 md:gap-5 lg:gap-6 group\/turn-messages focus-visible:outline-hidden\" tabindex=\"-1\">\n<div class=\"group\/conversation-turn relative flex w-full min-w-0 flex-col agent-turn\">\n<div class=\"relative flex-col gap-1 md:gap-3\">\n<div class=\"flex max-w-full flex-col grow\">\n<div class=\"min-h-8 text-message relative flex w-full flex-col items-end gap-2 text-start break-words whitespace-normal [.text-message+&amp;]:mt-5\" dir=\"auto\" data-message-author-role=\"assistant\" data-message-id=\"c8f43570-dce0-47df-b24f-ba79b05cce7d\" data-message-model-slug=\"gpt-4o-mini\">\n<div class=\"flex w-full flex-col gap-1 empty:hidden first:pt-[3px]\">\n<div class=\"markdown prose dark:prose-invert w-full break-words light\">\n<p class=\"\" data-start=\"0\" data-end=\"400\">D\u00e9couvrez le <strong data-start=\"33\" data-end=\"52\">Market Elephant<\/strong>, le conteneur industriel qui allie robustesse, capacit\u00e9 de charge \u00e9lev\u00e9e (jusqu&#8217;\u00e0 1000 kg) et polyvalence. Empilable, pliable et r\u00e9sistant aux intemp\u00e9ries, il est id\u00e9al pour le transport de marchandises encombrantes et de petite taille (5&#215;5 mailles). Il optimise l&#8217;espace et les op\u00e9rations logistiques gr\u00e2ce \u00e0 son design innovant et \u00e0 sa construction en treillis m\u00e9tallique de haute qualit\u00e9.  <\/p>\n<\/div>\n<\/div>\n<\/div>\n<\/div>\n<\/div>\n<\/div>\n<\/div>\n<\/div>\n<\/article>\n","protected":false},"featured_media":240421,"comment_status":"open","ping_status":"closed","template":"","meta":{"_acf_changed":false,"_et_pb_use_builder":"","_et_pb_old_content":"","_et_gb_content_width":""},"product_brand":[],"product_cat":[1941,1917,1929],"product_tag":[2043],"class_list":{"0":"post-241672","1":"product","2":"type-product","3":"status-publish","4":"has-post-thumbnail","6":"product_cat-collecte-des-dechets-emballage-deee","7":"product_cat-conteneurs-industriels","8":"product_cat-market-fr","9":"product_tag-containers-fr","11":"first","12":"instock","13":"shipping-taxable","14":"purchasable","15":"product-type-simple"},"acf":[],"yoast_head":"<!-- This site is optimized with the Yoast SEO plugin v27.4 - https:\/\/yoast.com\/product\/yoast-seo-wordpress\/ -->\n<title>March\u00e9 des conteneurs industriels \u00c9l\u00e9phant | Grand, agile et fort<\/title>\n<meta name=\"description\" content=\"Conteneur industriel \u00e0 grille m\u00e9tallique. Empilable 3 sur 1, pliable, robuste et l\u00e9ger. Volume : 1,64 m3. Capacit\u00e9 de charge 1000kg. Dimensions 113x145 cm\" \/>\n<meta name=\"robots\" content=\"index, follow, max-snippet:-1, max-image-preview:large, max-video-preview:-1\" \/>\n<link rel=\"canonical\" href=\"https:\/\/www.italianacontenitori.com\/fr\/produit\/market-113-x-145-cm-elephant\/\" \/>\n<meta property=\"og:locale\" content=\"fr_FR\" \/>\n<meta property=\"og:type\" content=\"article\" \/>\n<meta property=\"og:title\" content=\"March\u00e9 des conteneurs industriels \u00c9l\u00e9phant | Grand, agile et fort\" \/>\n<meta property=\"og:description\" content=\"Conteneur industriel \u00e0 grille m\u00e9tallique. Empilable 3 sur 1, pliable, robuste et l\u00e9ger. Volume : 1,64 m3. Capacit\u00e9 de charge 1000kg. Dimensions 113x145 cm\" \/>\n<meta property=\"og:url\" content=\"https:\/\/www.italianacontenitori.com\/fr\/produit\/market-113-x-145-cm-elephant\/\" \/>\n<meta property=\"og:site_name\" content=\"italianacontenitori.com\" \/>\n<meta property=\"article:modified_time\" content=\"2026-04-10T14:38:40+00:00\" \/>\n<meta property=\"og:image\" content=\"https:\/\/www.italianacontenitori.com\/wp-content\/uploads\/2020\/12\/MARK114145.png\" \/>\n\t<meta property=\"og:image:width\" content=\"1024\" \/>\n\t<meta property=\"og:image:height\" content=\"1024\" \/>\n\t<meta property=\"og:image:type\" content=\"image\/png\" \/>\n<meta name=\"twitter:card\" content=\"summary_large_image\" \/>\n<meta name=\"twitter:label1\" content=\"Dur\u00e9e de lecture estim\u00e9e\" \/>\n\t<meta name=\"twitter:data1\" content=\"2 minutes\" \/>\n<script type=\"application\/ld+json\" class=\"yoast-schema-graph\">{\"@context\":\"https:\\\/\\\/schema.org\",\"@graph\":[{\"@type\":\"WebPage\",\"@id\":\"https:\\\/\\\/www.italianacontenitori.com\\\/fr\\\/produit\\\/market-113-x-145-cm-elephant\\\/\",\"url\":\"https:\\\/\\\/www.italianacontenitori.com\\\/fr\\\/produit\\\/market-113-x-145-cm-elephant\\\/\",\"name\":\"March\u00e9 des conteneurs industriels \u00c9l\u00e9phant | Grand, agile et fort\",\"isPartOf\":{\"@id\":\"https:\\\/\\\/www.italianacontenitori.com\\\/fr\\\/#website\"},\"primaryImageOfPage\":{\"@id\":\"https:\\\/\\\/www.italianacontenitori.com\\\/fr\\\/produit\\\/market-113-x-145-cm-elephant\\\/#primaryimage\"},\"image\":{\"@id\":\"https:\\\/\\\/www.italianacontenitori.com\\\/fr\\\/produit\\\/market-113-x-145-cm-elephant\\\/#primaryimage\"},\"thumbnailUrl\":\"https:\\\/\\\/www.italianacontenitori.com\\\/wp-content\\\/uploads\\\/2020\\\/12\\\/MARK114145.png\",\"datePublished\":\"2020-12-07T16:15:26+00:00\",\"dateModified\":\"2026-04-10T14:38:40+00:00\",\"description\":\"Conteneur industriel \u00e0 grille m\u00e9tallique. Empilable 3 sur 1, pliable, robuste et l\u00e9ger. Volume : 1,64 m3. Capacit\u00e9 de charge 1000kg. Dimensions 113x145 cm\",\"breadcrumb\":{\"@id\":\"https:\\\/\\\/www.italianacontenitori.com\\\/fr\\\/produit\\\/market-113-x-145-cm-elephant\\\/#breadcrumb\"},\"inLanguage\":\"fr-FR\",\"potentialAction\":[{\"@type\":\"ReadAction\",\"target\":[\"https:\\\/\\\/www.italianacontenitori.com\\\/fr\\\/produit\\\/market-113-x-145-cm-elephant\\\/\"]}]},{\"@type\":\"ImageObject\",\"inLanguage\":\"fr-FR\",\"@id\":\"https:\\\/\\\/www.italianacontenitori.com\\\/fr\\\/produit\\\/market-113-x-145-cm-elephant\\\/#primaryimage\",\"url\":\"https:\\\/\\\/www.italianacontenitori.com\\\/wp-content\\\/uploads\\\/2020\\\/12\\\/MARK114145.png\",\"contentUrl\":\"https:\\\/\\\/www.italianacontenitori.com\\\/wp-content\\\/uploads\\\/2020\\\/12\\\/MARK114145.png\",\"width\":1024,\"height\":1024,\"caption\":\"Grand conteneur industriel \u00e0 grille m\u00e9tallique pour les marchandises encombrantes. Capacit\u00e9 de charge de 1000 kg. Mod\u00e8le : MARK114145\"},{\"@type\":\"BreadcrumbList\",\"@id\":\"https:\\\/\\\/www.italianacontenitori.com\\\/fr\\\/produit\\\/market-113-x-145-cm-elephant\\\/#breadcrumb\",\"itemListElement\":[{\"@type\":\"ListItem\",\"position\":1,\"name\":\"Home\",\"item\":\"https:\\\/\\\/www.italianacontenitori.com\\\/fr\\\/conteneurs-a-mailles-metalliques\\\/\"},{\"@type\":\"ListItem\",\"position\":2,\"name\":\"Catalogue\",\"item\":\"https:\\\/\\\/www.italianacontenitori.com\\\/fr\\\/catalogue-fr\\\/\"},{\"@type\":\"ListItem\",\"position\":3,\"name\":\"Conteneur industriel en m\u00e9tal &#8211; \u00c9l\u00e9phant de march\u00e9 113 x 145 cm\"}]},{\"@type\":\"WebSite\",\"@id\":\"https:\\\/\\\/www.italianacontenitori.com\\\/fr\\\/#website\",\"url\":\"https:\\\/\\\/www.italianacontenitori.com\\\/fr\\\/\",\"name\":\"italianacontenitori.com\",\"description\":\"Produzione di contenitori industriali e roll container\",\"publisher\":{\"@id\":\"https:\\\/\\\/www.italianacontenitori.com\\\/fr\\\/#organization\"},\"potentialAction\":[{\"@type\":\"SearchAction\",\"target\":{\"@type\":\"EntryPoint\",\"urlTemplate\":\"https:\\\/\\\/www.italianacontenitori.com\\\/fr\\\/?s={search_term_string}\"},\"query-input\":{\"@type\":\"PropertyValueSpecification\",\"valueRequired\":true,\"valueName\":\"search_term_string\"}}],\"inLanguage\":\"fr-FR\"},{\"@type\":\"Organization\",\"@id\":\"https:\\\/\\\/www.italianacontenitori.com\\\/fr\\\/#organization\",\"name\":\"Italiana Contenitori s.r.l.\",\"alternateName\":\"IC\",\"url\":\"https:\\\/\\\/www.italianacontenitori.com\\\/fr\\\/\",\"logo\":{\"@type\":\"ImageObject\",\"inLanguage\":\"fr-FR\",\"@id\":\"https:\\\/\\\/www.italianacontenitori.com\\\/fr\\\/#\\\/schema\\\/logo\\\/image\\\/\",\"url\":\"https:\\\/\\\/www.italianacontenitori.com\\\/wp-content\\\/uploads\\\/2020\\\/11\\\/cropped-Logo-Italiana-Contenitori_favicon.jpg\",\"contentUrl\":\"https:\\\/\\\/www.italianacontenitori.com\\\/wp-content\\\/uploads\\\/2020\\\/11\\\/cropped-Logo-Italiana-Contenitori_favicon.jpg\",\"width\":512,\"height\":512,\"caption\":\"Italiana Contenitori s.r.l.\"},\"image\":{\"@id\":\"https:\\\/\\\/www.italianacontenitori.com\\\/fr\\\/#\\\/schema\\\/logo\\\/image\\\/\"}}]}<\/script>\n<!-- \/ Yoast SEO plugin. -->","yoast_head_json":{"title":"March\u00e9 des conteneurs industriels \u00c9l\u00e9phant | Grand, agile et fort","description":"Conteneur industriel \u00e0 grille m\u00e9tallique. Empilable 3 sur 1, pliable, robuste et l\u00e9ger. Volume : 1,64 m3. Capacit\u00e9 de charge 1000kg. Dimensions 113x145 cm","robots":{"index":"index","follow":"follow","max-snippet":"max-snippet:-1","max-image-preview":"max-image-preview:large","max-video-preview":"max-video-preview:-1"},"canonical":"https:\/\/www.italianacontenitori.com\/fr\/produit\/market-113-x-145-cm-elephant\/","og_locale":"fr_FR","og_type":"article","og_title":"March\u00e9 des conteneurs industriels \u00c9l\u00e9phant | Grand, agile et fort","og_description":"Conteneur industriel \u00e0 grille m\u00e9tallique. Empilable 3 sur 1, pliable, robuste et l\u00e9ger. Volume : 1,64 m3. Capacit\u00e9 de charge 1000kg. Dimensions 113x145 cm","og_url":"https:\/\/www.italianacontenitori.com\/fr\/produit\/market-113-x-145-cm-elephant\/","og_site_name":"italianacontenitori.com","article_modified_time":"2026-04-10T14:38:40+00:00","og_image":[{"width":1024,"height":1024,"url":"https:\/\/www.italianacontenitori.com\/wp-content\/uploads\/2020\/12\/MARK114145.png","type":"image\/png"}],"twitter_card":"summary_large_image","twitter_misc":{"Dur\u00e9e de lecture estim\u00e9e":"2 minutes"},"schema":{"@context":"https:\/\/schema.org","@graph":[{"@type":"WebPage","@id":"https:\/\/www.italianacontenitori.com\/fr\/produit\/market-113-x-145-cm-elephant\/","url":"https:\/\/www.italianacontenitori.com\/fr\/produit\/market-113-x-145-cm-elephant\/","name":"March\u00e9 des conteneurs industriels \u00c9l\u00e9phant | Grand, agile et fort","isPartOf":{"@id":"https:\/\/www.italianacontenitori.com\/fr\/#website"},"primaryImageOfPage":{"@id":"https:\/\/www.italianacontenitori.com\/fr\/produit\/market-113-x-145-cm-elephant\/#primaryimage"},"image":{"@id":"https:\/\/www.italianacontenitori.com\/fr\/produit\/market-113-x-145-cm-elephant\/#primaryimage"},"thumbnailUrl":"https:\/\/www.italianacontenitori.com\/wp-content\/uploads\/2020\/12\/MARK114145.png","datePublished":"2020-12-07T16:15:26+00:00","dateModified":"2026-04-10T14:38:40+00:00","description":"Conteneur industriel \u00e0 grille m\u00e9tallique. Empilable 3 sur 1, pliable, robuste et l\u00e9ger. Volume : 1,64 m3. Capacit\u00e9 de charge 1000kg. Dimensions 113x145 cm","breadcrumb":{"@id":"https:\/\/www.italianacontenitori.com\/fr\/produit\/market-113-x-145-cm-elephant\/#breadcrumb"},"inLanguage":"fr-FR","potentialAction":[{"@type":"ReadAction","target":["https:\/\/www.italianacontenitori.com\/fr\/produit\/market-113-x-145-cm-elephant\/"]}]},{"@type":"ImageObject","inLanguage":"fr-FR","@id":"https:\/\/www.italianacontenitori.com\/fr\/produit\/market-113-x-145-cm-elephant\/#primaryimage","url":"https:\/\/www.italianacontenitori.com\/wp-content\/uploads\/2020\/12\/MARK114145.png","contentUrl":"https:\/\/www.italianacontenitori.com\/wp-content\/uploads\/2020\/12\/MARK114145.png","width":1024,"height":1024,"caption":"Grand conteneur industriel \u00e0 grille m\u00e9tallique pour les marchandises encombrantes. Capacit\u00e9 de charge de 1000 kg. Mod\u00e8le : MARK114145"},{"@type":"BreadcrumbList","@id":"https:\/\/www.italianacontenitori.com\/fr\/produit\/market-113-x-145-cm-elephant\/#breadcrumb","itemListElement":[{"@type":"ListItem","position":1,"name":"Home","item":"https:\/\/www.italianacontenitori.com\/fr\/conteneurs-a-mailles-metalliques\/"},{"@type":"ListItem","position":2,"name":"Catalogue","item":"https:\/\/www.italianacontenitori.com\/fr\/catalogue-fr\/"},{"@type":"ListItem","position":3,"name":"Conteneur industriel en m\u00e9tal &#8211; \u00c9l\u00e9phant de march\u00e9 113 x 145 cm"}]},{"@type":"WebSite","@id":"https:\/\/www.italianacontenitori.com\/fr\/#website","url":"https:\/\/www.italianacontenitori.com\/fr\/","name":"italianacontenitori.com","description":"Produzione di contenitori industriali e roll container","publisher":{"@id":"https:\/\/www.italianacontenitori.com\/fr\/#organization"},"potentialAction":[{"@type":"SearchAction","target":{"@type":"EntryPoint","urlTemplate":"https:\/\/www.italianacontenitori.com\/fr\/?s={search_term_string}"},"query-input":{"@type":"PropertyValueSpecification","valueRequired":true,"valueName":"search_term_string"}}],"inLanguage":"fr-FR"},{"@type":"Organization","@id":"https:\/\/www.italianacontenitori.com\/fr\/#organization","name":"Italiana Contenitori s.r.l.","alternateName":"IC","url":"https:\/\/www.italianacontenitori.com\/fr\/","logo":{"@type":"ImageObject","inLanguage":"fr-FR","@id":"https:\/\/www.italianacontenitori.com\/fr\/#\/schema\/logo\/image\/","url":"https:\/\/www.italianacontenitori.com\/wp-content\/uploads\/2020\/11\/cropped-Logo-Italiana-Contenitori_favicon.jpg","contentUrl":"https:\/\/www.italianacontenitori.com\/wp-content\/uploads\/2020\/11\/cropped-Logo-Italiana-Contenitori_favicon.jpg","width":512,"height":512,"caption":"Italiana Contenitori s.r.l."},"image":{"@id":"https:\/\/www.italianacontenitori.com\/fr\/#\/schema\/logo\/image\/"}}]}},"_links":{"self":[{"href":"https:\/\/www.italianacontenitori.com\/fr\/wp-json\/wp\/v2\/product\/241672","targetHints":{"allow":["GET"]}}],"collection":[{"href":"https:\/\/www.italianacontenitori.com\/fr\/wp-json\/wp\/v2\/product"}],"about":[{"href":"https:\/\/www.italianacontenitori.com\/fr\/wp-json\/wp\/v2\/types\/product"}],"replies":[{"embeddable":true,"href":"https:\/\/www.italianacontenitori.com\/fr\/wp-json\/wp\/v2\/comments?post=241672"}],"wp:featuredmedia":[{"embeddable":true,"href":"https:\/\/www.italianacontenitori.com\/fr\/wp-json\/wp\/v2\/media\/240421"}],"wp:attachment":[{"href":"https:\/\/www.italianacontenitori.com\/fr\/wp-json\/wp\/v2\/media?parent=241672"}],"wp:term":[{"taxonomy":"product_brand","embeddable":true,"href":"https:\/\/www.italianacontenitori.com\/fr\/wp-json\/wp\/v2\/product_brand?post=241672"},{"taxonomy":"product_cat","embeddable":true,"href":"https:\/\/www.italianacontenitori.com\/fr\/wp-json\/wp\/v2\/product_cat?post=241672"},{"taxonomy":"product_tag","embeddable":true,"href":"https:\/\/www.italianacontenitori.com\/fr\/wp-json\/wp\/v2\/product_tag?post=241672"}],"curies":[{"name":"wp","href":"https:\/\/api.w.org\/{rel}","templated":true}]}}