{"id":241682,"date":"2020-12-07T13:29:37","date_gmt":"2020-12-07T13:29:37","guid":{"rendered":"https:\/\/www.italianacontenitori.com\/product\/market-100-x-120-cm\/"},"modified":"2026-04-10T14:38:34","modified_gmt":"2026-04-10T14:38:34","slug":"market-100-x-120-cm","status":"publish","type":"product","link":"https:\/\/www.italianacontenitori.com\/fr\/produit\/market-100-x-120-cm\/","title":{"rendered":"Conteneur industriel en grillage &#8211; March\u00e9 100 x 120 cm &#8211; EUR"},"content":{"rendered":"<p>Le Market 100&#215;120 est un conteneur industriel fabriqu\u00e9 \u00e0 partir d&#8217;une <strong>grille de fer \u00e9lectrosoud\u00e9e<\/strong>, sur laquelle est appliqu\u00e9e une finition galvanis\u00e9e par \u00e9lectrolyse pour garantir la r\u00e9sistance aux intemp\u00e9ries, aux liquides, \u00e0 la poussi\u00e8re, \u00e0 la salet\u00e9 et au sel. Ce panier m\u00e9tallique pr\u00e9sente des dimensions g\u00e9n\u00e9reuses (100 x 120 cm) et une capacit\u00e9 de charge de 1000 kg, pour un <strong>poids de 47 kg seulement.<\/strong> Sa robustesse est garantie par la structure solide et autoportante en treillis m\u00e9tallique, qui assure non seulement la l\u00e9g\u00e8ret\u00e9 et la durabilit\u00e9 du conteneur, mais permet \u00e9galement de voir son contenu sans avoir \u00e0 l&#8217;ouvrir ou \u00e0 le d\u00e9placer. Le conteneur dispose d&#8217;une porte d&#8217;inspection sur le c\u00f4t\u00e9 long pour les op\u00e9rations de picking.   <\/p>\n<h2>Conteneur industriel l\u00e9ger, empilable et pliable. Capacit\u00e9 de charge : 1000 kg. <\/h2>\n<p>Market 100&#215;120 permet d&#8217;<strong>empiler jusqu&#8217;\u00e0 trois conteneurs enti\u00e8rement charg\u00e9s sur une base : <\/strong>la solution id\u00e9ale pour le stockage vertical, <strong>avec une charge maximale de 1000 kg et un volume d&#8217;environ <strong>1 m\u00e8tre cube<\/strong> par conteneur<\/strong>. Il est disponible en deux hauteurs, 98 et 118 cm. Ce conteneur Market est utilis\u00e9 dans divers secteurs : de l&#8217;industrie lourde \u00e0 la gestion des d\u00e9chets, du secteur alimentaire et viticole \u00e0 la gestion d&#8217;entrep\u00f4ts. <\/p>\n<p>Lorsqu&#8217;il n&#8217;est pas utilis\u00e9, ou lors des retours \u00e0 vide, le conteneur peut \u00eatre <strong>facilement repli\u00e9, r\u00e9duisant l&#8217;<strong>\u00e9paisseur du conteneur pli\u00e9 \u00e0 seulement 33 cm<\/strong> et permettant une optimisation in\u00e9gal\u00e9e de l&#8217;espace de stockage et de transport. <\/strong>Avec Market 100&#215;120, votre entrep\u00f4t sera efficace, organis\u00e9 et pr\u00eat \u00e0 r\u00e9pondre \u00e0 tous les besoins d&#8217;espace et de manutention.Comme toujours, veuillez contacter le service client\u00e8le pour les conteneurs non standard.<\/p>\n","protected":false},"excerpt":{"rendered":"<p>Panier industriel l\u00e9ger et robuste en m\u00e9tal galvanis\u00e9 d&#8217;une capacit\u00e9 de charge de 1000 kg et d&#8217;un volume de 1 m\u00b3. Market 100&#215;120 est pliable, empilable jusqu&#8217;\u00e0 3 unit\u00e9s \u00e0 pleine charge et disponible en deux hauteurs (98 et 118 cm). Id\u00e9al pour l&#8217;industrie, la logistique, la gestion des d\u00e9chets et le secteur alimentaire. Avec porte d&#8217;inspection et personnalisable sur demande.   <\/p>\n","protected":false},"featured_media":240436,"comment_status":"open","ping_status":"closed","template":"","meta":{"_acf_changed":false,"_et_pb_use_builder":"","_et_pb_old_content":"","_et_gb_content_width":""},"product_brand":[],"product_cat":[1929],"product_tag":[2043],"class_list":{"0":"post-241682","1":"product","2":"type-product","3":"status-publish","4":"has-post-thumbnail","6":"product_cat-market-fr","7":"product_tag-containers-fr","9":"first","10":"instock","11":"shipping-taxable","12":"purchasable","13":"product-type-variable","14":"has-default-attributes"},"acf":[],"yoast_head":"<!-- This site is optimized with the Yoast SEO plugin v27.3 - https:\/\/yoast.com\/product\/yoast-seo-wordpress\/ -->\n<title>Conteneur industriel en grillage - March\u00e9 100 x 120 cm - EUR%.<\/title>\n<meta name=\"description\" content=\"Conteneur industriel en caillebotis galvanis\u00e9. Capacit\u00e9 de charge 1000 kg, empilable (3 sur 1), pliable, avec porte d&#039;inspection, transportable. Fabriqu\u00e9 en Italie.\" \/>\n<meta name=\"robots\" content=\"index, follow, max-snippet:-1, max-image-preview:large, max-video-preview:-1\" \/>\n<link rel=\"canonical\" href=\"https:\/\/www.italianacontenitori.com\/fr\/produit\/market-100-x-120-cm\/\" \/>\n<meta property=\"og:locale\" content=\"fr_FR\" \/>\n<meta property=\"og:type\" content=\"article\" \/>\n<meta property=\"og:title\" content=\"Conteneur industriel en grillage - March\u00e9 100 x 120 cm - EUR%.\" \/>\n<meta property=\"og:description\" content=\"Conteneur industriel en caillebotis galvanis\u00e9. Capacit\u00e9 de charge 1000 kg, empilable (3 sur 1), pliable, avec porte d&#039;inspection, transportable. Fabriqu\u00e9 en Italie.\" \/>\n<meta property=\"og:url\" content=\"https:\/\/www.italianacontenitori.com\/fr\/produit\/market-100-x-120-cm\/\" \/>\n<meta property=\"og:site_name\" content=\"italianacontenitori.com\" \/>\n<meta property=\"article:modified_time\" content=\"2026-04-10T14:38:34+00:00\" \/>\n<meta property=\"og:image\" content=\"https:\/\/www.italianacontenitori.com\/wp-content\/uploads\/2020\/12\/MARK09911911.png\" \/>\n\t<meta property=\"og:image:width\" content=\"1024\" \/>\n\t<meta property=\"og:image:height\" content=\"1024\" \/>\n\t<meta property=\"og:image:type\" content=\"image\/png\" \/>\n<meta name=\"twitter:card\" content=\"summary_large_image\" \/>\n<meta name=\"twitter:label1\" content=\"Dur\u00e9e de lecture estim\u00e9e\" \/>\n\t<meta name=\"twitter:data1\" content=\"1 minute\" \/>\n<script type=\"application\/ld+json\" class=\"yoast-schema-graph\">{\"@context\":\"https:\\\/\\\/schema.org\",\"@graph\":[{\"@type\":\"WebPage\",\"@id\":\"https:\\\/\\\/www.italianacontenitori.com\\\/fr\\\/produit\\\/market-100-x-120-cm\\\/\",\"url\":\"https:\\\/\\\/www.italianacontenitori.com\\\/fr\\\/produit\\\/market-100-x-120-cm\\\/\",\"name\":\"Conteneur industriel en grillage - March\u00e9 100 x 120 cm - EUR%.\",\"isPartOf\":{\"@id\":\"https:\\\/\\\/www.italianacontenitori.com\\\/fr\\\/#website\"},\"primaryImageOfPage\":{\"@id\":\"https:\\\/\\\/www.italianacontenitori.com\\\/fr\\\/produit\\\/market-100-x-120-cm\\\/#primaryimage\"},\"image\":{\"@id\":\"https:\\\/\\\/www.italianacontenitori.com\\\/fr\\\/produit\\\/market-100-x-120-cm\\\/#primaryimage\"},\"thumbnailUrl\":\"https:\\\/\\\/www.italianacontenitori.com\\\/wp-content\\\/uploads\\\/2020\\\/12\\\/MARK09911911.png\",\"datePublished\":\"2020-12-07T13:29:37+00:00\",\"dateModified\":\"2026-04-10T14:38:34+00:00\",\"description\":\"Conteneur industriel en caillebotis galvanis\u00e9. Capacit\u00e9 de charge 1000 kg, empilable (3 sur 1), pliable, avec porte d'inspection, transportable. Fabriqu\u00e9 en Italie.\",\"breadcrumb\":{\"@id\":\"https:\\\/\\\/www.italianacontenitori.com\\\/fr\\\/produit\\\/market-100-x-120-cm\\\/#breadcrumb\"},\"inLanguage\":\"fr-FR\",\"potentialAction\":[{\"@type\":\"ReadAction\",\"target\":[\"https:\\\/\\\/www.italianacontenitori.com\\\/fr\\\/produit\\\/market-100-x-120-cm\\\/\"]}]},{\"@type\":\"ImageObject\",\"inLanguage\":\"fr-FR\",\"@id\":\"https:\\\/\\\/www.italianacontenitori.com\\\/fr\\\/produit\\\/market-100-x-120-cm\\\/#primaryimage\",\"url\":\"https:\\\/\\\/www.italianacontenitori.com\\\/wp-content\\\/uploads\\\/2020\\\/12\\\/MARK09911911.png\",\"contentUrl\":\"https:\\\/\\\/www.italianacontenitori.com\\\/wp-content\\\/uploads\\\/2020\\\/12\\\/MARK09911911.png\",\"width\":1024,\"height\":1024,\"caption\":\"Conteneur industriel \u00e0 grille m\u00e9tallique. Mod\u00e8le de march\u00e9 100x120\"},{\"@type\":\"BreadcrumbList\",\"@id\":\"https:\\\/\\\/www.italianacontenitori.com\\\/fr\\\/produit\\\/market-100-x-120-cm\\\/#breadcrumb\",\"itemListElement\":[{\"@type\":\"ListItem\",\"position\":1,\"name\":\"Home\",\"item\":\"https:\\\/\\\/www.italianacontenitori.com\\\/fr\\\/conteneurs-a-mailles-metalliques\\\/\"},{\"@type\":\"ListItem\",\"position\":2,\"name\":\"Conteneur industriel en grillage &#8211; March\u00e9 100 x 120 cm &#8211; EUR\"}]},{\"@type\":\"WebSite\",\"@id\":\"https:\\\/\\\/www.italianacontenitori.com\\\/fr\\\/#website\",\"url\":\"https:\\\/\\\/www.italianacontenitori.com\\\/fr\\\/\",\"name\":\"italianacontenitori.com\",\"description\":\"Produzione di contenitori industriali e roll container\",\"publisher\":{\"@id\":\"https:\\\/\\\/www.italianacontenitori.com\\\/fr\\\/#organization\"},\"potentialAction\":[{\"@type\":\"SearchAction\",\"target\":{\"@type\":\"EntryPoint\",\"urlTemplate\":\"https:\\\/\\\/www.italianacontenitori.com\\\/fr\\\/?s={search_term_string}\"},\"query-input\":{\"@type\":\"PropertyValueSpecification\",\"valueRequired\":true,\"valueName\":\"search_term_string\"}}],\"inLanguage\":\"fr-FR\"},{\"@type\":\"Organization\",\"@id\":\"https:\\\/\\\/www.italianacontenitori.com\\\/fr\\\/#organization\",\"name\":\"Italiana Contenitori s.r.l.\",\"alternateName\":\"IC\",\"url\":\"https:\\\/\\\/www.italianacontenitori.com\\\/fr\\\/\",\"logo\":{\"@type\":\"ImageObject\",\"inLanguage\":\"fr-FR\",\"@id\":\"https:\\\/\\\/www.italianacontenitori.com\\\/fr\\\/#\\\/schema\\\/logo\\\/image\\\/\",\"url\":\"https:\\\/\\\/www.italianacontenitori.com\\\/wp-content\\\/uploads\\\/2020\\\/11\\\/cropped-Logo-Italiana-Contenitori_favicon.jpg\",\"contentUrl\":\"https:\\\/\\\/www.italianacontenitori.com\\\/wp-content\\\/uploads\\\/2020\\\/11\\\/cropped-Logo-Italiana-Contenitori_favicon.jpg\",\"width\":512,\"height\":512,\"caption\":\"Italiana Contenitori s.r.l.\"},\"image\":{\"@id\":\"https:\\\/\\\/www.italianacontenitori.com\\\/fr\\\/#\\\/schema\\\/logo\\\/image\\\/\"}}]}<\/script>\n<!-- \/ Yoast SEO plugin. -->","yoast_head_json":{"title":"Conteneur industriel en grillage - March\u00e9 100 x 120 cm - EUR%.","description":"Conteneur industriel en caillebotis galvanis\u00e9. Capacit\u00e9 de charge 1000 kg, empilable (3 sur 1), pliable, avec porte d'inspection, transportable. Fabriqu\u00e9 en Italie.","robots":{"index":"index","follow":"follow","max-snippet":"max-snippet:-1","max-image-preview":"max-image-preview:large","max-video-preview":"max-video-preview:-1"},"canonical":"https:\/\/www.italianacontenitori.com\/fr\/produit\/market-100-x-120-cm\/","og_locale":"fr_FR","og_type":"article","og_title":"Conteneur industriel en grillage - March\u00e9 100 x 120 cm - EUR%.","og_description":"Conteneur industriel en caillebotis galvanis\u00e9. Capacit\u00e9 de charge 1000 kg, empilable (3 sur 1), pliable, avec porte d'inspection, transportable. Fabriqu\u00e9 en Italie.","og_url":"https:\/\/www.italianacontenitori.com\/fr\/produit\/market-100-x-120-cm\/","og_site_name":"italianacontenitori.com","article_modified_time":"2026-04-10T14:38:34+00:00","og_image":[{"width":1024,"height":1024,"url":"https:\/\/www.italianacontenitori.com\/wp-content\/uploads\/2020\/12\/MARK09911911.png","type":"image\/png"}],"twitter_card":"summary_large_image","twitter_misc":{"Dur\u00e9e de lecture estim\u00e9e":"1 minute"},"schema":{"@context":"https:\/\/schema.org","@graph":[{"@type":"WebPage","@id":"https:\/\/www.italianacontenitori.com\/fr\/produit\/market-100-x-120-cm\/","url":"https:\/\/www.italianacontenitori.com\/fr\/produit\/market-100-x-120-cm\/","name":"Conteneur industriel en grillage - March\u00e9 100 x 120 cm - EUR%.","isPartOf":{"@id":"https:\/\/www.italianacontenitori.com\/fr\/#website"},"primaryImageOfPage":{"@id":"https:\/\/www.italianacontenitori.com\/fr\/produit\/market-100-x-120-cm\/#primaryimage"},"image":{"@id":"https:\/\/www.italianacontenitori.com\/fr\/produit\/market-100-x-120-cm\/#primaryimage"},"thumbnailUrl":"https:\/\/www.italianacontenitori.com\/wp-content\/uploads\/2020\/12\/MARK09911911.png","datePublished":"2020-12-07T13:29:37+00:00","dateModified":"2026-04-10T14:38:34+00:00","description":"Conteneur industriel en caillebotis galvanis\u00e9. Capacit\u00e9 de charge 1000 kg, empilable (3 sur 1), pliable, avec porte d'inspection, transportable. Fabriqu\u00e9 en Italie.","breadcrumb":{"@id":"https:\/\/www.italianacontenitori.com\/fr\/produit\/market-100-x-120-cm\/#breadcrumb"},"inLanguage":"fr-FR","potentialAction":[{"@type":"ReadAction","target":["https:\/\/www.italianacontenitori.com\/fr\/produit\/market-100-x-120-cm\/"]}]},{"@type":"ImageObject","inLanguage":"fr-FR","@id":"https:\/\/www.italianacontenitori.com\/fr\/produit\/market-100-x-120-cm\/#primaryimage","url":"https:\/\/www.italianacontenitori.com\/wp-content\/uploads\/2020\/12\/MARK09911911.png","contentUrl":"https:\/\/www.italianacontenitori.com\/wp-content\/uploads\/2020\/12\/MARK09911911.png","width":1024,"height":1024,"caption":"Conteneur industriel \u00e0 grille m\u00e9tallique. Mod\u00e8le de march\u00e9 100x120"},{"@type":"BreadcrumbList","@id":"https:\/\/www.italianacontenitori.com\/fr\/produit\/market-100-x-120-cm\/#breadcrumb","itemListElement":[{"@type":"ListItem","position":1,"name":"Home","item":"https:\/\/www.italianacontenitori.com\/fr\/conteneurs-a-mailles-metalliques\/"},{"@type":"ListItem","position":2,"name":"Conteneur industriel en grillage &#8211; March\u00e9 100 x 120 cm &#8211; EUR"}]},{"@type":"WebSite","@id":"https:\/\/www.italianacontenitori.com\/fr\/#website","url":"https:\/\/www.italianacontenitori.com\/fr\/","name":"italianacontenitori.com","description":"Produzione di contenitori industriali e roll container","publisher":{"@id":"https:\/\/www.italianacontenitori.com\/fr\/#organization"},"potentialAction":[{"@type":"SearchAction","target":{"@type":"EntryPoint","urlTemplate":"https:\/\/www.italianacontenitori.com\/fr\/?s={search_term_string}"},"query-input":{"@type":"PropertyValueSpecification","valueRequired":true,"valueName":"search_term_string"}}],"inLanguage":"fr-FR"},{"@type":"Organization","@id":"https:\/\/www.italianacontenitori.com\/fr\/#organization","name":"Italiana Contenitori s.r.l.","alternateName":"IC","url":"https:\/\/www.italianacontenitori.com\/fr\/","logo":{"@type":"ImageObject","inLanguage":"fr-FR","@id":"https:\/\/www.italianacontenitori.com\/fr\/#\/schema\/logo\/image\/","url":"https:\/\/www.italianacontenitori.com\/wp-content\/uploads\/2020\/11\/cropped-Logo-Italiana-Contenitori_favicon.jpg","contentUrl":"https:\/\/www.italianacontenitori.com\/wp-content\/uploads\/2020\/11\/cropped-Logo-Italiana-Contenitori_favicon.jpg","width":512,"height":512,"caption":"Italiana Contenitori s.r.l."},"image":{"@id":"https:\/\/www.italianacontenitori.com\/fr\/#\/schema\/logo\/image\/"}}]}},"_links":{"self":[{"href":"https:\/\/www.italianacontenitori.com\/fr\/wp-json\/wp\/v2\/product\/241682","targetHints":{"allow":["GET"]}}],"collection":[{"href":"https:\/\/www.italianacontenitori.com\/fr\/wp-json\/wp\/v2\/product"}],"about":[{"href":"https:\/\/www.italianacontenitori.com\/fr\/wp-json\/wp\/v2\/types\/product"}],"replies":[{"embeddable":true,"href":"https:\/\/www.italianacontenitori.com\/fr\/wp-json\/wp\/v2\/comments?post=241682"}],"wp:featuredmedia":[{"embeddable":true,"href":"https:\/\/www.italianacontenitori.com\/fr\/wp-json\/wp\/v2\/media\/240436"}],"wp:attachment":[{"href":"https:\/\/www.italianacontenitori.com\/fr\/wp-json\/wp\/v2\/media?parent=241682"}],"wp:term":[{"taxonomy":"product_brand","embeddable":true,"href":"https:\/\/www.italianacontenitori.com\/fr\/wp-json\/wp\/v2\/product_brand?post=241682"},{"taxonomy":"product_cat","embeddable":true,"href":"https:\/\/www.italianacontenitori.com\/fr\/wp-json\/wp\/v2\/product_cat?post=241682"},{"taxonomy":"product_tag","embeddable":true,"href":"https:\/\/www.italianacontenitori.com\/fr\/wp-json\/wp\/v2\/product_tag?post=241682"}],"curies":[{"name":"wp","href":"https:\/\/api.w.org\/{rel}","templated":true}]}}