{"id":241692,"date":"2020-12-07T13:16:49","date_gmt":"2020-12-07T13:16:49","guid":{"rendered":"https:\/\/www.italianacontenitori.com\/product\/market-93-x-119-cm-bordeaux\/"},"modified":"2026-04-10T14:38:27","modified_gmt":"2026-04-10T14:38:27","slug":"market-93-x-119-cm-bordeaux","status":"publish","type":"product","link":"https:\/\/www.italianacontenitori.com\/fr\/produit\/market-93-x-119-cm-bordeaux\/","title":{"rendered":"R\u00e9cipient industriel pour bouteilles de vin &#8211; March\u00e9 Bordeaux 93 x 119 cm"},"content":{"rendered":"<h2>Peut contenir 600 bouteilles de Bordeaux et peut empiler cinq conteneurs sur un seul.<\/h2>\n<p>La caisse \u00e0 bouteilles bordelaise <strong>Market 93 x 119 est une excellente solution pour le stockage et le vieillissement du vin.<\/strong> Ce casier \u00e0 bouteilles offre une capacit\u00e9 d&#8217;empilage consid\u00e9rable et permet d&#8217;<strong>empiler jusqu&#8217;\u00e0 cinq conteneurs enti\u00e8rement charg\u00e9s sur une m\u00eame base<\/strong>. Cette caract\u00e9ristique exceptionnelle permet de maximiser l&#8217;<strong>utilisation de l&#8217;espace disponible dans la cave<\/strong>, ce qui rend le Market Bordeaux id\u00e9al pour une large gamme d&#8217;applications de production et de logistique. Ses dimensions ont \u00e9t\u00e9 <strong>sp\u00e9cialement calibr\u00e9es pour optimiser la capacit\u00e9 de stockage des bouteilles de type Bordeaux (jusqu&#8217;\u00e0 600 bouteilles par conteneur)<\/strong>, ce qui permet une utilisation efficace de l&#8217;espace et un stockage optimal du vin.   <\/p>\n<p>Lorsqu&#8217;il n&#8217;est pas utilis\u00e9, ou lors des retours \u00e0 vide, le conteneur industriel pour bouteilles de vin peut \u00eatre <strong>facilement pli\u00e9, ce qui r\u00e9duit l&#8217;encombrement<\/strong> et permet une optimisation in\u00e9gal\u00e9e de l&#8217;espace de stockage et de transport. Ses dimensions sont id\u00e9ales pour saturer vos transports : 68 conteneurs ouverts correspondent \u00e0 330 pli\u00e9s. <\/p>\n<h2>Le conteneur en treillis m\u00e9tallique pour les bouteilles de vin : la qualit\u00e9 italienne pour l&#8217;industrie du vin<\/h2>\n<p>Le Market 93 x 119 est un conteneur grillag\u00e9 pour bouteilles de vin, sp\u00e9cialement con\u00e7u pour l&#8217;industrie du vin et de la vigne. Cette caisse m\u00e9tallique, <strong>fabriqu\u00e9e en Italie \u00e0 partir de mat\u00e9riaux de haute qualit\u00e9<\/strong>, est con\u00e7ue pour r\u00e9sister aux intemp\u00e9ries, \u00e0 la poussi\u00e8re, \u00e0 la salet\u00e9 et \u00e0 la salinit\u00e9 gr\u00e2ce \u00e0 son proc\u00e9d\u00e9 de <strong>galvanisation<\/strong>. Sa robustesse est renforc\u00e9e par sa <strong>structure grillag\u00e9e autoportante<\/strong>. Le conteneur dispose d&#8217;une <strong>porte d&#8217;inspection<\/strong> sur le c\u00f4t\u00e9 long pour faciliter les op\u00e9rations de <strong>picking<\/strong>.   <\/p>\n<p>L&#8217;un des atouts distinctifs d&#8217;Italiana Contenitori r\u00e9side dans ses possibilit\u00e9s de personnalisation : <strong>nous contr\u00f4lons l&#8217;ensemble du cycle de production et sommes donc en mesure d&#8217;offrir le plus haut niveau de personnalisation<\/strong>. Si les variantes standard ne r\u00e9pondent pas \u00e0 vos exigences sp\u00e9cifiques (voir la fiche technique ci-dessous), nous vous invitons \u00e0 contacter notre service client\u00e8le qui, en synergie avec le d\u00e9partement technique et de conception, sera en mesure de fournir une <strong>solution personnalis\u00e9e, durable et r\u00e9sistante<\/strong>. <\/p>\n<p>Market 93 x 119 est parfaitement adapt\u00e9 aux <strong>secteurs du vin et de l&#8217;agriculture,<\/strong> offrant une solution fiable pour le stockage et la manipulation des bouteilles de vin. Sa polyvalence en fait la solution id\u00e9ale pour toute cave ou producteur de vin qui a besoin d&#8217;une solution agile, adaptable et facile \u00e0 d\u00e9placer. Avec le Market 93 x 119, votre espace de travail sera plus efficace, organis\u00e9 et pr\u00eat \u00e0 r\u00e9pondre \u00e0 tous les besoins en mati\u00e8re d&#8217;espace et de manutention.  <\/p>\n<p>&nbsp;<\/p>\n","protected":false},"excerpt":{"rendered":"<p>Conteneur en treillis m\u00e9tallique pour bouteilles de vin de Bordeaux, d&#8217;une capacit\u00e9 de 600 bouteilles et d&#8217;une charge maximale de 800 kg. Porte d&#8217;inspection, capacit\u00e9 d&#8217;empilage 5 en 1. Pliable, l\u00e9ger, inoxydable.  <\/p>\n","protected":false},"featured_media":240446,"comment_status":"open","ping_status":"closed","template":"","meta":{"_acf_changed":false,"_et_pb_use_builder":"","_et_pb_old_content":"","_et_gb_content_width":""},"product_brand":[],"product_cat":[1917,1929],"product_tag":[2043],"class_list":{"0":"post-241692","1":"product","2":"type-product","3":"status-publish","4":"has-post-thumbnail","6":"product_cat-conteneurs-industriels","7":"product_cat-market-fr","8":"product_tag-containers-fr","10":"first","11":"instock","12":"shipping-taxable","13":"purchasable","14":"product-type-simple"},"acf":[],"yoast_head":"<!-- This site is optimized with the Yoast SEO plugin v27.4 - https:\/\/yoast.com\/product\/yoast-seo-wordpress\/ -->\n<title>Conteneur grillag\u00e9 pour bouteilles de vin - MARKET 93x119<\/title>\n<meta name=\"description\" content=\"Conteneur grillag\u00e9 pour bouteilles de vin. Capacit\u00e9 de 800 kg, soit 600 bouteilles de vin de Bordeaux. Empilable 5 par 1. Pliable et solide.\" \/>\n<meta name=\"robots\" content=\"index, follow, max-snippet:-1, max-image-preview:large, max-video-preview:-1\" \/>\n<link rel=\"canonical\" href=\"https:\/\/www.italianacontenitori.com\/fr\/produit\/market-93-x-119-cm-bordeaux\/\" \/>\n<meta property=\"og:locale\" content=\"fr_FR\" \/>\n<meta property=\"og:type\" content=\"article\" \/>\n<meta property=\"og:title\" content=\"Conteneur grillag\u00e9 pour bouteilles de vin - MARKET 93x119\" \/>\n<meta property=\"og:description\" content=\"Conteneur grillag\u00e9 pour bouteilles de vin. Capacit\u00e9 de 800 kg, soit 600 bouteilles de vin de Bordeaux. Empilable 5 par 1. Pliable et solide.\" \/>\n<meta property=\"og:url\" content=\"https:\/\/www.italianacontenitori.com\/fr\/produit\/market-93-x-119-cm-bordeaux\/\" \/>\n<meta property=\"og:site_name\" content=\"italianacontenitori.com\" \/>\n<meta property=\"article:modified_time\" content=\"2026-04-10T14:38:27+00:00\" \/>\n<meta property=\"og:image\" content=\"https:\/\/www.italianacontenitori.com\/wp-content\/uploads\/2020\/12\/MARK093120S.png\" \/>\n\t<meta property=\"og:image:width\" content=\"1024\" \/>\n\t<meta property=\"og:image:height\" content=\"1024\" \/>\n\t<meta property=\"og:image:type\" content=\"image\/png\" \/>\n<meta name=\"twitter:card\" content=\"summary_large_image\" \/>\n<meta name=\"twitter:label1\" content=\"Dur\u00e9e de lecture estim\u00e9e\" \/>\n\t<meta name=\"twitter:data1\" content=\"2 minutes\" \/>\n<script type=\"application\/ld+json\" class=\"yoast-schema-graph\">{\"@context\":\"https:\\\/\\\/schema.org\",\"@graph\":[{\"@type\":\"WebPage\",\"@id\":\"https:\\\/\\\/www.italianacontenitori.com\\\/fr\\\/produit\\\/market-93-x-119-cm-bordeaux\\\/\",\"url\":\"https:\\\/\\\/www.italianacontenitori.com\\\/fr\\\/produit\\\/market-93-x-119-cm-bordeaux\\\/\",\"name\":\"Conteneur grillag\u00e9 pour bouteilles de vin - MARKET 93x119\",\"isPartOf\":{\"@id\":\"https:\\\/\\\/www.italianacontenitori.com\\\/fr\\\/#website\"},\"primaryImageOfPage\":{\"@id\":\"https:\\\/\\\/www.italianacontenitori.com\\\/fr\\\/produit\\\/market-93-x-119-cm-bordeaux\\\/#primaryimage\"},\"image\":{\"@id\":\"https:\\\/\\\/www.italianacontenitori.com\\\/fr\\\/produit\\\/market-93-x-119-cm-bordeaux\\\/#primaryimage\"},\"thumbnailUrl\":\"https:\\\/\\\/www.italianacontenitori.com\\\/wp-content\\\/uploads\\\/2020\\\/12\\\/MARK093120S.png\",\"datePublished\":\"2020-12-07T13:16:49+00:00\",\"dateModified\":\"2026-04-10T14:38:27+00:00\",\"description\":\"Conteneur grillag\u00e9 pour bouteilles de vin. Capacit\u00e9 de 800 kg, soit 600 bouteilles de vin de Bordeaux. Empilable 5 par 1. Pliable et solide.\",\"breadcrumb\":{\"@id\":\"https:\\\/\\\/www.italianacontenitori.com\\\/fr\\\/produit\\\/market-93-x-119-cm-bordeaux\\\/#breadcrumb\"},\"inLanguage\":\"fr-FR\",\"potentialAction\":[{\"@type\":\"ReadAction\",\"target\":[\"https:\\\/\\\/www.italianacontenitori.com\\\/fr\\\/produit\\\/market-93-x-119-cm-bordeaux\\\/\"]}]},{\"@type\":\"ImageObject\",\"inLanguage\":\"fr-FR\",\"@id\":\"https:\\\/\\\/www.italianacontenitori.com\\\/fr\\\/produit\\\/market-93-x-119-cm-bordeaux\\\/#primaryimage\",\"url\":\"https:\\\/\\\/www.italianacontenitori.com\\\/wp-content\\\/uploads\\\/2020\\\/12\\\/MARK093120S.png\",\"contentUrl\":\"https:\\\/\\\/www.italianacontenitori.com\\\/wp-content\\\/uploads\\\/2020\\\/12\\\/MARK093120S.png\",\"width\":1024,\"height\":1024,\"caption\":\"R\u00e9cipient en treillis m\u00e9tallique pour bouteilles de vin de Bordeaux. Mod\u00e8le MARK093120S\"},{\"@type\":\"BreadcrumbList\",\"@id\":\"https:\\\/\\\/www.italianacontenitori.com\\\/fr\\\/produit\\\/market-93-x-119-cm-bordeaux\\\/#breadcrumb\",\"itemListElement\":[{\"@type\":\"ListItem\",\"position\":1,\"name\":\"Home\",\"item\":\"https:\\\/\\\/www.italianacontenitori.com\\\/fr\\\/conteneurs-a-mailles-metalliques\\\/\"},{\"@type\":\"ListItem\",\"position\":2,\"name\":\"Catalogue\",\"item\":\"https:\\\/\\\/www.italianacontenitori.com\\\/fr\\\/catalogue-fr\\\/\"},{\"@type\":\"ListItem\",\"position\":3,\"name\":\"R\u00e9cipient industriel pour bouteilles de vin &#8211; March\u00e9 Bordeaux 93 x 119 cm\"}]},{\"@type\":\"WebSite\",\"@id\":\"https:\\\/\\\/www.italianacontenitori.com\\\/fr\\\/#website\",\"url\":\"https:\\\/\\\/www.italianacontenitori.com\\\/fr\\\/\",\"name\":\"italianacontenitori.com\",\"description\":\"Produzione di contenitori industriali e roll container\",\"publisher\":{\"@id\":\"https:\\\/\\\/www.italianacontenitori.com\\\/fr\\\/#organization\"},\"potentialAction\":[{\"@type\":\"SearchAction\",\"target\":{\"@type\":\"EntryPoint\",\"urlTemplate\":\"https:\\\/\\\/www.italianacontenitori.com\\\/fr\\\/?s={search_term_string}\"},\"query-input\":{\"@type\":\"PropertyValueSpecification\",\"valueRequired\":true,\"valueName\":\"search_term_string\"}}],\"inLanguage\":\"fr-FR\"},{\"@type\":\"Organization\",\"@id\":\"https:\\\/\\\/www.italianacontenitori.com\\\/fr\\\/#organization\",\"name\":\"Italiana Contenitori s.r.l.\",\"alternateName\":\"IC\",\"url\":\"https:\\\/\\\/www.italianacontenitori.com\\\/fr\\\/\",\"logo\":{\"@type\":\"ImageObject\",\"inLanguage\":\"fr-FR\",\"@id\":\"https:\\\/\\\/www.italianacontenitori.com\\\/fr\\\/#\\\/schema\\\/logo\\\/image\\\/\",\"url\":\"https:\\\/\\\/www.italianacontenitori.com\\\/wp-content\\\/uploads\\\/2020\\\/11\\\/cropped-Logo-Italiana-Contenitori_favicon.jpg\",\"contentUrl\":\"https:\\\/\\\/www.italianacontenitori.com\\\/wp-content\\\/uploads\\\/2020\\\/11\\\/cropped-Logo-Italiana-Contenitori_favicon.jpg\",\"width\":512,\"height\":512,\"caption\":\"Italiana Contenitori s.r.l.\"},\"image\":{\"@id\":\"https:\\\/\\\/www.italianacontenitori.com\\\/fr\\\/#\\\/schema\\\/logo\\\/image\\\/\"}}]}<\/script>\n<!-- \/ Yoast SEO plugin. -->","yoast_head_json":{"title":"Conteneur grillag\u00e9 pour bouteilles de vin - MARKET 93x119","description":"Conteneur grillag\u00e9 pour bouteilles de vin. Capacit\u00e9 de 800 kg, soit 600 bouteilles de vin de Bordeaux. Empilable 5 par 1. Pliable et solide.","robots":{"index":"index","follow":"follow","max-snippet":"max-snippet:-1","max-image-preview":"max-image-preview:large","max-video-preview":"max-video-preview:-1"},"canonical":"https:\/\/www.italianacontenitori.com\/fr\/produit\/market-93-x-119-cm-bordeaux\/","og_locale":"fr_FR","og_type":"article","og_title":"Conteneur grillag\u00e9 pour bouteilles de vin - MARKET 93x119","og_description":"Conteneur grillag\u00e9 pour bouteilles de vin. Capacit\u00e9 de 800 kg, soit 600 bouteilles de vin de Bordeaux. Empilable 5 par 1. Pliable et solide.","og_url":"https:\/\/www.italianacontenitori.com\/fr\/produit\/market-93-x-119-cm-bordeaux\/","og_site_name":"italianacontenitori.com","article_modified_time":"2026-04-10T14:38:27+00:00","og_image":[{"width":1024,"height":1024,"url":"https:\/\/www.italianacontenitori.com\/wp-content\/uploads\/2020\/12\/MARK093120S.png","type":"image\/png"}],"twitter_card":"summary_large_image","twitter_misc":{"Dur\u00e9e de lecture estim\u00e9e":"2 minutes"},"schema":{"@context":"https:\/\/schema.org","@graph":[{"@type":"WebPage","@id":"https:\/\/www.italianacontenitori.com\/fr\/produit\/market-93-x-119-cm-bordeaux\/","url":"https:\/\/www.italianacontenitori.com\/fr\/produit\/market-93-x-119-cm-bordeaux\/","name":"Conteneur grillag\u00e9 pour bouteilles de vin - MARKET 93x119","isPartOf":{"@id":"https:\/\/www.italianacontenitori.com\/fr\/#website"},"primaryImageOfPage":{"@id":"https:\/\/www.italianacontenitori.com\/fr\/produit\/market-93-x-119-cm-bordeaux\/#primaryimage"},"image":{"@id":"https:\/\/www.italianacontenitori.com\/fr\/produit\/market-93-x-119-cm-bordeaux\/#primaryimage"},"thumbnailUrl":"https:\/\/www.italianacontenitori.com\/wp-content\/uploads\/2020\/12\/MARK093120S.png","datePublished":"2020-12-07T13:16:49+00:00","dateModified":"2026-04-10T14:38:27+00:00","description":"Conteneur grillag\u00e9 pour bouteilles de vin. Capacit\u00e9 de 800 kg, soit 600 bouteilles de vin de Bordeaux. Empilable 5 par 1. Pliable et solide.","breadcrumb":{"@id":"https:\/\/www.italianacontenitori.com\/fr\/produit\/market-93-x-119-cm-bordeaux\/#breadcrumb"},"inLanguage":"fr-FR","potentialAction":[{"@type":"ReadAction","target":["https:\/\/www.italianacontenitori.com\/fr\/produit\/market-93-x-119-cm-bordeaux\/"]}]},{"@type":"ImageObject","inLanguage":"fr-FR","@id":"https:\/\/www.italianacontenitori.com\/fr\/produit\/market-93-x-119-cm-bordeaux\/#primaryimage","url":"https:\/\/www.italianacontenitori.com\/wp-content\/uploads\/2020\/12\/MARK093120S.png","contentUrl":"https:\/\/www.italianacontenitori.com\/wp-content\/uploads\/2020\/12\/MARK093120S.png","width":1024,"height":1024,"caption":"R\u00e9cipient en treillis m\u00e9tallique pour bouteilles de vin de Bordeaux. Mod\u00e8le MARK093120S"},{"@type":"BreadcrumbList","@id":"https:\/\/www.italianacontenitori.com\/fr\/produit\/market-93-x-119-cm-bordeaux\/#breadcrumb","itemListElement":[{"@type":"ListItem","position":1,"name":"Home","item":"https:\/\/www.italianacontenitori.com\/fr\/conteneurs-a-mailles-metalliques\/"},{"@type":"ListItem","position":2,"name":"Catalogue","item":"https:\/\/www.italianacontenitori.com\/fr\/catalogue-fr\/"},{"@type":"ListItem","position":3,"name":"R\u00e9cipient industriel pour bouteilles de vin &#8211; March\u00e9 Bordeaux 93 x 119 cm"}]},{"@type":"WebSite","@id":"https:\/\/www.italianacontenitori.com\/fr\/#website","url":"https:\/\/www.italianacontenitori.com\/fr\/","name":"italianacontenitori.com","description":"Produzione di contenitori industriali e roll container","publisher":{"@id":"https:\/\/www.italianacontenitori.com\/fr\/#organization"},"potentialAction":[{"@type":"SearchAction","target":{"@type":"EntryPoint","urlTemplate":"https:\/\/www.italianacontenitori.com\/fr\/?s={search_term_string}"},"query-input":{"@type":"PropertyValueSpecification","valueRequired":true,"valueName":"search_term_string"}}],"inLanguage":"fr-FR"},{"@type":"Organization","@id":"https:\/\/www.italianacontenitori.com\/fr\/#organization","name":"Italiana Contenitori s.r.l.","alternateName":"IC","url":"https:\/\/www.italianacontenitori.com\/fr\/","logo":{"@type":"ImageObject","inLanguage":"fr-FR","@id":"https:\/\/www.italianacontenitori.com\/fr\/#\/schema\/logo\/image\/","url":"https:\/\/www.italianacontenitori.com\/wp-content\/uploads\/2020\/11\/cropped-Logo-Italiana-Contenitori_favicon.jpg","contentUrl":"https:\/\/www.italianacontenitori.com\/wp-content\/uploads\/2020\/11\/cropped-Logo-Italiana-Contenitori_favicon.jpg","width":512,"height":512,"caption":"Italiana Contenitori s.r.l."},"image":{"@id":"https:\/\/www.italianacontenitori.com\/fr\/#\/schema\/logo\/image\/"}}]}},"_links":{"self":[{"href":"https:\/\/www.italianacontenitori.com\/fr\/wp-json\/wp\/v2\/product\/241692","targetHints":{"allow":["GET"]}}],"collection":[{"href":"https:\/\/www.italianacontenitori.com\/fr\/wp-json\/wp\/v2\/product"}],"about":[{"href":"https:\/\/www.italianacontenitori.com\/fr\/wp-json\/wp\/v2\/types\/product"}],"replies":[{"embeddable":true,"href":"https:\/\/www.italianacontenitori.com\/fr\/wp-json\/wp\/v2\/comments?post=241692"}],"wp:featuredmedia":[{"embeddable":true,"href":"https:\/\/www.italianacontenitori.com\/fr\/wp-json\/wp\/v2\/media\/240446"}],"wp:attachment":[{"href":"https:\/\/www.italianacontenitori.com\/fr\/wp-json\/wp\/v2\/media?parent=241692"}],"wp:term":[{"taxonomy":"product_brand","embeddable":true,"href":"https:\/\/www.italianacontenitori.com\/fr\/wp-json\/wp\/v2\/product_brand?post=241692"},{"taxonomy":"product_cat","embeddable":true,"href":"https:\/\/www.italianacontenitori.com\/fr\/wp-json\/wp\/v2\/product_cat?post=241692"},{"taxonomy":"product_tag","embeddable":true,"href":"https:\/\/www.italianacontenitori.com\/fr\/wp-json\/wp\/v2\/product_tag?post=241692"}],"curies":[{"name":"wp","href":"https:\/\/api.w.org\/{rel}","templated":true}]}}