{"id":241697,"date":"2020-12-07T13:11:23","date_gmt":"2020-12-07T13:11:23","guid":{"rendered":"https:\/\/www.italianacontenitori.com\/product\/market-85-x-125-cm-bourgogne\/"},"modified":"2026-04-10T14:38:24","modified_gmt":"2026-04-10T14:38:24","slug":"market-85-x-125-cm-bourgogne","status":"publish","type":"product","link":"https:\/\/www.italianacontenitori.com\/fr\/produit\/market-85-x-125-cm-bourgogne\/","title":{"rendered":"R\u00e9cipient industriel pour bouteilles de vin &#8211; Market Bourgogne 85 x 125 cm"},"content":{"rendered":"<h2>Le conteneur industriel pour bouteilles de vin bordeaux<\/h2>\n<p>Le conteneur de bouteilles de vin <strong>Market 85 x 125 est une excellente solution pour le stockage et le vieillissement des vins de Bourgogne et de Bordeaux.<\/strong> Cette caisse \u00e0 bouteilles offre une capacit\u00e9 d&#8217;empilage consid\u00e9rable et permet d&#8217;<strong>empiler trois conteneurs enti\u00e8rement charg\u00e9s sur une m\u00eame base<\/strong>. Cette caract\u00e9ristique permet de maximiser l&#8217;utilisation <strong>de l&#8217;espace disponible dans la cave<\/strong> et rend le Market Bourgogne id\u00e9al pour une large gamme d&#8217;applications de production et de logistique. Ses dimensions ont \u00e9t\u00e9 <strong>sp\u00e9cialement calibr\u00e9es pour optimiser la capacit\u00e9 de stockage des bouteilles de type Bourgogne<\/strong> et permettre une utilisation efficace de l&#8217;espace et un stockage optimal du vin.   <\/p>\n<p>Lorsqu&#8217;il n&#8217;est pas utilis\u00e9, ou lors des retours \u00e0 vide, le conteneur industriel pour bouteilles de vin peut \u00eatre <strong>facilement pli\u00e9, ce qui r\u00e9duit l&#8217;encombrement<\/strong> et permet une optimisation in\u00e9gal\u00e9e de l&#8217;espace de stockage et de transport. Ses dimensions sont id\u00e9ales pour saturer vos transports : 68 conteneurs ouverts correspondent \u00e0 330 pli\u00e9s. <\/p>\n<h2>Italiana Contenitori de qualit\u00e9 pour l&#8217;industrie du vin<\/h2>\n<p>Le Market 85 x 125 est un conteneur grillag\u00e9 pour bouteilles de vin, sp\u00e9cialement con\u00e7u pour l&#8217;industrie du vin et de la vigne. Cette caisse m\u00e9tallique, <strong>fabriqu\u00e9e en Italie \u00e0 partir de mat\u00e9riaux de haute qualit\u00e9<\/strong>, r\u00e9siste aux intemp\u00e9ries, \u00e0 la poussi\u00e8re, \u00e0 la salet\u00e9 et \u00e0 la salinit\u00e9 gr\u00e2ce \u00e0 sa <strong>galvanisation<\/strong>. Sa robustesse est renforc\u00e9e par la <strong>structure autoportante en treillis m\u00e9tallique<\/strong>. Le conteneur dispose d&#8217;une <strong>porte d&#8217;inspection<\/strong> sur le c\u00f4t\u00e9 long pour faciliter les op\u00e9rations de <strong>picking<\/strong>.   <\/p>\n<p>L&#8217;un des points forts d&#8217;Italiana Contenitori est la personnalisation : <strong>nous contr\u00f4lons l&#8217;ensemble du cycle de production et fabriquons des conteneurs industriels selon le design<\/strong>. Si les variantes standard ne r\u00e9pondent pas \u00e0 vos exigences sp\u00e9cifiques (voir fiche technique ci-dessous), nous vous invitons \u00e0 contacter notre service client\u00e8le qui, en synergie avec le service technique et le bureau d&#8217;\u00e9tudes, sera en mesure de vous fournir une <strong>solution personnalis\u00e9e, durable et r\u00e9sistante<\/strong>. <\/p>\n<p><strong>Market Bourgogne<\/strong> r\u00e9pond aux besoins des <strong>secteurs viticole et agricole en<\/strong> offrant une solution fiable pour le stockage et la manipulation des bouteilles de vin de Bourgogne. Sa polyvalence en fait la solution id\u00e9ale pour toute cave ou producteur de vin ayant besoin d&#8217;une solution agile, adaptable et facile \u00e0 manipuler. Avec le Market 85 x 125, votre cave \u00e0 vin sera plus efficace, organis\u00e9e et pr\u00eate \u00e0 r\u00e9pondre \u00e0 tous les besoins d&#8217;espace et de manutention.  <\/p>\n<p><strong>Liens utiles :  <\/strong><\/p>\n<ul>\n<li><a href=\"https:\/\/www.italianacontenitori.com\/prodotto\/contenitore-in-rete-metallica-per-bottiglie-di-vino-market-93-x-119\/\" target=\"_blank\" rel=\"noopener\">R\u00e9cipient sp\u00e9cifique pour les bouteilles de type Bordeaux (Bordeaux)<\/a><\/li>\n<li><a href=\"https:\/\/www.italianacontenitori.com\/prodotto\/market-85-x-115-cm-bourgogne\/\" target=\"_blank\" rel=\"noopener\">Conteneur compact pour les bouteilles de vin de type Bourgogne.  <\/a>Dimensions : 85 x 115 cm<\/li>\n<\/ul>\n<p>&nbsp;<\/p>\n","protected":false},"excerpt":{"rendered":"<p>Conteneur gerbable, robuste et polyvalent. La possibilit\u00e9 de le replier permet d&#8217;\u00e9conomiser de l&#8217;espace lors du transport \u00e0 vide et du stockage. Id\u00e9al pour le secteur du vin : pour les bouteilles de Bourgogne et de Bordeaux.<\/p>\n","protected":false},"featured_media":240451,"comment_status":"open","ping_status":"closed","template":"","meta":{"_acf_changed":false,"_et_pb_use_builder":"","_et_pb_old_content":"","_et_gb_content_width":""},"product_brand":[],"product_cat":[1929],"product_tag":[2043],"class_list":{"0":"post-241697","1":"product","2":"type-product","3":"status-publish","4":"has-post-thumbnail","6":"product_cat-market-fr","7":"product_tag-containers-fr","9":"first","10":"instock","11":"shipping-taxable","12":"purchasable","13":"product-type-simple"},"acf":[],"yoast_head":"<!-- This site is optimized with the Yoast SEO plugin v27.3 - https:\/\/yoast.com\/product\/yoast-seo-wordpress\/ -->\n<title>Conteneur en treillis m\u00e9tallique pour bouteilles de vin - Market 85x125<\/title>\n<meta name=\"description\" content=\"Conteneur industriel pour bouteilles de vin de couleur bordeaux. Capacit\u00e9 de 1000 kg. Empilable 3 sur 1, pliable, l\u00e9ger et durable. Id\u00e9al pour les caves \u00e0 vin.\" \/>\n<meta name=\"robots\" content=\"index, follow, max-snippet:-1, max-image-preview:large, max-video-preview:-1\" \/>\n<link rel=\"canonical\" href=\"https:\/\/www.italianacontenitori.com\/fr\/produit\/market-85-x-125-cm-bourgogne\/\" \/>\n<meta property=\"og:locale\" content=\"fr_FR\" \/>\n<meta property=\"og:type\" content=\"article\" \/>\n<meta property=\"og:title\" content=\"Conteneur en treillis m\u00e9tallique pour bouteilles de vin - Market 85x125\" \/>\n<meta property=\"og:description\" content=\"Conteneur industriel pour bouteilles de vin de couleur bordeaux. Capacit\u00e9 de 1000 kg. Empilable 3 sur 1, pliable, l\u00e9ger et durable. Id\u00e9al pour les caves \u00e0 vin.\" \/>\n<meta property=\"og:url\" content=\"https:\/\/www.italianacontenitori.com\/fr\/produit\/market-85-x-125-cm-bourgogne\/\" \/>\n<meta property=\"og:site_name\" content=\"italianacontenitori.com\" \/>\n<meta property=\"article:modified_time\" content=\"2026-04-10T14:38:24+00:00\" \/>\n<meta property=\"og:image\" content=\"https:\/\/www.italianacontenitori.com\/wp-content\/uploads\/2020\/12\/MARK080120.png\" \/>\n\t<meta property=\"og:image:width\" content=\"1024\" \/>\n\t<meta property=\"og:image:height\" content=\"1024\" \/>\n\t<meta property=\"og:image:type\" content=\"image\/png\" \/>\n<meta name=\"twitter:card\" content=\"summary_large_image\" \/>\n<meta name=\"twitter:label1\" content=\"Dur\u00e9e de lecture estim\u00e9e\" \/>\n\t<meta name=\"twitter:data1\" content=\"2 minutes\" \/>\n<script type=\"application\/ld+json\" class=\"yoast-schema-graph\">{\"@context\":\"https:\\\/\\\/schema.org\",\"@graph\":[{\"@type\":\"WebPage\",\"@id\":\"https:\\\/\\\/www.italianacontenitori.com\\\/fr\\\/produit\\\/market-85-x-125-cm-bourgogne\\\/\",\"url\":\"https:\\\/\\\/www.italianacontenitori.com\\\/fr\\\/produit\\\/market-85-x-125-cm-bourgogne\\\/\",\"name\":\"Conteneur en treillis m\u00e9tallique pour bouteilles de vin - Market 85x125\",\"isPartOf\":{\"@id\":\"https:\\\/\\\/www.italianacontenitori.com\\\/fr\\\/#website\"},\"primaryImageOfPage\":{\"@id\":\"https:\\\/\\\/www.italianacontenitori.com\\\/fr\\\/produit\\\/market-85-x-125-cm-bourgogne\\\/#primaryimage\"},\"image\":{\"@id\":\"https:\\\/\\\/www.italianacontenitori.com\\\/fr\\\/produit\\\/market-85-x-125-cm-bourgogne\\\/#primaryimage\"},\"thumbnailUrl\":\"https:\\\/\\\/www.italianacontenitori.com\\\/wp-content\\\/uploads\\\/2020\\\/12\\\/MARK080120.png\",\"datePublished\":\"2020-12-07T13:11:23+00:00\",\"dateModified\":\"2026-04-10T14:38:24+00:00\",\"description\":\"Conteneur industriel pour bouteilles de vin de couleur bordeaux. Capacit\u00e9 de 1000 kg. Empilable 3 sur 1, pliable, l\u00e9ger et durable. Id\u00e9al pour les caves \u00e0 vin.\",\"breadcrumb\":{\"@id\":\"https:\\\/\\\/www.italianacontenitori.com\\\/fr\\\/produit\\\/market-85-x-125-cm-bourgogne\\\/#breadcrumb\"},\"inLanguage\":\"fr-FR\",\"potentialAction\":[{\"@type\":\"ReadAction\",\"target\":[\"https:\\\/\\\/www.italianacontenitori.com\\\/fr\\\/produit\\\/market-85-x-125-cm-bourgogne\\\/\"]}]},{\"@type\":\"ImageObject\",\"inLanguage\":\"fr-FR\",\"@id\":\"https:\\\/\\\/www.italianacontenitori.com\\\/fr\\\/produit\\\/market-85-x-125-cm-bourgogne\\\/#primaryimage\",\"url\":\"https:\\\/\\\/www.italianacontenitori.com\\\/wp-content\\\/uploads\\\/2020\\\/12\\\/MARK080120.png\",\"contentUrl\":\"https:\\\/\\\/www.italianacontenitori.com\\\/wp-content\\\/uploads\\\/2020\\\/12\\\/MARK080120.png\",\"width\":1024,\"height\":1024,\"caption\":\"March\u00e9 - Conteneur fil - Italiana Contenitori\"},{\"@type\":\"BreadcrumbList\",\"@id\":\"https:\\\/\\\/www.italianacontenitori.com\\\/fr\\\/produit\\\/market-85-x-125-cm-bourgogne\\\/#breadcrumb\",\"itemListElement\":[{\"@type\":\"ListItem\",\"position\":1,\"name\":\"Home\",\"item\":\"https:\\\/\\\/www.italianacontenitori.com\\\/fr\\\/conteneurs-a-mailles-metalliques\\\/\"},{\"@type\":\"ListItem\",\"position\":2,\"name\":\"R\u00e9cipient industriel pour bouteilles de vin &#8211; Market Bourgogne 85 x 125 cm\"}]},{\"@type\":\"WebSite\",\"@id\":\"https:\\\/\\\/www.italianacontenitori.com\\\/fr\\\/#website\",\"url\":\"https:\\\/\\\/www.italianacontenitori.com\\\/fr\\\/\",\"name\":\"italianacontenitori.com\",\"description\":\"Produzione di contenitori industriali e roll container\",\"publisher\":{\"@id\":\"https:\\\/\\\/www.italianacontenitori.com\\\/fr\\\/#organization\"},\"potentialAction\":[{\"@type\":\"SearchAction\",\"target\":{\"@type\":\"EntryPoint\",\"urlTemplate\":\"https:\\\/\\\/www.italianacontenitori.com\\\/fr\\\/?s={search_term_string}\"},\"query-input\":{\"@type\":\"PropertyValueSpecification\",\"valueRequired\":true,\"valueName\":\"search_term_string\"}}],\"inLanguage\":\"fr-FR\"},{\"@type\":\"Organization\",\"@id\":\"https:\\\/\\\/www.italianacontenitori.com\\\/fr\\\/#organization\",\"name\":\"Italiana Contenitori s.r.l.\",\"alternateName\":\"IC\",\"url\":\"https:\\\/\\\/www.italianacontenitori.com\\\/fr\\\/\",\"logo\":{\"@type\":\"ImageObject\",\"inLanguage\":\"fr-FR\",\"@id\":\"https:\\\/\\\/www.italianacontenitori.com\\\/fr\\\/#\\\/schema\\\/logo\\\/image\\\/\",\"url\":\"https:\\\/\\\/www.italianacontenitori.com\\\/wp-content\\\/uploads\\\/2020\\\/11\\\/cropped-Logo-Italiana-Contenitori_favicon.jpg\",\"contentUrl\":\"https:\\\/\\\/www.italianacontenitori.com\\\/wp-content\\\/uploads\\\/2020\\\/11\\\/cropped-Logo-Italiana-Contenitori_favicon.jpg\",\"width\":512,\"height\":512,\"caption\":\"Italiana Contenitori s.r.l.\"},\"image\":{\"@id\":\"https:\\\/\\\/www.italianacontenitori.com\\\/fr\\\/#\\\/schema\\\/logo\\\/image\\\/\"}}]}<\/script>\n<!-- \/ Yoast SEO plugin. -->","yoast_head_json":{"title":"Conteneur en treillis m\u00e9tallique pour bouteilles de vin - Market 85x125","description":"Conteneur industriel pour bouteilles de vin de couleur bordeaux. Capacit\u00e9 de 1000 kg. Empilable 3 sur 1, pliable, l\u00e9ger et durable. Id\u00e9al pour les caves \u00e0 vin.","robots":{"index":"index","follow":"follow","max-snippet":"max-snippet:-1","max-image-preview":"max-image-preview:large","max-video-preview":"max-video-preview:-1"},"canonical":"https:\/\/www.italianacontenitori.com\/fr\/produit\/market-85-x-125-cm-bourgogne\/","og_locale":"fr_FR","og_type":"article","og_title":"Conteneur en treillis m\u00e9tallique pour bouteilles de vin - Market 85x125","og_description":"Conteneur industriel pour bouteilles de vin de couleur bordeaux. Capacit\u00e9 de 1000 kg. Empilable 3 sur 1, pliable, l\u00e9ger et durable. Id\u00e9al pour les caves \u00e0 vin.","og_url":"https:\/\/www.italianacontenitori.com\/fr\/produit\/market-85-x-125-cm-bourgogne\/","og_site_name":"italianacontenitori.com","article_modified_time":"2026-04-10T14:38:24+00:00","og_image":[{"width":1024,"height":1024,"url":"https:\/\/www.italianacontenitori.com\/wp-content\/uploads\/2020\/12\/MARK080120.png","type":"image\/png"}],"twitter_card":"summary_large_image","twitter_misc":{"Dur\u00e9e de lecture estim\u00e9e":"2 minutes"},"schema":{"@context":"https:\/\/schema.org","@graph":[{"@type":"WebPage","@id":"https:\/\/www.italianacontenitori.com\/fr\/produit\/market-85-x-125-cm-bourgogne\/","url":"https:\/\/www.italianacontenitori.com\/fr\/produit\/market-85-x-125-cm-bourgogne\/","name":"Conteneur en treillis m\u00e9tallique pour bouteilles de vin - Market 85x125","isPartOf":{"@id":"https:\/\/www.italianacontenitori.com\/fr\/#website"},"primaryImageOfPage":{"@id":"https:\/\/www.italianacontenitori.com\/fr\/produit\/market-85-x-125-cm-bourgogne\/#primaryimage"},"image":{"@id":"https:\/\/www.italianacontenitori.com\/fr\/produit\/market-85-x-125-cm-bourgogne\/#primaryimage"},"thumbnailUrl":"https:\/\/www.italianacontenitori.com\/wp-content\/uploads\/2020\/12\/MARK080120.png","datePublished":"2020-12-07T13:11:23+00:00","dateModified":"2026-04-10T14:38:24+00:00","description":"Conteneur industriel pour bouteilles de vin de couleur bordeaux. Capacit\u00e9 de 1000 kg. Empilable 3 sur 1, pliable, l\u00e9ger et durable. Id\u00e9al pour les caves \u00e0 vin.","breadcrumb":{"@id":"https:\/\/www.italianacontenitori.com\/fr\/produit\/market-85-x-125-cm-bourgogne\/#breadcrumb"},"inLanguage":"fr-FR","potentialAction":[{"@type":"ReadAction","target":["https:\/\/www.italianacontenitori.com\/fr\/produit\/market-85-x-125-cm-bourgogne\/"]}]},{"@type":"ImageObject","inLanguage":"fr-FR","@id":"https:\/\/www.italianacontenitori.com\/fr\/produit\/market-85-x-125-cm-bourgogne\/#primaryimage","url":"https:\/\/www.italianacontenitori.com\/wp-content\/uploads\/2020\/12\/MARK080120.png","contentUrl":"https:\/\/www.italianacontenitori.com\/wp-content\/uploads\/2020\/12\/MARK080120.png","width":1024,"height":1024,"caption":"March\u00e9 - Conteneur fil - Italiana Contenitori"},{"@type":"BreadcrumbList","@id":"https:\/\/www.italianacontenitori.com\/fr\/produit\/market-85-x-125-cm-bourgogne\/#breadcrumb","itemListElement":[{"@type":"ListItem","position":1,"name":"Home","item":"https:\/\/www.italianacontenitori.com\/fr\/conteneurs-a-mailles-metalliques\/"},{"@type":"ListItem","position":2,"name":"R\u00e9cipient industriel pour bouteilles de vin &#8211; Market Bourgogne 85 x 125 cm"}]},{"@type":"WebSite","@id":"https:\/\/www.italianacontenitori.com\/fr\/#website","url":"https:\/\/www.italianacontenitori.com\/fr\/","name":"italianacontenitori.com","description":"Produzione di contenitori industriali e roll container","publisher":{"@id":"https:\/\/www.italianacontenitori.com\/fr\/#organization"},"potentialAction":[{"@type":"SearchAction","target":{"@type":"EntryPoint","urlTemplate":"https:\/\/www.italianacontenitori.com\/fr\/?s={search_term_string}"},"query-input":{"@type":"PropertyValueSpecification","valueRequired":true,"valueName":"search_term_string"}}],"inLanguage":"fr-FR"},{"@type":"Organization","@id":"https:\/\/www.italianacontenitori.com\/fr\/#organization","name":"Italiana Contenitori s.r.l.","alternateName":"IC","url":"https:\/\/www.italianacontenitori.com\/fr\/","logo":{"@type":"ImageObject","inLanguage":"fr-FR","@id":"https:\/\/www.italianacontenitori.com\/fr\/#\/schema\/logo\/image\/","url":"https:\/\/www.italianacontenitori.com\/wp-content\/uploads\/2020\/11\/cropped-Logo-Italiana-Contenitori_favicon.jpg","contentUrl":"https:\/\/www.italianacontenitori.com\/wp-content\/uploads\/2020\/11\/cropped-Logo-Italiana-Contenitori_favicon.jpg","width":512,"height":512,"caption":"Italiana Contenitori s.r.l."},"image":{"@id":"https:\/\/www.italianacontenitori.com\/fr\/#\/schema\/logo\/image\/"}}]}},"_links":{"self":[{"href":"https:\/\/www.italianacontenitori.com\/fr\/wp-json\/wp\/v2\/product\/241697","targetHints":{"allow":["GET"]}}],"collection":[{"href":"https:\/\/www.italianacontenitori.com\/fr\/wp-json\/wp\/v2\/product"}],"about":[{"href":"https:\/\/www.italianacontenitori.com\/fr\/wp-json\/wp\/v2\/types\/product"}],"replies":[{"embeddable":true,"href":"https:\/\/www.italianacontenitori.com\/fr\/wp-json\/wp\/v2\/comments?post=241697"}],"wp:featuredmedia":[{"embeddable":true,"href":"https:\/\/www.italianacontenitori.com\/fr\/wp-json\/wp\/v2\/media\/240451"}],"wp:attachment":[{"href":"https:\/\/www.italianacontenitori.com\/fr\/wp-json\/wp\/v2\/media?parent=241697"}],"wp:term":[{"taxonomy":"product_brand","embeddable":true,"href":"https:\/\/www.italianacontenitori.com\/fr\/wp-json\/wp\/v2\/product_brand?post=241697"},{"taxonomy":"product_cat","embeddable":true,"href":"https:\/\/www.italianacontenitori.com\/fr\/wp-json\/wp\/v2\/product_cat?post=241697"},{"taxonomy":"product_tag","embeddable":true,"href":"https:\/\/www.italianacontenitori.com\/fr\/wp-json\/wp\/v2\/product_tag?post=241697"}],"curies":[{"name":"wp","href":"https:\/\/api.w.org\/{rel}","templated":true}]}}