{"id":241701,"date":"2020-12-07T13:03:37","date_gmt":"2021-03-03T11:39:48","guid":{"rendered":"https:\/\/www.italianacontenitori.com\/product\/market-85-x-115-cm-bourgogne\/"},"modified":"2024-08-29T11:01:25","modified_gmt":"2024-08-29T11:01:25","slug":"bouteille-de-vin-industriel-marche-bourgogne-85-x-115-cm","status":"publish","type":"product","link":"https:\/\/www.italianacontenitori.com\/fr\/prodotto\/bouteille-de-vin-industriel-marche-bourgogne-85-x-115-cm\/","title":{"rendered":"R\u00e9cipient industriel pour bouteilles de vin &#8211; Market Bourgogne 85 x 115 cm"},"content":{"rendered":"<h2>Le conteneur industriel pour bouteilles de vin bordeaux<\/h2>\n<p><strong>Market 85 x 115 (version compacte) est une excellente solution pour le stockage et l&#8217;affinage des <\/strong>bouteilles de vin de <strong>Bourgogne et de Bordeaux <\/strong>.<br \/>\nCette caisse \u00e0 bouteilles offre une capacit\u00e9 de gerbage consid\u00e9rable et permet d&#8217;<strong>empiler trois conteneurs enti\u00e8rement charg\u00e9s sur une m\u00eame base<\/strong>.<br \/>\nCette caract\u00e9ristique permet de maximiser l&#8217;<strong>utilisation de l&#8217;espace disponible dans la cave<\/strong> et fait du Market Bourgogne Compact la solution id\u00e9ale pour une large gamme d&#8217;applications de production et de logistique.<br \/>\nSes dimensions ont \u00e9t\u00e9 <strong>sp\u00e9cialement calibr\u00e9es pour optimiser la capacit\u00e9 de stockage des bouteilles de type Bourgogne<\/strong> et permettre une utilisation efficace de l&#8217;espace et un stockage optimal du vin.<br \/>\nLorsqu&#8217;il n&#8217;est pas utilis\u00e9, ou lors des retours \u00e0 vide, le conteneur industriel pour bouteilles de vin peut \u00eatre <strong>facilement pli\u00e9, ce qui r\u00e9duit l&#8217;encombrement<\/strong> et permet une optimisation in\u00e9gal\u00e9e de l&#8217;espace de stockage et de transport.<br \/>\nSes dimensions sont id\u00e9ales pour saturer vos transports : 68 conteneurs ouverts correspondent \u00e0 330 pli\u00e9s.       <\/p>\n<h2>Italiana Contenitori de qualit\u00e9 pour l&#8217;industrie du vin<\/h2>\n<p>  Le Market 85 x 115 est un conteneur grillag\u00e9 pour bouteilles de vin, sp\u00e9cialement con\u00e7u pour l&#8217;industrie du vin et de la vigne.<br \/>\nCette caisse m\u00e9tallique, <strong>fabriqu\u00e9e en Italie \u00e0 partir de mat\u00e9riaux de haute qualit\u00e9<\/strong>, r\u00e9siste aux intemp\u00e9ries, \u00e0 la poussi\u00e8re, \u00e0 la salet\u00e9 et \u00e0 la salinit\u00e9 gr\u00e2ce \u00e0 sa <strong>galvanisation.<\/strong><br \/>\nSa robustesse est renforc\u00e9e par la <strong>structure autoportante en treillis m\u00e9tallique<\/strong>.<br \/>\nLe conteneur est dot\u00e9 d&#8217;une <strong>porte d&#8217;inspection<\/strong> sur le c\u00f4t\u00e9 long afin de faciliter les op\u00e9rations de <strong>pr\u00e9paration des commandes<\/strong>.<br \/>\nL&#8217;un des points forts d&#8217;Italiana Contenitori est la personnalisation : <strong>nous contr\u00f4lons l&#8217;ensemble du cycle de production et produisons des conteneurs industriels sur mesure<\/strong>.<br \/>\nSi les variantes standard ne r\u00e9pondent pas \u00e0 vos besoins sp\u00e9cifiques (voir fiche technique ci-dessous), veuillez contacter notre service client\u00e8le qui, en synergie avec le d\u00e9partement technique et de conception, vous fournira une <strong>solution personnalis\u00e9e, durable et r\u00e9sistante<\/strong>. <strong>Market Bourgogne<\/strong> r\u00e9pond aux besoins des <strong>secteurs viticole et agricole en<\/strong> offrant une solution fiable pour le stockage et la manipulation des bouteilles de vin de Bourgogne.<br \/>\nSa polyvalence en fait la solution id\u00e9ale pour toute cave ou producteur de vin n\u00e9cessitant une solution agile, adaptable et facile \u00e0 manipuler.<br \/>\nAvec le Market 85 x 115, votre cave \u00e0 vin sera plus efficace, organis\u00e9e et pr\u00eate \u00e0 r\u00e9pondre \u00e0 toutes les exigences en mati\u00e8re d&#8217;espace et de manutention.         <strong>Liens utiles :  <\/strong><\/p>\n<ul>\n<li><a href=\"https:\/\/www.italianacontenitori.com\/prodotto\/contenitore-in-rete-metallica-per-bottiglie-di-vino-market-93-x-119\/\" target=\"_blank\" rel=\"noopener\"><a href=\"https:\/\/www.italianacontenitori.com\/prodotto\/contenitore-in-rete-metallica-per-bottiglie-di-vino-market-93-x-119\/\">R\u00e9cipient sp\u00e9cifique pour les bouteilles de type Bordeaux (Bordeaux)<\/a><\/a><\/li>\n<li><a href=\"https:\/\/www.italianacontenitori.com\/prodotto\/contenitore-in-rete-metallica-per-bottiglie-di-vino-borgognotte-market-85-x-125-cm-bourgogne\/\" target=\"_blank\" rel=\"noopener\"><a href=\"https:\/\/www.italianacontenitori.com\/prodotto\/contenitore-in-rete-metallica-per-bottiglie-di-vino-borgognotte-market-85-x-125-cm-bourgogne\/\">R\u00e9cipient standard pour les bouteilles de vin de type Bourgogne. <\/a> <\/a>Dimensions : 85 x 125 cm<\/li>\n<\/ul>\n<p>&nbsp;<\/p>\n","protected":false},"excerpt":{"rendered":"<p>Conteneur gerbable, robuste et polyvalent. La possibilit\u00e9 de le replier permet d&#8217;\u00e9conomiser de l&#8217;espace lors du transport \u00e0 vide et du stockage. Id\u00e9al pour le secteur du vin : pour les bouteilles de Bourgogne et de Bordeaux.<\/p>\n","protected":false},"featured_media":240456,"comment_status":"open","ping_status":"closed","template":"","meta":{"_acf_changed":false,"_et_pb_use_builder":"","_et_pb_old_content":"","_et_gb_content_width":""},"product_brand":[],"product_cat":[1929],"product_tag":[2043],"class_list":{"0":"post-241701","1":"product","2":"type-product","3":"status-publish","4":"has-post-thumbnail","6":"product_cat-market-fr","7":"product_tag-containers-fr","9":"first","10":"instock","11":"shipping-taxable","12":"purchasable","13":"product-type-simple"},"acf":[],"yoast_head":"<!-- This site is optimized with the Yoast SEO plugin v27.2 - https:\/\/yoast.com\/product\/yoast-seo-wordpress\/ -->\n<title>R\u00e9cipient industriel pour bouteilles de vin March\u00e9 Bourgogne petit<\/title>\n<meta name=\"description\" content=\"Conteneur compact pour bouteilles de vin de Bourgogne. Capacit\u00e9 de 1000 kg. Empilable 3 en 1. Pliable, l\u00e9ger et solide. Id\u00e9al pour les caves \u00e0 vin.\" \/>\n<meta name=\"robots\" content=\"index, follow, max-snippet:-1, max-image-preview:large, max-video-preview:-1\" \/>\n<link rel=\"canonical\" href=\"https:\/\/www.italianacontenitori.com\/fr\/prodotto\/bouteille-de-vin-industriel-marche-bourgogne-85-x-115-cm\/\" \/>\n<meta property=\"og:locale\" content=\"fr_FR\" \/>\n<meta property=\"og:type\" content=\"article\" \/>\n<meta property=\"og:title\" content=\"R\u00e9cipient industriel pour bouteilles de vin March\u00e9 Bourgogne petit\" \/>\n<meta property=\"og:description\" content=\"Conteneur compact pour bouteilles de vin de Bourgogne. Capacit\u00e9 de 1000 kg. Empilable 3 en 1. Pliable, l\u00e9ger et solide. Id\u00e9al pour les caves \u00e0 vin.\" \/>\n<meta property=\"og:url\" content=\"https:\/\/www.italianacontenitori.com\/fr\/prodotto\/bouteille-de-vin-industriel-marche-bourgogne-85-x-115-cm\/\" \/>\n<meta property=\"og:site_name\" content=\"italianacontenitori.com\" \/>\n<meta property=\"article:modified_time\" content=\"2024-08-29T11:01:25+00:00\" \/>\n<meta property=\"og:image\" content=\"https:\/\/www.italianacontenitori.com\/wp-content\/uploads\/2020\/12\/MARK080110.png\" \/>\n\t<meta property=\"og:image:width\" content=\"1024\" \/>\n\t<meta property=\"og:image:height\" content=\"1024\" \/>\n\t<meta property=\"og:image:type\" content=\"image\/png\" \/>\n<meta name=\"twitter:card\" content=\"summary_large_image\" \/>\n<meta name=\"twitter:label1\" content=\"Dur\u00e9e de lecture estim\u00e9e\" \/>\n\t<meta name=\"twitter:data1\" content=\"2 minutes\" \/>\n<script type=\"application\/ld+json\" class=\"yoast-schema-graph\">{\"@context\":\"https:\/\/schema.org\",\"@graph\":[{\"@type\":\"WebPage\",\"@id\":\"https:\/\/www.italianacontenitori.com\/fr\/prodotto\/bouteille-de-vin-industriel-marche-bourgogne-85-x-115-cm\/\",\"url\":\"https:\/\/www.italianacontenitori.com\/fr\/prodotto\/bouteille-de-vin-industriel-marche-bourgogne-85-x-115-cm\/\",\"name\":\"R\u00e9cipient industriel pour bouteilles de vin March\u00e9 Bourgogne petit\",\"isPartOf\":{\"@id\":\"https:\/\/www.italianacontenitori.com\/fr\/#website\"},\"primaryImageOfPage\":{\"@id\":\"https:\/\/www.italianacontenitori.com\/fr\/prodotto\/bouteille-de-vin-industriel-marche-bourgogne-85-x-115-cm\/#primaryimage\"},\"image\":{\"@id\":\"https:\/\/www.italianacontenitori.com\/fr\/prodotto\/bouteille-de-vin-industriel-marche-bourgogne-85-x-115-cm\/#primaryimage\"},\"thumbnailUrl\":\"https:\/\/www.italianacontenitori.com\/wp-content\/uploads\/2020\/12\/MARK080110.png\",\"datePublished\":\"2021-03-03T11:39:48+00:00\",\"dateModified\":\"2024-08-29T11:01:25+00:00\",\"description\":\"Conteneur compact pour bouteilles de vin de Bourgogne. Capacit\u00e9 de 1000 kg. Empilable 3 en 1. Pliable, l\u00e9ger et solide. Id\u00e9al pour les caves \u00e0 vin.\",\"breadcrumb\":{\"@id\":\"https:\/\/www.italianacontenitori.com\/fr\/prodotto\/bouteille-de-vin-industriel-marche-bourgogne-85-x-115-cm\/#breadcrumb\"},\"inLanguage\":\"fr-FR\",\"potentialAction\":[{\"@type\":\"ReadAction\",\"target\":[\"https:\/\/www.italianacontenitori.com\/fr\/prodotto\/bouteille-de-vin-industriel-marche-bourgogne-85-x-115-cm\/\"]}]},{\"@type\":\"ImageObject\",\"inLanguage\":\"fr-FR\",\"@id\":\"https:\/\/www.italianacontenitori.com\/fr\/prodotto\/bouteille-de-vin-industriel-marche-bourgogne-85-x-115-cm\/#primaryimage\",\"url\":\"https:\/\/www.italianacontenitori.com\/wp-content\/uploads\/2020\/12\/MARK080110.png\",\"contentUrl\":\"https:\/\/www.italianacontenitori.com\/wp-content\/uploads\/2020\/12\/MARK080110.png\",\"width\":1024,\"height\":1024,\"caption\":\"Contenitore industriale in rete metallica per bottiglie di vino borgognotte. Portata 1000 kg. Sovrapponibile 3 su 1. Pieghevole e leggero. Modello MARK080120\"},{\"@type\":\"BreadcrumbList\",\"@id\":\"https:\/\/www.italianacontenitori.com\/fr\/prodotto\/bouteille-de-vin-industriel-marche-bourgogne-85-x-115-cm\/#breadcrumb\",\"itemListElement\":[{\"@type\":\"ListItem\",\"position\":1,\"name\":\"Home\",\"item\":\"https:\/\/www.italianacontenitori.com\/fr\/conteneurs-a-mailles-metalliques\/\"},{\"@type\":\"ListItem\",\"position\":2,\"name\":\"R\u00e9cipient industriel pour bouteilles de vin &#8211; Market Bourgogne 85 x 115 cm\"}]},{\"@type\":\"WebSite\",\"@id\":\"https:\/\/www.italianacontenitori.com\/fr\/#website\",\"url\":\"https:\/\/www.italianacontenitori.com\/fr\/\",\"name\":\"italianacontenitori.com\",\"description\":\"Produzione di contenitori industriali e roll container\",\"publisher\":{\"@id\":\"https:\/\/www.italianacontenitori.com\/fr\/#organization\"},\"potentialAction\":[{\"@type\":\"SearchAction\",\"target\":{\"@type\":\"EntryPoint\",\"urlTemplate\":\"https:\/\/www.italianacontenitori.com\/fr\/?s={search_term_string}\"},\"query-input\":{\"@type\":\"PropertyValueSpecification\",\"valueRequired\":true,\"valueName\":\"search_term_string\"}}],\"inLanguage\":\"fr-FR\"},{\"@type\":\"Organization\",\"@id\":\"https:\/\/www.italianacontenitori.com\/fr\/#organization\",\"name\":\"Italiana Contenitori s.r.l.\",\"alternateName\":\"IC\",\"url\":\"https:\/\/www.italianacontenitori.com\/fr\/\",\"logo\":{\"@type\":\"ImageObject\",\"inLanguage\":\"fr-FR\",\"@id\":\"https:\/\/www.italianacontenitori.com\/fr\/#\/schema\/logo\/image\/\",\"url\":\"https:\/\/www.italianacontenitori.com\/wp-content\/uploads\/2020\/11\/cropped-Logo-Italiana-Contenitori_favicon.jpg\",\"contentUrl\":\"https:\/\/www.italianacontenitori.com\/wp-content\/uploads\/2020\/11\/cropped-Logo-Italiana-Contenitori_favicon.jpg\",\"width\":512,\"height\":512,\"caption\":\"Italiana Contenitori s.r.l.\"},\"image\":{\"@id\":\"https:\/\/www.italianacontenitori.com\/fr\/#\/schema\/logo\/image\/\"}}]}<\/script>\n<!-- \/ Yoast SEO plugin. -->","yoast_head_json":{"title":"R\u00e9cipient industriel pour bouteilles de vin March\u00e9 Bourgogne petit","description":"Conteneur compact pour bouteilles de vin de Bourgogne. Capacit\u00e9 de 1000 kg. Empilable 3 en 1. Pliable, l\u00e9ger et solide. Id\u00e9al pour les caves \u00e0 vin.","robots":{"index":"index","follow":"follow","max-snippet":"max-snippet:-1","max-image-preview":"max-image-preview:large","max-video-preview":"max-video-preview:-1"},"canonical":"https:\/\/www.italianacontenitori.com\/fr\/prodotto\/bouteille-de-vin-industriel-marche-bourgogne-85-x-115-cm\/","og_locale":"fr_FR","og_type":"article","og_title":"R\u00e9cipient industriel pour bouteilles de vin March\u00e9 Bourgogne petit","og_description":"Conteneur compact pour bouteilles de vin de Bourgogne. Capacit\u00e9 de 1000 kg. Empilable 3 en 1. Pliable, l\u00e9ger et solide. Id\u00e9al pour les caves \u00e0 vin.","og_url":"https:\/\/www.italianacontenitori.com\/fr\/prodotto\/bouteille-de-vin-industriel-marche-bourgogne-85-x-115-cm\/","og_site_name":"italianacontenitori.com","article_modified_time":"2024-08-29T11:01:25+00:00","og_image":[{"width":1024,"height":1024,"url":"https:\/\/www.italianacontenitori.com\/wp-content\/uploads\/2020\/12\/MARK080110.png","type":"image\/png"}],"twitter_card":"summary_large_image","twitter_misc":{"Dur\u00e9e de lecture estim\u00e9e":"2 minutes"},"schema":{"@context":"https:\/\/schema.org","@graph":[{"@type":"WebPage","@id":"https:\/\/www.italianacontenitori.com\/fr\/prodotto\/bouteille-de-vin-industriel-marche-bourgogne-85-x-115-cm\/","url":"https:\/\/www.italianacontenitori.com\/fr\/prodotto\/bouteille-de-vin-industriel-marche-bourgogne-85-x-115-cm\/","name":"R\u00e9cipient industriel pour bouteilles de vin March\u00e9 Bourgogne petit","isPartOf":{"@id":"https:\/\/www.italianacontenitori.com\/fr\/#website"},"primaryImageOfPage":{"@id":"https:\/\/www.italianacontenitori.com\/fr\/prodotto\/bouteille-de-vin-industriel-marche-bourgogne-85-x-115-cm\/#primaryimage"},"image":{"@id":"https:\/\/www.italianacontenitori.com\/fr\/prodotto\/bouteille-de-vin-industriel-marche-bourgogne-85-x-115-cm\/#primaryimage"},"thumbnailUrl":"https:\/\/www.italianacontenitori.com\/wp-content\/uploads\/2020\/12\/MARK080110.png","datePublished":"2021-03-03T11:39:48+00:00","dateModified":"2024-08-29T11:01:25+00:00","description":"Conteneur compact pour bouteilles de vin de Bourgogne. Capacit\u00e9 de 1000 kg. Empilable 3 en 1. Pliable, l\u00e9ger et solide. Id\u00e9al pour les caves \u00e0 vin.","breadcrumb":{"@id":"https:\/\/www.italianacontenitori.com\/fr\/prodotto\/bouteille-de-vin-industriel-marche-bourgogne-85-x-115-cm\/#breadcrumb"},"inLanguage":"fr-FR","potentialAction":[{"@type":"ReadAction","target":["https:\/\/www.italianacontenitori.com\/fr\/prodotto\/bouteille-de-vin-industriel-marche-bourgogne-85-x-115-cm\/"]}]},{"@type":"ImageObject","inLanguage":"fr-FR","@id":"https:\/\/www.italianacontenitori.com\/fr\/prodotto\/bouteille-de-vin-industriel-marche-bourgogne-85-x-115-cm\/#primaryimage","url":"https:\/\/www.italianacontenitori.com\/wp-content\/uploads\/2020\/12\/MARK080110.png","contentUrl":"https:\/\/www.italianacontenitori.com\/wp-content\/uploads\/2020\/12\/MARK080110.png","width":1024,"height":1024,"caption":"Contenitore industriale in rete metallica per bottiglie di vino borgognotte. Portata 1000 kg. Sovrapponibile 3 su 1. Pieghevole e leggero. Modello MARK080120"},{"@type":"BreadcrumbList","@id":"https:\/\/www.italianacontenitori.com\/fr\/prodotto\/bouteille-de-vin-industriel-marche-bourgogne-85-x-115-cm\/#breadcrumb","itemListElement":[{"@type":"ListItem","position":1,"name":"Home","item":"https:\/\/www.italianacontenitori.com\/fr\/conteneurs-a-mailles-metalliques\/"},{"@type":"ListItem","position":2,"name":"R\u00e9cipient industriel pour bouteilles de vin &#8211; Market Bourgogne 85 x 115 cm"}]},{"@type":"WebSite","@id":"https:\/\/www.italianacontenitori.com\/fr\/#website","url":"https:\/\/www.italianacontenitori.com\/fr\/","name":"italianacontenitori.com","description":"Produzione di contenitori industriali e roll container","publisher":{"@id":"https:\/\/www.italianacontenitori.com\/fr\/#organization"},"potentialAction":[{"@type":"SearchAction","target":{"@type":"EntryPoint","urlTemplate":"https:\/\/www.italianacontenitori.com\/fr\/?s={search_term_string}"},"query-input":{"@type":"PropertyValueSpecification","valueRequired":true,"valueName":"search_term_string"}}],"inLanguage":"fr-FR"},{"@type":"Organization","@id":"https:\/\/www.italianacontenitori.com\/fr\/#organization","name":"Italiana Contenitori s.r.l.","alternateName":"IC","url":"https:\/\/www.italianacontenitori.com\/fr\/","logo":{"@type":"ImageObject","inLanguage":"fr-FR","@id":"https:\/\/www.italianacontenitori.com\/fr\/#\/schema\/logo\/image\/","url":"https:\/\/www.italianacontenitori.com\/wp-content\/uploads\/2020\/11\/cropped-Logo-Italiana-Contenitori_favicon.jpg","contentUrl":"https:\/\/www.italianacontenitori.com\/wp-content\/uploads\/2020\/11\/cropped-Logo-Italiana-Contenitori_favicon.jpg","width":512,"height":512,"caption":"Italiana Contenitori s.r.l."},"image":{"@id":"https:\/\/www.italianacontenitori.com\/fr\/#\/schema\/logo\/image\/"}}]}},"_links":{"self":[{"href":"https:\/\/www.italianacontenitori.com\/fr\/wp-json\/wp\/v2\/product\/241701","targetHints":{"allow":["GET"]}}],"collection":[{"href":"https:\/\/www.italianacontenitori.com\/fr\/wp-json\/wp\/v2\/product"}],"about":[{"href":"https:\/\/www.italianacontenitori.com\/fr\/wp-json\/wp\/v2\/types\/product"}],"replies":[{"embeddable":true,"href":"https:\/\/www.italianacontenitori.com\/fr\/wp-json\/wp\/v2\/comments?post=241701"}],"wp:featuredmedia":[{"embeddable":true,"href":"https:\/\/www.italianacontenitori.com\/fr\/wp-json\/wp\/v2\/media\/240456"}],"wp:attachment":[{"href":"https:\/\/www.italianacontenitori.com\/fr\/wp-json\/wp\/v2\/media?parent=241701"}],"wp:term":[{"taxonomy":"product_brand","embeddable":true,"href":"https:\/\/www.italianacontenitori.com\/fr\/wp-json\/wp\/v2\/product_brand?post=241701"},{"taxonomy":"product_cat","embeddable":true,"href":"https:\/\/www.italianacontenitori.com\/fr\/wp-json\/wp\/v2\/product_cat?post=241701"},{"taxonomy":"product_tag","embeddable":true,"href":"https:\/\/www.italianacontenitori.com\/fr\/wp-json\/wp\/v2\/product_tag?post=241701"}],"curies":[{"name":"wp","href":"https:\/\/api.w.org\/{rel}","templated":true}]}}