{"id":241705,"date":"2020-12-07T12:42:56","date_gmt":"2020-12-07T12:42:56","guid":{"rendered":"https:\/\/www.italianacontenitori.com\/product\/market-66-x-80-cm\/"},"modified":"2026-04-10T14:38:18","modified_gmt":"2026-04-10T14:38:18","slug":"market-66-x-80-cm","status":"publish","type":"product","link":"https:\/\/www.italianacontenitori.com\/fr\/produit\/market-66-x-80-cm\/","title":{"rendered":"Petit conteneur industriel en m\u00e9tal &#8211; March\u00e9 66 X 80 cm"},"content":{"rendered":"<p>Le panier industriel Market 66 x 80 est la solution parfaite pour ceux qui recherchent l&#8217;efficacit\u00e9 et la durabilit\u00e9 dans un <strong>petit conteneur industriel<\/strong> en grillage.<strong> <\/strong>et avec<strong> deux portes d&#8217;inspection<\/strong>. Ce panier m\u00e9tallique, <strong>fabriqu\u00e9 en Italie \u00e0 partir de mat\u00e9riaux de haute qualit\u00e9<\/strong>, est con\u00e7u pour r\u00e9sister aux intemp\u00e9ries, \u00e0 la poussi\u00e8re et \u00e0 la salet\u00e9 gr\u00e2ce \u00e0 sa <strong>galvanisation<\/strong>. Sa robustesse est renforc\u00e9e par la <strong>structure autoportante en treillis m\u00e9tallique<\/strong>, qui garantit non seulement la durabilit\u00e9 mais aussi la visibilit\u00e9 imm\u00e9diate du contenu. Le conteneur est dot\u00e9 d&#8217;une porte d&#8217;inspection sur le c\u00f4t\u00e9 long pour faciliter les op\u00e9rations de picking.   <\/p>\n<h2>Le petit conteneur industriel : l\u00e9ger, empilable et pliable<\/h2>\n<p>La <strong>corbeille grillag\u00e9e<\/strong> Market 66&#215;80 est con\u00e7ue pour \u00eatre efficace, robuste et pratique dans les op\u00e9rations de manutention et de stockage. Gr\u00e2ce \u00e0 ses dimensions compactes et \u00e0 sa conception pliable, elle constitue une solution id\u00e9ale pour l&#8217;industrie, la logistique et la distribution. Vous trouverez ci-dessous les principales caract\u00e9ristiques :  <\/p>\n<ul>\n<li><strong>Dimensions compactes<\/strong>: avec 66 x 80 cm, il est id\u00e9al pour le rangement dans les petits espaces sans sacrifier la fonctionnalit\u00e9.<\/li>\n<li><strong>Empilable<\/strong>: permet d&#8217;<strong>empiler<\/strong> jusqu&#8217;\u00e0 deux conteneurs enti\u00e8rement charg\u00e9s (300 kg) sur une base, optimisant ainsi l&#8217;espace vertical.<\/li>\n<li><strong>Pliable<\/strong>: lorsqu&#8217;il n&#8217;est pas utilis\u00e9 ou lors des retours \u00e0 vide, il peut \u00eatre pli\u00e9 pour r\u00e9duire l&#8217;encombrement et faciliter la logistique.<\/li>\n<li><strong>Capacit\u00e9 de charge jusqu&#8217;\u00e0 300 kg<\/strong>: id\u00e9al pour manipuler et stocker des marchandises l\u00e9g\u00e8res ou de poids moyen de mani\u00e8re s\u00fbre et efficace.<\/li>\n<li><strong>Construction robuste<\/strong>: con\u00e7ue pour r\u00e9sister \u00e0 une utilisation intensive dans l&#8217;industrie et le commerce de d\u00e9tail.<\/li>\n<li><strong>Polyvalence d&#8217;utilisation<\/strong>: excellente solution pour les entrep\u00f4ts qui ont besoin de conteneurs compacts, maniables et faciles \u00e0 d\u00e9placer.<\/li>\n<li><strong>Optimisation de l&#8217;espace<\/strong>: am\u00e9liore l&#8217;organisation et l&#8217;efficacit\u00e9 de l&#8217;entrep\u00f4t, en s&#8217;adaptant aux diff\u00e9rents besoins op\u00e9rationnels.<\/li>\n<\/ul>\n<p>L&#8217;un des points forts d&#8217;Italiana Contenitori r\u00e9side dans ses possibilit\u00e9s de personnalisation : <strong>nous contr\u00f4lons l&#8217;ensemble du cycle de production et offrons \u00e0 nos clients la possibilit\u00e9 de fabriquer des conteneurs industriels selon leur propre conception<\/strong>. Si les variantes standard ne r\u00e9pondent pas \u00e0 vos exigences sp\u00e9cifiques, veuillez contacter notre service client\u00e8le qui, en synergie avec le d\u00e9partement technique et de conception, sera en mesure de fournir une <strong>solution personnalis\u00e9e, durable et r\u00e9sistante<\/strong>. <\/p>\n<p>Lot minimum 50 pi\u00e8ces.<\/p>\n","protected":false},"excerpt":{"rendered":"<p>Conteneur petit, mais robuste, l\u2019ouverture sur deux c\u00f4t\u00e9s permet un pr\u00e9l\u00e8vement facile du contenu. Pliable et gerbable. Lot minimum 50 pi\u00e8ces.<\/p>\n","protected":false},"featured_media":240461,"comment_status":"open","ping_status":"closed","template":"","meta":{"_acf_changed":false,"_et_pb_use_builder":"","_et_pb_old_content":"","_et_gb_content_width":""},"product_brand":[],"product_cat":[1917,1929],"product_tag":[2043],"class_list":{"0":"post-241705","1":"product","2":"type-product","3":"status-publish","4":"has-post-thumbnail","6":"product_cat-conteneurs-industriels","7":"product_cat-market-fr","8":"product_tag-containers-fr","10":"first","11":"instock","12":"shipping-taxable","13":"purchasable","14":"product-type-simple"},"acf":[],"yoast_head":"<!-- This site is optimized with the Yoast SEO plugin v27.4 - https:\/\/yoast.com\/product\/yoast-seo-wordpress\/ -->\n<title>Petit conteneur industriel en m\u00e9tal - March\u00e9 66 X 80 cm%page%%%%.<\/title>\n<meta name=\"description\" content=\"Petit conteneur grillag\u00e9 d&#039;une capacit\u00e9 de charge de 300 kg, empilable (2 sur 1), pliable, avec porte d&#039;inspection, tr\u00e8s l\u00e9ger.\" \/>\n<meta name=\"robots\" content=\"index, follow, max-snippet:-1, max-image-preview:large, max-video-preview:-1\" \/>\n<link rel=\"canonical\" href=\"https:\/\/www.italianacontenitori.com\/fr\/produit\/market-66-x-80-cm\/\" \/>\n<meta property=\"og:locale\" content=\"fr_FR\" \/>\n<meta property=\"og:type\" content=\"article\" \/>\n<meta property=\"og:title\" content=\"Petit conteneur industriel en m\u00e9tal - March\u00e9 66 X 80 cm%page%%%%.\" \/>\n<meta property=\"og:description\" content=\"Petit conteneur grillag\u00e9 d&#039;une capacit\u00e9 de charge de 300 kg, empilable (2 sur 1), pliable, avec porte d&#039;inspection, tr\u00e8s l\u00e9ger.\" \/>\n<meta property=\"og:url\" content=\"https:\/\/www.italianacontenitori.com\/fr\/produit\/market-66-x-80-cm\/\" \/>\n<meta property=\"og:site_name\" content=\"italianacontenitori.com\" \/>\n<meta property=\"article:modified_time\" content=\"2026-04-10T14:38:18+00:00\" \/>\n<meta property=\"og:image\" content=\"https:\/\/www.italianacontenitori.com\/wp-content\/uploads\/2020\/12\/MARK066080A4.png\" \/>\n\t<meta property=\"og:image:width\" content=\"1024\" \/>\n\t<meta property=\"og:image:height\" content=\"1024\" \/>\n\t<meta property=\"og:image:type\" content=\"image\/png\" \/>\n<meta name=\"twitter:card\" content=\"summary_large_image\" \/>\n<meta name=\"twitter:label1\" content=\"Dur\u00e9e de lecture estim\u00e9e\" \/>\n\t<meta name=\"twitter:data1\" content=\"2 minutes\" \/>\n<script type=\"application\/ld+json\" class=\"yoast-schema-graph\">{\"@context\":\"https:\\\/\\\/schema.org\",\"@graph\":[{\"@type\":\"WebPage\",\"@id\":\"https:\\\/\\\/www.italianacontenitori.com\\\/fr\\\/produit\\\/market-66-x-80-cm\\\/\",\"url\":\"https:\\\/\\\/www.italianacontenitori.com\\\/fr\\\/produit\\\/market-66-x-80-cm\\\/\",\"name\":\"Petit conteneur industriel en m\u00e9tal - March\u00e9 66 X 80 cm%page%%%%.\",\"isPartOf\":{\"@id\":\"https:\\\/\\\/www.italianacontenitori.com\\\/fr\\\/#website\"},\"primaryImageOfPage\":{\"@id\":\"https:\\\/\\\/www.italianacontenitori.com\\\/fr\\\/produit\\\/market-66-x-80-cm\\\/#primaryimage\"},\"image\":{\"@id\":\"https:\\\/\\\/www.italianacontenitori.com\\\/fr\\\/produit\\\/market-66-x-80-cm\\\/#primaryimage\"},\"thumbnailUrl\":\"https:\\\/\\\/www.italianacontenitori.com\\\/wp-content\\\/uploads\\\/2020\\\/12\\\/MARK066080A4.png\",\"datePublished\":\"2020-12-07T12:42:56+00:00\",\"dateModified\":\"2026-04-10T14:38:18+00:00\",\"description\":\"Petit conteneur grillag\u00e9 d'une capacit\u00e9 de charge de 300 kg, empilable (2 sur 1), pliable, avec porte d'inspection, tr\u00e8s l\u00e9ger.\",\"breadcrumb\":{\"@id\":\"https:\\\/\\\/www.italianacontenitori.com\\\/fr\\\/produit\\\/market-66-x-80-cm\\\/#breadcrumb\"},\"inLanguage\":\"fr-FR\",\"potentialAction\":[{\"@type\":\"ReadAction\",\"target\":[\"https:\\\/\\\/www.italianacontenitori.com\\\/fr\\\/produit\\\/market-66-x-80-cm\\\/\"]}]},{\"@type\":\"ImageObject\",\"inLanguage\":\"fr-FR\",\"@id\":\"https:\\\/\\\/www.italianacontenitori.com\\\/fr\\\/produit\\\/market-66-x-80-cm\\\/#primaryimage\",\"url\":\"https:\\\/\\\/www.italianacontenitori.com\\\/wp-content\\\/uploads\\\/2020\\\/12\\\/MARK066080A4.png\",\"contentUrl\":\"https:\\\/\\\/www.italianacontenitori.com\\\/wp-content\\\/uploads\\\/2020\\\/12\\\/MARK066080A4.png\",\"width\":1024,\"height\":1024,\"caption\":\"Conteneur m\u00e9tallique industriel petit et compact avec double porte d'inspection. Mod\u00e8le : MARK066080A4\"},{\"@type\":\"BreadcrumbList\",\"@id\":\"https:\\\/\\\/www.italianacontenitori.com\\\/fr\\\/produit\\\/market-66-x-80-cm\\\/#breadcrumb\",\"itemListElement\":[{\"@type\":\"ListItem\",\"position\":1,\"name\":\"Home\",\"item\":\"https:\\\/\\\/www.italianacontenitori.com\\\/fr\\\/conteneurs-a-mailles-metalliques\\\/\"},{\"@type\":\"ListItem\",\"position\":2,\"name\":\"Catalogue\",\"item\":\"https:\\\/\\\/www.italianacontenitori.com\\\/fr\\\/catalogue-fr\\\/\"},{\"@type\":\"ListItem\",\"position\":3,\"name\":\"Petit conteneur industriel en m\u00e9tal &#8211; March\u00e9 66 X 80 cm\"}]},{\"@type\":\"WebSite\",\"@id\":\"https:\\\/\\\/www.italianacontenitori.com\\\/fr\\\/#website\",\"url\":\"https:\\\/\\\/www.italianacontenitori.com\\\/fr\\\/\",\"name\":\"italianacontenitori.com\",\"description\":\"Produzione di contenitori industriali e roll container\",\"publisher\":{\"@id\":\"https:\\\/\\\/www.italianacontenitori.com\\\/fr\\\/#organization\"},\"potentialAction\":[{\"@type\":\"SearchAction\",\"target\":{\"@type\":\"EntryPoint\",\"urlTemplate\":\"https:\\\/\\\/www.italianacontenitori.com\\\/fr\\\/?s={search_term_string}\"},\"query-input\":{\"@type\":\"PropertyValueSpecification\",\"valueRequired\":true,\"valueName\":\"search_term_string\"}}],\"inLanguage\":\"fr-FR\"},{\"@type\":\"Organization\",\"@id\":\"https:\\\/\\\/www.italianacontenitori.com\\\/fr\\\/#organization\",\"name\":\"Italiana Contenitori s.r.l.\",\"alternateName\":\"IC\",\"url\":\"https:\\\/\\\/www.italianacontenitori.com\\\/fr\\\/\",\"logo\":{\"@type\":\"ImageObject\",\"inLanguage\":\"fr-FR\",\"@id\":\"https:\\\/\\\/www.italianacontenitori.com\\\/fr\\\/#\\\/schema\\\/logo\\\/image\\\/\",\"url\":\"https:\\\/\\\/www.italianacontenitori.com\\\/wp-content\\\/uploads\\\/2020\\\/11\\\/cropped-Logo-Italiana-Contenitori_favicon.jpg\",\"contentUrl\":\"https:\\\/\\\/www.italianacontenitori.com\\\/wp-content\\\/uploads\\\/2020\\\/11\\\/cropped-Logo-Italiana-Contenitori_favicon.jpg\",\"width\":512,\"height\":512,\"caption\":\"Italiana Contenitori s.r.l.\"},\"image\":{\"@id\":\"https:\\\/\\\/www.italianacontenitori.com\\\/fr\\\/#\\\/schema\\\/logo\\\/image\\\/\"}}]}<\/script>\n<!-- \/ Yoast SEO plugin. -->","yoast_head_json":{"title":"Petit conteneur industriel en m\u00e9tal - March\u00e9 66 X 80 cm%page%%%%.","description":"Petit conteneur grillag\u00e9 d'une capacit\u00e9 de charge de 300 kg, empilable (2 sur 1), pliable, avec porte d'inspection, tr\u00e8s l\u00e9ger.","robots":{"index":"index","follow":"follow","max-snippet":"max-snippet:-1","max-image-preview":"max-image-preview:large","max-video-preview":"max-video-preview:-1"},"canonical":"https:\/\/www.italianacontenitori.com\/fr\/produit\/market-66-x-80-cm\/","og_locale":"fr_FR","og_type":"article","og_title":"Petit conteneur industriel en m\u00e9tal - March\u00e9 66 X 80 cm%page%%%%.","og_description":"Petit conteneur grillag\u00e9 d'une capacit\u00e9 de charge de 300 kg, empilable (2 sur 1), pliable, avec porte d'inspection, tr\u00e8s l\u00e9ger.","og_url":"https:\/\/www.italianacontenitori.com\/fr\/produit\/market-66-x-80-cm\/","og_site_name":"italianacontenitori.com","article_modified_time":"2026-04-10T14:38:18+00:00","og_image":[{"width":1024,"height":1024,"url":"https:\/\/www.italianacontenitori.com\/wp-content\/uploads\/2020\/12\/MARK066080A4.png","type":"image\/png"}],"twitter_card":"summary_large_image","twitter_misc":{"Dur\u00e9e de lecture estim\u00e9e":"2 minutes"},"schema":{"@context":"https:\/\/schema.org","@graph":[{"@type":"WebPage","@id":"https:\/\/www.italianacontenitori.com\/fr\/produit\/market-66-x-80-cm\/","url":"https:\/\/www.italianacontenitori.com\/fr\/produit\/market-66-x-80-cm\/","name":"Petit conteneur industriel en m\u00e9tal - March\u00e9 66 X 80 cm%page%%%%.","isPartOf":{"@id":"https:\/\/www.italianacontenitori.com\/fr\/#website"},"primaryImageOfPage":{"@id":"https:\/\/www.italianacontenitori.com\/fr\/produit\/market-66-x-80-cm\/#primaryimage"},"image":{"@id":"https:\/\/www.italianacontenitori.com\/fr\/produit\/market-66-x-80-cm\/#primaryimage"},"thumbnailUrl":"https:\/\/www.italianacontenitori.com\/wp-content\/uploads\/2020\/12\/MARK066080A4.png","datePublished":"2020-12-07T12:42:56+00:00","dateModified":"2026-04-10T14:38:18+00:00","description":"Petit conteneur grillag\u00e9 d'une capacit\u00e9 de charge de 300 kg, empilable (2 sur 1), pliable, avec porte d'inspection, tr\u00e8s l\u00e9ger.","breadcrumb":{"@id":"https:\/\/www.italianacontenitori.com\/fr\/produit\/market-66-x-80-cm\/#breadcrumb"},"inLanguage":"fr-FR","potentialAction":[{"@type":"ReadAction","target":["https:\/\/www.italianacontenitori.com\/fr\/produit\/market-66-x-80-cm\/"]}]},{"@type":"ImageObject","inLanguage":"fr-FR","@id":"https:\/\/www.italianacontenitori.com\/fr\/produit\/market-66-x-80-cm\/#primaryimage","url":"https:\/\/www.italianacontenitori.com\/wp-content\/uploads\/2020\/12\/MARK066080A4.png","contentUrl":"https:\/\/www.italianacontenitori.com\/wp-content\/uploads\/2020\/12\/MARK066080A4.png","width":1024,"height":1024,"caption":"Conteneur m\u00e9tallique industriel petit et compact avec double porte d'inspection. Mod\u00e8le : MARK066080A4"},{"@type":"BreadcrumbList","@id":"https:\/\/www.italianacontenitori.com\/fr\/produit\/market-66-x-80-cm\/#breadcrumb","itemListElement":[{"@type":"ListItem","position":1,"name":"Home","item":"https:\/\/www.italianacontenitori.com\/fr\/conteneurs-a-mailles-metalliques\/"},{"@type":"ListItem","position":2,"name":"Catalogue","item":"https:\/\/www.italianacontenitori.com\/fr\/catalogue-fr\/"},{"@type":"ListItem","position":3,"name":"Petit conteneur industriel en m\u00e9tal &#8211; March\u00e9 66 X 80 cm"}]},{"@type":"WebSite","@id":"https:\/\/www.italianacontenitori.com\/fr\/#website","url":"https:\/\/www.italianacontenitori.com\/fr\/","name":"italianacontenitori.com","description":"Produzione di contenitori industriali e roll container","publisher":{"@id":"https:\/\/www.italianacontenitori.com\/fr\/#organization"},"potentialAction":[{"@type":"SearchAction","target":{"@type":"EntryPoint","urlTemplate":"https:\/\/www.italianacontenitori.com\/fr\/?s={search_term_string}"},"query-input":{"@type":"PropertyValueSpecification","valueRequired":true,"valueName":"search_term_string"}}],"inLanguage":"fr-FR"},{"@type":"Organization","@id":"https:\/\/www.italianacontenitori.com\/fr\/#organization","name":"Italiana Contenitori s.r.l.","alternateName":"IC","url":"https:\/\/www.italianacontenitori.com\/fr\/","logo":{"@type":"ImageObject","inLanguage":"fr-FR","@id":"https:\/\/www.italianacontenitori.com\/fr\/#\/schema\/logo\/image\/","url":"https:\/\/www.italianacontenitori.com\/wp-content\/uploads\/2020\/11\/cropped-Logo-Italiana-Contenitori_favicon.jpg","contentUrl":"https:\/\/www.italianacontenitori.com\/wp-content\/uploads\/2020\/11\/cropped-Logo-Italiana-Contenitori_favicon.jpg","width":512,"height":512,"caption":"Italiana Contenitori s.r.l."},"image":{"@id":"https:\/\/www.italianacontenitori.com\/fr\/#\/schema\/logo\/image\/"}}]}},"_links":{"self":[{"href":"https:\/\/www.italianacontenitori.com\/fr\/wp-json\/wp\/v2\/product\/241705","targetHints":{"allow":["GET"]}}],"collection":[{"href":"https:\/\/www.italianacontenitori.com\/fr\/wp-json\/wp\/v2\/product"}],"about":[{"href":"https:\/\/www.italianacontenitori.com\/fr\/wp-json\/wp\/v2\/types\/product"}],"replies":[{"embeddable":true,"href":"https:\/\/www.italianacontenitori.com\/fr\/wp-json\/wp\/v2\/comments?post=241705"}],"wp:featuredmedia":[{"embeddable":true,"href":"https:\/\/www.italianacontenitori.com\/fr\/wp-json\/wp\/v2\/media\/240461"}],"wp:attachment":[{"href":"https:\/\/www.italianacontenitori.com\/fr\/wp-json\/wp\/v2\/media?parent=241705"}],"wp:term":[{"taxonomy":"product_brand","embeddable":true,"href":"https:\/\/www.italianacontenitori.com\/fr\/wp-json\/wp\/v2\/product_brand?post=241705"},{"taxonomy":"product_cat","embeddable":true,"href":"https:\/\/www.italianacontenitori.com\/fr\/wp-json\/wp\/v2\/product_cat?post=241705"},{"taxonomy":"product_tag","embeddable":true,"href":"https:\/\/www.italianacontenitori.com\/fr\/wp-json\/wp\/v2\/product_tag?post=241705"}],"curies":[{"name":"wp","href":"https:\/\/api.w.org\/{rel}","templated":true}]}}