{"id":241717,"date":"2020-12-03T16:04:46","date_gmt":"2020-12-03T16:04:46","guid":{"rendered":"https:\/\/www.italianacontenitori.com\/product\/market-825-x-1245-cm-champagne\/"},"modified":"2026-04-10T14:38:07","modified_gmt":"2026-04-10T14:38:07","slug":"market-825-x-1245-champagne","status":"publish","type":"product","link":"https:\/\/www.italianacontenitori.com\/fr\/produit\/market-825-x-1245-champagne\/","title":{"rendered":"R\u00e9cipient industriel pour bouteilles de vin &#8211; Market Champagne 82,5 x 124,5 cm"},"content":{"rendered":"<h2>Le conteneur industriel pour les bouteilles de Champagne Cuv\u00e9e et Champagnotte<\/h2>\n<p>Market 82,5 x 124,5 est une excellente solution pour le <strong>stockage et le vieillissement des bouteilles de champagne et de vin de Champagne.<\/strong> Ce conteneur industriel pour bouteilles offre une capacit\u00e9 de gerbage exceptionnelle et permet d&#8217;<strong>empiler quatre conteneurs enti\u00e8rement charg\u00e9s sur une m\u00eame base<\/strong>. Cette caract\u00e9ristique permet de maximiser l&#8217;utilisation <strong>de l&#8217;espace disponible dans les caves<\/strong> et rend le Market Champagne id\u00e9al pour une large gamme d&#8217;applications de production et de logistique. Ses dimensions ont \u00e9t\u00e9 <strong>sp\u00e9cialement calibr\u00e9es pour optimiser la capacit\u00e9 de stockage des bouteilles de type champagne (Champagne, Muscat, Prosecco, etc.)<\/strong> et permettre une utilisation efficace de l&#8217;espace et un stockage optimal du vin.   <\/p>\n<blockquote>\n<h3>Chaque conteneur Market Champagne a une capacit\u00e9 de charge de 1000 kg. Vous pouvez empiler 5 conteneurs et stocker jusqu&#8217;\u00e0 <strong>2500 bouteilles <\/strong>dans l&#8217;espace occup\u00e9 par une palette, en toute s\u00e9curit\u00e9. <\/h3>\n<\/blockquote>\n<p>Lorsqu&#8217;il n&#8217;est pas utilis\u00e9, ou lors des retours \u00e0 vide, le conteneur industriel pour bouteilles de vin peut \u00eatre <strong>facilement pli\u00e9, ce qui r\u00e9duit l&#8217;encombrement<\/strong> et permet une optimisation in\u00e9gal\u00e9e de l&#8217;espace de stockage et de transport. Ses dimensions sont id\u00e9ales pour saturer vos transports : 68 conteneurs ouverts correspondent \u00e0 330 pli\u00e9s. <\/p>\n<h2>Chaque panier m\u00e9tallique peut contenir jusqu&#8217;\u00e0 500 bouteilles<\/h2>\n<p class=\"\" data-start=\"41\" data-end=\"119\">Choisir Market Champagne, c&#8217;est opter pour un conteneur sp\u00e9cifiquement con\u00e7u pour r\u00e9pondre aux besoins de la fili\u00e8re viti-vinicole. Gr\u00e2ce \u00e0 sa structure grillag\u00e9e robuste et \u00e0 sa galvanisation, ce conteneur garantit une r\u00e9sistance aux intemp\u00e9ries et \u00e0 la corrosion, ce qui lui assure une longue dur\u00e9e de vie. En outre, sa polyvalence et sa capacit\u00e9 \u00e0 optimiser l&#8217;espace font du Market Champagne une solution id\u00e9ale pour le stockage et la manipulation des bouteilles de Champagne et de Cuv\u00e9e. Parfait pour les caves et les producteurs de vin, c&#8217;est un choix s\u00fbr pour am\u00e9liorer l&#8217;efficacit\u00e9 et l&#8217;organisation de tout entrep\u00f4t.   <\/p>\n<ul data-start=\"121\" data-end=\"739\">\n<li class=\"\" data-start=\"121\" data-end=\"251\">\n<p class=\"\" data-start=\"123\" data-end=\"251\"><strong data-start=\"123\" data-end=\"162\">Con\u00e7u pour l&#8217;industrie du vin<\/strong>: id\u00e9al pour les bouteilles de Champagne et de Cuv\u00e9e, il optimise le stockage et la manutention.<\/p>\n<\/li>\n<li class=\"\" data-start=\"252\" data-end=\"363\">\n<p class=\"\" data-start=\"254\" data-end=\"363\"><strong data-start=\"254\" data-end=\"278\">Mat\u00e9riaux r\u00e9sistants<\/strong>: fabriqu\u00e9s en Italie, ils sont galvanis\u00e9s pour r\u00e9sister aux intemp\u00e9ries, \u00e0 la poussi\u00e8re et aux liquides acides.<\/p>\n<\/li>\n<li class=\"\" data-start=\"364\" data-end=\"469\">\n<p class=\"\" data-start=\"366\" data-end=\"469\"><strong data-start=\"366\" data-end=\"387\">Structure robuste<\/strong>: treillis m\u00e9tallique autoportant pour une meilleure durabilit\u00e9 et une visibilit\u00e9 imm\u00e9diate du contenu.<\/p>\n<\/li>\n<li class=\"\" data-start=\"470\" data-end=\"533\">\n<p class=\"\" data-start=\"472\" data-end=\"533\"><strong data-start=\"472\" data-end=\"497\">Trappe d&#8217;inspection<\/strong>: facilite les op\u00e9rations de pr\u00e9l\u00e8vement.<\/p>\n<\/li>\n<li class=\"\" data-start=\"534\" data-end=\"648\">\n<p class=\"\" data-start=\"536\" data-end=\"648\"><strong data-start=\"536\" data-end=\"562\">Polyvalent et adaptable<\/strong>: parfait pour les caves \u00e0 vin et les entrep\u00f4ts de vin, il convient \u00e0 diff\u00e9rents types de bouteilles. Il n&#8217;est pas fix\u00e9 au sol, ne n\u00e9cessite pas de certification et, en plus d&#8217;\u00eatre un excellent outil de stockage, il est parfait pour la logistique. <\/p>\n<\/li>\n<li class=\"\" data-start=\"649\" data-end=\"739\">\n<p class=\"\" data-start=\"651\" data-end=\"739\"><strong data-start=\"651\" data-end=\"682\">Optimisation de l&#8217;espace<\/strong>: rend les entrep\u00f4ts et les caves plus efficaces et mieux organis\u00e9s.<\/p>\n<\/li>\n<\/ul>\n<p>L&#8217;un des points forts d&#8217;Italiana Contenitori est la personnalisation : <strong>nous contr\u00f4lons l&#8217;ensemble du cycle de production et fabriquons des conteneurs industriels selon le design<\/strong>. Si les variantes standard ne r\u00e9pondent pas \u00e0 vos exigences sp\u00e9cifiques (voir fiche technique ci-dessous), nous vous invitons \u00e0 contacter notre service client\u00e8le qui, en synergie avec le service technique et le bureau d&#8217;\u00e9tudes, sera en mesure de vous fournir une <strong>solution personnalis\u00e9e, durable et r\u00e9sistante<\/strong>. <\/p>\n<p><strong>Liens utiles :  <\/strong><\/p>\n<ul>\n<li><a href=\"https:\/\/www.italianacontenitori.com\/prodotto\/contenitore-in-rete-metallica-per-bottiglie-di-vino-market-93-x-119\/\" target=\"_blank\" rel=\"noopener\">R\u00e9cipient sp\u00e9cifique pour les bouteilles de type Bordeaux (Bordeaux)<\/a><\/li>\n<li><a href=\"https:\/\/www.italianacontenitori.com\/prodotto\/contenitore-in-rete-metallica-per-bottiglie-di-vino-borgognotte-market-85-x-125-cm-bourgogne\/\" target=\"_blank\" rel=\"noopener\">R\u00e9cipient standard pour les bouteilles de vin de type Bourgogne.  <\/a>Dimensions : 85 x 125 cm<\/li>\n<\/ul>\n<p>&nbsp;<\/p>\n<p>Lot minimum 224 pi\u00e8ces.<\/p>\n","protected":false},"excerpt":{"rendered":"<p>Conteneur pour bouteilles de Champagne 75 cl (capacit\u00e9 500 bouteilles horizontales). Lot minimum 224 pi\u00e8ces.<\/p>\n","protected":false},"featured_media":240476,"comment_status":"open","ping_status":"closed","template":"","meta":{"_acf_changed":false,"_et_pb_use_builder":"","_et_pb_old_content":"","_et_gb_content_width":""},"product_brand":[],"product_cat":[1917,1929],"product_tag":[2043],"class_list":{"0":"post-241717","1":"product","2":"type-product","3":"status-publish","4":"has-post-thumbnail","6":"product_cat-conteneurs-industriels","7":"product_cat-market-fr","8":"product_tag-containers-fr","10":"first","11":"instock","12":"shipping-taxable","13":"purchasable","14":"product-type-variable","15":"has-default-attributes"},"acf":[],"yoast_head":"<!-- This site is optimized with the Yoast SEO plugin v27.4 - https:\/\/yoast.com\/product\/yoast-seo-wordpress\/ -->\n<title>Conteneur industriel en m\u00e9tal pour bouteilles de champagne<\/title>\n<meta name=\"description\" content=\"Conteneur grillag\u00e9 pour bouteilles de champagne. Capacit\u00e9 1000kg, soit 500 bouteilles de champagne. Empilable 4 par 1, pliable et solide.\" \/>\n<meta name=\"robots\" content=\"index, follow, max-snippet:-1, max-image-preview:large, max-video-preview:-1\" \/>\n<link rel=\"canonical\" href=\"https:\/\/www.italianacontenitori.com\/fr\/produit\/market-825-x-1245-champagne\/\" \/>\n<meta property=\"og:locale\" content=\"fr_FR\" \/>\n<meta property=\"og:type\" content=\"article\" \/>\n<meta property=\"og:title\" content=\"Conteneur industriel en m\u00e9tal pour bouteilles de champagne\" \/>\n<meta property=\"og:description\" content=\"Conteneur grillag\u00e9 pour bouteilles de champagne. Capacit\u00e9 1000kg, soit 500 bouteilles de champagne. Empilable 4 par 1, pliable et solide.\" \/>\n<meta property=\"og:url\" content=\"https:\/\/www.italianacontenitori.com\/fr\/produit\/market-825-x-1245-champagne\/\" \/>\n<meta property=\"og:site_name\" content=\"italianacontenitori.com\" \/>\n<meta property=\"article:modified_time\" content=\"2026-04-10T14:38:07+00:00\" \/>\n<meta property=\"og:image\" content=\"https:\/\/www.italianacontenitori.com\/wp-content\/uploads\/2020\/12\/MARK082124.png\" \/>\n\t<meta property=\"og:image:width\" content=\"1024\" \/>\n\t<meta property=\"og:image:height\" content=\"1024\" \/>\n\t<meta property=\"og:image:type\" content=\"image\/png\" \/>\n<meta name=\"twitter:card\" content=\"summary_large_image\" \/>\n<meta name=\"twitter:label1\" content=\"Dur\u00e9e de lecture estim\u00e9e\" \/>\n\t<meta name=\"twitter:data1\" content=\"3 minutes\" \/>\n<script type=\"application\/ld+json\" class=\"yoast-schema-graph\">{\"@context\":\"https:\\\/\\\/schema.org\",\"@graph\":[{\"@type\":\"WebPage\",\"@id\":\"https:\\\/\\\/www.italianacontenitori.com\\\/fr\\\/produit\\\/market-825-x-1245-champagne\\\/\",\"url\":\"https:\\\/\\\/www.italianacontenitori.com\\\/fr\\\/produit\\\/market-825-x-1245-champagne\\\/\",\"name\":\"Conteneur industriel en m\u00e9tal pour bouteilles de champagne\",\"isPartOf\":{\"@id\":\"https:\\\/\\\/www.italianacontenitori.com\\\/fr\\\/#website\"},\"primaryImageOfPage\":{\"@id\":\"https:\\\/\\\/www.italianacontenitori.com\\\/fr\\\/produit\\\/market-825-x-1245-champagne\\\/#primaryimage\"},\"image\":{\"@id\":\"https:\\\/\\\/www.italianacontenitori.com\\\/fr\\\/produit\\\/market-825-x-1245-champagne\\\/#primaryimage\"},\"thumbnailUrl\":\"https:\\\/\\\/www.italianacontenitori.com\\\/wp-content\\\/uploads\\\/2020\\\/12\\\/MARK082124.png\",\"datePublished\":\"2020-12-03T16:04:46+00:00\",\"dateModified\":\"2026-04-10T14:38:07+00:00\",\"description\":\"Conteneur grillag\u00e9 pour bouteilles de champagne. Capacit\u00e9 1000kg, soit 500 bouteilles de champagne. Empilable 4 par 1, pliable et solide.\",\"breadcrumb\":{\"@id\":\"https:\\\/\\\/www.italianacontenitori.com\\\/fr\\\/produit\\\/market-825-x-1245-champagne\\\/#breadcrumb\"},\"inLanguage\":\"fr-FR\",\"potentialAction\":[{\"@type\":\"ReadAction\",\"target\":[\"https:\\\/\\\/www.italianacontenitori.com\\\/fr\\\/produit\\\/market-825-x-1245-champagne\\\/\"]}]},{\"@type\":\"ImageObject\",\"inLanguage\":\"fr-FR\",\"@id\":\"https:\\\/\\\/www.italianacontenitori.com\\\/fr\\\/produit\\\/market-825-x-1245-champagne\\\/#primaryimage\",\"url\":\"https:\\\/\\\/www.italianacontenitori.com\\\/wp-content\\\/uploads\\\/2020\\\/12\\\/MARK082124.png\",\"contentUrl\":\"https:\\\/\\\/www.italianacontenitori.com\\\/wp-content\\\/uploads\\\/2020\\\/12\\\/MARK082124.png\",\"width\":1024,\"height\":1024,\"caption\":\"Conteneur en maille m\u00e9tallique pour les bouteilles de type champagne. Capacit\u00e9 1000kg, soit 500 bouteilles de champagne. Empilable, empilable 4 en 1. Mod\u00e8le MARK082124\"},{\"@type\":\"BreadcrumbList\",\"@id\":\"https:\\\/\\\/www.italianacontenitori.com\\\/fr\\\/produit\\\/market-825-x-1245-champagne\\\/#breadcrumb\",\"itemListElement\":[{\"@type\":\"ListItem\",\"position\":1,\"name\":\"Home\",\"item\":\"https:\\\/\\\/www.italianacontenitori.com\\\/fr\\\/conteneurs-a-mailles-metalliques\\\/\"},{\"@type\":\"ListItem\",\"position\":2,\"name\":\"Catalogue\",\"item\":\"https:\\\/\\\/www.italianacontenitori.com\\\/fr\\\/catalogue-fr\\\/\"},{\"@type\":\"ListItem\",\"position\":3,\"name\":\"R\u00e9cipient industriel pour bouteilles de vin &#8211; Market Champagne 82,5 x 124,5 cm\"}]},{\"@type\":\"WebSite\",\"@id\":\"https:\\\/\\\/www.italianacontenitori.com\\\/fr\\\/#website\",\"url\":\"https:\\\/\\\/www.italianacontenitori.com\\\/fr\\\/\",\"name\":\"italianacontenitori.com\",\"description\":\"Produzione di contenitori industriali e roll container\",\"publisher\":{\"@id\":\"https:\\\/\\\/www.italianacontenitori.com\\\/fr\\\/#organization\"},\"potentialAction\":[{\"@type\":\"SearchAction\",\"target\":{\"@type\":\"EntryPoint\",\"urlTemplate\":\"https:\\\/\\\/www.italianacontenitori.com\\\/fr\\\/?s={search_term_string}\"},\"query-input\":{\"@type\":\"PropertyValueSpecification\",\"valueRequired\":true,\"valueName\":\"search_term_string\"}}],\"inLanguage\":\"fr-FR\"},{\"@type\":\"Organization\",\"@id\":\"https:\\\/\\\/www.italianacontenitori.com\\\/fr\\\/#organization\",\"name\":\"Italiana Contenitori s.r.l.\",\"alternateName\":\"IC\",\"url\":\"https:\\\/\\\/www.italianacontenitori.com\\\/fr\\\/\",\"logo\":{\"@type\":\"ImageObject\",\"inLanguage\":\"fr-FR\",\"@id\":\"https:\\\/\\\/www.italianacontenitori.com\\\/fr\\\/#\\\/schema\\\/logo\\\/image\\\/\",\"url\":\"https:\\\/\\\/www.italianacontenitori.com\\\/wp-content\\\/uploads\\\/2020\\\/11\\\/cropped-Logo-Italiana-Contenitori_favicon.jpg\",\"contentUrl\":\"https:\\\/\\\/www.italianacontenitori.com\\\/wp-content\\\/uploads\\\/2020\\\/11\\\/cropped-Logo-Italiana-Contenitori_favicon.jpg\",\"width\":512,\"height\":512,\"caption\":\"Italiana Contenitori s.r.l.\"},\"image\":{\"@id\":\"https:\\\/\\\/www.italianacontenitori.com\\\/fr\\\/#\\\/schema\\\/logo\\\/image\\\/\"}}]}<\/script>\n<!-- \/ Yoast SEO plugin. -->","yoast_head_json":{"title":"Conteneur industriel en m\u00e9tal pour bouteilles de champagne","description":"Conteneur grillag\u00e9 pour bouteilles de champagne. Capacit\u00e9 1000kg, soit 500 bouteilles de champagne. Empilable 4 par 1, pliable et solide.","robots":{"index":"index","follow":"follow","max-snippet":"max-snippet:-1","max-image-preview":"max-image-preview:large","max-video-preview":"max-video-preview:-1"},"canonical":"https:\/\/www.italianacontenitori.com\/fr\/produit\/market-825-x-1245-champagne\/","og_locale":"fr_FR","og_type":"article","og_title":"Conteneur industriel en m\u00e9tal pour bouteilles de champagne","og_description":"Conteneur grillag\u00e9 pour bouteilles de champagne. Capacit\u00e9 1000kg, soit 500 bouteilles de champagne. Empilable 4 par 1, pliable et solide.","og_url":"https:\/\/www.italianacontenitori.com\/fr\/produit\/market-825-x-1245-champagne\/","og_site_name":"italianacontenitori.com","article_modified_time":"2026-04-10T14:38:07+00:00","og_image":[{"width":1024,"height":1024,"url":"https:\/\/www.italianacontenitori.com\/wp-content\/uploads\/2020\/12\/MARK082124.png","type":"image\/png"}],"twitter_card":"summary_large_image","twitter_misc":{"Dur\u00e9e de lecture estim\u00e9e":"3 minutes"},"schema":{"@context":"https:\/\/schema.org","@graph":[{"@type":"WebPage","@id":"https:\/\/www.italianacontenitori.com\/fr\/produit\/market-825-x-1245-champagne\/","url":"https:\/\/www.italianacontenitori.com\/fr\/produit\/market-825-x-1245-champagne\/","name":"Conteneur industriel en m\u00e9tal pour bouteilles de champagne","isPartOf":{"@id":"https:\/\/www.italianacontenitori.com\/fr\/#website"},"primaryImageOfPage":{"@id":"https:\/\/www.italianacontenitori.com\/fr\/produit\/market-825-x-1245-champagne\/#primaryimage"},"image":{"@id":"https:\/\/www.italianacontenitori.com\/fr\/produit\/market-825-x-1245-champagne\/#primaryimage"},"thumbnailUrl":"https:\/\/www.italianacontenitori.com\/wp-content\/uploads\/2020\/12\/MARK082124.png","datePublished":"2020-12-03T16:04:46+00:00","dateModified":"2026-04-10T14:38:07+00:00","description":"Conteneur grillag\u00e9 pour bouteilles de champagne. Capacit\u00e9 1000kg, soit 500 bouteilles de champagne. Empilable 4 par 1, pliable et solide.","breadcrumb":{"@id":"https:\/\/www.italianacontenitori.com\/fr\/produit\/market-825-x-1245-champagne\/#breadcrumb"},"inLanguage":"fr-FR","potentialAction":[{"@type":"ReadAction","target":["https:\/\/www.italianacontenitori.com\/fr\/produit\/market-825-x-1245-champagne\/"]}]},{"@type":"ImageObject","inLanguage":"fr-FR","@id":"https:\/\/www.italianacontenitori.com\/fr\/produit\/market-825-x-1245-champagne\/#primaryimage","url":"https:\/\/www.italianacontenitori.com\/wp-content\/uploads\/2020\/12\/MARK082124.png","contentUrl":"https:\/\/www.italianacontenitori.com\/wp-content\/uploads\/2020\/12\/MARK082124.png","width":1024,"height":1024,"caption":"Conteneur en maille m\u00e9tallique pour les bouteilles de type champagne. Capacit\u00e9 1000kg, soit 500 bouteilles de champagne. Empilable, empilable 4 en 1. Mod\u00e8le MARK082124"},{"@type":"BreadcrumbList","@id":"https:\/\/www.italianacontenitori.com\/fr\/produit\/market-825-x-1245-champagne\/#breadcrumb","itemListElement":[{"@type":"ListItem","position":1,"name":"Home","item":"https:\/\/www.italianacontenitori.com\/fr\/conteneurs-a-mailles-metalliques\/"},{"@type":"ListItem","position":2,"name":"Catalogue","item":"https:\/\/www.italianacontenitori.com\/fr\/catalogue-fr\/"},{"@type":"ListItem","position":3,"name":"R\u00e9cipient industriel pour bouteilles de vin &#8211; Market Champagne 82,5 x 124,5 cm"}]},{"@type":"WebSite","@id":"https:\/\/www.italianacontenitori.com\/fr\/#website","url":"https:\/\/www.italianacontenitori.com\/fr\/","name":"italianacontenitori.com","description":"Produzione di contenitori industriali e roll container","publisher":{"@id":"https:\/\/www.italianacontenitori.com\/fr\/#organization"},"potentialAction":[{"@type":"SearchAction","target":{"@type":"EntryPoint","urlTemplate":"https:\/\/www.italianacontenitori.com\/fr\/?s={search_term_string}"},"query-input":{"@type":"PropertyValueSpecification","valueRequired":true,"valueName":"search_term_string"}}],"inLanguage":"fr-FR"},{"@type":"Organization","@id":"https:\/\/www.italianacontenitori.com\/fr\/#organization","name":"Italiana Contenitori s.r.l.","alternateName":"IC","url":"https:\/\/www.italianacontenitori.com\/fr\/","logo":{"@type":"ImageObject","inLanguage":"fr-FR","@id":"https:\/\/www.italianacontenitori.com\/fr\/#\/schema\/logo\/image\/","url":"https:\/\/www.italianacontenitori.com\/wp-content\/uploads\/2020\/11\/cropped-Logo-Italiana-Contenitori_favicon.jpg","contentUrl":"https:\/\/www.italianacontenitori.com\/wp-content\/uploads\/2020\/11\/cropped-Logo-Italiana-Contenitori_favicon.jpg","width":512,"height":512,"caption":"Italiana Contenitori s.r.l."},"image":{"@id":"https:\/\/www.italianacontenitori.com\/fr\/#\/schema\/logo\/image\/"}}]}},"_links":{"self":[{"href":"https:\/\/www.italianacontenitori.com\/fr\/wp-json\/wp\/v2\/product\/241717","targetHints":{"allow":["GET"]}}],"collection":[{"href":"https:\/\/www.italianacontenitori.com\/fr\/wp-json\/wp\/v2\/product"}],"about":[{"href":"https:\/\/www.italianacontenitori.com\/fr\/wp-json\/wp\/v2\/types\/product"}],"replies":[{"embeddable":true,"href":"https:\/\/www.italianacontenitori.com\/fr\/wp-json\/wp\/v2\/comments?post=241717"}],"wp:featuredmedia":[{"embeddable":true,"href":"https:\/\/www.italianacontenitori.com\/fr\/wp-json\/wp\/v2\/media\/240476"}],"wp:attachment":[{"href":"https:\/\/www.italianacontenitori.com\/fr\/wp-json\/wp\/v2\/media?parent=241717"}],"wp:term":[{"taxonomy":"product_brand","embeddable":true,"href":"https:\/\/www.italianacontenitori.com\/fr\/wp-json\/wp\/v2\/product_brand?post=241717"},{"taxonomy":"product_cat","embeddable":true,"href":"https:\/\/www.italianacontenitori.com\/fr\/wp-json\/wp\/v2\/product_cat?post=241717"},{"taxonomy":"product_tag","embeddable":true,"href":"https:\/\/www.italianacontenitori.com\/fr\/wp-json\/wp\/v2\/product_tag?post=241717"}],"curies":[{"name":"wp","href":"https:\/\/api.w.org\/{rel}","templated":true}]}}