{"id":241740,"date":"2020-12-03T16:55:39","date_gmt":"2020-12-03T16:55:39","guid":{"rendered":"https:\/\/www.italianacontenitori.com\/product\/roll-120-x-80-cm-base-renforcee\/"},"modified":"2026-04-10T14:38:12","modified_gmt":"2026-04-10T14:38:12","slug":"roll-120-x-80-cm-renforcee","status":"publish","type":"product","link":"https:\/\/www.italianacontenitori.com\/fr\/produit\/roll-120-x-80-cm-renforcee\/","title":{"rendered":"Roll conteneur MAXI 120 x 80 cm &#8211; Renforc\u00e9"},"content":{"rendered":"<p>Le <strong>roll conteneur maxi 120 x 80 cm avec base renforc\u00e9e<\/strong> est le choix id\u00e9al pour le stockage et la manutention de marchandises volumineuses. Ses dimensions ext\u00e9rieures de <strong>1200 x 800 mm<\/strong> correspondent exactement \u00e0 celles d&#8217;une <strong>palette standard<\/strong>, ce qui garantit un transport efficace par camion et optimise l&#8217;espace pour des op\u00e9rations de chargement et de d\u00e9chargement rapides. Il peut accueillir jusqu&#8217;\u00e0 <strong>trois \u00e9tag\u00e8res horizontales<\/strong>, ce qui permet une gestion optimale du volume disponible et donc des marchandises transport\u00e9es.  <\/p>\n<p>Con\u00e7u pour une utilisation intensive dans des environnements tels que les <strong>supermarch\u00e9s<\/strong>, les <strong>blanchisseries industrielles<\/strong> et les <strong>usines de fabrication<\/strong>, ce roll conteneur est disponible en trois hauteurs diff\u00e9rentes &#8211; <strong>1520 mm, 1650 mm et 1800 mm<\/strong> &#8211; pour r\u00e9pondre aux diff\u00e9rentes exigences op\u00e9rationnelles de chaque secteur. Sa <strong>conception d\u00e9montable<\/strong> facilite l&#8217;exp\u00e9dition et optimise l&#8217;espace, ce qui permet de transporter plusieurs<strong> unit\u00e9s d\u00e9mont\u00e9es<\/strong> dans un seul conteneur assembl\u00e9. <\/p>\n<h2><strong>Rouleau maxi 120 x 80 cm en un coup d&#8217;\u0153il :<\/strong><\/h2>\n<ul>\n<li><strong>Dimensions ext\u00e9rieures<\/strong>: 1200 x 800 mm (dimensions d&#8217;une palette standard)<\/li>\n<li><strong>Hauteurs disponibles<\/strong>: 1520 mm, 1650 mm, 1800 mm<\/li>\n<li><strong>Capacit\u00e9 de charge maximale<\/strong>: 600 kg<\/li>\n<\/ul>\n<p>Dot\u00e9 d&#8217;une <strong>base <\/strong><strong>en treillis m\u00e9tallique<\/strong><strong> dense<\/strong>, le <strong>roll conteneur<\/strong> garantit une r\u00e9sistance et une s\u00e9curit\u00e9 \u00e9lev\u00e9es, emp\u00eachant les marchandises de tomber pendant le transport. Les c\u00f4t\u00e9s, qui peuvent \u00eatre configur\u00e9s avec un <strong>rabat<\/strong>, rendent le chargement et le d\u00e9chargement plus faciles et plus efficaces. Les roues, disponibles en diff\u00e9rents mat\u00e9riaux tels que le <strong>nylon<\/strong> et le <strong>caoutchouc silencieux<\/strong>, garantissent une excellente man\u0153uvrabilit\u00e9, m\u00eame dans les environnements qui requi\u00e8rent du silence.  <\/p>\n<p>Fabriqu\u00e9 en <strong>fer<\/strong> robuste, sa <strong>finition bleu-blanc \u00e9lectrolytique<\/strong> offre une protection durable contre la corrosion, ce qui le rend adapt\u00e9 aux environnements industriels. Avec une capacit\u00e9 de charge allant jusqu&#8217;\u00e0 <strong>600 kg<\/strong>, ce <strong>roll conteneur maxi<\/strong> avec <strong>renforts de base d&#8217;angle<\/strong> garantit une stabilit\u00e9 sup\u00e9rieure et une longue dur\u00e9e de vie, m\u00eame en cas d&#8217;utilisation intensive. Le <strong>roll conteneur maxi<\/strong> est un alli\u00e9 irrempla\u00e7able pour ceux qui exigent une efficacit\u00e9 logistique, un temps optimis\u00e9 et une polyvalence maximale, en particulier dans les industries qui n\u00e9cessitent des solutions robustes et s\u00fbres pour la <strong>manutention de marchandises et de produits lourds et de grande taille.<\/strong>  <\/p>\n","protected":false},"excerpt":{"rendered":"<p>Rollcontainer di grande dimensione per lo stoccaggio e la movimentazione. Il peut accueillir jusqu\u2019\u00e0 trois \u00e9tag\u00e8res horizontales. Disponible en diff\u00e9rentes hauteurs et configurations pour mieux g\u00e9rer le stockage et la manutention des marchandises. Les renforts aux quatre angles de la base assurent une plus grande r\u00e9sistance.<\/p>\n","protected":false},"featured_media":240251,"comment_status":"open","ping_status":"closed","template":"","meta":{"_acf_changed":false,"_et_pb_use_builder":"","_et_pb_old_content":"","_et_gb_content_width":""},"product_brand":[],"product_cat":[826],"product_tag":[2117],"class_list":{"0":"post-241740","1":"product","2":"type-product","3":"status-publish","4":"has-post-thumbnail","6":"product_cat-roll-conteneur","7":"product_tag-roll-conteneur-dimensions-maxi","9":"first","10":"instock","11":"shipping-taxable","12":"purchasable","13":"product-type-variable","14":"has-default-attributes"},"acf":[],"yoast_head":"<!-- This site is optimized with the Yoast SEO plugin v27.4 - https:\/\/yoast.com\/product\/yoast-seo-wordpress\/ -->\n<title>Roll Conteneur MAXI | Renforc\u00e9 : 120 x 80 cm | Italiana Contenitori<\/title>\n<meta name=\"description\" content=\"Roll Conteneur Maxi avec base renforc\u00e9e, robuste et stable pour des charges jusqu&#039;\u00e0 600 kg. D\u00e9montable et personnalisable. Nous fabriquons des rouleaux depuis 1981.\" \/>\n<meta name=\"robots\" content=\"index, follow, max-snippet:-1, max-image-preview:large, max-video-preview:-1\" \/>\n<link rel=\"canonical\" href=\"https:\/\/www.italianacontenitori.com\/fr\/produit\/roll-120-x-80-cm-renforcee\/\" \/>\n<meta property=\"og:locale\" content=\"fr_FR\" \/>\n<meta property=\"og:type\" content=\"article\" \/>\n<meta property=\"og:title\" content=\"Roll Conteneur MAXI | Renforc\u00e9 : 120 x 80 cm | Italiana Contenitori\" \/>\n<meta property=\"og:description\" content=\"Roll Conteneur Maxi avec base renforc\u00e9e, robuste et stable pour des charges jusqu&#039;\u00e0 600 kg. D\u00e9montable et personnalisable. Nous fabriquons des rouleaux depuis 1981.\" \/>\n<meta property=\"og:url\" content=\"https:\/\/www.italianacontenitori.com\/fr\/produit\/roll-120-x-80-cm-renforcee\/\" \/>\n<meta property=\"og:site_name\" content=\"italianacontenitori.com\" \/>\n<meta property=\"article:modified_time\" content=\"2026-04-10T14:38:12+00:00\" \/>\n<meta property=\"og:image\" content=\"https:\/\/www.italianacontenitori.com\/wp-content\/uploads\/2020\/12\/ROLR0170H4R0-1.png\" \/>\n\t<meta property=\"og:image:width\" content=\"1024\" \/>\n\t<meta property=\"og:image:height\" content=\"1024\" \/>\n\t<meta property=\"og:image:type\" content=\"image\/png\" \/>\n<meta name=\"twitter:card\" content=\"summary_large_image\" \/>\n<meta name=\"twitter:label1\" content=\"Dur\u00e9e de lecture estim\u00e9e\" \/>\n\t<meta name=\"twitter:data1\" content=\"2 minutes\" \/>\n<script type=\"application\/ld+json\" class=\"yoast-schema-graph\">{\"@context\":\"https:\\\/\\\/schema.org\",\"@graph\":[{\"@type\":\"WebPage\",\"@id\":\"https:\\\/\\\/www.italianacontenitori.com\\\/fr\\\/produit\\\/roll-120-x-80-cm-renforcee\\\/\",\"url\":\"https:\\\/\\\/www.italianacontenitori.com\\\/fr\\\/produit\\\/roll-120-x-80-cm-renforcee\\\/\",\"name\":\"Roll Conteneur MAXI | Renforc\u00e9 : 120 x 80 cm | Italiana Contenitori\",\"isPartOf\":{\"@id\":\"https:\\\/\\\/www.italianacontenitori.com\\\/fr\\\/#website\"},\"primaryImageOfPage\":{\"@id\":\"https:\\\/\\\/www.italianacontenitori.com\\\/fr\\\/produit\\\/roll-120-x-80-cm-renforcee\\\/#primaryimage\"},\"image\":{\"@id\":\"https:\\\/\\\/www.italianacontenitori.com\\\/fr\\\/produit\\\/roll-120-x-80-cm-renforcee\\\/#primaryimage\"},\"thumbnailUrl\":\"https:\\\/\\\/www.italianacontenitori.com\\\/wp-content\\\/uploads\\\/2020\\\/12\\\/ROLR0170H4R0-1.png\",\"datePublished\":\"2020-12-03T16:55:39+00:00\",\"dateModified\":\"2026-04-10T14:38:12+00:00\",\"description\":\"Roll Conteneur Maxi avec base renforc\u00e9e, robuste et stable pour des charges jusqu'\u00e0 600 kg. D\u00e9montable et personnalisable. Nous fabriquons des rouleaux depuis 1981.\",\"breadcrumb\":{\"@id\":\"https:\\\/\\\/www.italianacontenitori.com\\\/fr\\\/produit\\\/roll-120-x-80-cm-renforcee\\\/#breadcrumb\"},\"inLanguage\":\"fr-FR\",\"potentialAction\":[{\"@type\":\"ReadAction\",\"target\":[\"https:\\\/\\\/www.italianacontenitori.com\\\/fr\\\/produit\\\/roll-120-x-80-cm-renforcee\\\/\"]}]},{\"@type\":\"ImageObject\",\"inLanguage\":\"fr-FR\",\"@id\":\"https:\\\/\\\/www.italianacontenitori.com\\\/fr\\\/produit\\\/roll-120-x-80-cm-renforcee\\\/#primaryimage\",\"url\":\"https:\\\/\\\/www.italianacontenitori.com\\\/wp-content\\\/uploads\\\/2020\\\/12\\\/ROLR0170H4R0-1.png\",\"contentUrl\":\"https:\\\/\\\/www.italianacontenitori.com\\\/wp-content\\\/uploads\\\/2020\\\/12\\\/ROLR0170H4R0-1.png\",\"width\":1024,\"height\":1024,\"caption\":\"Conteneur roll MAXI avec base standard de 120 x 80 cm. Capacit\u00e9 de charge maximale : 600 kg. Diff\u00e9rentes hauteurs disponibles. Jusqu'\u00e0 3 \u00e9tag\u00e8res et accessoires\"},{\"@type\":\"BreadcrumbList\",\"@id\":\"https:\\\/\\\/www.italianacontenitori.com\\\/fr\\\/produit\\\/roll-120-x-80-cm-renforcee\\\/#breadcrumb\",\"itemListElement\":[{\"@type\":\"ListItem\",\"position\":1,\"name\":\"Home\",\"item\":\"https:\\\/\\\/www.italianacontenitori.com\\\/fr\\\/conteneurs-a-mailles-metalliques\\\/\"},{\"@type\":\"ListItem\",\"position\":2,\"name\":\"Catalogue\",\"item\":\"https:\\\/\\\/www.italianacontenitori.com\\\/fr\\\/catalogue-fr\\\/\"},{\"@type\":\"ListItem\",\"position\":3,\"name\":\"Roll conteneur MAXI 120 x 80 cm &#8211; Renforc\u00e9\"}]},{\"@type\":\"WebSite\",\"@id\":\"https:\\\/\\\/www.italianacontenitori.com\\\/fr\\\/#website\",\"url\":\"https:\\\/\\\/www.italianacontenitori.com\\\/fr\\\/\",\"name\":\"italianacontenitori.com\",\"description\":\"Produzione di contenitori industriali e roll container\",\"publisher\":{\"@id\":\"https:\\\/\\\/www.italianacontenitori.com\\\/fr\\\/#organization\"},\"potentialAction\":[{\"@type\":\"SearchAction\",\"target\":{\"@type\":\"EntryPoint\",\"urlTemplate\":\"https:\\\/\\\/www.italianacontenitori.com\\\/fr\\\/?s={search_term_string}\"},\"query-input\":{\"@type\":\"PropertyValueSpecification\",\"valueRequired\":true,\"valueName\":\"search_term_string\"}}],\"inLanguage\":\"fr-FR\"},{\"@type\":\"Organization\",\"@id\":\"https:\\\/\\\/www.italianacontenitori.com\\\/fr\\\/#organization\",\"name\":\"Italiana Contenitori s.r.l.\",\"alternateName\":\"IC\",\"url\":\"https:\\\/\\\/www.italianacontenitori.com\\\/fr\\\/\",\"logo\":{\"@type\":\"ImageObject\",\"inLanguage\":\"fr-FR\",\"@id\":\"https:\\\/\\\/www.italianacontenitori.com\\\/fr\\\/#\\\/schema\\\/logo\\\/image\\\/\",\"url\":\"https:\\\/\\\/www.italianacontenitori.com\\\/wp-content\\\/uploads\\\/2020\\\/11\\\/cropped-Logo-Italiana-Contenitori_favicon.jpg\",\"contentUrl\":\"https:\\\/\\\/www.italianacontenitori.com\\\/wp-content\\\/uploads\\\/2020\\\/11\\\/cropped-Logo-Italiana-Contenitori_favicon.jpg\",\"width\":512,\"height\":512,\"caption\":\"Italiana Contenitori s.r.l.\"},\"image\":{\"@id\":\"https:\\\/\\\/www.italianacontenitori.com\\\/fr\\\/#\\\/schema\\\/logo\\\/image\\\/\"}}]}<\/script>\n<!-- \/ Yoast SEO plugin. -->","yoast_head_json":{"title":"Roll Conteneur MAXI | Renforc\u00e9 : 120 x 80 cm | Italiana Contenitori","description":"Roll Conteneur Maxi avec base renforc\u00e9e, robuste et stable pour des charges jusqu'\u00e0 600 kg. D\u00e9montable et personnalisable. Nous fabriquons des rouleaux depuis 1981.","robots":{"index":"index","follow":"follow","max-snippet":"max-snippet:-1","max-image-preview":"max-image-preview:large","max-video-preview":"max-video-preview:-1"},"canonical":"https:\/\/www.italianacontenitori.com\/fr\/produit\/roll-120-x-80-cm-renforcee\/","og_locale":"fr_FR","og_type":"article","og_title":"Roll Conteneur MAXI | Renforc\u00e9 : 120 x 80 cm | Italiana Contenitori","og_description":"Roll Conteneur Maxi avec base renforc\u00e9e, robuste et stable pour des charges jusqu'\u00e0 600 kg. D\u00e9montable et personnalisable. Nous fabriquons des rouleaux depuis 1981.","og_url":"https:\/\/www.italianacontenitori.com\/fr\/produit\/roll-120-x-80-cm-renforcee\/","og_site_name":"italianacontenitori.com","article_modified_time":"2026-04-10T14:38:12+00:00","og_image":[{"width":1024,"height":1024,"url":"https:\/\/www.italianacontenitori.com\/wp-content\/uploads\/2020\/12\/ROLR0170H4R0-1.png","type":"image\/png"}],"twitter_card":"summary_large_image","twitter_misc":{"Dur\u00e9e de lecture estim\u00e9e":"2 minutes"},"schema":{"@context":"https:\/\/schema.org","@graph":[{"@type":"WebPage","@id":"https:\/\/www.italianacontenitori.com\/fr\/produit\/roll-120-x-80-cm-renforcee\/","url":"https:\/\/www.italianacontenitori.com\/fr\/produit\/roll-120-x-80-cm-renforcee\/","name":"Roll Conteneur MAXI | Renforc\u00e9 : 120 x 80 cm | Italiana Contenitori","isPartOf":{"@id":"https:\/\/www.italianacontenitori.com\/fr\/#website"},"primaryImageOfPage":{"@id":"https:\/\/www.italianacontenitori.com\/fr\/produit\/roll-120-x-80-cm-renforcee\/#primaryimage"},"image":{"@id":"https:\/\/www.italianacontenitori.com\/fr\/produit\/roll-120-x-80-cm-renforcee\/#primaryimage"},"thumbnailUrl":"https:\/\/www.italianacontenitori.com\/wp-content\/uploads\/2020\/12\/ROLR0170H4R0-1.png","datePublished":"2020-12-03T16:55:39+00:00","dateModified":"2026-04-10T14:38:12+00:00","description":"Roll Conteneur Maxi avec base renforc\u00e9e, robuste et stable pour des charges jusqu'\u00e0 600 kg. D\u00e9montable et personnalisable. Nous fabriquons des rouleaux depuis 1981.","breadcrumb":{"@id":"https:\/\/www.italianacontenitori.com\/fr\/produit\/roll-120-x-80-cm-renforcee\/#breadcrumb"},"inLanguage":"fr-FR","potentialAction":[{"@type":"ReadAction","target":["https:\/\/www.italianacontenitori.com\/fr\/produit\/roll-120-x-80-cm-renforcee\/"]}]},{"@type":"ImageObject","inLanguage":"fr-FR","@id":"https:\/\/www.italianacontenitori.com\/fr\/produit\/roll-120-x-80-cm-renforcee\/#primaryimage","url":"https:\/\/www.italianacontenitori.com\/wp-content\/uploads\/2020\/12\/ROLR0170H4R0-1.png","contentUrl":"https:\/\/www.italianacontenitori.com\/wp-content\/uploads\/2020\/12\/ROLR0170H4R0-1.png","width":1024,"height":1024,"caption":"Conteneur roll MAXI avec base standard de 120 x 80 cm. Capacit\u00e9 de charge maximale : 600 kg. Diff\u00e9rentes hauteurs disponibles. Jusqu'\u00e0 3 \u00e9tag\u00e8res et accessoires"},{"@type":"BreadcrumbList","@id":"https:\/\/www.italianacontenitori.com\/fr\/produit\/roll-120-x-80-cm-renforcee\/#breadcrumb","itemListElement":[{"@type":"ListItem","position":1,"name":"Home","item":"https:\/\/www.italianacontenitori.com\/fr\/conteneurs-a-mailles-metalliques\/"},{"@type":"ListItem","position":2,"name":"Catalogue","item":"https:\/\/www.italianacontenitori.com\/fr\/catalogue-fr\/"},{"@type":"ListItem","position":3,"name":"Roll conteneur MAXI 120 x 80 cm &#8211; Renforc\u00e9"}]},{"@type":"WebSite","@id":"https:\/\/www.italianacontenitori.com\/fr\/#website","url":"https:\/\/www.italianacontenitori.com\/fr\/","name":"italianacontenitori.com","description":"Produzione di contenitori industriali e roll container","publisher":{"@id":"https:\/\/www.italianacontenitori.com\/fr\/#organization"},"potentialAction":[{"@type":"SearchAction","target":{"@type":"EntryPoint","urlTemplate":"https:\/\/www.italianacontenitori.com\/fr\/?s={search_term_string}"},"query-input":{"@type":"PropertyValueSpecification","valueRequired":true,"valueName":"search_term_string"}}],"inLanguage":"fr-FR"},{"@type":"Organization","@id":"https:\/\/www.italianacontenitori.com\/fr\/#organization","name":"Italiana Contenitori s.r.l.","alternateName":"IC","url":"https:\/\/www.italianacontenitori.com\/fr\/","logo":{"@type":"ImageObject","inLanguage":"fr-FR","@id":"https:\/\/www.italianacontenitori.com\/fr\/#\/schema\/logo\/image\/","url":"https:\/\/www.italianacontenitori.com\/wp-content\/uploads\/2020\/11\/cropped-Logo-Italiana-Contenitori_favicon.jpg","contentUrl":"https:\/\/www.italianacontenitori.com\/wp-content\/uploads\/2020\/11\/cropped-Logo-Italiana-Contenitori_favicon.jpg","width":512,"height":512,"caption":"Italiana Contenitori s.r.l."},"image":{"@id":"https:\/\/www.italianacontenitori.com\/fr\/#\/schema\/logo\/image\/"}}]}},"_links":{"self":[{"href":"https:\/\/www.italianacontenitori.com\/fr\/wp-json\/wp\/v2\/product\/241740","targetHints":{"allow":["GET"]}}],"collection":[{"href":"https:\/\/www.italianacontenitori.com\/fr\/wp-json\/wp\/v2\/product"}],"about":[{"href":"https:\/\/www.italianacontenitori.com\/fr\/wp-json\/wp\/v2\/types\/product"}],"replies":[{"embeddable":true,"href":"https:\/\/www.italianacontenitori.com\/fr\/wp-json\/wp\/v2\/comments?post=241740"}],"wp:featuredmedia":[{"embeddable":true,"href":"https:\/\/www.italianacontenitori.com\/fr\/wp-json\/wp\/v2\/media\/240251"}],"wp:attachment":[{"href":"https:\/\/www.italianacontenitori.com\/fr\/wp-json\/wp\/v2\/media?parent=241740"}],"wp:term":[{"taxonomy":"product_brand","embeddable":true,"href":"https:\/\/www.italianacontenitori.com\/fr\/wp-json\/wp\/v2\/product_brand?post=241740"},{"taxonomy":"product_cat","embeddable":true,"href":"https:\/\/www.italianacontenitori.com\/fr\/wp-json\/wp\/v2\/product_cat?post=241740"},{"taxonomy":"product_tag","embeddable":true,"href":"https:\/\/www.italianacontenitori.com\/fr\/wp-json\/wp\/v2\/product_tag?post=241740"}],"curies":[{"name":"wp","href":"https:\/\/api.w.org\/{rel}","templated":true}]}}